{"id":8595,"date":"2025-02-04T08:58:21","date_gmt":"2025-02-04T07:58:21","guid":{"rendered":"https:\/\/maisonessentielle.com\/?post_type=product&#038;p=8595"},"modified":"2026-04-30T21:37:20","modified_gmt":"2026-04-30T19:37:20","slug":"patron-le-pantalon-bobo","status":"publish","type":"product","link":"https:\/\/maisonessentielle.com\/produit\/patron-le-pantalon-bobo\/","title":{"rendered":"Patron Le pantalon BOBO"},"content":{"rendered":"<h2>Choisissez votre taille et consultez le m\u00e9trage tissu n\u00e9cessaire en vous r\u00e9f\u00e9rant au tableau de mensurations (mesures en cm) :<\/h2>\n<p>&nbsp;<\/p>\n<table>\n<tbody>\n<tr>\n<td><b>Taille<\/b><\/td>\n<td><b>34<\/b><\/p>\n<p><b>XS<\/b><\/td>\n<td><b>36<\/b><\/p>\n<p><b>S<\/b><\/td>\n<td><b>38<\/b><\/td>\n<td><b>40<\/b><\/p>\n<p><b>M<\/b><\/td>\n<td><b>42<\/b><\/td>\n<td><b>44<\/b><\/p>\n<p><b>L<\/b><\/td>\n<td><b>46<\/b><\/td>\n<td><b>48<\/b><\/p>\n<p><b>XL<\/b><\/td>\n<\/tr>\n<tr>\n<td><b>Tour de poitrine<\/b><\/td>\n<td>82<\/td>\n<td>86<\/td>\n<td>90<\/td>\n<td>94<\/td>\n<td>98<\/td>\n<td>102<\/td>\n<td>106<\/td>\n<td>110<\/td>\n<\/tr>\n<tr>\n<td><b>Tour de taille<\/b><\/td>\n<td>68<\/td>\n<td>72<\/td>\n<td>76<\/td>\n<td>80<\/td>\n<td>84<\/td>\n<td>88<\/td>\n<td>92<\/td>\n<td>96<\/td>\n<\/tr>\n<tr>\n<td><b>Tour de hanche<\/b><\/td>\n<td>88<\/td>\n<td>92<\/td>\n<td>96<\/td>\n<td>100<\/td>\n<td>104<\/td>\n<td>108<\/td>\n<td>112<\/td>\n<td>116<\/td>\n<\/tr>\n<tr>\n<td><b>Tissu L140 avec sens<\/b><\/td>\n<td>132<\/td>\n<td>134<\/td>\n<td>135<\/td>\n<td>146<\/td>\n<td>154<\/td>\n<td>159<\/td>\n<td>168<\/td>\n<td>184<\/td>\n<\/tr>\n<tr>\n<td><b>Tissu L145 <\/b><b>avec sens<\/b><\/td>\n<td>134<\/td>\n<td>135<\/td>\n<td>135<\/td>\n<td>135<\/td>\n<td>140<\/td>\n<td>148<\/td>\n<td>153<\/td>\n<td>163<\/td>\n<\/tr>\n<tr>\n<td><b>Tissu L150 <\/b><b>avec sens\u00a0<\/b><\/td>\n<td>126<\/td>\n<td>132<\/td>\n<td>133<\/td>\n<td>136<\/td>\n<td>136<\/td>\n<td>137<\/td>\n<td>148<\/td>\n<td>152<\/td>\n<\/tr>\n<\/tbody>\n<\/table>\n<p style=\"text-align: center;\"><strong>Partagez-nous votre r\u00e9alisation sur les r\u00e9seaux sociaux #lepantalonbobo @maison_essentielle_<\/strong><\/p>\n<p style=\"text-align: center;\">\n","protected":false},"excerpt":{"rendered":"<p>&nbsp;<\/p>\n<h2><b>Le Bobo, un pantalon basic d\u00e9contract\u00e9 et confortable<\/b><\/h2>\n<p><strong>Le Bobo est un patron de couture niveau d\u00e9butant pour coudre tr\u00e8s facilement un pantalon. Le pantalon Bobo est l&rsquo;indispensable pantalon \u00e0 avoir dans son dressing, il se porte en toutes occasions en fonction du tissu choisi qui lui donne son style et son caract\u00e8re : en lin lav\u00e9, en gabardine ou en velours pour une allure d\u00e9contract\u00e9e, en soie ou viscose pour une version plus habill\u00e9e.<\/strong><\/p>\n<p><strong>Le patron pr\u00e9voit des options pour apporter de jolies finitions : passants, fausse braguette, poche plaqu\u00e9e dos, poches doubl\u00e9es avec entr\u00e9e de poche.<\/strong><\/p>\n<p>D\u00e9butante en couture, ce pantalon est fait pour vous, r\u00e9alisez le sans poche dans un 1er temps, c\u2019est un projet valorisant pour se lancer. Vous pouvez aussi jouer sur les longueurs : longueur cheville ou 7\/8\u00e8me avec un plus large ourlet.<\/p>\n<h2>Caract\u00e9ristiques de notre patron le pantalon Bobo<\/h2>\n<p><strong>Patron pochette papier valeurs de couture incluses : <\/strong>patron A0 \u00e0 taille r\u00e9elle de la taille 34 au 48 + <strong>Guide de montage<\/strong><\/p>\n<p><strong>Niveau de couture d\u00e9butant<\/strong><\/p>\n<p><strong>Temps de r\u00e9alisation<\/strong> : 1h \u00e0 2h<\/p>\n<p><strong>Tissus conseill\u00e9s :<\/strong> lin lav\u00e9, gabardine, velours c\u00f4tel\u00e9, jean, viscose, soie. D\u00e9couvrez <strong>les tissus et les accessoires de mercerie<\/strong> pour coudre le pantalon Bobo dans la cat\u00e9gorie<a href=\"https:\/\/maisonessentielle.com\/index.php\/categorie-produit\/vestiaire-a-coudre\/kit-de-couture-adulte\/\"> <b>KITS DE COUTURE<\/b><\/a><\/p>\n<p><strong>Conseil taille pour coudre votre pantalon : <\/strong>le pantalon Bobo taille normalement, <em>Sabine (1,71m \/ 88-72-95), Cl\u00e9mence (1,60m \/ 85-71-86) et Val\u00e9rie (1,65m \/ 86-72-90) portent la taille 36 \u2013 <\/em><em>Johanna (1,69m \/90-82-99) porte la taille 38 \u2013 <\/em>Fred (1,65m \/ 127-116-126) porte la taille 48. <b>Consultez<a href=\"https:\/\/maisonessentielle.com\/index.php\/guide-des-tailles\/\"> notre guide des tailles<\/a> pour choisir la taille qui vous convient.<\/b><\/p>\n<h2>Coudre facilement le pantalon Bobo <a href=\"https:\/\/maisonessentielle.com\/index.php\/accueil\/videos-de-montage\/\">avec notre tuto couture et vid\u00e9o de montage<\/a><\/h2>\n<p>&nbsp;<\/p>\n<p><iframe title=\"YouTube video player\" src=\"https:\/\/www.youtube.com\/embed\/hParlMpY_08?si=yePsofLMGz-Aj0O7\" width=\"560\" height=\"315\" frameborder=\"0\" allowfullscreen=\"allowfullscreen\"><\/iframe><\/p>\n","protected":false},"featured_media":57294,"comment_status":"open","ping_status":"closed","template":"","meta":{"_acf_changed":false,"site-sidebar-layout":"default","site-content-layout":"default","ast-site-content-layout":"default","site-content-style":"default","site-sidebar-style":"default","ast-global-header-display":"","ast-banner-title-visibility":"","ast-main-header-display":"","ast-hfb-above-header-display":"","ast-hfb-below-header-display":"","ast-hfb-mobile-header-display":"","site-post-title":"","ast-breadcrumbs-content":"","ast-featured-img":"","footer-sml-layout":"","ast-disable-related-posts":"","theme-transparent-header-meta":"default","adv-header-id-meta":"","stick-header-meta":"default","header-above-stick-meta":"","header-main-stick-meta":"","header-below-stick-meta":"","astra-migrate-meta-layouts":"set","ast-page-background-enabled":"default","ast-page-background-meta":{"desktop":{"background-color":"","background-image":"","background-repeat":"repeat","background-position":"center center","background-size":"auto","background-attachment":"scroll","background-type":"","background-media":"","overlay-type":"","overlay-color":"","overlay-opacity":"","overlay-gradient":""},"tablet":{"background-color":"","background-image":"","background-repeat":"repeat","background-position":"center center","background-size":"auto","background-attachment":"scroll","background-type":"","background-media":"","overlay-type":"","overlay-color":"","overlay-opacity":"","overlay-gradient":""},"mobile":{"background-color":"","background-image":"","background-repeat":"repeat","background-position":"center center","background-size":"auto","background-attachment":"scroll","background-type":"","background-media":"","overlay-type":"","overlay-color":"","overlay-opacity":"","overlay-gradient":""}},"ast-content-background-meta":{"desktop":{"background-color":"var(--ast-global-color-5)","background-image":"","background-repeat":"repeat","background-position":"center center","background-size":"auto","background-attachment":"scroll","background-type":"","background-media":"","overlay-type":"","overlay-color":"","overlay-opacity":"","overlay-gradient":""},"tablet":{"background-color":"var(--ast-global-color-5)","background-image":"","background-repeat":"repeat","background-position":"center center","background-size":"auto","background-attachment":"scroll","background-type":"","background-media":"","overlay-type":"","overlay-color":"","overlay-opacity":"","overlay-gradient":""},"mobile":{"background-color":"var(--ast-global-color-5)","background-image":"","background-repeat":"repeat","background-position":"center center","background-size":"auto","background-attachment":"scroll","background-type":"","background-media":"","overlay-type":"","overlay-color":"","overlay-opacity":"","overlay-gradient":""}}},"product_brand":[],"product_cat":[197,214],"product_tag":[],"class_list":{"0":"post-8595","1":"product","2":"type-product","3":"status-publish","4":"has-post-thumbnail","6":"product_cat-patrons-couture-pochette","7":"product_cat-vestiaire-a-coudre","8":"desktop-align-center","9":"tablet-align-center","10":"mobile-align-center","11":"ast-product-gallery-layout-horizontal","12":"ast-magnify-disabled","13":"ast-product-tabs-layout-horizontal","15":"first","16":"instock","17":"taxable","18":"shipping-taxable","19":"purchasable","20":"product-type-simple"},"acf":[],"yoast_head":"<!-- This site is optimized with the Yoast SEO plugin v27.3 - https:\/\/yoast.com\/product\/yoast-seo-wordpress\/ -->\n<title>Patron de couture le pantalon Bobo, facile \u00e0 coudre<\/title>\n<meta name=\"description\" content=\"Le pantalon Bobo a une coupe plut\u00f4t large, il se porte long ou 7\/8\u00e8me, c\u2019est un pantalon facile \u00e0 coudre qui va \u00e0 toutes les morphologies\" \/>\n<meta name=\"robots\" content=\"index, follow, max-snippet:-1, max-image-preview:large, max-video-preview:-1\" \/>\n<link rel=\"canonical\" href=\"https:\/\/maisonessentielle.com\/produit\/patron-le-pantalon-bobo\/\" \/>\n<meta property=\"og:locale\" content=\"fr_FR\" \/>\n<meta property=\"og:type\" content=\"article\" \/>\n<meta property=\"og:title\" content=\"Patron de couture le pantalon Bobo, facile \u00e0 coudre\" \/>\n<meta property=\"og:description\" content=\"Le pantalon Bobo a une coupe plut\u00f4t large, il se porte long ou 7\/8\u00e8me, c\u2019est un pantalon facile \u00e0 coudre qui va \u00e0 toutes les morphologies\" \/>\n<meta property=\"og:url\" content=\"https:\/\/maisonessentielle.com\/produit\/patron-le-pantalon-bobo\/\" \/>\n<meta property=\"og:site_name\" content=\"Maison Essentielle\" \/>\n<meta property=\"article:publisher\" content=\"https:\/\/www.facebook.com\/profile.php?id=61574309661771\" \/>\n<meta property=\"article:modified_time\" content=\"2026-04-30T19:37:20+00:00\" \/>\n<meta property=\"og:image\" content=\"https:\/\/maisonessentielle.com\/wp-content\/uploads\/2025\/12\/BOBO-V3-1-min.jpg\" \/>\n\t<meta property=\"og:image:width\" content=\"1920\" \/>\n\t<meta property=\"og:image:height\" content=\"2560\" \/>\n\t<meta property=\"og:image:type\" content=\"image\/jpeg\" \/>\n<meta name=\"twitter:card\" content=\"summary_large_image\" \/>\n<meta name=\"twitter:label1\" content=\"Dur\u00e9e de lecture estim\u00e9e\" \/>\n\t<meta name=\"twitter:data1\" content=\"1 minute\" \/>\n<script type=\"application\/ld+json\" class=\"yoast-schema-graph\">{\"@context\":\"https:\\\/\\\/schema.org\",\"@graph\":[{\"@type\":\"WebPage\",\"@id\":\"https:\\\/\\\/maisonessentielle.com\\\/produit\\\/patron-le-pantalon-bobo\\\/\",\"url\":\"https:\\\/\\\/maisonessentielle.com\\\/produit\\\/patron-le-pantalon-bobo\\\/\",\"name\":\"Patron de couture le pantalon Bobo, facile \u00e0 coudre\",\"isPartOf\":{\"@id\":\"https:\\\/\\\/maisonessentielle.com\\\/#website\"},\"primaryImageOfPage\":{\"@id\":\"https:\\\/\\\/maisonessentielle.com\\\/produit\\\/patron-le-pantalon-bobo\\\/#primaryimage\"},\"image\":{\"@id\":\"https:\\\/\\\/maisonessentielle.com\\\/produit\\\/patron-le-pantalon-bobo\\\/#primaryimage\"},\"thumbnailUrl\":\"https:\\\/\\\/maisonessentielle.com\\\/wp-content\\\/uploads\\\/2025\\\/12\\\/BOBO-V3-1-min.jpg\",\"datePublished\":\"2025-02-04T07:58:21+00:00\",\"dateModified\":\"2026-04-30T19:37:20+00:00\",\"description\":\"Le pantalon Bobo a une coupe plut\u00f4t large, il se porte long ou 7\\\/8\u00e8me, c\u2019est un pantalon facile \u00e0 coudre qui va \u00e0 toutes les morphologies\",\"breadcrumb\":{\"@id\":\"https:\\\/\\\/maisonessentielle.com\\\/produit\\\/patron-le-pantalon-bobo\\\/#breadcrumb\"},\"inLanguage\":\"fr-FR\",\"potentialAction\":[{\"@type\":\"ReadAction\",\"target\":[\"https:\\\/\\\/maisonessentielle.com\\\/produit\\\/patron-le-pantalon-bobo\\\/\"]}]},{\"@type\":\"ImageObject\",\"inLanguage\":\"fr-FR\",\"@id\":\"https:\\\/\\\/maisonessentielle.com\\\/produit\\\/patron-le-pantalon-bobo\\\/#primaryimage\",\"url\":\"https:\\\/\\\/maisonessentielle.com\\\/wp-content\\\/uploads\\\/2025\\\/12\\\/BOBO-V3-1-min.jpg\",\"contentUrl\":\"https:\\\/\\\/maisonessentielle.com\\\/wp-content\\\/uploads\\\/2025\\\/12\\\/BOBO-V3-1-min.jpg\",\"width\":1920,\"height\":2560},{\"@type\":\"BreadcrumbList\",\"@id\":\"https:\\\/\\\/maisonessentielle.com\\\/produit\\\/patron-le-pantalon-bobo\\\/#breadcrumb\",\"itemListElement\":[{\"@type\":\"ListItem\",\"position\":1,\"name\":\"Accueil\",\"item\":\"https:\\\/\\\/maisonessentielle.com\\\/\"},{\"@type\":\"ListItem\",\"position\":2,\"name\":\"Produits Essentiels\",\"item\":\"https:\\\/\\\/maisonessentielle.com\\\/shop\\\/\"},{\"@type\":\"ListItem\",\"position\":3,\"name\":\"Patron Le pantalon BOBO\"}]},{\"@type\":\"WebSite\",\"@id\":\"https:\\\/\\\/maisonessentielle.com\\\/#website\",\"url\":\"https:\\\/\\\/maisonessentielle.com\\\/\",\"name\":\"Maison Essentielle\",\"description\":\"Vestiaire essentiel \u00e0 coudre ou \u00e0 porter\",\"publisher\":{\"@id\":\"https:\\\/\\\/maisonessentielle.com\\\/#organization\"},\"potentialAction\":[{\"@type\":\"SearchAction\",\"target\":{\"@type\":\"EntryPoint\",\"urlTemplate\":\"https:\\\/\\\/maisonessentielle.com\\\/?s={search_term_string}\"},\"query-input\":{\"@type\":\"PropertyValueSpecification\",\"valueRequired\":true,\"valueName\":\"search_term_string\"}}],\"inLanguage\":\"fr-FR\"},{\"@type\":\"Organization\",\"@id\":\"https:\\\/\\\/maisonessentielle.com\\\/#organization\",\"name\":\"Maison Essentielle\",\"url\":\"https:\\\/\\\/maisonessentielle.com\\\/\",\"logo\":{\"@type\":\"ImageObject\",\"inLanguage\":\"fr-FR\",\"@id\":\"https:\\\/\\\/maisonessentielle.com\\\/#\\\/schema\\\/logo\\\/image\\\/\",\"url\":\"https:\\\/\\\/maisonessentielle.com\\\/wp-content\\\/uploads\\\/2022\\\/03\\\/MAISON-ESSENTIELLE_LOGO_facture-min.png\",\"contentUrl\":\"https:\\\/\\\/maisonessentielle.com\\\/wp-content\\\/uploads\\\/2022\\\/03\\\/MAISON-ESSENTIELLE_LOGO_facture-min.png\",\"width\":400,\"height\":57,\"caption\":\"Maison Essentielle\"},\"image\":{\"@id\":\"https:\\\/\\\/maisonessentielle.com\\\/#\\\/schema\\\/logo\\\/image\\\/\"},\"sameAs\":[\"https:\\\/\\\/www.facebook.com\\\/profile.php?id=61574309661771\",\"https:\\\/\\\/www.instagram.com\\\/maison_essentielle_\\\/\"]}]}<\/script>\n<!-- \/ Yoast SEO plugin. -->","yoast_head_json":{"title":"Patron de couture le pantalon Bobo, facile \u00e0 coudre","description":"Le pantalon Bobo a une coupe plut\u00f4t large, il se porte long ou 7\/8\u00e8me, c\u2019est un pantalon facile \u00e0 coudre qui va \u00e0 toutes les morphologies","robots":{"index":"index","follow":"follow","max-snippet":"max-snippet:-1","max-image-preview":"max-image-preview:large","max-video-preview":"max-video-preview:-1"},"canonical":"https:\/\/maisonessentielle.com\/produit\/patron-le-pantalon-bobo\/","og_locale":"fr_FR","og_type":"article","og_title":"Patron de couture le pantalon Bobo, facile \u00e0 coudre","og_description":"Le pantalon Bobo a une coupe plut\u00f4t large, il se porte long ou 7\/8\u00e8me, c\u2019est un pantalon facile \u00e0 coudre qui va \u00e0 toutes les morphologies","og_url":"https:\/\/maisonessentielle.com\/produit\/patron-le-pantalon-bobo\/","og_site_name":"Maison Essentielle","article_publisher":"https:\/\/www.facebook.com\/profile.php?id=61574309661771","article_modified_time":"2026-04-30T19:37:20+00:00","og_image":[{"width":1920,"height":2560,"url":"https:\/\/maisonessentielle.com\/wp-content\/uploads\/2025\/12\/BOBO-V3-1-min.jpg","type":"image\/jpeg"}],"twitter_card":"summary_large_image","twitter_misc":{"Dur\u00e9e de lecture estim\u00e9e":"1 minute"},"schema":{"@context":"https:\/\/schema.org","@graph":[{"@type":"WebPage","@id":"https:\/\/maisonessentielle.com\/produit\/patron-le-pantalon-bobo\/","url":"https:\/\/maisonessentielle.com\/produit\/patron-le-pantalon-bobo\/","name":"Patron de couture le pantalon Bobo, facile \u00e0 coudre","isPartOf":{"@id":"https:\/\/maisonessentielle.com\/#website"},"primaryImageOfPage":{"@id":"https:\/\/maisonessentielle.com\/produit\/patron-le-pantalon-bobo\/#primaryimage"},"image":{"@id":"https:\/\/maisonessentielle.com\/produit\/patron-le-pantalon-bobo\/#primaryimage"},"thumbnailUrl":"https:\/\/maisonessentielle.com\/wp-content\/uploads\/2025\/12\/BOBO-V3-1-min.jpg","datePublished":"2025-02-04T07:58:21+00:00","dateModified":"2026-04-30T19:37:20+00:00","description":"Le pantalon Bobo a une coupe plut\u00f4t large, il se porte long ou 7\/8\u00e8me, c\u2019est un pantalon facile \u00e0 coudre qui va \u00e0 toutes les morphologies","breadcrumb":{"@id":"https:\/\/maisonessentielle.com\/produit\/patron-le-pantalon-bobo\/#breadcrumb"},"inLanguage":"fr-FR","potentialAction":[{"@type":"ReadAction","target":["https:\/\/maisonessentielle.com\/produit\/patron-le-pantalon-bobo\/"]}]},{"@type":"ImageObject","inLanguage":"fr-FR","@id":"https:\/\/maisonessentielle.com\/produit\/patron-le-pantalon-bobo\/#primaryimage","url":"https:\/\/maisonessentielle.com\/wp-content\/uploads\/2025\/12\/BOBO-V3-1-min.jpg","contentUrl":"https:\/\/maisonessentielle.com\/wp-content\/uploads\/2025\/12\/BOBO-V3-1-min.jpg","width":1920,"height":2560},{"@type":"BreadcrumbList","@id":"https:\/\/maisonessentielle.com\/produit\/patron-le-pantalon-bobo\/#breadcrumb","itemListElement":[{"@type":"ListItem","position":1,"name":"Accueil","item":"https:\/\/maisonessentielle.com\/"},{"@type":"ListItem","position":2,"name":"Produits Essentiels","item":"https:\/\/maisonessentielle.com\/shop\/"},{"@type":"ListItem","position":3,"name":"Patron Le pantalon BOBO"}]},{"@type":"WebSite","@id":"https:\/\/maisonessentielle.com\/#website","url":"https:\/\/maisonessentielle.com\/","name":"Maison Essentielle","description":"Vestiaire essentiel \u00e0 coudre ou \u00e0 porter","publisher":{"@id":"https:\/\/maisonessentielle.com\/#organization"},"potentialAction":[{"@type":"SearchAction","target":{"@type":"EntryPoint","urlTemplate":"https:\/\/maisonessentielle.com\/?s={search_term_string}"},"query-input":{"@type":"PropertyValueSpecification","valueRequired":true,"valueName":"search_term_string"}}],"inLanguage":"fr-FR"},{"@type":"Organization","@id":"https:\/\/maisonessentielle.com\/#organization","name":"Maison Essentielle","url":"https:\/\/maisonessentielle.com\/","logo":{"@type":"ImageObject","inLanguage":"fr-FR","@id":"https:\/\/maisonessentielle.com\/#\/schema\/logo\/image\/","url":"https:\/\/maisonessentielle.com\/wp-content\/uploads\/2022\/03\/MAISON-ESSENTIELLE_LOGO_facture-min.png","contentUrl":"https:\/\/maisonessentielle.com\/wp-content\/uploads\/2022\/03\/MAISON-ESSENTIELLE_LOGO_facture-min.png","width":400,"height":57,"caption":"Maison Essentielle"},"image":{"@id":"https:\/\/maisonessentielle.com\/#\/schema\/logo\/image\/"},"sameAs":["https:\/\/www.facebook.com\/profile.php?id=61574309661771","https:\/\/www.instagram.com\/maison_essentielle_\/"]}]}},"_links":{"self":[{"href":"https:\/\/maisonessentielle.com\/wp-json\/wp\/v2\/product\/8595","targetHints":{"allow":["GET"]}}],"collection":[{"href":"https:\/\/maisonessentielle.com\/wp-json\/wp\/v2\/product"}],"about":[{"href":"https:\/\/maisonessentielle.com\/wp-json\/wp\/v2\/types\/product"}],"replies":[{"embeddable":true,"href":"https:\/\/maisonessentielle.com\/wp-json\/wp\/v2\/comments?post=8595"}],"version-history":[{"count":16,"href":"https:\/\/maisonessentielle.com\/wp-json\/wp\/v2\/product\/8595\/revisions"}],"predecessor-version":[{"id":51352,"href":"https:\/\/maisonessentielle.com\/wp-json\/wp\/v2\/product\/8595\/revisions\/51352"}],"wp:featuredmedia":[{"embeddable":true,"href":"https:\/\/maisonessentielle.com\/wp-json\/wp\/v2\/media\/57294"}],"wp:attachment":[{"href":"https:\/\/maisonessentielle.com\/wp-json\/wp\/v2\/media?parent=8595"}],"wp:term":[{"taxonomy":"product_brand","embeddable":true,"href":"https:\/\/maisonessentielle.com\/wp-json\/wp\/v2\/product_brand?post=8595"},{"taxonomy":"product_cat","embeddable":true,"href":"https:\/\/maisonessentielle.com\/wp-json\/wp\/v2\/product_cat?post=8595"},{"taxonomy":"product_tag","embeddable":true,"href":"https:\/\/maisonessentielle.com\/wp-json\/wp\/v2\/product_tag?post=8595"}],"curies":[{"name":"wp","href":"https:\/\/api.w.org\/{rel}","templated":true}]}}