{"id":62040,"date":"2026-03-28T10:00:47","date_gmt":"2026-03-28T09:00:47","guid":{"rendered":"https:\/\/maisonessentielle.com\/?post_type=product&#038;p=62040"},"modified":"2026-04-30T14:26:07","modified_gmt":"2026-04-30T12:26:07","slug":"jonc-en-resine-recyclee-ecrue","status":"publish","type":"product","link":"https:\/\/maisonessentielle.com\/produit\/jonc-en-resine-recyclee-ecrue\/","title":{"rendered":"Jonc torsad\u00e9 en r\u00e9sine recycl\u00e9e \u00e9crue"},"content":{"rendered":"","protected":false},"excerpt":{"rendered":"<p>&nbsp;<\/p>\n<h2>Style et mati\u00e8re de notre jonc torsad\u00e9 \u00e9cru en r\u00e9sine recycl\u00e9e<\/h2>\n<p>Magnifique bracelet jonc torsad\u00e9 en r\u00e9sine recycl\u00e9e \u00e9crue se fermant avec un aimant. Les formes arrondies et la mati\u00e8re du bracelet lui donnent beaucoup de caract\u00e8re et viendront accessoiriser tout simplement les looks de printemps.<\/p>\n<p><strong>Mati\u00e8re : <\/strong>r\u00e9sine recycl\u00e9e \u00e9crue<\/p>\n<p><strong>Forme :<\/strong>\u00a0forme ovale pour plus de confort au port\u00e9<\/p>\n<p><strong>Finition : <\/strong>se ferme gr\u00e2ce \u00e0 un aimant pour s&rsquo;ouvrir et se fermer tr\u00e8s facilement<\/p>\n<p><strong>Taille unique :<\/strong> ce jonc torsad\u00e9 a l&rsquo;avantage de pouvoir \u00eatre taille unique gr\u00e2ce \u00e0 son fermoir aimant &#8211; dimensions int\u00e9rieures :\u00a0 6cm de large x 4,8 cm de hauteur.<\/p>\n<p>&nbsp;<\/p>\n<h2><strong>Fabriqu\u00e9 en Italie<\/strong><\/h2>\n","protected":false},"featured_media":61624,"comment_status":"open","ping_status":"closed","template":"","meta":{"_acf_changed":false,"site-sidebar-layout":"default","site-content-layout":"","ast-site-content-layout":"default","site-content-style":"default","site-sidebar-style":"default","ast-global-header-display":"","ast-banner-title-visibility":"","ast-main-header-display":"","ast-hfb-above-header-display":"","ast-hfb-below-header-display":"","ast-hfb-mobile-header-display":"","site-post-title":"","ast-breadcrumbs-content":"","ast-featured-img":"","footer-sml-layout":"","ast-disable-related-posts":"","theme-transparent-header-meta":"default","adv-header-id-meta":"","stick-header-meta":"default","header-above-stick-meta":"","header-main-stick-meta":"","header-below-stick-meta":"","astra-migrate-meta-layouts":"set","ast-page-background-enabled":"default","ast-page-background-meta":{"desktop":{"background-color":"","background-image":"","background-repeat":"repeat","background-position":"center center","background-size":"auto","background-attachment":"scroll","background-type":"","background-media":"","overlay-type":"","overlay-color":"","overlay-opacity":"","overlay-gradient":""},"tablet":{"background-color":"","background-image":"","background-repeat":"repeat","background-position":"center center","background-size":"auto","background-attachment":"scroll","background-type":"","background-media":"","overlay-type":"","overlay-color":"","overlay-opacity":"","overlay-gradient":""},"mobile":{"background-color":"","background-image":"","background-repeat":"repeat","background-position":"center center","background-size":"auto","background-attachment":"scroll","background-type":"","background-media":"","overlay-type":"","overlay-color":"","overlay-opacity":"","overlay-gradient":""}},"ast-content-background-meta":{"desktop":{"background-color":"var(--ast-global-color-5)","background-image":"","background-repeat":"repeat","background-position":"center center","background-size":"auto","background-attachment":"scroll","background-type":"","background-media":"","overlay-type":"","overlay-color":"","overlay-opacity":"","overlay-gradient":""},"tablet":{"background-color":"var(--ast-global-color-5)","background-image":"","background-repeat":"repeat","background-position":"center center","background-size":"auto","background-attachment":"scroll","background-type":"","background-media":"","overlay-type":"","overlay-color":"","overlay-opacity":"","overlay-gradient":""},"mobile":{"background-color":"var(--ast-global-color-5)","background-image":"","background-repeat":"repeat","background-position":"center center","background-size":"auto","background-attachment":"scroll","background-type":"","background-media":"","overlay-type":"","overlay-color":"","overlay-opacity":"","overlay-gradient":""}}},"product_brand":[],"product_cat":[368,391,390,215],"product_tag":[],"class_list":{"0":"post-62040","1":"product","2":"type-product","3":"status-publish","4":"has-post-thumbnail","6":"product_cat-accessoires","7":"product_cat-les-bas","8":"product_cat-les-hauts","9":"product_cat-vestiaire-cousu-en-france","10":"desktop-align-center","11":"tablet-align-center","12":"mobile-align-center","13":"ast-product-gallery-layout-horizontal","14":"ast-magnify-disabled","15":"ast-product-tabs-layout-horizontal","17":"first","18":"instock","19":"taxable","20":"shipping-taxable","21":"purchasable","22":"product-type-simple"},"acf":[],"yoast_head":"<!-- This site is optimized with the Yoast SEO plugin v27.3 - https:\/\/yoast.com\/product\/yoast-seo-wordpress\/ -->\n<title>Bracelet jonc torsad\u00e9 effet corne ovale aimant\u00e9 en r\u00e9sine recycl\u00e9e \u00e9crue<\/title>\n<meta name=\"description\" content=\"Joli bracelet effet corne sous forme de jonc torsad\u00e9 aimant\u00e9 en r\u00e9sine recycl\u00e9e \u00e9crue pour accessoiriser toutes les tenues de printemps, fabriqu\u00e9 en Italie\" \/>\n<meta name=\"robots\" content=\"index, follow, max-snippet:-1, max-image-preview:large, max-video-preview:-1\" \/>\n<link rel=\"canonical\" href=\"https:\/\/maisonessentielle.com\/produit\/jonc-en-resine-recyclee-ecrue\/\" \/>\n<meta property=\"og:locale\" content=\"fr_FR\" \/>\n<meta property=\"og:type\" content=\"article\" \/>\n<meta property=\"og:title\" content=\"Bracelet jonc torsad\u00e9 effet corne ovale aimant\u00e9 en r\u00e9sine recycl\u00e9e \u00e9crue\" \/>\n<meta property=\"og:description\" content=\"Joli bracelet effet corne sous forme de jonc torsad\u00e9 aimant\u00e9 en r\u00e9sine recycl\u00e9e \u00e9crue pour accessoiriser toutes les tenues de printemps, fabriqu\u00e9 en Italie\" \/>\n<meta property=\"og:url\" content=\"https:\/\/maisonessentielle.com\/produit\/jonc-en-resine-recyclee-ecrue\/\" \/>\n<meta property=\"og:site_name\" content=\"Maison Essentielle\" \/>\n<meta property=\"article:publisher\" content=\"https:\/\/www.facebook.com\/profile.php?id=61574309661771\" \/>\n<meta property=\"article:modified_time\" content=\"2026-04-30T12:26:07+00:00\" \/>\n<meta property=\"og:image\" content=\"https:\/\/maisonessentielle.com\/wp-content\/uploads\/2026\/03\/mom-en-lin-lave-cacao-et-top-marcy-en-jersey-naturel-jonc-resine-ecru-maison-essentielle-8-450x600.jpg\" \/>\n\t<meta property=\"og:image:width\" content=\"450\" \/>\n\t<meta property=\"og:image:height\" content=\"600\" \/>\n\t<meta property=\"og:image:type\" content=\"image\/jpeg\" \/>\n<meta name=\"twitter:card\" content=\"summary_large_image\" \/>\n<meta name=\"twitter:label1\" content=\"Dur\u00e9e de lecture estim\u00e9e\" \/>\n\t<meta name=\"twitter:data1\" content=\"1 minute\" \/>\n<script type=\"application\/ld+json\" class=\"yoast-schema-graph\">{\"@context\":\"https:\\\/\\\/schema.org\",\"@graph\":[{\"@type\":\"WebPage\",\"@id\":\"https:\\\/\\\/maisonessentielle.com\\\/produit\\\/jonc-en-resine-recyclee-ecrue\\\/\",\"url\":\"https:\\\/\\\/maisonessentielle.com\\\/produit\\\/jonc-en-resine-recyclee-ecrue\\\/\",\"name\":\"Bracelet jonc torsad\u00e9 effet corne ovale aimant\u00e9 en r\u00e9sine recycl\u00e9e \u00e9crue\",\"isPartOf\":{\"@id\":\"https:\\\/\\\/maisonessentielle.com\\\/#website\"},\"primaryImageOfPage\":{\"@id\":\"https:\\\/\\\/maisonessentielle.com\\\/produit\\\/jonc-en-resine-recyclee-ecrue\\\/#primaryimage\"},\"image\":{\"@id\":\"https:\\\/\\\/maisonessentielle.com\\\/produit\\\/jonc-en-resine-recyclee-ecrue\\\/#primaryimage\"},\"thumbnailUrl\":\"https:\\\/\\\/maisonessentielle.com\\\/wp-content\\\/uploads\\\/2026\\\/03\\\/mom-en-lin-lave-cacao-et-top-marcy-en-jersey-naturel-jonc-resine-ecru-maison-essentielle-8.jpg\",\"datePublished\":\"2026-03-28T09:00:47+00:00\",\"dateModified\":\"2026-04-30T12:26:07+00:00\",\"description\":\"Joli bracelet effet corne sous forme de jonc torsad\u00e9 aimant\u00e9 en r\u00e9sine recycl\u00e9e \u00e9crue pour accessoiriser toutes les tenues de printemps, fabriqu\u00e9 en Italie\",\"breadcrumb\":{\"@id\":\"https:\\\/\\\/maisonessentielle.com\\\/produit\\\/jonc-en-resine-recyclee-ecrue\\\/#breadcrumb\"},\"inLanguage\":\"fr-FR\",\"potentialAction\":[{\"@type\":\"ReadAction\",\"target\":[\"https:\\\/\\\/maisonessentielle.com\\\/produit\\\/jonc-en-resine-recyclee-ecrue\\\/\"]}]},{\"@type\":\"ImageObject\",\"inLanguage\":\"fr-FR\",\"@id\":\"https:\\\/\\\/maisonessentielle.com\\\/produit\\\/jonc-en-resine-recyclee-ecrue\\\/#primaryimage\",\"url\":\"https:\\\/\\\/maisonessentielle.com\\\/wp-content\\\/uploads\\\/2026\\\/03\\\/mom-en-lin-lave-cacao-et-top-marcy-en-jersey-naturel-jonc-resine-ecru-maison-essentielle-8.jpg\",\"contentUrl\":\"https:\\\/\\\/maisonessentielle.com\\\/wp-content\\\/uploads\\\/2026\\\/03\\\/mom-en-lin-lave-cacao-et-top-marcy-en-jersey-naturel-jonc-resine-ecru-maison-essentielle-8.jpg\",\"width\":1417,\"height\":1890},{\"@type\":\"BreadcrumbList\",\"@id\":\"https:\\\/\\\/maisonessentielle.com\\\/produit\\\/jonc-en-resine-recyclee-ecrue\\\/#breadcrumb\",\"itemListElement\":[{\"@type\":\"ListItem\",\"position\":1,\"name\":\"Accueil\",\"item\":\"https:\\\/\\\/maisonessentielle.com\\\/\"},{\"@type\":\"ListItem\",\"position\":2,\"name\":\"Produits Essentiels\",\"item\":\"https:\\\/\\\/maisonessentielle.com\\\/shop\\\/\"},{\"@type\":\"ListItem\",\"position\":3,\"name\":\"Jonc torsad\u00e9 en r\u00e9sine recycl\u00e9e \u00e9crue\"}]},{\"@type\":\"WebSite\",\"@id\":\"https:\\\/\\\/maisonessentielle.com\\\/#website\",\"url\":\"https:\\\/\\\/maisonessentielle.com\\\/\",\"name\":\"Maison Essentielle\",\"description\":\"Vestiaire essentiel \u00e0 coudre ou \u00e0 porter\",\"publisher\":{\"@id\":\"https:\\\/\\\/maisonessentielle.com\\\/#organization\"},\"potentialAction\":[{\"@type\":\"SearchAction\",\"target\":{\"@type\":\"EntryPoint\",\"urlTemplate\":\"https:\\\/\\\/maisonessentielle.com\\\/?s={search_term_string}\"},\"query-input\":{\"@type\":\"PropertyValueSpecification\",\"valueRequired\":true,\"valueName\":\"search_term_string\"}}],\"inLanguage\":\"fr-FR\"},{\"@type\":\"Organization\",\"@id\":\"https:\\\/\\\/maisonessentielle.com\\\/#organization\",\"name\":\"Maison Essentielle\",\"url\":\"https:\\\/\\\/maisonessentielle.com\\\/\",\"logo\":{\"@type\":\"ImageObject\",\"inLanguage\":\"fr-FR\",\"@id\":\"https:\\\/\\\/maisonessentielle.com\\\/#\\\/schema\\\/logo\\\/image\\\/\",\"url\":\"https:\\\/\\\/maisonessentielle.com\\\/wp-content\\\/uploads\\\/2022\\\/03\\\/MAISON-ESSENTIELLE_LOGO_facture-min.png\",\"contentUrl\":\"https:\\\/\\\/maisonessentielle.com\\\/wp-content\\\/uploads\\\/2022\\\/03\\\/MAISON-ESSENTIELLE_LOGO_facture-min.png\",\"width\":400,\"height\":57,\"caption\":\"Maison Essentielle\"},\"image\":{\"@id\":\"https:\\\/\\\/maisonessentielle.com\\\/#\\\/schema\\\/logo\\\/image\\\/\"},\"sameAs\":[\"https:\\\/\\\/www.facebook.com\\\/profile.php?id=61574309661771\",\"https:\\\/\\\/www.instagram.com\\\/maison_essentielle_\\\/\"]}]}<\/script>\n<!-- \/ Yoast SEO plugin. -->","yoast_head_json":{"title":"Bracelet jonc torsad\u00e9 effet corne ovale aimant\u00e9 en r\u00e9sine recycl\u00e9e \u00e9crue","description":"Joli bracelet effet corne sous forme de jonc torsad\u00e9 aimant\u00e9 en r\u00e9sine recycl\u00e9e \u00e9crue pour accessoiriser toutes les tenues de printemps, fabriqu\u00e9 en Italie","robots":{"index":"index","follow":"follow","max-snippet":"max-snippet:-1","max-image-preview":"max-image-preview:large","max-video-preview":"max-video-preview:-1"},"canonical":"https:\/\/maisonessentielle.com\/produit\/jonc-en-resine-recyclee-ecrue\/","og_locale":"fr_FR","og_type":"article","og_title":"Bracelet jonc torsad\u00e9 effet corne ovale aimant\u00e9 en r\u00e9sine recycl\u00e9e \u00e9crue","og_description":"Joli bracelet effet corne sous forme de jonc torsad\u00e9 aimant\u00e9 en r\u00e9sine recycl\u00e9e \u00e9crue pour accessoiriser toutes les tenues de printemps, fabriqu\u00e9 en Italie","og_url":"https:\/\/maisonessentielle.com\/produit\/jonc-en-resine-recyclee-ecrue\/","og_site_name":"Maison Essentielle","article_publisher":"https:\/\/www.facebook.com\/profile.php?id=61574309661771","article_modified_time":"2026-04-30T12:26:07+00:00","og_image":[{"width":450,"height":600,"url":"https:\/\/maisonessentielle.com\/wp-content\/uploads\/2026\/03\/mom-en-lin-lave-cacao-et-top-marcy-en-jersey-naturel-jonc-resine-ecru-maison-essentielle-8-450x600.jpg","type":"image\/jpeg"}],"twitter_card":"summary_large_image","twitter_misc":{"Dur\u00e9e de lecture estim\u00e9e":"1 minute"},"schema":{"@context":"https:\/\/schema.org","@graph":[{"@type":"WebPage","@id":"https:\/\/maisonessentielle.com\/produit\/jonc-en-resine-recyclee-ecrue\/","url":"https:\/\/maisonessentielle.com\/produit\/jonc-en-resine-recyclee-ecrue\/","name":"Bracelet jonc torsad\u00e9 effet corne ovale aimant\u00e9 en r\u00e9sine recycl\u00e9e \u00e9crue","isPartOf":{"@id":"https:\/\/maisonessentielle.com\/#website"},"primaryImageOfPage":{"@id":"https:\/\/maisonessentielle.com\/produit\/jonc-en-resine-recyclee-ecrue\/#primaryimage"},"image":{"@id":"https:\/\/maisonessentielle.com\/produit\/jonc-en-resine-recyclee-ecrue\/#primaryimage"},"thumbnailUrl":"https:\/\/maisonessentielle.com\/wp-content\/uploads\/2026\/03\/mom-en-lin-lave-cacao-et-top-marcy-en-jersey-naturel-jonc-resine-ecru-maison-essentielle-8.jpg","datePublished":"2026-03-28T09:00:47+00:00","dateModified":"2026-04-30T12:26:07+00:00","description":"Joli bracelet effet corne sous forme de jonc torsad\u00e9 aimant\u00e9 en r\u00e9sine recycl\u00e9e \u00e9crue pour accessoiriser toutes les tenues de printemps, fabriqu\u00e9 en Italie","breadcrumb":{"@id":"https:\/\/maisonessentielle.com\/produit\/jonc-en-resine-recyclee-ecrue\/#breadcrumb"},"inLanguage":"fr-FR","potentialAction":[{"@type":"ReadAction","target":["https:\/\/maisonessentielle.com\/produit\/jonc-en-resine-recyclee-ecrue\/"]}]},{"@type":"ImageObject","inLanguage":"fr-FR","@id":"https:\/\/maisonessentielle.com\/produit\/jonc-en-resine-recyclee-ecrue\/#primaryimage","url":"https:\/\/maisonessentielle.com\/wp-content\/uploads\/2026\/03\/mom-en-lin-lave-cacao-et-top-marcy-en-jersey-naturel-jonc-resine-ecru-maison-essentielle-8.jpg","contentUrl":"https:\/\/maisonessentielle.com\/wp-content\/uploads\/2026\/03\/mom-en-lin-lave-cacao-et-top-marcy-en-jersey-naturel-jonc-resine-ecru-maison-essentielle-8.jpg","width":1417,"height":1890},{"@type":"BreadcrumbList","@id":"https:\/\/maisonessentielle.com\/produit\/jonc-en-resine-recyclee-ecrue\/#breadcrumb","itemListElement":[{"@type":"ListItem","position":1,"name":"Accueil","item":"https:\/\/maisonessentielle.com\/"},{"@type":"ListItem","position":2,"name":"Produits Essentiels","item":"https:\/\/maisonessentielle.com\/shop\/"},{"@type":"ListItem","position":3,"name":"Jonc torsad\u00e9 en r\u00e9sine recycl\u00e9e \u00e9crue"}]},{"@type":"WebSite","@id":"https:\/\/maisonessentielle.com\/#website","url":"https:\/\/maisonessentielle.com\/","name":"Maison Essentielle","description":"Vestiaire essentiel \u00e0 coudre ou \u00e0 porter","publisher":{"@id":"https:\/\/maisonessentielle.com\/#organization"},"potentialAction":[{"@type":"SearchAction","target":{"@type":"EntryPoint","urlTemplate":"https:\/\/maisonessentielle.com\/?s={search_term_string}"},"query-input":{"@type":"PropertyValueSpecification","valueRequired":true,"valueName":"search_term_string"}}],"inLanguage":"fr-FR"},{"@type":"Organization","@id":"https:\/\/maisonessentielle.com\/#organization","name":"Maison Essentielle","url":"https:\/\/maisonessentielle.com\/","logo":{"@type":"ImageObject","inLanguage":"fr-FR","@id":"https:\/\/maisonessentielle.com\/#\/schema\/logo\/image\/","url":"https:\/\/maisonessentielle.com\/wp-content\/uploads\/2022\/03\/MAISON-ESSENTIELLE_LOGO_facture-min.png","contentUrl":"https:\/\/maisonessentielle.com\/wp-content\/uploads\/2022\/03\/MAISON-ESSENTIELLE_LOGO_facture-min.png","width":400,"height":57,"caption":"Maison Essentielle"},"image":{"@id":"https:\/\/maisonessentielle.com\/#\/schema\/logo\/image\/"},"sameAs":["https:\/\/www.facebook.com\/profile.php?id=61574309661771","https:\/\/www.instagram.com\/maison_essentielle_\/"]}]}},"_links":{"self":[{"href":"https:\/\/maisonessentielle.com\/wp-json\/wp\/v2\/product\/62040","targetHints":{"allow":["GET"]}}],"collection":[{"href":"https:\/\/maisonessentielle.com\/wp-json\/wp\/v2\/product"}],"about":[{"href":"https:\/\/maisonessentielle.com\/wp-json\/wp\/v2\/types\/product"}],"replies":[{"embeddable":true,"href":"https:\/\/maisonessentielle.com\/wp-json\/wp\/v2\/comments?post=62040"}],"version-history":[{"count":5,"href":"https:\/\/maisonessentielle.com\/wp-json\/wp\/v2\/product\/62040\/revisions"}],"predecessor-version":[{"id":62332,"href":"https:\/\/maisonessentielle.com\/wp-json\/wp\/v2\/product\/62040\/revisions\/62332"}],"wp:featuredmedia":[{"embeddable":true,"href":"https:\/\/maisonessentielle.com\/wp-json\/wp\/v2\/media\/61624"}],"wp:attachment":[{"href":"https:\/\/maisonessentielle.com\/wp-json\/wp\/v2\/media?parent=62040"}],"wp:term":[{"taxonomy":"product_brand","embeddable":true,"href":"https:\/\/maisonessentielle.com\/wp-json\/wp\/v2\/product_brand?post=62040"},{"taxonomy":"product_cat","embeddable":true,"href":"https:\/\/maisonessentielle.com\/wp-json\/wp\/v2\/product_cat?post=62040"},{"taxonomy":"product_tag","embeddable":true,"href":"https:\/\/maisonessentielle.com\/wp-json\/wp\/v2\/product_tag?post=62040"}],"curies":[{"name":"wp","href":"https:\/\/api.w.org\/{rel}","templated":true}]}}