{"id":62026,"date":"2026-03-27T11:51:17","date_gmt":"2026-03-27T10:51:17","guid":{"rendered":"https:\/\/maisonessentielle.com\/?post_type=product&#038;p=62026"},"modified":"2026-04-27T09:48:31","modified_gmt":"2026-04-27T07:48:31","slug":"patron-le-sweat-le-tee-shirt-parfait-the-perfect-sweatshirt-tee-shirt-pattern-pdf","status":"publish","type":"product","link":"https:\/\/maisonessentielle.com\/produit\/patron-le-sweat-le-tee-shirt-parfait-the-perfect-sweatshirt-tee-shirt-pattern-pdf\/","title":{"rendered":"Patron le sweat &#038; le Tee-shirt PARFAIT \/ the perfect sweatshirt &#038;  tee-shirt pattern &#8211; PDF"},"content":{"rendered":"<h2>Choisissez votre taille et consultez le m\u00e9trage tissu n\u00e9cessaire en vous r\u00e9f\u00e9rant au tableau de mensurations (mesures en cm) :<\/h2>\n<p>&nbsp;<\/p>\n<table>\n<tbody>\n<tr>\n<td><b>Taille<\/b><\/td>\n<td><b>XS<\/b><\/td>\n<td><b>S<\/b><\/td>\n<td><b>M<\/b><\/td>\n<td><b>L<\/b><\/td>\n<td><b>XL<\/b><\/td>\n<\/tr>\n<tr>\n<td><b>Tour de poitrine\u00a0\u00a0<\/b><\/td>\n<td>78-82<\/td>\n<td>82-86<\/td>\n<td>86-94<\/td>\n<td>94-102<\/td>\n<td>102-110<\/td>\n<\/tr>\n<tr>\n<td><b>Tour de taille<\/b><\/td>\n<td>64-68<\/td>\n<td>68-72<\/td>\n<td>72-80<\/td>\n<td>80-88<\/td>\n<td>88-96<\/td>\n<\/tr>\n<tr>\n<td><b>Tour de hanche<\/b><\/td>\n<td>84-88<\/td>\n<td>88-92<\/td>\n<td>92-100<\/td>\n<td>100-108<\/td>\n<td>108-116<\/td>\n<\/tr>\n<tr>\n<td><b>Version t-shirt sans manche<\/b><\/td>\n<td colspan=\"5\">70 cm tissu principal \/ 7 cm bord c\u00f4te<\/td>\n<\/tr>\n<tr>\n<td><b>Version t-shirt manches 3\/4<\/b><\/td>\n<td colspan=\"5\">93 cm tissu principal \/ 7 cm bord c\u00f4te<\/td>\n<\/tr>\n<tr>\n<td><b>Version t-shirt manches longues<\/b><\/td>\n<td colspan=\"5\">117 cm tissu principal \/ 7 cm de bord c\u00f4te<\/td>\n<\/tr>\n<tr>\n<td><b>Version sweat<\/b><\/td>\n<td colspan=\"5\">100 cm tissu principal \/ 47 cm bord c\u00f4te<\/td>\n<\/tr>\n<\/tbody>\n<\/table>\n<p style=\"text-align: center;\"><strong>Partagez-nous votre r\u00e9alisation sur les r\u00e9seaux sociaux #lesweatparfait @maison_essentielle_<\/strong><\/p>\n<p>&nbsp;<\/p>\n<h2>Choose your size and check the fabric yardage required by referring to the measurement chart (measurements in cm) :<\/h2>\n<p>&nbsp;<\/p>\n<table>\n<tbody>\n<tr>\n<td><b>Size<\/b><\/td>\n<td><b>XS<\/b><\/td>\n<td><b>S<\/b><\/td>\n<td><b>M<\/b><\/td>\n<td><b>L<\/b><\/td>\n<td><b>XL<\/b><\/td>\n<\/tr>\n<tr>\n<td><b>Chest measurement\u00a0\u00a0<\/b><\/td>\n<td>78-82<\/td>\n<td>82-86<\/td>\n<td>86-94<\/td>\n<td>94-102<\/td>\n<td>102-110<\/td>\n<\/tr>\n<tr>\n<td><b>Waist<\/b><\/td>\n<td>64-68<\/td>\n<td>68-72<\/td>\n<td>72-80<\/td>\n<td>80-88<\/td>\n<td>88-96<\/td>\n<\/tr>\n<tr>\n<td><b>Hip circumference<\/b><\/td>\n<td>84-88<\/td>\n<td>88-92<\/td>\n<td>92-100<\/td>\n<td>100-108<\/td>\n<td>108-116<\/td>\n<\/tr>\n<tr>\n<td><b>Sleeveless T-shirt version<\/b><\/td>\n<td colspan=\"5\">70 cm main fabric \/ 7 cm ribbing<\/td>\n<\/tr>\n<tr>\n<td><b>3\/4 sleeve T-shirt version<\/b><\/td>\n<td colspan=\"5\">93 cm main fabric \/ 7 cm ribbing<\/td>\n<\/tr>\n<tr>\n<td><b>Long-sleeved T-shirt version<\/b><\/td>\n<td colspan=\"5\">117 cm main fabric \/ 7 cm ribbing<\/td>\n<\/tr>\n<tr>\n<td><b>Sweatshirt version<\/b><\/td>\n<td colspan=\"5\">100 cm main fabric \/ 47 cm ribbing<\/td>\n<\/tr>\n<\/tbody>\n<\/table>\n<p>&nbsp;<\/p>\n<p style=\"text-align: center;\"><strong>Share your creation with us on social media #theperfectsweatshirt @maison_essentielle_<\/strong><\/p>\n","protected":false},"excerpt":{"rendered":"<p>&nbsp;<\/p>\n<h2><b>Le Tee-shirt &amp; sweat Parfait, le top indispensable du dressing<\/b><\/h2>\n<p><strong>Le Tee-shirt &amp; sweat Parfait est un patron de couture niveau d\u00e9butant \u00e0 interm\u00e9diaire pour coudre tr\u00e8s facilement un tee-shirt ou un sweat. Ce mod\u00e8le a une coupe l\u00e9g\u00e8rement loose et plongeante pour un port\u00e9 d\u00e9contract\u00e9. Il est volontairement court pour \u00eatre port\u00e9 au-dessus d\u2019une robe ou d&rsquo;une chemise ou avec un pantalon taille haute <\/strong><strong>Vous apprendrez \u00e0 coudre \u00e0 la surjeteuse, \u00e0 poser des manches et du bord-c\u00f4tes.<\/strong><\/p>\n<p>Le patron permet de coudre un sweat manches longues et un tee-shirt manches longues ou courtes avec une encolure \u00e9largie.<\/p>\n<div><\/div>\n<h2>Caract\u00e9ristiques de notre patron PDF le Tee-shirt &amp; le sweat Parfait<\/h2>\n<p><strong>Patron PDF valeurs de couture incluses \u00e0 t\u00e9l\u00e9charger et \u00e0 imprimer : <\/strong>patron \u00e0 taille r\u00e9elle du XS au XL + <strong>guide de montage<\/strong><\/p>\n<p>Vous recevrez 5 fichiers par email d\u00e8s r\u00e9ception de votre paiement &#8211; <strong>Fichiers t\u00e9l\u00e9chargeables 3 fois pendant 30 jours &#8211; Attention, nous ne renvoyons pas les fichiers.<\/strong><\/p>\n<ul>\n<li><strong>le patron fran\u00e7ais &amp; anglais \u00e0 imprimer chez un imprimeur au format A0<\/strong>\u00a0(valeurs de couture incluses)<\/li>\n<li><strong>le patron fran\u00e7ais &amp; anglais \u00e0 imprimer chez vous au format A4<\/strong> (valeurs de couture incluses)<\/li>\n<li><strong>le patron fran\u00e7ais &amp; anglais \u00e0 imprimer chez vous au format LETTER<\/strong> (valeurs de couture incluses)<\/li>\n<li><strong>le guide de r\u00e9alisation en fran\u00e7ais<\/strong> \u00e0 imprimer recto verso bord court pour avoir un livret<\/li>\n<li><strong>le guide de r\u00e9alisation (production guide) en anglais<\/strong> \u00e0 imprimer recto verso bord court pour avoir un livret<\/li>\n<\/ul>\n<p><strong>Niveau de couture facile \u00e0 interm\u00e9diaire<\/strong><\/p>\n<p><strong>Temps de r\u00e9alisation<\/strong> : 1h30 \u00e0 2h<\/p>\n<p><b><strong>Tissus conseill\u00e9s <\/strong><\/b>: sweat molleton ou gratt\u00e9, jersey, french terry. D\u00e9couvrez les tissus et les accessoires de mercerie pour coudre le Tee-Shirt et le Sweat Parfait dans la cat\u00e9gorie <a href=\"https:\/\/maisonessentielle.com\/index.php\/categorie-produit\/vestiaire-a-coudre\/kit-de-couture-adulte\/\"><b>KITS DE COUTURE<\/b><\/a><\/p>\n<p><strong>Conseil taille pour coudre votre sweat : <\/strong>Le sweat Parfait taille normalement, Val\u00e9rie (1,65m \/ 86-72-90). <b><a href=\"https:\/\/maisonessentielle.com\/index.php\/guide-des-tailles\/\">Aidez-vous de notre guide des tailles pour faire le bon choix de taille<\/a>.<\/b><\/p>\n<p>&nbsp;<\/p>\n<h2>Coudre facilement le Tee-Shirt &amp; le sweat Parfait <a href=\"https:\/\/maisonessentielle.com\/index.php\/accueil\/videos-de-montage\/\">avec notre tuto couture et vid\u00e9o de montage<\/a><\/h2>\n<p><iframe title=\"YouTube video player\" src=\"https:\/\/www.youtube.com\/embed\/mbloFeNPjyY?si=aQRwf20GRP1iU5DV\" width=\"560\" height=\"315\" frameborder=\"0\" allowfullscreen=\"allowfullscreen\" data-mce-fragment=\"1\"><\/iframe><\/p>\n<p>&nbsp;<\/p>\n<h2><em><strong>ENGLISH VERSION<\/strong><\/em><\/h2>\n<h2><strong>The Perfect T-shirt &amp; Sweatshirt: the essential wardrobe staple<\/strong><\/h2>\n<p><strong>The Perfect T-shirt &amp; Sweatshirt is a beginner to intermediate sewing pattern designed to make it very easy to sew a T-shirt or sweatshirt. This design has a slightly loose, draped fit for a relaxed look. It is deliberately cropped so it can be worn over a dress or shirt, or with high-waisted trousers. You\u2019ll learn how to use a overlocker, attach sleeves and add ribbing.<\/strong><\/p>\n<p>The pattern allows you to make a long-sleeved sweatshirt and a long- or short-sleeved T-shirt with a wide neckline.<\/p>\n<p>&nbsp;<\/p>\n<h2>Features of our Perfect <strong>T-shirt &amp; Sweatshirt <\/strong>PDF pattern<\/h2>\n<p><strong>PDF pattern with seam allowances included, to download and print: full-size pattern from XS to XL + assembly guide<\/strong><\/p>\n<p>You will receive 5 files by email upon receipt of your payment &#8211; Files can be downloaded 3 times within 30 days &#8211; Please note that we do not resend files.<\/p>\n<ul>\n<li><strong>The French and English pattern to be printed at a printer in A0 format<\/strong> (seam allowances included)<\/li>\n<li><strong>The French and English pattern to be printed at home in A4 format<\/strong> (seam allowances included)<\/li>\n<li><strong>French &amp; English pattern to print at home in LETTER format<\/strong> (seam allowances included)<\/li>\n<li><strong>French instructions<\/strong> to print double-sided short edge to make a booklet<\/li>\n<li><strong>English instructions (production guide)<\/strong> to print double-sided short edge to make a booklet<\/li>\n<\/ul>\n<p><strong>Sewing level: easy to intermediate<\/strong><\/p>\n<p><strong>Time to complete :<\/strong> 1h30 \u00e0 2h<\/p>\n<p><strong>Recommended fabrics :<\/strong> Fleece or brushed fleece, jersey, French terry. Discover the fabrics and haberdashery supplies you need to sew the perfect T-shirt and sweatshirt in <a href=\"https:\/\/maisonessentielle.com\/index.php\/categorie-produit\/vestiaire-a-coudre\/kit-de-couture-adulte\/\"><strong>the SEWING KITS category<\/strong><\/a><\/p>\n<p><strong>Sizing advice for sewing your sweatshirt:<\/strong> The Perfect sweatshirt is true to size, Val\u00e9rie (1.65m \/ 86-72-90). Please refer to <strong><a href=\"https:\/\/maisonessentielle.com\/index.php\/guide-des-tailles\/\">our size guide to choose the right size.<\/a><\/strong><\/p>\n<p>&nbsp;<\/p>\n","protected":false},"featured_media":62381,"comment_status":"open","ping_status":"closed","template":"","meta":{"_acf_changed":false,"site-sidebar-layout":"default","site-content-layout":"default","ast-site-content-layout":"default","site-content-style":"default","site-sidebar-style":"default","ast-global-header-display":"","ast-banner-title-visibility":"","ast-main-header-display":"","ast-hfb-above-header-display":"","ast-hfb-below-header-display":"","ast-hfb-mobile-header-display":"","site-post-title":"","ast-breadcrumbs-content":"","ast-featured-img":"","footer-sml-layout":"","ast-disable-related-posts":"","theme-transparent-header-meta":"default","adv-header-id-meta":"","stick-header-meta":"default","header-above-stick-meta":"","header-main-stick-meta":"","header-below-stick-meta":"","astra-migrate-meta-layouts":"set","ast-page-background-enabled":"default","ast-page-background-meta":{"desktop":{"background-color":"","background-image":"","background-repeat":"repeat","background-position":"center center","background-size":"auto","background-attachment":"scroll","background-type":"","background-media":"","overlay-type":"","overlay-color":"","overlay-opacity":"","overlay-gradient":""},"tablet":{"background-color":"","background-image":"","background-repeat":"repeat","background-position":"center center","background-size":"auto","background-attachment":"scroll","background-type":"","background-media":"","overlay-type":"","overlay-color":"","overlay-opacity":"","overlay-gradient":""},"mobile":{"background-color":"","background-image":"","background-repeat":"repeat","background-position":"center center","background-size":"auto","background-attachment":"scroll","background-type":"","background-media":"","overlay-type":"","overlay-color":"","overlay-opacity":"","overlay-gradient":""}},"ast-content-background-meta":{"desktop":{"background-color":"var(--ast-global-color-5)","background-image":"","background-repeat":"repeat","background-position":"center center","background-size":"auto","background-attachment":"scroll","background-type":"","background-media":"","overlay-type":"","overlay-color":"","overlay-opacity":"","overlay-gradient":""},"tablet":{"background-color":"var(--ast-global-color-5)","background-image":"","background-repeat":"repeat","background-position":"center center","background-size":"auto","background-attachment":"scroll","background-type":"","background-media":"","overlay-type":"","overlay-color":"","overlay-opacity":"","overlay-gradient":""},"mobile":{"background-color":"var(--ast-global-color-5)","background-image":"","background-repeat":"repeat","background-position":"center center","background-size":"auto","background-attachment":"scroll","background-type":"","background-media":"","overlay-type":"","overlay-color":"","overlay-opacity":"","overlay-gradient":""}}},"product_brand":[],"product_cat":[249,214],"product_tag":[],"class_list":{"0":"post-62026","1":"product","2":"type-product","3":"status-publish","4":"has-post-thumbnail","6":"product_cat-patrons-couture-pdf","7":"product_cat-vestiaire-a-coudre","8":"desktop-align-center","9":"tablet-align-center","10":"mobile-align-center","11":"ast-product-gallery-layout-horizontal","12":"ast-magnify-disabled","13":"ast-product-tabs-layout-horizontal","15":"first","16":"instock","17":"downloadable","18":"virtual","19":"taxable","20":"purchasable","21":"product-type-simple"},"acf":[],"yoast_head":"<!-- This site is optimized with the Yoast SEO plugin v27.3 - https:\/\/yoast.com\/product\/yoast-seo-wordpress\/ -->\n<title>Patron PDF \u00e0 t\u00e9l\u00e9charger le sweat Parfait \/ the Perfect Sweatshirt<\/title>\n<meta name=\"description\" content=\"Patron PDF \u00e0 t\u00e9l\u00e9charger et \u00e0 imprimer pour coudre facilement un sweat ou un tee-shirt, PDF pattern to download to sew a sweat shirt or a tee-shirt\" \/>\n<meta name=\"robots\" content=\"index, follow, max-snippet:-1, max-image-preview:large, max-video-preview:-1\" \/>\n<link rel=\"canonical\" href=\"https:\/\/maisonessentielle.com\/produit\/patron-le-sweat-le-tee-shirt-parfait-the-perfect-sweatshirt-tee-shirt-pattern-pdf\/\" \/>\n<meta property=\"og:locale\" content=\"fr_FR\" \/>\n<meta property=\"og:type\" content=\"article\" \/>\n<meta property=\"og:title\" content=\"Patron PDF \u00e0 t\u00e9l\u00e9charger le sweat Parfait \/ the Perfect Sweatshirt\" \/>\n<meta property=\"og:description\" content=\"Patron PDF \u00e0 t\u00e9l\u00e9charger et \u00e0 imprimer pour coudre facilement un sweat ou un tee-shirt, PDF pattern to download to sew a sweat shirt or a tee-shirt\" \/>\n<meta property=\"og:url\" content=\"https:\/\/maisonessentielle.com\/produit\/patron-le-sweat-le-tee-shirt-parfait-the-perfect-sweatshirt-tee-shirt-pattern-pdf\/\" \/>\n<meta property=\"og:site_name\" content=\"Maison Essentielle\" \/>\n<meta property=\"article:publisher\" content=\"https:\/\/www.facebook.com\/profile.php?id=61574309661771\" \/>\n<meta property=\"article:modified_time\" content=\"2026-04-27T07:48:31+00:00\" \/>\n<meta property=\"og:image\" content=\"https:\/\/maisonessentielle.com\/wp-content\/uploads\/2026\/03\/PDF-Patron-le-T-shirt-Sweat-Parfait.jpg\" \/>\n\t<meta property=\"og:image:width\" content=\"1920\" \/>\n\t<meta property=\"og:image:height\" content=\"2560\" \/>\n\t<meta property=\"og:image:type\" content=\"image\/jpeg\" \/>\n<meta name=\"twitter:card\" content=\"summary_large_image\" \/>\n<meta name=\"twitter:label1\" content=\"Dur\u00e9e de lecture estim\u00e9e\" \/>\n\t<meta name=\"twitter:data1\" content=\"2 minutes\" \/>\n<script type=\"application\/ld+json\" class=\"yoast-schema-graph\">{\"@context\":\"https:\\\/\\\/schema.org\",\"@graph\":[{\"@type\":\"WebPage\",\"@id\":\"https:\\\/\\\/maisonessentielle.com\\\/produit\\\/patron-le-sweat-le-tee-shirt-parfait-the-perfect-sweatshirt-tee-shirt-pattern-pdf\\\/\",\"url\":\"https:\\\/\\\/maisonessentielle.com\\\/produit\\\/patron-le-sweat-le-tee-shirt-parfait-the-perfect-sweatshirt-tee-shirt-pattern-pdf\\\/\",\"name\":\"Patron PDF \u00e0 t\u00e9l\u00e9charger le sweat Parfait \\\/ the Perfect Sweatshirt\",\"isPartOf\":{\"@id\":\"https:\\\/\\\/maisonessentielle.com\\\/#website\"},\"primaryImageOfPage\":{\"@id\":\"https:\\\/\\\/maisonessentielle.com\\\/produit\\\/patron-le-sweat-le-tee-shirt-parfait-the-perfect-sweatshirt-tee-shirt-pattern-pdf\\\/#primaryimage\"},\"image\":{\"@id\":\"https:\\\/\\\/maisonessentielle.com\\\/produit\\\/patron-le-sweat-le-tee-shirt-parfait-the-perfect-sweatshirt-tee-shirt-pattern-pdf\\\/#primaryimage\"},\"thumbnailUrl\":\"https:\\\/\\\/maisonessentielle.com\\\/wp-content\\\/uploads\\\/2026\\\/03\\\/PDF-Patron-le-T-shirt-Sweat-Parfait.jpg\",\"datePublished\":\"2026-03-27T10:51:17+00:00\",\"dateModified\":\"2026-04-27T07:48:31+00:00\",\"description\":\"Patron PDF \u00e0 t\u00e9l\u00e9charger et \u00e0 imprimer pour coudre facilement un sweat ou un tee-shirt, PDF pattern to download to sew a sweat shirt or a tee-shirt\",\"breadcrumb\":{\"@id\":\"https:\\\/\\\/maisonessentielle.com\\\/produit\\\/patron-le-sweat-le-tee-shirt-parfait-the-perfect-sweatshirt-tee-shirt-pattern-pdf\\\/#breadcrumb\"},\"inLanguage\":\"fr-FR\",\"potentialAction\":[{\"@type\":\"ReadAction\",\"target\":[\"https:\\\/\\\/maisonessentielle.com\\\/produit\\\/patron-le-sweat-le-tee-shirt-parfait-the-perfect-sweatshirt-tee-shirt-pattern-pdf\\\/\"]}]},{\"@type\":\"ImageObject\",\"inLanguage\":\"fr-FR\",\"@id\":\"https:\\\/\\\/maisonessentielle.com\\\/produit\\\/patron-le-sweat-le-tee-shirt-parfait-the-perfect-sweatshirt-tee-shirt-pattern-pdf\\\/#primaryimage\",\"url\":\"https:\\\/\\\/maisonessentielle.com\\\/wp-content\\\/uploads\\\/2026\\\/03\\\/PDF-Patron-le-T-shirt-Sweat-Parfait.jpg\",\"contentUrl\":\"https:\\\/\\\/maisonessentielle.com\\\/wp-content\\\/uploads\\\/2026\\\/03\\\/PDF-Patron-le-T-shirt-Sweat-Parfait.jpg\",\"width\":1920,\"height\":2560},{\"@type\":\"BreadcrumbList\",\"@id\":\"https:\\\/\\\/maisonessentielle.com\\\/produit\\\/patron-le-sweat-le-tee-shirt-parfait-the-perfect-sweatshirt-tee-shirt-pattern-pdf\\\/#breadcrumb\",\"itemListElement\":[{\"@type\":\"ListItem\",\"position\":1,\"name\":\"Accueil\",\"item\":\"https:\\\/\\\/maisonessentielle.com\\\/\"},{\"@type\":\"ListItem\",\"position\":2,\"name\":\"Produits Essentiels\",\"item\":\"https:\\\/\\\/maisonessentielle.com\\\/shop\\\/\"},{\"@type\":\"ListItem\",\"position\":3,\"name\":\"Patron le sweat &#038; le Tee-shirt PARFAIT \\\/ the perfect sweatshirt &#038; tee-shirt pattern &#8211; PDF\"}]},{\"@type\":\"WebSite\",\"@id\":\"https:\\\/\\\/maisonessentielle.com\\\/#website\",\"url\":\"https:\\\/\\\/maisonessentielle.com\\\/\",\"name\":\"Maison Essentielle\",\"description\":\"Vestiaire essentiel \u00e0 coudre ou \u00e0 porter\",\"publisher\":{\"@id\":\"https:\\\/\\\/maisonessentielle.com\\\/#organization\"},\"potentialAction\":[{\"@type\":\"SearchAction\",\"target\":{\"@type\":\"EntryPoint\",\"urlTemplate\":\"https:\\\/\\\/maisonessentielle.com\\\/?s={search_term_string}\"},\"query-input\":{\"@type\":\"PropertyValueSpecification\",\"valueRequired\":true,\"valueName\":\"search_term_string\"}}],\"inLanguage\":\"fr-FR\"},{\"@type\":\"Organization\",\"@id\":\"https:\\\/\\\/maisonessentielle.com\\\/#organization\",\"name\":\"Maison Essentielle\",\"url\":\"https:\\\/\\\/maisonessentielle.com\\\/\",\"logo\":{\"@type\":\"ImageObject\",\"inLanguage\":\"fr-FR\",\"@id\":\"https:\\\/\\\/maisonessentielle.com\\\/#\\\/schema\\\/logo\\\/image\\\/\",\"url\":\"https:\\\/\\\/maisonessentielle.com\\\/wp-content\\\/uploads\\\/2022\\\/03\\\/MAISON-ESSENTIELLE_LOGO_facture-min.png\",\"contentUrl\":\"https:\\\/\\\/maisonessentielle.com\\\/wp-content\\\/uploads\\\/2022\\\/03\\\/MAISON-ESSENTIELLE_LOGO_facture-min.png\",\"width\":400,\"height\":57,\"caption\":\"Maison Essentielle\"},\"image\":{\"@id\":\"https:\\\/\\\/maisonessentielle.com\\\/#\\\/schema\\\/logo\\\/image\\\/\"},\"sameAs\":[\"https:\\\/\\\/www.facebook.com\\\/profile.php?id=61574309661771\",\"https:\\\/\\\/www.instagram.com\\\/maison_essentielle_\\\/\"]}]}<\/script>\n<!-- \/ Yoast SEO plugin. -->","yoast_head_json":{"title":"Patron PDF \u00e0 t\u00e9l\u00e9charger le sweat Parfait \/ the Perfect Sweatshirt","description":"Patron PDF \u00e0 t\u00e9l\u00e9charger et \u00e0 imprimer pour coudre facilement un sweat ou un tee-shirt, PDF pattern to download to sew a sweat shirt or a tee-shirt","robots":{"index":"index","follow":"follow","max-snippet":"max-snippet:-1","max-image-preview":"max-image-preview:large","max-video-preview":"max-video-preview:-1"},"canonical":"https:\/\/maisonessentielle.com\/produit\/patron-le-sweat-le-tee-shirt-parfait-the-perfect-sweatshirt-tee-shirt-pattern-pdf\/","og_locale":"fr_FR","og_type":"article","og_title":"Patron PDF \u00e0 t\u00e9l\u00e9charger le sweat Parfait \/ the Perfect Sweatshirt","og_description":"Patron PDF \u00e0 t\u00e9l\u00e9charger et \u00e0 imprimer pour coudre facilement un sweat ou un tee-shirt, PDF pattern to download to sew a sweat shirt or a tee-shirt","og_url":"https:\/\/maisonessentielle.com\/produit\/patron-le-sweat-le-tee-shirt-parfait-the-perfect-sweatshirt-tee-shirt-pattern-pdf\/","og_site_name":"Maison Essentielle","article_publisher":"https:\/\/www.facebook.com\/profile.php?id=61574309661771","article_modified_time":"2026-04-27T07:48:31+00:00","og_image":[{"width":1920,"height":2560,"url":"https:\/\/maisonessentielle.com\/wp-content\/uploads\/2026\/03\/PDF-Patron-le-T-shirt-Sweat-Parfait.jpg","type":"image\/jpeg"}],"twitter_card":"summary_large_image","twitter_misc":{"Dur\u00e9e de lecture estim\u00e9e":"2 minutes"},"schema":{"@context":"https:\/\/schema.org","@graph":[{"@type":"WebPage","@id":"https:\/\/maisonessentielle.com\/produit\/patron-le-sweat-le-tee-shirt-parfait-the-perfect-sweatshirt-tee-shirt-pattern-pdf\/","url":"https:\/\/maisonessentielle.com\/produit\/patron-le-sweat-le-tee-shirt-parfait-the-perfect-sweatshirt-tee-shirt-pattern-pdf\/","name":"Patron PDF \u00e0 t\u00e9l\u00e9charger le sweat Parfait \/ the Perfect Sweatshirt","isPartOf":{"@id":"https:\/\/maisonessentielle.com\/#website"},"primaryImageOfPage":{"@id":"https:\/\/maisonessentielle.com\/produit\/patron-le-sweat-le-tee-shirt-parfait-the-perfect-sweatshirt-tee-shirt-pattern-pdf\/#primaryimage"},"image":{"@id":"https:\/\/maisonessentielle.com\/produit\/patron-le-sweat-le-tee-shirt-parfait-the-perfect-sweatshirt-tee-shirt-pattern-pdf\/#primaryimage"},"thumbnailUrl":"https:\/\/maisonessentielle.com\/wp-content\/uploads\/2026\/03\/PDF-Patron-le-T-shirt-Sweat-Parfait.jpg","datePublished":"2026-03-27T10:51:17+00:00","dateModified":"2026-04-27T07:48:31+00:00","description":"Patron PDF \u00e0 t\u00e9l\u00e9charger et \u00e0 imprimer pour coudre facilement un sweat ou un tee-shirt, PDF pattern to download to sew a sweat shirt or a tee-shirt","breadcrumb":{"@id":"https:\/\/maisonessentielle.com\/produit\/patron-le-sweat-le-tee-shirt-parfait-the-perfect-sweatshirt-tee-shirt-pattern-pdf\/#breadcrumb"},"inLanguage":"fr-FR","potentialAction":[{"@type":"ReadAction","target":["https:\/\/maisonessentielle.com\/produit\/patron-le-sweat-le-tee-shirt-parfait-the-perfect-sweatshirt-tee-shirt-pattern-pdf\/"]}]},{"@type":"ImageObject","inLanguage":"fr-FR","@id":"https:\/\/maisonessentielle.com\/produit\/patron-le-sweat-le-tee-shirt-parfait-the-perfect-sweatshirt-tee-shirt-pattern-pdf\/#primaryimage","url":"https:\/\/maisonessentielle.com\/wp-content\/uploads\/2026\/03\/PDF-Patron-le-T-shirt-Sweat-Parfait.jpg","contentUrl":"https:\/\/maisonessentielle.com\/wp-content\/uploads\/2026\/03\/PDF-Patron-le-T-shirt-Sweat-Parfait.jpg","width":1920,"height":2560},{"@type":"BreadcrumbList","@id":"https:\/\/maisonessentielle.com\/produit\/patron-le-sweat-le-tee-shirt-parfait-the-perfect-sweatshirt-tee-shirt-pattern-pdf\/#breadcrumb","itemListElement":[{"@type":"ListItem","position":1,"name":"Accueil","item":"https:\/\/maisonessentielle.com\/"},{"@type":"ListItem","position":2,"name":"Produits Essentiels","item":"https:\/\/maisonessentielle.com\/shop\/"},{"@type":"ListItem","position":3,"name":"Patron le sweat &#038; le Tee-shirt PARFAIT \/ the perfect sweatshirt &#038; tee-shirt pattern &#8211; PDF"}]},{"@type":"WebSite","@id":"https:\/\/maisonessentielle.com\/#website","url":"https:\/\/maisonessentielle.com\/","name":"Maison Essentielle","description":"Vestiaire essentiel \u00e0 coudre ou \u00e0 porter","publisher":{"@id":"https:\/\/maisonessentielle.com\/#organization"},"potentialAction":[{"@type":"SearchAction","target":{"@type":"EntryPoint","urlTemplate":"https:\/\/maisonessentielle.com\/?s={search_term_string}"},"query-input":{"@type":"PropertyValueSpecification","valueRequired":true,"valueName":"search_term_string"}}],"inLanguage":"fr-FR"},{"@type":"Organization","@id":"https:\/\/maisonessentielle.com\/#organization","name":"Maison Essentielle","url":"https:\/\/maisonessentielle.com\/","logo":{"@type":"ImageObject","inLanguage":"fr-FR","@id":"https:\/\/maisonessentielle.com\/#\/schema\/logo\/image\/","url":"https:\/\/maisonessentielle.com\/wp-content\/uploads\/2022\/03\/MAISON-ESSENTIELLE_LOGO_facture-min.png","contentUrl":"https:\/\/maisonessentielle.com\/wp-content\/uploads\/2022\/03\/MAISON-ESSENTIELLE_LOGO_facture-min.png","width":400,"height":57,"caption":"Maison Essentielle"},"image":{"@id":"https:\/\/maisonessentielle.com\/#\/schema\/logo\/image\/"},"sameAs":["https:\/\/www.facebook.com\/profile.php?id=61574309661771","https:\/\/www.instagram.com\/maison_essentielle_\/"]}]}},"_links":{"self":[{"href":"https:\/\/maisonessentielle.com\/wp-json\/wp\/v2\/product\/62026","targetHints":{"allow":["GET"]}}],"collection":[{"href":"https:\/\/maisonessentielle.com\/wp-json\/wp\/v2\/product"}],"about":[{"href":"https:\/\/maisonessentielle.com\/wp-json\/wp\/v2\/types\/product"}],"replies":[{"embeddable":true,"href":"https:\/\/maisonessentielle.com\/wp-json\/wp\/v2\/comments?post=62026"}],"version-history":[{"count":7,"href":"https:\/\/maisonessentielle.com\/wp-json\/wp\/v2\/product\/62026\/revisions"}],"predecessor-version":[{"id":62382,"href":"https:\/\/maisonessentielle.com\/wp-json\/wp\/v2\/product\/62026\/revisions\/62382"}],"wp:featuredmedia":[{"embeddable":true,"href":"https:\/\/maisonessentielle.com\/wp-json\/wp\/v2\/media\/62381"}],"wp:attachment":[{"href":"https:\/\/maisonessentielle.com\/wp-json\/wp\/v2\/media?parent=62026"}],"wp:term":[{"taxonomy":"product_brand","embeddable":true,"href":"https:\/\/maisonessentielle.com\/wp-json\/wp\/v2\/product_brand?post=62026"},{"taxonomy":"product_cat","embeddable":true,"href":"https:\/\/maisonessentielle.com\/wp-json\/wp\/v2\/product_cat?post=62026"},{"taxonomy":"product_tag","embeddable":true,"href":"https:\/\/maisonessentielle.com\/wp-json\/wp\/v2\/product_tag?post=62026"}],"curies":[{"name":"wp","href":"https:\/\/api.w.org\/{rel}","templated":true}]}}