{"id":62019,"date":"2025-03-27T11:39:20","date_gmt":"2025-03-27T10:39:20","guid":{"rendered":"https:\/\/maisonessentielle.com\/?post_type=product&#038;p=62019"},"modified":"2026-04-10T17:20:33","modified_gmt":"2026-04-10T15:20:33","slug":"bord-cotes-cotele-lin-coupe-de-10cm-ou-50cm","status":"publish","type":"product","link":"https:\/\/maisonessentielle.com\/produit\/bord-cotes-cotele-lin-coupe-de-10cm-ou-50cm\/","title":{"rendered":"Bord-c\u00f4tes c\u00f4tel\u00e9 lin coupe de 10cm ou 50cm"},"content":{"rendered":"","protected":false},"excerpt":{"rendered":"<p>&nbsp;<\/p>\n<h1>Bord-c\u00f4tes c\u00f4tel\u00e9 coloris lin pour r\u00e9aliser les encolures, les poignets et les bas de sweat<\/h1>\n<p><strong>Mati\u00e8re : <\/strong>97% coton \/ 3% \u00e9lasthanne<\/p>\n<p><strong>M\u00e9trage :<\/strong> coupe de <strong>10cm pour r\u00e9aliser une encolure<\/strong> OU <strong>coupe de 50cm pour r\u00e9aliser encolure + poignets + bas de v\u00eatement<\/strong><\/p>\n<p><strong>Pour une jolie finition : <\/strong>nous conseillons de coudre le bord-c\u00f4tes avec une aiguille stretch<\/p>\n<p><strong>M\u00e9trage n\u00e9cessaire par mod\u00e8le :<\/strong><\/p>\n<ul>\n<li><strong>10cm :<\/strong> pour l&rsquo;encolure du top Marcy manches courtes<\/li>\n<li><strong>50cm :<\/strong> pour l&rsquo;encolure + les poignets + le bas de v\u00eatement du sweat Parfait\/du sweat Commun ou pour l&rsquo;encolure et les poignets larges du top Marcy manches longues<\/li>\n<\/ul>\n","protected":false},"featured_media":62023,"comment_status":"open","ping_status":"closed","template":"","meta":{"_acf_changed":false,"site-sidebar-layout":"default","site-content-layout":"","ast-site-content-layout":"default","site-content-style":"default","site-sidebar-style":"default","ast-global-header-display":"","ast-banner-title-visibility":"","ast-main-header-display":"","ast-hfb-above-header-display":"","ast-hfb-below-header-display":"","ast-hfb-mobile-header-display":"","site-post-title":"","ast-breadcrumbs-content":"","ast-featured-img":"","footer-sml-layout":"","ast-disable-related-posts":"","theme-transparent-header-meta":"default","adv-header-id-meta":"","stick-header-meta":"default","header-above-stick-meta":"","header-main-stick-meta":"","header-below-stick-meta":"","astra-migrate-meta-layouts":"set","ast-page-background-enabled":"default","ast-page-background-meta":{"desktop":{"background-color":"","background-image":"","background-repeat":"repeat","background-position":"center center","background-size":"auto","background-attachment":"scroll","background-type":"","background-media":"","overlay-type":"","overlay-color":"","overlay-opacity":"","overlay-gradient":""},"tablet":{"background-color":"","background-image":"","background-repeat":"repeat","background-position":"center center","background-size":"auto","background-attachment":"scroll","background-type":"","background-media":"","overlay-type":"","overlay-color":"","overlay-opacity":"","overlay-gradient":""},"mobile":{"background-color":"","background-image":"","background-repeat":"repeat","background-position":"center center","background-size":"auto","background-attachment":"scroll","background-type":"","background-media":"","overlay-type":"","overlay-color":"","overlay-opacity":"","overlay-gradient":""}},"ast-content-background-meta":{"desktop":{"background-color":"var(--ast-global-color-5)","background-image":"","background-repeat":"repeat","background-position":"center center","background-size":"auto","background-attachment":"scroll","background-type":"","background-media":"","overlay-type":"","overlay-color":"","overlay-opacity":"","overlay-gradient":""},"tablet":{"background-color":"var(--ast-global-color-5)","background-image":"","background-repeat":"repeat","background-position":"center center","background-size":"auto","background-attachment":"scroll","background-type":"","background-media":"","overlay-type":"","overlay-color":"","overlay-opacity":"","overlay-gradient":""},"mobile":{"background-color":"var(--ast-global-color-5)","background-image":"","background-repeat":"repeat","background-position":"center center","background-size":"auto","background-attachment":"scroll","background-type":"","background-media":"","overlay-type":"","overlay-color":"","overlay-opacity":"","overlay-gradient":""}}},"product_brand":[],"product_cat":[404,203,214],"product_tag":[],"class_list":{"0":"post-62019","1":"product","2":"type-product","3":"status-publish","4":"has-post-thumbnail","6":"product_cat-coupons-de-tissus","7":"product_cat-mercerie","8":"product_cat-vestiaire-a-coudre","9":"desktop-align-center","10":"tablet-align-center","11":"mobile-align-center","12":"ast-product-gallery-layout-horizontal","13":"ast-product-gallery-with-no-image","14":"ast-magnify-disabled","15":"ast-product-single-variable","16":"ast-product-tabs-layout-horizontal","18":"first","19":"instock","20":"taxable","21":"shipping-taxable","22":"purchasable","23":"product-type-variable"},"acf":[],"yoast_head":"<!-- This site is optimized with the Yoast SEO plugin v27.3 - https:\/\/yoast.com\/product\/yoast-seo-wordpress\/ -->\n<title>Bord c\u00f4tes c\u00f4tel\u00e9 lin pour coudre des sweats<\/title>\n<meta name=\"description\" content=\"Un bord c\u00f4tes c\u00f4tel\u00e9 lin parfaitement adapt\u00e9 pour les encolures, poignets et bas de sweat, id\u00e9al pour coudre le patron du sweat Parfait.\" \/>\n<meta name=\"robots\" content=\"index, follow, max-snippet:-1, max-image-preview:large, max-video-preview:-1\" \/>\n<link rel=\"canonical\" href=\"https:\/\/maisonessentielle.com\/produit\/bord-cotes-cotele-lin-coupe-de-10cm-ou-50cm\/\" \/>\n<meta property=\"og:locale\" content=\"fr_FR\" \/>\n<meta property=\"og:type\" content=\"article\" \/>\n<meta property=\"og:title\" content=\"Bord c\u00f4tes c\u00f4tel\u00e9 lin pour coudre des sweats\" \/>\n<meta property=\"og:description\" content=\"Un bord c\u00f4tes c\u00f4tel\u00e9 lin parfaitement adapt\u00e9 pour les encolures, poignets et bas de sweat, id\u00e9al pour coudre le patron du sweat Parfait.\" \/>\n<meta property=\"og:url\" content=\"https:\/\/maisonessentielle.com\/produit\/bord-cotes-cotele-lin-coupe-de-10cm-ou-50cm\/\" \/>\n<meta property=\"og:site_name\" content=\"Maison Essentielle\" \/>\n<meta property=\"article:publisher\" content=\"https:\/\/www.facebook.com\/profile.php?id=61574309661771\" \/>\n<meta property=\"article:modified_time\" content=\"2026-04-10T15:20:33+00:00\" \/>\n<meta property=\"og:image\" content=\"https:\/\/maisonessentielle.com\/wp-content\/uploads\/2026\/03\/BC-LIN.png\" \/>\n\t<meta property=\"og:image:width\" content=\"511\" \/>\n\t<meta property=\"og:image:height\" content=\"507\" \/>\n\t<meta property=\"og:image:type\" content=\"image\/png\" \/>\n<meta name=\"twitter:card\" content=\"summary_large_image\" \/>\n<meta name=\"twitter:label1\" content=\"Dur\u00e9e de lecture estim\u00e9e\" \/>\n\t<meta name=\"twitter:data1\" content=\"1 minute\" \/>\n<script type=\"application\/ld+json\" class=\"yoast-schema-graph\">{\"@context\":\"https:\\\/\\\/schema.org\",\"@graph\":[{\"@type\":\"WebPage\",\"@id\":\"https:\\\/\\\/maisonessentielle.com\\\/produit\\\/bord-cotes-cotele-lin-coupe-de-10cm-ou-50cm\\\/\",\"url\":\"https:\\\/\\\/maisonessentielle.com\\\/produit\\\/bord-cotes-cotele-lin-coupe-de-10cm-ou-50cm\\\/\",\"name\":\"Bord c\u00f4tes c\u00f4tel\u00e9 lin pour coudre des sweats\",\"isPartOf\":{\"@id\":\"https:\\\/\\\/maisonessentielle.com\\\/#website\"},\"primaryImageOfPage\":{\"@id\":\"https:\\\/\\\/maisonessentielle.com\\\/produit\\\/bord-cotes-cotele-lin-coupe-de-10cm-ou-50cm\\\/#primaryimage\"},\"image\":{\"@id\":\"https:\\\/\\\/maisonessentielle.com\\\/produit\\\/bord-cotes-cotele-lin-coupe-de-10cm-ou-50cm\\\/#primaryimage\"},\"thumbnailUrl\":\"https:\\\/\\\/maisonessentielle.com\\\/wp-content\\\/uploads\\\/2026\\\/03\\\/BC-LIN.png\",\"datePublished\":\"2025-03-27T10:39:20+00:00\",\"dateModified\":\"2026-04-10T15:20:33+00:00\",\"description\":\"Un bord c\u00f4tes c\u00f4tel\u00e9 lin parfaitement adapt\u00e9 pour les encolures, poignets et bas de sweat, id\u00e9al pour coudre le patron du sweat Parfait.\",\"breadcrumb\":{\"@id\":\"https:\\\/\\\/maisonessentielle.com\\\/produit\\\/bord-cotes-cotele-lin-coupe-de-10cm-ou-50cm\\\/#breadcrumb\"},\"inLanguage\":\"fr-FR\",\"potentialAction\":[{\"@type\":\"ReadAction\",\"target\":[\"https:\\\/\\\/maisonessentielle.com\\\/produit\\\/bord-cotes-cotele-lin-coupe-de-10cm-ou-50cm\\\/\"]}]},{\"@type\":\"ImageObject\",\"inLanguage\":\"fr-FR\",\"@id\":\"https:\\\/\\\/maisonessentielle.com\\\/produit\\\/bord-cotes-cotele-lin-coupe-de-10cm-ou-50cm\\\/#primaryimage\",\"url\":\"https:\\\/\\\/maisonessentielle.com\\\/wp-content\\\/uploads\\\/2026\\\/03\\\/BC-LIN.png\",\"contentUrl\":\"https:\\\/\\\/maisonessentielle.com\\\/wp-content\\\/uploads\\\/2026\\\/03\\\/BC-LIN.png\",\"width\":511,\"height\":507},{\"@type\":\"BreadcrumbList\",\"@id\":\"https:\\\/\\\/maisonessentielle.com\\\/produit\\\/bord-cotes-cotele-lin-coupe-de-10cm-ou-50cm\\\/#breadcrumb\",\"itemListElement\":[{\"@type\":\"ListItem\",\"position\":1,\"name\":\"Accueil\",\"item\":\"https:\\\/\\\/maisonessentielle.com\\\/\"},{\"@type\":\"ListItem\",\"position\":2,\"name\":\"Produits Essentiels\",\"item\":\"https:\\\/\\\/maisonessentielle.com\\\/shop\\\/\"},{\"@type\":\"ListItem\",\"position\":3,\"name\":\"Bord-c\u00f4tes c\u00f4tel\u00e9 lin coupe de 10cm ou 50cm\"}]},{\"@type\":\"WebSite\",\"@id\":\"https:\\\/\\\/maisonessentielle.com\\\/#website\",\"url\":\"https:\\\/\\\/maisonessentielle.com\\\/\",\"name\":\"Maison Essentielle\",\"description\":\"Vestiaire essentiel \u00e0 coudre ou \u00e0 porter\",\"publisher\":{\"@id\":\"https:\\\/\\\/maisonessentielle.com\\\/#organization\"},\"potentialAction\":[{\"@type\":\"SearchAction\",\"target\":{\"@type\":\"EntryPoint\",\"urlTemplate\":\"https:\\\/\\\/maisonessentielle.com\\\/?s={search_term_string}\"},\"query-input\":{\"@type\":\"PropertyValueSpecification\",\"valueRequired\":true,\"valueName\":\"search_term_string\"}}],\"inLanguage\":\"fr-FR\"},{\"@type\":\"Organization\",\"@id\":\"https:\\\/\\\/maisonessentielle.com\\\/#organization\",\"name\":\"Maison Essentielle\",\"url\":\"https:\\\/\\\/maisonessentielle.com\\\/\",\"logo\":{\"@type\":\"ImageObject\",\"inLanguage\":\"fr-FR\",\"@id\":\"https:\\\/\\\/maisonessentielle.com\\\/#\\\/schema\\\/logo\\\/image\\\/\",\"url\":\"https:\\\/\\\/maisonessentielle.com\\\/wp-content\\\/uploads\\\/2022\\\/03\\\/MAISON-ESSENTIELLE_LOGO_facture-min.png\",\"contentUrl\":\"https:\\\/\\\/maisonessentielle.com\\\/wp-content\\\/uploads\\\/2022\\\/03\\\/MAISON-ESSENTIELLE_LOGO_facture-min.png\",\"width\":400,\"height\":57,\"caption\":\"Maison Essentielle\"},\"image\":{\"@id\":\"https:\\\/\\\/maisonessentielle.com\\\/#\\\/schema\\\/logo\\\/image\\\/\"},\"sameAs\":[\"https:\\\/\\\/www.facebook.com\\\/profile.php?id=61574309661771\",\"https:\\\/\\\/www.instagram.com\\\/maison_essentielle_\\\/\"]}]}<\/script>\n<!-- \/ Yoast SEO plugin. -->","yoast_head_json":{"title":"Bord c\u00f4tes c\u00f4tel\u00e9 lin pour coudre des sweats","description":"Un bord c\u00f4tes c\u00f4tel\u00e9 lin parfaitement adapt\u00e9 pour les encolures, poignets et bas de sweat, id\u00e9al pour coudre le patron du sweat Parfait.","robots":{"index":"index","follow":"follow","max-snippet":"max-snippet:-1","max-image-preview":"max-image-preview:large","max-video-preview":"max-video-preview:-1"},"canonical":"https:\/\/maisonessentielle.com\/produit\/bord-cotes-cotele-lin-coupe-de-10cm-ou-50cm\/","og_locale":"fr_FR","og_type":"article","og_title":"Bord c\u00f4tes c\u00f4tel\u00e9 lin pour coudre des sweats","og_description":"Un bord c\u00f4tes c\u00f4tel\u00e9 lin parfaitement adapt\u00e9 pour les encolures, poignets et bas de sweat, id\u00e9al pour coudre le patron du sweat Parfait.","og_url":"https:\/\/maisonessentielle.com\/produit\/bord-cotes-cotele-lin-coupe-de-10cm-ou-50cm\/","og_site_name":"Maison Essentielle","article_publisher":"https:\/\/www.facebook.com\/profile.php?id=61574309661771","article_modified_time":"2026-04-10T15:20:33+00:00","og_image":[{"width":511,"height":507,"url":"https:\/\/maisonessentielle.com\/wp-content\/uploads\/2026\/03\/BC-LIN.png","type":"image\/png"}],"twitter_card":"summary_large_image","twitter_misc":{"Dur\u00e9e de lecture estim\u00e9e":"1 minute"},"schema":{"@context":"https:\/\/schema.org","@graph":[{"@type":"WebPage","@id":"https:\/\/maisonessentielle.com\/produit\/bord-cotes-cotele-lin-coupe-de-10cm-ou-50cm\/","url":"https:\/\/maisonessentielle.com\/produit\/bord-cotes-cotele-lin-coupe-de-10cm-ou-50cm\/","name":"Bord c\u00f4tes c\u00f4tel\u00e9 lin pour coudre des sweats","isPartOf":{"@id":"https:\/\/maisonessentielle.com\/#website"},"primaryImageOfPage":{"@id":"https:\/\/maisonessentielle.com\/produit\/bord-cotes-cotele-lin-coupe-de-10cm-ou-50cm\/#primaryimage"},"image":{"@id":"https:\/\/maisonessentielle.com\/produit\/bord-cotes-cotele-lin-coupe-de-10cm-ou-50cm\/#primaryimage"},"thumbnailUrl":"https:\/\/maisonessentielle.com\/wp-content\/uploads\/2026\/03\/BC-LIN.png","datePublished":"2025-03-27T10:39:20+00:00","dateModified":"2026-04-10T15:20:33+00:00","description":"Un bord c\u00f4tes c\u00f4tel\u00e9 lin parfaitement adapt\u00e9 pour les encolures, poignets et bas de sweat, id\u00e9al pour coudre le patron du sweat Parfait.","breadcrumb":{"@id":"https:\/\/maisonessentielle.com\/produit\/bord-cotes-cotele-lin-coupe-de-10cm-ou-50cm\/#breadcrumb"},"inLanguage":"fr-FR","potentialAction":[{"@type":"ReadAction","target":["https:\/\/maisonessentielle.com\/produit\/bord-cotes-cotele-lin-coupe-de-10cm-ou-50cm\/"]}]},{"@type":"ImageObject","inLanguage":"fr-FR","@id":"https:\/\/maisonessentielle.com\/produit\/bord-cotes-cotele-lin-coupe-de-10cm-ou-50cm\/#primaryimage","url":"https:\/\/maisonessentielle.com\/wp-content\/uploads\/2026\/03\/BC-LIN.png","contentUrl":"https:\/\/maisonessentielle.com\/wp-content\/uploads\/2026\/03\/BC-LIN.png","width":511,"height":507},{"@type":"BreadcrumbList","@id":"https:\/\/maisonessentielle.com\/produit\/bord-cotes-cotele-lin-coupe-de-10cm-ou-50cm\/#breadcrumb","itemListElement":[{"@type":"ListItem","position":1,"name":"Accueil","item":"https:\/\/maisonessentielle.com\/"},{"@type":"ListItem","position":2,"name":"Produits Essentiels","item":"https:\/\/maisonessentielle.com\/shop\/"},{"@type":"ListItem","position":3,"name":"Bord-c\u00f4tes c\u00f4tel\u00e9 lin coupe de 10cm ou 50cm"}]},{"@type":"WebSite","@id":"https:\/\/maisonessentielle.com\/#website","url":"https:\/\/maisonessentielle.com\/","name":"Maison Essentielle","description":"Vestiaire essentiel \u00e0 coudre ou \u00e0 porter","publisher":{"@id":"https:\/\/maisonessentielle.com\/#organization"},"potentialAction":[{"@type":"SearchAction","target":{"@type":"EntryPoint","urlTemplate":"https:\/\/maisonessentielle.com\/?s={search_term_string}"},"query-input":{"@type":"PropertyValueSpecification","valueRequired":true,"valueName":"search_term_string"}}],"inLanguage":"fr-FR"},{"@type":"Organization","@id":"https:\/\/maisonessentielle.com\/#organization","name":"Maison Essentielle","url":"https:\/\/maisonessentielle.com\/","logo":{"@type":"ImageObject","inLanguage":"fr-FR","@id":"https:\/\/maisonessentielle.com\/#\/schema\/logo\/image\/","url":"https:\/\/maisonessentielle.com\/wp-content\/uploads\/2022\/03\/MAISON-ESSENTIELLE_LOGO_facture-min.png","contentUrl":"https:\/\/maisonessentielle.com\/wp-content\/uploads\/2022\/03\/MAISON-ESSENTIELLE_LOGO_facture-min.png","width":400,"height":57,"caption":"Maison Essentielle"},"image":{"@id":"https:\/\/maisonessentielle.com\/#\/schema\/logo\/image\/"},"sameAs":["https:\/\/www.facebook.com\/profile.php?id=61574309661771","https:\/\/www.instagram.com\/maison_essentielle_\/"]}]}},"_links":{"self":[{"href":"https:\/\/maisonessentielle.com\/wp-json\/wp\/v2\/product\/62019","targetHints":{"allow":["GET"]}}],"collection":[{"href":"https:\/\/maisonessentielle.com\/wp-json\/wp\/v2\/product"}],"about":[{"href":"https:\/\/maisonessentielle.com\/wp-json\/wp\/v2\/types\/product"}],"replies":[{"embeddable":true,"href":"https:\/\/maisonessentielle.com\/wp-json\/wp\/v2\/comments?post=62019"}],"version-history":[{"count":3,"href":"https:\/\/maisonessentielle.com\/wp-json\/wp\/v2\/product\/62019\/revisions"}],"predecessor-version":[{"id":62043,"href":"https:\/\/maisonessentielle.com\/wp-json\/wp\/v2\/product\/62019\/revisions\/62043"}],"wp:featuredmedia":[{"embeddable":true,"href":"https:\/\/maisonessentielle.com\/wp-json\/wp\/v2\/media\/62023"}],"wp:attachment":[{"href":"https:\/\/maisonessentielle.com\/wp-json\/wp\/v2\/media?parent=62019"}],"wp:term":[{"taxonomy":"product_brand","embeddable":true,"href":"https:\/\/maisonessentielle.com\/wp-json\/wp\/v2\/product_brand?post=62019"},{"taxonomy":"product_cat","embeddable":true,"href":"https:\/\/maisonessentielle.com\/wp-json\/wp\/v2\/product_cat?post=62019"},{"taxonomy":"product_tag","embeddable":true,"href":"https:\/\/maisonessentielle.com\/wp-json\/wp\/v2\/product_tag?post=62019"}],"curies":[{"name":"wp","href":"https:\/\/api.w.org\/{rel}","templated":true}]}}