{"id":61874,"date":"2026-03-28T10:00:13","date_gmt":"2026-03-28T09:00:13","guid":{"rendered":"https:\/\/maisonessentielle.com\/?post_type=product&#038;p=61874"},"modified":"2026-03-30T10:46:20","modified_gmt":"2026-03-30T08:46:20","slug":"la-jupe-droite-en-eponge-cacao-cousue","status":"publish","type":"product","link":"https:\/\/maisonessentielle.com\/produit\/la-jupe-droite-en-eponge-cacao-cousue\/","title":{"rendered":"La jupe droite en \u00e9ponge cacao- cousue"},"content":{"rendered":"<h2><strong>Choisissez votre taille en vous r\u00e9f\u00e9rant \u00e0 ce tableau de mensurations (mesures en cm \u2013 stature 1,65m)<\/strong><\/h2>\n<p>&nbsp;<\/p>\n<table>\n<tbody>\n<tr>\n<td><b>Taille<\/b><\/td>\n<td><b>34<\/b><\/td>\n<td><b>36<\/b><\/td>\n<td><b>38<\/b><\/td>\n<td><b>40<\/b><\/td>\n<td><b>42<\/b><\/td>\n<td><b>44<\/b><\/td>\n<td><b>46<\/b><\/td>\n<td><b>48<\/b><\/td>\n<\/tr>\n<tr>\n<td><b>Tour de poitrine<\/b><\/td>\n<td><span style=\"font-weight: 400;\">82<\/span><\/td>\n<td><span style=\"font-weight: 400;\">86<\/span><\/td>\n<td><b>90<\/b><\/td>\n<td><span style=\"font-weight: 400;\">94<\/span><\/td>\n<td><b>98<\/b><\/td>\n<td><span style=\"font-weight: 400;\">102<\/span><\/td>\n<td><b>106<\/b><\/td>\n<td><b>110<\/b><\/td>\n<\/tr>\n<tr>\n<td><b>Tour de taille<\/b><\/td>\n<td><span style=\"font-weight: 400;\">68<\/span><\/td>\n<td><span style=\"font-weight: 400;\">72<\/span><\/td>\n<td><b>76<\/b><\/td>\n<td><span style=\"font-weight: 400;\">80<\/span><\/td>\n<td><b>84<\/b><\/td>\n<td><span style=\"font-weight: 400;\">88<\/span><\/td>\n<td><b>92<\/b><\/td>\n<td><b>96<\/b><\/td>\n<\/tr>\n<tr>\n<td><b>Tour de hanche<\/b><\/td>\n<td><span style=\"font-weight: 400;\">88<\/span><\/td>\n<td><span style=\"font-weight: 400;\">92<\/span><\/td>\n<td><b>96<\/b><\/td>\n<td><span style=\"font-weight: 400;\">100<\/span><\/td>\n<td><b>104<\/b><\/td>\n<td><span style=\"font-weight: 400;\">108<\/span><\/td>\n<td><b>112<\/b><\/td>\n<td><b>116<\/b><\/td>\n<\/tr>\n<\/tbody>\n<\/table>\n<p style=\"text-align: center;\"><strong>Partagez-nous votre look sur les r\u00e9seaux sociaux #lajupedroite @maison_essentielle_<\/strong><\/p>\n","protected":false},"excerpt":{"rendered":"<p>&nbsp;<\/p>\n<h2>Notre jupe Droite en \u00e9ponge cacao<\/h2>\n<p><strong>L&rsquo;indispensable jupe longue droite toute simple, un basic de votre dressing pour les beaux jours. R\u00e9alis\u00e9e ici dans une \u00e9ponge extensible cacao, avec une taille \u00e9lastiqu\u00e9e, elle est ultra confortable \u00e0 porter<\/strong> <strong>et id\u00e9ale pour les vacances, avec des sandales ou des baskets.<\/strong><\/p>\n<p><b>Mati\u00e8re : <\/b>\u00e9ponge cacao souple et douce, <strong>80% coton\/20% polyester Oekotex<\/strong><\/p>\n<p><strong>Conseils d&rsquo;entretien : Lavage<\/strong> en machine \u00e0 30\u00b0 &#8211; <strong>Pas de s\u00e8che linge<\/strong> &#8211; <strong>Repassage<\/strong> doux<\/p>\n<p>&nbsp;<\/p>\n<h2>Conseil taille pour choisir votre jupe Droite<\/h2>\n<p>R\u00e9f\u00e9rez vous au tableau de mensurations en bas de page et consultez <a href=\"https:\/\/maisonessentielle.com\/index.php\/guide-des-tailles\/\">notre guide des tailles<\/a> pour choisir la taille qui vous convient. La jupe Droite taille normalement,<em> Val\u00e9rie (1,65m \/ 86-72-90)<\/em> porte la taille taille S.<\/p>\n<p>&nbsp;<\/p>\n<h2><strong>Confection made in France\u00a0<\/strong><\/h2>\n","protected":false},"featured_media":61678,"comment_status":"open","ping_status":"closed","template":"","meta":{"_acf_changed":false,"site-sidebar-layout":"default","site-content-layout":"default","ast-site-content-layout":"default","site-content-style":"default","site-sidebar-style":"default","ast-global-header-display":"","ast-banner-title-visibility":"","ast-main-header-display":"","ast-hfb-above-header-display":"","ast-hfb-below-header-display":"","ast-hfb-mobile-header-display":"","site-post-title":"","ast-breadcrumbs-content":"","ast-featured-img":"","footer-sml-layout":"","ast-disable-related-posts":"","theme-transparent-header-meta":"default","adv-header-id-meta":"","stick-header-meta":"default","header-above-stick-meta":"","header-main-stick-meta":"","header-below-stick-meta":"","astra-migrate-meta-layouts":"set","ast-page-background-enabled":"default","ast-page-background-meta":{"desktop":{"background-color":"","background-image":"","background-repeat":"repeat","background-position":"center center","background-size":"auto","background-attachment":"scroll","background-type":"","background-media":"","overlay-type":"","overlay-color":"","overlay-opacity":"","overlay-gradient":""},"tablet":{"background-color":"","background-image":"","background-repeat":"repeat","background-position":"center center","background-size":"auto","background-attachment":"scroll","background-type":"","background-media":"","overlay-type":"","overlay-color":"","overlay-opacity":"","overlay-gradient":""},"mobile":{"background-color":"","background-image":"","background-repeat":"repeat","background-position":"center center","background-size":"auto","background-attachment":"scroll","background-type":"","background-media":"","overlay-type":"","overlay-color":"","overlay-opacity":"","overlay-gradient":""}},"ast-content-background-meta":{"desktop":{"background-color":"var(--ast-global-color-5)","background-image":"","background-repeat":"repeat","background-position":"center center","background-size":"auto","background-attachment":"scroll","background-type":"","background-media":"","overlay-type":"","overlay-color":"","overlay-opacity":"","overlay-gradient":""},"tablet":{"background-color":"var(--ast-global-color-5)","background-image":"","background-repeat":"repeat","background-position":"center center","background-size":"auto","background-attachment":"scroll","background-type":"","background-media":"","overlay-type":"","overlay-color":"","overlay-opacity":"","overlay-gradient":""},"mobile":{"background-color":"var(--ast-global-color-5)","background-image":"","background-repeat":"repeat","background-position":"center center","background-size":"auto","background-attachment":"scroll","background-type":"","background-media":"","overlay-type":"","overlay-color":"","overlay-opacity":"","overlay-gradient":""}}},"product_brand":[],"product_cat":[391,215],"product_tag":[],"class_list":{"0":"post-61874","1":"product","2":"type-product","3":"status-publish","4":"has-post-thumbnail","6":"product_cat-les-bas","7":"product_cat-vestiaire-cousu-en-france","8":"desktop-align-center","9":"tablet-align-center","10":"mobile-align-center","11":"ast-product-gallery-layout-horizontal","12":"ast-magnify-disabled","13":"ast-product-single-variable","14":"ast-product-tabs-layout-horizontal","16":"first","17":"instock","18":"taxable","19":"shipping-taxable","20":"purchasable","21":"product-type-variable"},"acf":[],"yoast_head":"<!-- This site is optimized with the Yoast SEO plugin v27.3 - https:\/\/yoast.com\/product\/yoast-seo-wordpress\/ -->\n<title>Jupe longue droite et minimaliste en \u00e9ponge cacao<\/title>\n<meta name=\"description\" content=\"Une jupe longue droite, \u00e0 la coupe minimaliste et fluide, en \u00e9ponge cacao, la mati\u00e8re et la coupe sont id\u00e9ales pour les vacances.\" \/>\n<meta name=\"robots\" content=\"index, follow, max-snippet:-1, max-image-preview:large, max-video-preview:-1\" \/>\n<link rel=\"canonical\" href=\"https:\/\/maisonessentielle.com\/produit\/la-jupe-droite-en-eponge-cacao-cousue\/\" \/>\n<meta property=\"og:locale\" content=\"fr_FR\" \/>\n<meta property=\"og:type\" content=\"article\" \/>\n<meta property=\"og:title\" content=\"Jupe longue droite et minimaliste en \u00e9ponge cacao\" \/>\n<meta property=\"og:description\" content=\"Une jupe longue droite, \u00e0 la coupe minimaliste et fluide, en \u00e9ponge cacao, la mati\u00e8re et la coupe sont id\u00e9ales pour les vacances.\" \/>\n<meta property=\"og:url\" content=\"https:\/\/maisonessentielle.com\/produit\/la-jupe-droite-en-eponge-cacao-cousue\/\" \/>\n<meta property=\"og:site_name\" content=\"Maison Essentielle\" \/>\n<meta property=\"article:publisher\" content=\"https:\/\/www.facebook.com\/profile.php?id=61574309661771\" \/>\n<meta property=\"article:modified_time\" content=\"2026-03-30T08:46:20+00:00\" \/>\n<meta property=\"og:image\" content=\"https:\/\/maisonessentielle.com\/wp-content\/uploads\/2026\/03\/top-marcy-et-jupe-eponge-cacao-maison-essentielle-2.jpg\" \/>\n\t<meta property=\"og:image:width\" content=\"1417\" \/>\n\t<meta property=\"og:image:height\" content=\"1890\" \/>\n\t<meta property=\"og:image:type\" content=\"image\/jpeg\" \/>\n<meta name=\"twitter:card\" content=\"summary_large_image\" \/>\n<meta name=\"twitter:label1\" content=\"Dur\u00e9e de lecture estim\u00e9e\" \/>\n\t<meta name=\"twitter:data1\" content=\"1 minute\" \/>\n<script type=\"application\/ld+json\" class=\"yoast-schema-graph\">{\"@context\":\"https:\\\/\\\/schema.org\",\"@graph\":[{\"@type\":\"WebPage\",\"@id\":\"https:\\\/\\\/maisonessentielle.com\\\/produit\\\/la-jupe-droite-en-eponge-cacao-cousue\\\/\",\"url\":\"https:\\\/\\\/maisonessentielle.com\\\/produit\\\/la-jupe-droite-en-eponge-cacao-cousue\\\/\",\"name\":\"Jupe longue droite et minimaliste en \u00e9ponge cacao\",\"isPartOf\":{\"@id\":\"https:\\\/\\\/maisonessentielle.com\\\/#website\"},\"primaryImageOfPage\":{\"@id\":\"https:\\\/\\\/maisonessentielle.com\\\/produit\\\/la-jupe-droite-en-eponge-cacao-cousue\\\/#primaryimage\"},\"image\":{\"@id\":\"https:\\\/\\\/maisonessentielle.com\\\/produit\\\/la-jupe-droite-en-eponge-cacao-cousue\\\/#primaryimage\"},\"thumbnailUrl\":\"https:\\\/\\\/maisonessentielle.com\\\/wp-content\\\/uploads\\\/2026\\\/03\\\/top-marcy-et-jupe-eponge-cacao-maison-essentielle-2.jpg\",\"datePublished\":\"2026-03-28T09:00:13+00:00\",\"dateModified\":\"2026-03-30T08:46:20+00:00\",\"description\":\"Une jupe longue droite, \u00e0 la coupe minimaliste et fluide, en \u00e9ponge cacao, la mati\u00e8re et la coupe sont id\u00e9ales pour les vacances.\",\"breadcrumb\":{\"@id\":\"https:\\\/\\\/maisonessentielle.com\\\/produit\\\/la-jupe-droite-en-eponge-cacao-cousue\\\/#breadcrumb\"},\"inLanguage\":\"fr-FR\",\"potentialAction\":[{\"@type\":\"ReadAction\",\"target\":[\"https:\\\/\\\/maisonessentielle.com\\\/produit\\\/la-jupe-droite-en-eponge-cacao-cousue\\\/\"]}]},{\"@type\":\"ImageObject\",\"inLanguage\":\"fr-FR\",\"@id\":\"https:\\\/\\\/maisonessentielle.com\\\/produit\\\/la-jupe-droite-en-eponge-cacao-cousue\\\/#primaryimage\",\"url\":\"https:\\\/\\\/maisonessentielle.com\\\/wp-content\\\/uploads\\\/2026\\\/03\\\/top-marcy-et-jupe-eponge-cacao-maison-essentielle-2.jpg\",\"contentUrl\":\"https:\\\/\\\/maisonessentielle.com\\\/wp-content\\\/uploads\\\/2026\\\/03\\\/top-marcy-et-jupe-eponge-cacao-maison-essentielle-2.jpg\",\"width\":1417,\"height\":1890},{\"@type\":\"BreadcrumbList\",\"@id\":\"https:\\\/\\\/maisonessentielle.com\\\/produit\\\/la-jupe-droite-en-eponge-cacao-cousue\\\/#breadcrumb\",\"itemListElement\":[{\"@type\":\"ListItem\",\"position\":1,\"name\":\"Accueil\",\"item\":\"https:\\\/\\\/maisonessentielle.com\\\/\"},{\"@type\":\"ListItem\",\"position\":2,\"name\":\"Produits Essentiels\",\"item\":\"https:\\\/\\\/maisonessentielle.com\\\/shop\\\/\"},{\"@type\":\"ListItem\",\"position\":3,\"name\":\"La jupe droite en \u00e9ponge cacao- cousue\"}]},{\"@type\":\"WebSite\",\"@id\":\"https:\\\/\\\/maisonessentielle.com\\\/#website\",\"url\":\"https:\\\/\\\/maisonessentielle.com\\\/\",\"name\":\"Maison Essentielle\",\"description\":\"Vestiaire essentiel \u00e0 coudre ou \u00e0 porter\",\"publisher\":{\"@id\":\"https:\\\/\\\/maisonessentielle.com\\\/#organization\"},\"potentialAction\":[{\"@type\":\"SearchAction\",\"target\":{\"@type\":\"EntryPoint\",\"urlTemplate\":\"https:\\\/\\\/maisonessentielle.com\\\/?s={search_term_string}\"},\"query-input\":{\"@type\":\"PropertyValueSpecification\",\"valueRequired\":true,\"valueName\":\"search_term_string\"}}],\"inLanguage\":\"fr-FR\"},{\"@type\":\"Organization\",\"@id\":\"https:\\\/\\\/maisonessentielle.com\\\/#organization\",\"name\":\"Maison Essentielle\",\"url\":\"https:\\\/\\\/maisonessentielle.com\\\/\",\"logo\":{\"@type\":\"ImageObject\",\"inLanguage\":\"fr-FR\",\"@id\":\"https:\\\/\\\/maisonessentielle.com\\\/#\\\/schema\\\/logo\\\/image\\\/\",\"url\":\"https:\\\/\\\/maisonessentielle.com\\\/wp-content\\\/uploads\\\/2022\\\/03\\\/MAISON-ESSENTIELLE_LOGO_facture-min.png\",\"contentUrl\":\"https:\\\/\\\/maisonessentielle.com\\\/wp-content\\\/uploads\\\/2022\\\/03\\\/MAISON-ESSENTIELLE_LOGO_facture-min.png\",\"width\":400,\"height\":57,\"caption\":\"Maison Essentielle\"},\"image\":{\"@id\":\"https:\\\/\\\/maisonessentielle.com\\\/#\\\/schema\\\/logo\\\/image\\\/\"},\"sameAs\":[\"https:\\\/\\\/www.facebook.com\\\/profile.php?id=61574309661771\",\"https:\\\/\\\/www.instagram.com\\\/maison_essentielle_\\\/\"]}]}<\/script>\n<!-- \/ Yoast SEO plugin. -->","yoast_head_json":{"title":"Jupe longue droite et minimaliste en \u00e9ponge cacao","description":"Une jupe longue droite, \u00e0 la coupe minimaliste et fluide, en \u00e9ponge cacao, la mati\u00e8re et la coupe sont id\u00e9ales pour les vacances.","robots":{"index":"index","follow":"follow","max-snippet":"max-snippet:-1","max-image-preview":"max-image-preview:large","max-video-preview":"max-video-preview:-1"},"canonical":"https:\/\/maisonessentielle.com\/produit\/la-jupe-droite-en-eponge-cacao-cousue\/","og_locale":"fr_FR","og_type":"article","og_title":"Jupe longue droite et minimaliste en \u00e9ponge cacao","og_description":"Une jupe longue droite, \u00e0 la coupe minimaliste et fluide, en \u00e9ponge cacao, la mati\u00e8re et la coupe sont id\u00e9ales pour les vacances.","og_url":"https:\/\/maisonessentielle.com\/produit\/la-jupe-droite-en-eponge-cacao-cousue\/","og_site_name":"Maison Essentielle","article_publisher":"https:\/\/www.facebook.com\/profile.php?id=61574309661771","article_modified_time":"2026-03-30T08:46:20+00:00","og_image":[{"width":1417,"height":1890,"url":"https:\/\/maisonessentielle.com\/wp-content\/uploads\/2026\/03\/top-marcy-et-jupe-eponge-cacao-maison-essentielle-2.jpg","type":"image\/jpeg"}],"twitter_card":"summary_large_image","twitter_misc":{"Dur\u00e9e de lecture estim\u00e9e":"1 minute"},"schema":{"@context":"https:\/\/schema.org","@graph":[{"@type":"WebPage","@id":"https:\/\/maisonessentielle.com\/produit\/la-jupe-droite-en-eponge-cacao-cousue\/","url":"https:\/\/maisonessentielle.com\/produit\/la-jupe-droite-en-eponge-cacao-cousue\/","name":"Jupe longue droite et minimaliste en \u00e9ponge cacao","isPartOf":{"@id":"https:\/\/maisonessentielle.com\/#website"},"primaryImageOfPage":{"@id":"https:\/\/maisonessentielle.com\/produit\/la-jupe-droite-en-eponge-cacao-cousue\/#primaryimage"},"image":{"@id":"https:\/\/maisonessentielle.com\/produit\/la-jupe-droite-en-eponge-cacao-cousue\/#primaryimage"},"thumbnailUrl":"https:\/\/maisonessentielle.com\/wp-content\/uploads\/2026\/03\/top-marcy-et-jupe-eponge-cacao-maison-essentielle-2.jpg","datePublished":"2026-03-28T09:00:13+00:00","dateModified":"2026-03-30T08:46:20+00:00","description":"Une jupe longue droite, \u00e0 la coupe minimaliste et fluide, en \u00e9ponge cacao, la mati\u00e8re et la coupe sont id\u00e9ales pour les vacances.","breadcrumb":{"@id":"https:\/\/maisonessentielle.com\/produit\/la-jupe-droite-en-eponge-cacao-cousue\/#breadcrumb"},"inLanguage":"fr-FR","potentialAction":[{"@type":"ReadAction","target":["https:\/\/maisonessentielle.com\/produit\/la-jupe-droite-en-eponge-cacao-cousue\/"]}]},{"@type":"ImageObject","inLanguage":"fr-FR","@id":"https:\/\/maisonessentielle.com\/produit\/la-jupe-droite-en-eponge-cacao-cousue\/#primaryimage","url":"https:\/\/maisonessentielle.com\/wp-content\/uploads\/2026\/03\/top-marcy-et-jupe-eponge-cacao-maison-essentielle-2.jpg","contentUrl":"https:\/\/maisonessentielle.com\/wp-content\/uploads\/2026\/03\/top-marcy-et-jupe-eponge-cacao-maison-essentielle-2.jpg","width":1417,"height":1890},{"@type":"BreadcrumbList","@id":"https:\/\/maisonessentielle.com\/produit\/la-jupe-droite-en-eponge-cacao-cousue\/#breadcrumb","itemListElement":[{"@type":"ListItem","position":1,"name":"Accueil","item":"https:\/\/maisonessentielle.com\/"},{"@type":"ListItem","position":2,"name":"Produits Essentiels","item":"https:\/\/maisonessentielle.com\/shop\/"},{"@type":"ListItem","position":3,"name":"La jupe droite en \u00e9ponge cacao- cousue"}]},{"@type":"WebSite","@id":"https:\/\/maisonessentielle.com\/#website","url":"https:\/\/maisonessentielle.com\/","name":"Maison Essentielle","description":"Vestiaire essentiel \u00e0 coudre ou \u00e0 porter","publisher":{"@id":"https:\/\/maisonessentielle.com\/#organization"},"potentialAction":[{"@type":"SearchAction","target":{"@type":"EntryPoint","urlTemplate":"https:\/\/maisonessentielle.com\/?s={search_term_string}"},"query-input":{"@type":"PropertyValueSpecification","valueRequired":true,"valueName":"search_term_string"}}],"inLanguage":"fr-FR"},{"@type":"Organization","@id":"https:\/\/maisonessentielle.com\/#organization","name":"Maison Essentielle","url":"https:\/\/maisonessentielle.com\/","logo":{"@type":"ImageObject","inLanguage":"fr-FR","@id":"https:\/\/maisonessentielle.com\/#\/schema\/logo\/image\/","url":"https:\/\/maisonessentielle.com\/wp-content\/uploads\/2022\/03\/MAISON-ESSENTIELLE_LOGO_facture-min.png","contentUrl":"https:\/\/maisonessentielle.com\/wp-content\/uploads\/2022\/03\/MAISON-ESSENTIELLE_LOGO_facture-min.png","width":400,"height":57,"caption":"Maison Essentielle"},"image":{"@id":"https:\/\/maisonessentielle.com\/#\/schema\/logo\/image\/"},"sameAs":["https:\/\/www.facebook.com\/profile.php?id=61574309661771","https:\/\/www.instagram.com\/maison_essentielle_\/"]}]}},"_links":{"self":[{"href":"https:\/\/maisonessentielle.com\/wp-json\/wp\/v2\/product\/61874","targetHints":{"allow":["GET"]}}],"collection":[{"href":"https:\/\/maisonessentielle.com\/wp-json\/wp\/v2\/product"}],"about":[{"href":"https:\/\/maisonessentielle.com\/wp-json\/wp\/v2\/types\/product"}],"replies":[{"embeddable":true,"href":"https:\/\/maisonessentielle.com\/wp-json\/wp\/v2\/comments?post=61874"}],"version-history":[{"count":2,"href":"https:\/\/maisonessentielle.com\/wp-json\/wp\/v2\/product\/61874\/revisions"}],"predecessor-version":[{"id":61970,"href":"https:\/\/maisonessentielle.com\/wp-json\/wp\/v2\/product\/61874\/revisions\/61970"}],"wp:featuredmedia":[{"embeddable":true,"href":"https:\/\/maisonessentielle.com\/wp-json\/wp\/v2\/media\/61678"}],"wp:attachment":[{"href":"https:\/\/maisonessentielle.com\/wp-json\/wp\/v2\/media?parent=61874"}],"wp:term":[{"taxonomy":"product_brand","embeddable":true,"href":"https:\/\/maisonessentielle.com\/wp-json\/wp\/v2\/product_brand?post=61874"},{"taxonomy":"product_cat","embeddable":true,"href":"https:\/\/maisonessentielle.com\/wp-json\/wp\/v2\/product_cat?post=61874"},{"taxonomy":"product_tag","embeddable":true,"href":"https:\/\/maisonessentielle.com\/wp-json\/wp\/v2\/product_tag?post=61874"}],"curies":[{"name":"wp","href":"https:\/\/api.w.org\/{rel}","templated":true}]}}