{"id":61773,"date":"2026-03-29T10:00:50","date_gmt":"2026-03-29T08:00:50","guid":{"rendered":"https:\/\/maisonessentielle.com\/?post_type=product&#038;p=61773"},"modified":"2026-03-26T09:48:58","modified_gmt":"2026-03-26T08:48:58","slug":"kit-a-coudre-la-robe-allure-en-coton-fines-rayures-beige-ecru","status":"publish","type":"product","link":"https:\/\/maisonessentielle.com\/produit\/kit-a-coudre-la-robe-allure-en-coton-fines-rayures-beige-ecru\/","title":{"rendered":"KIT \u00c0 COUDRE &#8211; La robe Allure en coton fines rayures beige &#038; \u00e9cru"},"content":{"rendered":"<div>\n<h2><strong>Coudre facilement la robe Allure avec notre tuto couture et vid\u00e9o<\/strong><\/h2>\n<\/div>\n<p><iframe title=\"YouTube video player\" src=\"https:\/\/www.youtube.com\/embed\/dOBgU1t1mwY?si=IyGIvf38PjYaWxsT\" width=\"560\" height=\"315\" frameborder=\"0\" allowfullscreen=\"allowfullscreen\"><\/iframe><\/p>\n<h2><strong>Choisissez votre taille en vous r\u00e9f\u00e9rant \u00e0 ce tableau de mensurations (mesures en cm \u2013 stature 1,65m)<\/strong><\/h2>\n<table>\n<tbody>\n<tr>\n<td><b>Taille<\/b><\/td>\n<td><b>XS<\/b><\/td>\n<td><b>S<\/b><\/td>\n<td><b>M<\/b><\/td>\n<td><b>L<\/b><\/td>\n<td><b>XL<\/b><\/td>\n<\/tr>\n<tr>\n<td><b>Tour de poitrine<\/b><\/td>\n<td><span style=\"font-weight: 400;\">78-82<\/span><\/td>\n<td><span style=\"font-weight: 400;\">82-86<\/span><\/td>\n<td><span style=\"font-weight: 400;\">86-94<\/span><\/td>\n<td><span style=\"font-weight: 400;\">94-102<\/span><\/td>\n<td><span style=\"font-weight: 400;\">102-110<\/span><\/td>\n<\/tr>\n<tr>\n<td><b>Tour de taille<\/b><\/td>\n<td><span style=\"font-weight: 400;\">64-68<\/span><\/td>\n<td><span style=\"font-weight: 400;\">68-72<\/span><\/td>\n<td><span style=\"font-weight: 400;\">72-80<\/span><\/td>\n<td><span style=\"font-weight: 400;\">80-88<\/span><\/td>\n<td><span style=\"font-weight: 400;\">88-96<\/span><\/td>\n<\/tr>\n<tr>\n<td><b>Tour de hanches<\/b><\/td>\n<td><span style=\"font-weight: 400;\">84-88<\/span><\/td>\n<td><span style=\"font-weight: 400;\">88-92<\/span><\/td>\n<td><span style=\"font-weight: 400;\">92-100<\/span><\/td>\n<td><span style=\"font-weight: 400;\">100-108<\/span><\/td>\n<td><span style=\"font-weight: 400;\">108-116<\/span><\/td>\n<\/tr>\n<\/tbody>\n<\/table>\n<p style=\"text-align: center;\"><strong>Partagez-nous votre r\u00e9alisation sur les r\u00e9seaux sociaux #larobeallure @maison_essentielle_<\/strong><\/p>\n","protected":false},"excerpt":{"rendered":"<p>&nbsp;<\/p>\n<h2>Une robe longue avec empi\u00e8cement \u00e9paules et col officier en coton ray\u00e9<\/h2>\n<p><strong>La robe Allure est un patron de couture pour coudre une pi\u00e8ce intemporelle et \u00e9l\u00e9gante, con\u00e7ue pour \u00eatre port\u00e9e en toutes saisons. Allure est une robe manches longues dot\u00e9e de jolis d\u00e9tails qui lui donnent beaucoup de caract\u00e8re : un col officier, un empi\u00e8cement \u00e9paules, des poignets boutonn\u00e9s et un bas arrondi. Sa coupe fluide est tr\u00e8s confortable et s\u2019adapte facilement \u00e0 diff\u00e9rents styles et occasions.\u00a0<\/strong><\/p>\n<ul>\n<li><strong>Niveau de couture interm\u00e9diaire. <\/strong>Ce patron est id\u00e9al pour <b>d\u00e9velopper vos comp\u00e9tences<\/b>, notamment gr\u00e2ce au montage des empi\u00e8cements \u00e9paules, \u00e0 la r\u00e9alisation des fronces, du col et des poignets.<\/li>\n<li><strong>Temps de r\u00e9alisation :<\/strong> 2h30 \u00e0 3h30<\/li>\n<li><strong>NB : Pour coudre la robe Allure, il suffit de prolonger la longueur de la blouse Allure de 53cm<\/strong><\/li>\n<\/ul>\n<p>&nbsp;<\/p>\n<h2>Tissu : un coton avec de fines rayures beige &amp; \u00e9cru, souple &amp; doux<\/h2>\n<p><strong>Mati\u00e8re du tissu : <\/strong>tr\u00e8s beau coton avec de fines rayures beige &amp; \u00e9cru, 100% coton<\/p>\n<p><strong>Format du coupon de tissu :<\/strong> 2.8m &#8211; permettant de coudre <a href=\"https:\/\/maisonessentielle.com\/index.php\/produit\/patron-la-blouse-allure\"><strong>la robe longue Allure manches longues<\/strong><\/a> jusqu&rsquo;\u00e0 la taille XL<\/p>\n<p><strong>Qualit\u00e9 du tissu : <\/strong>coton doux et l\u00e9ger \u00e0 porter pour les beaux jours<\/p>\n<p><strong>Laize<\/strong> <strong>du tissu<\/strong> : 143cm &#8211;\u00a0 <strong>Poids<\/strong> <strong>du tissu :<\/strong> 112g\/m\u00b2<\/p>\n<p><strong>Conseils d&rsquo;entretien pour ce tissu : <\/strong><strong>Pas de retrait<\/strong> au 1er lavage &#8211; <strong>Lavage<\/strong> en machine \u00e0 30\u00b0 &#8211; <strong>Pas de s\u00e8che-linge &#8211; Repassage : <\/strong>doux<\/p>\n<p>&nbsp;<\/p>\n<h2>Conseil taille pour coudre la robe Allure<\/h2>\n<p>Choisissez votre taille en vous r\u00e9f\u00e9rant au tableau de mensurations en bas de page et trouvez la taille id\u00e9ale en consultant <strong><a href=\"https:\/\/maisonessentielle.com\/index.php\/guide-des-tailles\/\">notre guide des tailles<\/a><\/strong>. Val\u00e9rie <em>(1,65m \/ 86-72-90) <\/em><em>\u00a0<\/em><em>porte la taille\u00a0 S.<\/em><\/p>\n<p>&nbsp;<\/p>\n<h3><strong>Retrouvez la vid\u00e9o de montage de la robe Allure en bas de cette page.<\/strong><\/h3>\n<p>&nbsp;<\/p>\n","protected":false},"featured_media":61658,"comment_status":"open","ping_status":"closed","template":"","meta":{"_acf_changed":false,"site-sidebar-layout":"default","site-content-layout":"default","ast-site-content-layout":"default","site-content-style":"default","site-sidebar-style":"default","ast-global-header-display":"","ast-banner-title-visibility":"","ast-main-header-display":"","ast-hfb-above-header-display":"","ast-hfb-below-header-display":"","ast-hfb-mobile-header-display":"","site-post-title":"","ast-breadcrumbs-content":"","ast-featured-img":"","footer-sml-layout":"","ast-disable-related-posts":"","theme-transparent-header-meta":"default","adv-header-id-meta":"","stick-header-meta":"default","header-above-stick-meta":"","header-main-stick-meta":"","header-below-stick-meta":"","astra-migrate-meta-layouts":"set","ast-page-background-enabled":"default","ast-page-background-meta":{"desktop":{"background-color":"","background-image":"","background-repeat":"repeat","background-position":"center center","background-size":"auto","background-attachment":"scroll","background-type":"","background-media":"","overlay-type":"","overlay-color":"","overlay-opacity":"","overlay-gradient":""},"tablet":{"background-color":"","background-image":"","background-repeat":"repeat","background-position":"center center","background-size":"auto","background-attachment":"scroll","background-type":"","background-media":"","overlay-type":"","overlay-color":"","overlay-opacity":"","overlay-gradient":""},"mobile":{"background-color":"","background-image":"","background-repeat":"repeat","background-position":"center center","background-size":"auto","background-attachment":"scroll","background-type":"","background-media":"","overlay-type":"","overlay-color":"","overlay-opacity":"","overlay-gradient":""}},"ast-content-background-meta":{"desktop":{"background-color":"var(--ast-global-color-5)","background-image":"","background-repeat":"repeat","background-position":"center center","background-size":"auto","background-attachment":"scroll","background-type":"","background-media":"","overlay-type":"","overlay-color":"","overlay-opacity":"","overlay-gradient":""},"tablet":{"background-color":"var(--ast-global-color-5)","background-image":"","background-repeat":"repeat","background-position":"center center","background-size":"auto","background-attachment":"scroll","background-type":"","background-media":"","overlay-type":"","overlay-color":"","overlay-opacity":"","overlay-gradient":""},"mobile":{"background-color":"var(--ast-global-color-5)","background-image":"","background-repeat":"repeat","background-position":"center center","background-size":"auto","background-attachment":"scroll","background-type":"","background-media":"","overlay-type":"","overlay-color":"","overlay-opacity":"","overlay-gradient":""}}},"product_brand":[],"product_cat":[168,214],"product_tag":[],"class_list":{"0":"post-61773","1":"product","2":"type-product","3":"status-publish","4":"has-post-thumbnail","6":"product_cat-kit-de-couture-adulte","7":"product_cat-vestiaire-a-coudre","8":"desktop-align-center","9":"tablet-align-center","10":"mobile-align-center","11":"ast-product-gallery-layout-horizontal","12":"ast-magnify-disabled","13":"ast-product-tabs-layout-horizontal","15":"first","16":"instock","17":"taxable","18":"purchasable","19":"product-type-woosb"},"acf":[],"yoast_head":"<!-- This site is optimized with the Yoast SEO plugin v27.3 - https:\/\/yoast.com\/product\/yoast-seo-wordpress\/ -->\n<title>Robe manches longues avec empi\u00e8cement \u00e9paules en coton ray\u00e9 beige<\/title>\n<meta name=\"description\" content=\"Une robe manches longues avec empi\u00e8cement \u00e9paules et fronces, en coton fines rayures beige &amp; \u00e9cru, cousue avec le patron de la blouse Allure\" \/>\n<meta name=\"robots\" content=\"index, follow, max-snippet:-1, max-image-preview:large, max-video-preview:-1\" \/>\n<link rel=\"canonical\" href=\"https:\/\/maisonessentielle.com\/produit\/kit-a-coudre-la-robe-allure-en-coton-fines-rayures-beige-ecru\/\" \/>\n<meta property=\"og:locale\" content=\"fr_FR\" \/>\n<meta property=\"og:type\" content=\"article\" \/>\n<meta property=\"og:title\" content=\"Robe manches longues avec empi\u00e8cement \u00e9paules en coton ray\u00e9 beige\" \/>\n<meta property=\"og:description\" content=\"Une robe manches longues avec empi\u00e8cement \u00e9paules et fronces, en coton fines rayures beige &amp; \u00e9cru, cousue avec le patron de la blouse Allure\" \/>\n<meta property=\"og:url\" content=\"https:\/\/maisonessentielle.com\/produit\/kit-a-coudre-la-robe-allure-en-coton-fines-rayures-beige-ecru\/\" \/>\n<meta property=\"og:site_name\" content=\"Maison Essentielle\" \/>\n<meta property=\"article:publisher\" content=\"https:\/\/www.facebook.com\/profile.php?id=61574309661771\" \/>\n<meta property=\"og:image\" content=\"https:\/\/maisonessentielle.com\/wp-content\/uploads\/2026\/03\/robe-allure-en-coton-raye-beige-maison-essentielle-4.jpg\" \/>\n\t<meta property=\"og:image:width\" content=\"1417\" \/>\n\t<meta property=\"og:image:height\" content=\"1890\" \/>\n\t<meta property=\"og:image:type\" content=\"image\/jpeg\" \/>\n<meta name=\"twitter:card\" content=\"summary_large_image\" \/>\n<meta name=\"twitter:label1\" content=\"Dur\u00e9e de lecture estim\u00e9e\" \/>\n\t<meta name=\"twitter:data1\" content=\"1 minute\" \/>\n<script type=\"application\/ld+json\" class=\"yoast-schema-graph\">{\"@context\":\"https:\\\/\\\/schema.org\",\"@graph\":[{\"@type\":\"WebPage\",\"@id\":\"https:\\\/\\\/maisonessentielle.com\\\/produit\\\/kit-a-coudre-la-robe-allure-en-coton-fines-rayures-beige-ecru\\\/\",\"url\":\"https:\\\/\\\/maisonessentielle.com\\\/produit\\\/kit-a-coudre-la-robe-allure-en-coton-fines-rayures-beige-ecru\\\/\",\"name\":\"Robe manches longues avec empi\u00e8cement \u00e9paules en coton ray\u00e9 beige\",\"isPartOf\":{\"@id\":\"https:\\\/\\\/maisonessentielle.com\\\/#website\"},\"primaryImageOfPage\":{\"@id\":\"https:\\\/\\\/maisonessentielle.com\\\/produit\\\/kit-a-coudre-la-robe-allure-en-coton-fines-rayures-beige-ecru\\\/#primaryimage\"},\"image\":{\"@id\":\"https:\\\/\\\/maisonessentielle.com\\\/produit\\\/kit-a-coudre-la-robe-allure-en-coton-fines-rayures-beige-ecru\\\/#primaryimage\"},\"thumbnailUrl\":\"https:\\\/\\\/maisonessentielle.com\\\/wp-content\\\/uploads\\\/2026\\\/03\\\/robe-allure-en-coton-raye-beige-maison-essentielle-4.jpg\",\"datePublished\":\"2026-03-29T08:00:50+00:00\",\"description\":\"Une robe manches longues avec empi\u00e8cement \u00e9paules et fronces, en coton fines rayures beige & \u00e9cru, cousue avec le patron de la blouse Allure\",\"breadcrumb\":{\"@id\":\"https:\\\/\\\/maisonessentielle.com\\\/produit\\\/kit-a-coudre-la-robe-allure-en-coton-fines-rayures-beige-ecru\\\/#breadcrumb\"},\"inLanguage\":\"fr-FR\",\"potentialAction\":[{\"@type\":\"ReadAction\",\"target\":[\"https:\\\/\\\/maisonessentielle.com\\\/produit\\\/kit-a-coudre-la-robe-allure-en-coton-fines-rayures-beige-ecru\\\/\"]}]},{\"@type\":\"ImageObject\",\"inLanguage\":\"fr-FR\",\"@id\":\"https:\\\/\\\/maisonessentielle.com\\\/produit\\\/kit-a-coudre-la-robe-allure-en-coton-fines-rayures-beige-ecru\\\/#primaryimage\",\"url\":\"https:\\\/\\\/maisonessentielle.com\\\/wp-content\\\/uploads\\\/2026\\\/03\\\/robe-allure-en-coton-raye-beige-maison-essentielle-4.jpg\",\"contentUrl\":\"https:\\\/\\\/maisonessentielle.com\\\/wp-content\\\/uploads\\\/2026\\\/03\\\/robe-allure-en-coton-raye-beige-maison-essentielle-4.jpg\",\"width\":1417,\"height\":1890},{\"@type\":\"BreadcrumbList\",\"@id\":\"https:\\\/\\\/maisonessentielle.com\\\/produit\\\/kit-a-coudre-la-robe-allure-en-coton-fines-rayures-beige-ecru\\\/#breadcrumb\",\"itemListElement\":[{\"@type\":\"ListItem\",\"position\":1,\"name\":\"Accueil\",\"item\":\"https:\\\/\\\/maisonessentielle.com\\\/\"},{\"@type\":\"ListItem\",\"position\":2,\"name\":\"Produits Essentiels\",\"item\":\"https:\\\/\\\/maisonessentielle.com\\\/shop\\\/\"},{\"@type\":\"ListItem\",\"position\":3,\"name\":\"KIT \u00c0 COUDRE &#8211; La robe Allure en coton fines rayures beige &#038; \u00e9cru\"}]},{\"@type\":\"WebSite\",\"@id\":\"https:\\\/\\\/maisonessentielle.com\\\/#website\",\"url\":\"https:\\\/\\\/maisonessentielle.com\\\/\",\"name\":\"Maison Essentielle\",\"description\":\"Vestiaire essentiel \u00e0 coudre ou \u00e0 porter\",\"publisher\":{\"@id\":\"https:\\\/\\\/maisonessentielle.com\\\/#organization\"},\"potentialAction\":[{\"@type\":\"SearchAction\",\"target\":{\"@type\":\"EntryPoint\",\"urlTemplate\":\"https:\\\/\\\/maisonessentielle.com\\\/?s={search_term_string}\"},\"query-input\":{\"@type\":\"PropertyValueSpecification\",\"valueRequired\":true,\"valueName\":\"search_term_string\"}}],\"inLanguage\":\"fr-FR\"},{\"@type\":\"Organization\",\"@id\":\"https:\\\/\\\/maisonessentielle.com\\\/#organization\",\"name\":\"Maison Essentielle\",\"url\":\"https:\\\/\\\/maisonessentielle.com\\\/\",\"logo\":{\"@type\":\"ImageObject\",\"inLanguage\":\"fr-FR\",\"@id\":\"https:\\\/\\\/maisonessentielle.com\\\/#\\\/schema\\\/logo\\\/image\\\/\",\"url\":\"https:\\\/\\\/maisonessentielle.com\\\/wp-content\\\/uploads\\\/2022\\\/03\\\/MAISON-ESSENTIELLE_LOGO_facture-min.png\",\"contentUrl\":\"https:\\\/\\\/maisonessentielle.com\\\/wp-content\\\/uploads\\\/2022\\\/03\\\/MAISON-ESSENTIELLE_LOGO_facture-min.png\",\"width\":400,\"height\":57,\"caption\":\"Maison Essentielle\"},\"image\":{\"@id\":\"https:\\\/\\\/maisonessentielle.com\\\/#\\\/schema\\\/logo\\\/image\\\/\"},\"sameAs\":[\"https:\\\/\\\/www.facebook.com\\\/profile.php?id=61574309661771\",\"https:\\\/\\\/www.instagram.com\\\/maison_essentielle_\\\/\"]}]}<\/script>\n<!-- \/ Yoast SEO plugin. -->","yoast_head_json":{"title":"Robe manches longues avec empi\u00e8cement \u00e9paules en coton ray\u00e9 beige","description":"Une robe manches longues avec empi\u00e8cement \u00e9paules et fronces, en coton fines rayures beige & \u00e9cru, cousue avec le patron de la blouse Allure","robots":{"index":"index","follow":"follow","max-snippet":"max-snippet:-1","max-image-preview":"max-image-preview:large","max-video-preview":"max-video-preview:-1"},"canonical":"https:\/\/maisonessentielle.com\/produit\/kit-a-coudre-la-robe-allure-en-coton-fines-rayures-beige-ecru\/","og_locale":"fr_FR","og_type":"article","og_title":"Robe manches longues avec empi\u00e8cement \u00e9paules en coton ray\u00e9 beige","og_description":"Une robe manches longues avec empi\u00e8cement \u00e9paules et fronces, en coton fines rayures beige & \u00e9cru, cousue avec le patron de la blouse Allure","og_url":"https:\/\/maisonessentielle.com\/produit\/kit-a-coudre-la-robe-allure-en-coton-fines-rayures-beige-ecru\/","og_site_name":"Maison Essentielle","article_publisher":"https:\/\/www.facebook.com\/profile.php?id=61574309661771","og_image":[{"width":1417,"height":1890,"url":"https:\/\/maisonessentielle.com\/wp-content\/uploads\/2026\/03\/robe-allure-en-coton-raye-beige-maison-essentielle-4.jpg","type":"image\/jpeg"}],"twitter_card":"summary_large_image","twitter_misc":{"Dur\u00e9e de lecture estim\u00e9e":"1 minute"},"schema":{"@context":"https:\/\/schema.org","@graph":[{"@type":"WebPage","@id":"https:\/\/maisonessentielle.com\/produit\/kit-a-coudre-la-robe-allure-en-coton-fines-rayures-beige-ecru\/","url":"https:\/\/maisonessentielle.com\/produit\/kit-a-coudre-la-robe-allure-en-coton-fines-rayures-beige-ecru\/","name":"Robe manches longues avec empi\u00e8cement \u00e9paules en coton ray\u00e9 beige","isPartOf":{"@id":"https:\/\/maisonessentielle.com\/#website"},"primaryImageOfPage":{"@id":"https:\/\/maisonessentielle.com\/produit\/kit-a-coudre-la-robe-allure-en-coton-fines-rayures-beige-ecru\/#primaryimage"},"image":{"@id":"https:\/\/maisonessentielle.com\/produit\/kit-a-coudre-la-robe-allure-en-coton-fines-rayures-beige-ecru\/#primaryimage"},"thumbnailUrl":"https:\/\/maisonessentielle.com\/wp-content\/uploads\/2026\/03\/robe-allure-en-coton-raye-beige-maison-essentielle-4.jpg","datePublished":"2026-03-29T08:00:50+00:00","description":"Une robe manches longues avec empi\u00e8cement \u00e9paules et fronces, en coton fines rayures beige & \u00e9cru, cousue avec le patron de la blouse Allure","breadcrumb":{"@id":"https:\/\/maisonessentielle.com\/produit\/kit-a-coudre-la-robe-allure-en-coton-fines-rayures-beige-ecru\/#breadcrumb"},"inLanguage":"fr-FR","potentialAction":[{"@type":"ReadAction","target":["https:\/\/maisonessentielle.com\/produit\/kit-a-coudre-la-robe-allure-en-coton-fines-rayures-beige-ecru\/"]}]},{"@type":"ImageObject","inLanguage":"fr-FR","@id":"https:\/\/maisonessentielle.com\/produit\/kit-a-coudre-la-robe-allure-en-coton-fines-rayures-beige-ecru\/#primaryimage","url":"https:\/\/maisonessentielle.com\/wp-content\/uploads\/2026\/03\/robe-allure-en-coton-raye-beige-maison-essentielle-4.jpg","contentUrl":"https:\/\/maisonessentielle.com\/wp-content\/uploads\/2026\/03\/robe-allure-en-coton-raye-beige-maison-essentielle-4.jpg","width":1417,"height":1890},{"@type":"BreadcrumbList","@id":"https:\/\/maisonessentielle.com\/produit\/kit-a-coudre-la-robe-allure-en-coton-fines-rayures-beige-ecru\/#breadcrumb","itemListElement":[{"@type":"ListItem","position":1,"name":"Accueil","item":"https:\/\/maisonessentielle.com\/"},{"@type":"ListItem","position":2,"name":"Produits Essentiels","item":"https:\/\/maisonessentielle.com\/shop\/"},{"@type":"ListItem","position":3,"name":"KIT \u00c0 COUDRE &#8211; La robe Allure en coton fines rayures beige &#038; \u00e9cru"}]},{"@type":"WebSite","@id":"https:\/\/maisonessentielle.com\/#website","url":"https:\/\/maisonessentielle.com\/","name":"Maison Essentielle","description":"Vestiaire essentiel \u00e0 coudre ou \u00e0 porter","publisher":{"@id":"https:\/\/maisonessentielle.com\/#organization"},"potentialAction":[{"@type":"SearchAction","target":{"@type":"EntryPoint","urlTemplate":"https:\/\/maisonessentielle.com\/?s={search_term_string}"},"query-input":{"@type":"PropertyValueSpecification","valueRequired":true,"valueName":"search_term_string"}}],"inLanguage":"fr-FR"},{"@type":"Organization","@id":"https:\/\/maisonessentielle.com\/#organization","name":"Maison Essentielle","url":"https:\/\/maisonessentielle.com\/","logo":{"@type":"ImageObject","inLanguage":"fr-FR","@id":"https:\/\/maisonessentielle.com\/#\/schema\/logo\/image\/","url":"https:\/\/maisonessentielle.com\/wp-content\/uploads\/2022\/03\/MAISON-ESSENTIELLE_LOGO_facture-min.png","contentUrl":"https:\/\/maisonessentielle.com\/wp-content\/uploads\/2022\/03\/MAISON-ESSENTIELLE_LOGO_facture-min.png","width":400,"height":57,"caption":"Maison Essentielle"},"image":{"@id":"https:\/\/maisonessentielle.com\/#\/schema\/logo\/image\/"},"sameAs":["https:\/\/www.facebook.com\/profile.php?id=61574309661771","https:\/\/www.instagram.com\/maison_essentielle_\/"]}]}},"_links":{"self":[{"href":"https:\/\/maisonessentielle.com\/wp-json\/wp\/v2\/product\/61773","targetHints":{"allow":["GET"]}}],"collection":[{"href":"https:\/\/maisonessentielle.com\/wp-json\/wp\/v2\/product"}],"about":[{"href":"https:\/\/maisonessentielle.com\/wp-json\/wp\/v2\/types\/product"}],"replies":[{"embeddable":true,"href":"https:\/\/maisonessentielle.com\/wp-json\/wp\/v2\/comments?post=61773"}],"version-history":[{"count":2,"href":"https:\/\/maisonessentielle.com\/wp-json\/wp\/v2\/product\/61773\/revisions"}],"predecessor-version":[{"id":61775,"href":"https:\/\/maisonessentielle.com\/wp-json\/wp\/v2\/product\/61773\/revisions\/61775"}],"wp:featuredmedia":[{"embeddable":true,"href":"https:\/\/maisonessentielle.com\/wp-json\/wp\/v2\/media\/61658"}],"wp:attachment":[{"href":"https:\/\/maisonessentielle.com\/wp-json\/wp\/v2\/media?parent=61773"}],"wp:term":[{"taxonomy":"product_brand","embeddable":true,"href":"https:\/\/maisonessentielle.com\/wp-json\/wp\/v2\/product_brand?post=61773"},{"taxonomy":"product_cat","embeddable":true,"href":"https:\/\/maisonessentielle.com\/wp-json\/wp\/v2\/product_cat?post=61773"},{"taxonomy":"product_tag","embeddable":true,"href":"https:\/\/maisonessentielle.com\/wp-json\/wp\/v2\/product_tag?post=61773"}],"curies":[{"name":"wp","href":"https:\/\/api.w.org\/{rel}","templated":true}]}}