{"id":61481,"date":"2026-03-29T10:00:40","date_gmt":"2026-03-29T08:00:40","guid":{"rendered":"https:\/\/maisonessentielle.com\/?post_type=product&#038;p=61481"},"modified":"2026-04-07T13:41:59","modified_gmt":"2026-04-07T11:41:59","slug":"kit-a-coudre-la-parka-escapade-en-toile-parachute-vert-sauge","status":"publish","type":"product","link":"https:\/\/maisonessentielle.com\/produit\/kit-a-coudre-la-parka-escapade-en-toile-parachute-vert-sauge\/","title":{"rendered":"KIT \u00c0 COUDRE- la parka Escapade en toile parachute vert sauge"},"content":{"rendered":"<h2>Coudre facilement la parka Escapade <a href=\"https:\/\/maisonessentielle.com\/index.php\/accueil\/videos-de-montage\/\">avec notre tuto couture et vid\u00e9o de montage<\/a><\/h2>\n<p><iframe title=\"YouTube video player\" src=\"https:\/\/www.youtube.com\/embed\/B0WY6i_q_QE?si=fWgP3IYikoqfo3nK\" width=\"560\" height=\"315\" frameborder=\"0\" allowfullscreen=\"allowfullscreen\"><\/iframe><\/p>\n<h3><strong>Choisissez votre taille en vous r\u00e9f\u00e9rant \u00e0 ce tableau de mensurations (mesures en cm \u2013 stature 1,65m)<\/strong><\/h3>\n<table>\n<tbody>\n<tr>\n<td><b>Taille<\/b><\/td>\n<td><b>XS<\/b><\/td>\n<td><b>S<\/b><\/td>\n<td><b>M<\/b><\/td>\n<td><b>L<\/b><\/td>\n<td><b>XL<\/b><\/td>\n<\/tr>\n<tr>\n<td><b>Tour de poitrine<\/b><\/td>\n<td><span style=\"font-weight: 400;\">78-82<\/span><\/td>\n<td><span style=\"font-weight: 400;\">82-86<\/span><\/td>\n<td><span style=\"font-weight: 400;\">86-94<\/span><\/td>\n<td><span style=\"font-weight: 400;\">94-102<\/span><\/td>\n<td><span style=\"font-weight: 400;\">102-110<\/span><\/td>\n<\/tr>\n<tr>\n<td><b>Tour de taille<\/b><\/td>\n<td><span style=\"font-weight: 400;\">64-68<\/span><\/td>\n<td><span style=\"font-weight: 400;\">68-72<\/span><\/td>\n<td><span style=\"font-weight: 400;\">72-80<\/span><\/td>\n<td><span style=\"font-weight: 400;\">80-88<\/span><\/td>\n<td><span style=\"font-weight: 400;\">88-96<\/span><\/td>\n<\/tr>\n<tr>\n<td><b>Tour de hanche<\/b><\/td>\n<td><span style=\"font-weight: 400;\">84-88<\/span><\/td>\n<td><span style=\"font-weight: 400;\">88-92<\/span><\/td>\n<td><span style=\"font-weight: 400;\">92-100<\/span><\/td>\n<td><span style=\"font-weight: 400;\">100-108<\/span><\/td>\n<td><span style=\"font-weight: 400;\">108-116<\/span><\/td>\n<\/tr>\n<\/tbody>\n<\/table>\n<p style=\"text-align: center;\"><strong>Partagez-nous votre r\u00e9alisation sur les r\u00e9seaux sociaux #laparkaescapade @maison_essentielle_<\/strong><\/p>\n","protected":false},"excerpt":{"rendered":"<h2><\/h2>\n<h2>Une parka facile \u00e0 coudre en toile parachute l\u00e9g\u00e8re &amp; r\u00e9sistante vert sauge<\/h2>\n<p><strong>La parka Escapade est un patron de couture niveau facile\/interm\u00e9diaire pour coudre<\/strong> <strong>la veste parfaite pour vous suivre partout.<\/strong> <strong>Avec sa coupe moderne et flatteuse, elle tombe impeccablement et s\u2019adapte \u00e0 toutes les silhouettes<\/strong>. <strong>Disponible en version courte ou longue, doubl\u00e9e ou non, elle mixe style et praticit\u00e9 : capuche avec lien de serrage, poches plaqu\u00e9es avec revers, poignets \u00e9lastiqu\u00e9s. Une pi\u00e8ce facile \u00e0 porter, pens\u00e9e pour devenir un vrai indispensable du quotidien.<\/strong><\/p>\n<p>C\u00f4t\u00e9 couture, c\u2019est un projet accessible et motivant. Vous apprendrez \u00e0 <strong>coudre une capuche doubl\u00e9e avec lien de serrage, \u00e0 choisir votre finition d\u2019encolure (biais ou enforme) et \u00e0 r\u00e9aliser des poches plaqu\u00e9es ou poches prises en couture<\/strong>. Un mod\u00e8le modulable, parfait pour progresser tout en se faisant plaisir.<\/p>\n<ul>\n<li><strong>Niveau de couture facile\/interm\u00e9diaire<\/strong><\/li>\n<li><strong>Temps de r\u00e9alisation :<\/strong> 2h30 \u00e0 3h30<\/li>\n<\/ul>\n<p>&nbsp;<\/p>\n<h2>Tissu : une toile parachute l\u00e9g\u00e8re<\/h2>\n<p><strong>Mati\u00e8re du tissu : <\/strong>belle toile parachute vert sauge \u00e0 l&rsquo;aspect l\u00e9g\u00e8rement gaufr\u00e9, l\u00e9g\u00e8re et coupe-vent et r\u00e9sistante aux d\u00e9chirures et s\u00e9chant rapidement<strong>. 86% coton\/14% polyamide.<\/strong><\/p>\n<p><strong>Format du coupon de tissu :<\/strong> 3m &#8211; permettant de coudre <strong>la parka Escapade longue<\/strong> jusqu&rsquo;\u00e0 la taille XL (le m\u00e9trage permet de r\u00e9aliser la version courte qui consomme moins de tissu).<\/p>\n<p><strong>Qualit\u00e9 du tissu : <\/strong>toile parachute ultra l\u00e9g\u00e8re, id\u00e9ale pour r\u00e9aliser une parka coupe-vent pour la mi-saison, une fois pli\u00e9 le tissu prend tr\u00e8s peu de place.<\/p>\n<p><strong>Laize<\/strong> <strong>du tissu<\/strong> : 146cm &#8211;\u00a0 <strong>Poids<\/strong> <strong>du tissu :<\/strong> 15g\/m\u00b2<\/p>\n<p><strong>Retrait : <\/strong>2.6% au 1er lavage, pressing ou machine \u00e0 30\u00b0 <strong>Pas de s\u00e8che-linge &#8211; Repassage : <\/strong>doux<\/p>\n<p><strong>NB : <\/strong><span style=\"font-weight: 400;\"><strong>il est possible d&rsquo;imperm\u00e9abiliser<\/strong> le tissu une fois la parka cousue avec une bombe d&rsquo;imperm\u00e9abilisant, Pr\u00e9f\u00e9rez les imperm\u00e9abilisants <b>sans fluor (PFAS-free)<\/b>, Formul\u00e9 sans substances persistantes ni toxiques, pour une protection plus respectueuse de la sant\u00e9 et de l\u2019environnement.\u00a0<\/span><\/p>\n<p>&nbsp;<\/p>\n<h2>Conseil taille pour coudre la parka Escapade<\/h2>\n<p>Choisissez votre taille en vous r\u00e9f\u00e9rant au tableau de mensurations en bas de page. R\u00e9f\u00e9rez-vous \u00e0 <a href=\"https:\/\/maisonessentielle.com\/index.php\/guide-des-tailles\/\"><strong>notre guide des tailles<\/strong><\/a> pour s\u00e9lectionner la bonne taille. La parka Escapade taille normalement et se porte ample<em><b>, <\/b>Val\u00e9rie porte la taille M.<\/em><\/p>\n<p>&nbsp;<\/p>\n<h3><strong>Retrouvez la vid\u00e9o de montage de la parka Escapade en bas de cette page.<\/strong><\/h3>\n","protected":false},"featured_media":61648,"comment_status":"open","ping_status":"closed","template":"","meta":{"_acf_changed":false,"site-sidebar-layout":"default","site-content-layout":"default","ast-site-content-layout":"default","site-content-style":"default","site-sidebar-style":"default","ast-global-header-display":"","ast-banner-title-visibility":"","ast-main-header-display":"","ast-hfb-above-header-display":"","ast-hfb-below-header-display":"","ast-hfb-mobile-header-display":"","site-post-title":"","ast-breadcrumbs-content":"","ast-featured-img":"","footer-sml-layout":"","ast-disable-related-posts":"","theme-transparent-header-meta":"default","adv-header-id-meta":"","stick-header-meta":"default","header-above-stick-meta":"","header-main-stick-meta":"","header-below-stick-meta":"","astra-migrate-meta-layouts":"set","ast-page-background-enabled":"default","ast-page-background-meta":{"desktop":{"background-color":"","background-image":"","background-repeat":"repeat","background-position":"center center","background-size":"auto","background-attachment":"scroll","background-type":"","background-media":"","overlay-type":"","overlay-color":"","overlay-opacity":"","overlay-gradient":""},"tablet":{"background-color":"","background-image":"","background-repeat":"repeat","background-position":"center center","background-size":"auto","background-attachment":"scroll","background-type":"","background-media":"","overlay-type":"","overlay-color":"","overlay-opacity":"","overlay-gradient":""},"mobile":{"background-color":"","background-image":"","background-repeat":"repeat","background-position":"center center","background-size":"auto","background-attachment":"scroll","background-type":"","background-media":"","overlay-type":"","overlay-color":"","overlay-opacity":"","overlay-gradient":""}},"ast-content-background-meta":{"desktop":{"background-color":"var(--ast-global-color-5)","background-image":"","background-repeat":"repeat","background-position":"center center","background-size":"auto","background-attachment":"scroll","background-type":"","background-media":"","overlay-type":"","overlay-color":"","overlay-opacity":"","overlay-gradient":""},"tablet":{"background-color":"var(--ast-global-color-5)","background-image":"","background-repeat":"repeat","background-position":"center center","background-size":"auto","background-attachment":"scroll","background-type":"","background-media":"","overlay-type":"","overlay-color":"","overlay-opacity":"","overlay-gradient":""},"mobile":{"background-color":"var(--ast-global-color-5)","background-image":"","background-repeat":"repeat","background-position":"center center","background-size":"auto","background-attachment":"scroll","background-type":"","background-media":"","overlay-type":"","overlay-color":"","overlay-opacity":"","overlay-gradient":""}}},"product_brand":[],"product_cat":[168,214],"product_tag":[],"class_list":{"0":"post-61481","1":"product","2":"type-product","3":"status-publish","4":"has-post-thumbnail","6":"product_cat-kit-de-couture-adulte","7":"product_cat-vestiaire-a-coudre","8":"desktop-align-center","9":"tablet-align-center","10":"mobile-align-center","11":"ast-product-gallery-layout-horizontal","12":"ast-magnify-disabled","13":"ast-product-tabs-layout-horizontal","15":"first","16":"instock","17":"taxable","18":"purchasable","19":"product-type-woosb"},"acf":[],"yoast_head":"<!-- This site is optimized with the Yoast SEO plugin v27.3 - https:\/\/yoast.com\/product\/yoast-seo-wordpress\/ -->\n<title>Parka Escapade facile \u00e0 coudre en toile parachute vert sauge<\/title>\n<meta name=\"description\" content=\"Une parka coupe vent mi-saison avec capuche, en version longue ou courte, cousue avec le patron de la parka Escapade\" \/>\n<meta name=\"robots\" content=\"index, follow, max-snippet:-1, max-image-preview:large, max-video-preview:-1\" \/>\n<link rel=\"canonical\" href=\"https:\/\/maisonessentielle.com\/produit\/kit-a-coudre-la-parka-escapade-en-toile-parachute-vert-sauge\/\" \/>\n<meta property=\"og:locale\" content=\"fr_FR\" \/>\n<meta property=\"og:type\" content=\"article\" \/>\n<meta property=\"og:title\" content=\"Parka Escapade facile \u00e0 coudre en toile parachute vert sauge\" \/>\n<meta property=\"og:description\" content=\"Une parka coupe vent mi-saison avec capuche, en version longue ou courte, cousue avec le patron de la parka Escapade\" \/>\n<meta property=\"og:url\" content=\"https:\/\/maisonessentielle.com\/produit\/kit-a-coudre-la-parka-escapade-en-toile-parachute-vert-sauge\/\" \/>\n<meta property=\"og:site_name\" content=\"Maison Essentielle\" \/>\n<meta property=\"article:publisher\" content=\"https:\/\/www.facebook.com\/profile.php?id=61574309661771\" \/>\n<meta property=\"article:modified_time\" content=\"2026-04-07T11:41:59+00:00\" \/>\n<meta property=\"og:image\" content=\"https:\/\/maisonessentielle.com\/wp-content\/uploads\/2026\/03\/parka-escapade-longue-vert-sauge-maison-essentielle-1.jpg\" \/>\n\t<meta property=\"og:image:width\" content=\"1417\" \/>\n\t<meta property=\"og:image:height\" content=\"1890\" \/>\n\t<meta property=\"og:image:type\" content=\"image\/jpeg\" \/>\n<meta name=\"twitter:card\" content=\"summary_large_image\" \/>\n<meta name=\"twitter:label1\" content=\"Dur\u00e9e de lecture estim\u00e9e\" \/>\n\t<meta name=\"twitter:data1\" content=\"1 minute\" \/>\n<script type=\"application\/ld+json\" class=\"yoast-schema-graph\">{\"@context\":\"https:\\\/\\\/schema.org\",\"@graph\":[{\"@type\":\"WebPage\",\"@id\":\"https:\\\/\\\/maisonessentielle.com\\\/produit\\\/kit-a-coudre-la-parka-escapade-en-toile-parachute-vert-sauge\\\/\",\"url\":\"https:\\\/\\\/maisonessentielle.com\\\/produit\\\/kit-a-coudre-la-parka-escapade-en-toile-parachute-vert-sauge\\\/\",\"name\":\"Parka Escapade facile \u00e0 coudre en toile parachute vert sauge\",\"isPartOf\":{\"@id\":\"https:\\\/\\\/maisonessentielle.com\\\/#website\"},\"primaryImageOfPage\":{\"@id\":\"https:\\\/\\\/maisonessentielle.com\\\/produit\\\/kit-a-coudre-la-parka-escapade-en-toile-parachute-vert-sauge\\\/#primaryimage\"},\"image\":{\"@id\":\"https:\\\/\\\/maisonessentielle.com\\\/produit\\\/kit-a-coudre-la-parka-escapade-en-toile-parachute-vert-sauge\\\/#primaryimage\"},\"thumbnailUrl\":\"https:\\\/\\\/maisonessentielle.com\\\/wp-content\\\/uploads\\\/2026\\\/03\\\/parka-escapade-longue-vert-sauge-maison-essentielle-1.jpg\",\"datePublished\":\"2026-03-29T08:00:40+00:00\",\"dateModified\":\"2026-04-07T11:41:59+00:00\",\"description\":\"Une parka coupe vent mi-saison avec capuche, en version longue ou courte, cousue avec le patron de la parka Escapade\",\"breadcrumb\":{\"@id\":\"https:\\\/\\\/maisonessentielle.com\\\/produit\\\/kit-a-coudre-la-parka-escapade-en-toile-parachute-vert-sauge\\\/#breadcrumb\"},\"inLanguage\":\"fr-FR\",\"potentialAction\":[{\"@type\":\"ReadAction\",\"target\":[\"https:\\\/\\\/maisonessentielle.com\\\/produit\\\/kit-a-coudre-la-parka-escapade-en-toile-parachute-vert-sauge\\\/\"]}]},{\"@type\":\"ImageObject\",\"inLanguage\":\"fr-FR\",\"@id\":\"https:\\\/\\\/maisonessentielle.com\\\/produit\\\/kit-a-coudre-la-parka-escapade-en-toile-parachute-vert-sauge\\\/#primaryimage\",\"url\":\"https:\\\/\\\/maisonessentielle.com\\\/wp-content\\\/uploads\\\/2026\\\/03\\\/parka-escapade-longue-vert-sauge-maison-essentielle-1.jpg\",\"contentUrl\":\"https:\\\/\\\/maisonessentielle.com\\\/wp-content\\\/uploads\\\/2026\\\/03\\\/parka-escapade-longue-vert-sauge-maison-essentielle-1.jpg\",\"width\":1417,\"height\":1890},{\"@type\":\"BreadcrumbList\",\"@id\":\"https:\\\/\\\/maisonessentielle.com\\\/produit\\\/kit-a-coudre-la-parka-escapade-en-toile-parachute-vert-sauge\\\/#breadcrumb\",\"itemListElement\":[{\"@type\":\"ListItem\",\"position\":1,\"name\":\"Accueil\",\"item\":\"https:\\\/\\\/maisonessentielle.com\\\/\"},{\"@type\":\"ListItem\",\"position\":2,\"name\":\"Produits Essentiels\",\"item\":\"https:\\\/\\\/maisonessentielle.com\\\/shop\\\/\"},{\"@type\":\"ListItem\",\"position\":3,\"name\":\"KIT \u00c0 COUDRE- la parka Escapade en toile parachute vert sauge\"}]},{\"@type\":\"WebSite\",\"@id\":\"https:\\\/\\\/maisonessentielle.com\\\/#website\",\"url\":\"https:\\\/\\\/maisonessentielle.com\\\/\",\"name\":\"Maison Essentielle\",\"description\":\"Vestiaire essentiel \u00e0 coudre ou \u00e0 porter\",\"publisher\":{\"@id\":\"https:\\\/\\\/maisonessentielle.com\\\/#organization\"},\"potentialAction\":[{\"@type\":\"SearchAction\",\"target\":{\"@type\":\"EntryPoint\",\"urlTemplate\":\"https:\\\/\\\/maisonessentielle.com\\\/?s={search_term_string}\"},\"query-input\":{\"@type\":\"PropertyValueSpecification\",\"valueRequired\":true,\"valueName\":\"search_term_string\"}}],\"inLanguage\":\"fr-FR\"},{\"@type\":\"Organization\",\"@id\":\"https:\\\/\\\/maisonessentielle.com\\\/#organization\",\"name\":\"Maison Essentielle\",\"url\":\"https:\\\/\\\/maisonessentielle.com\\\/\",\"logo\":{\"@type\":\"ImageObject\",\"inLanguage\":\"fr-FR\",\"@id\":\"https:\\\/\\\/maisonessentielle.com\\\/#\\\/schema\\\/logo\\\/image\\\/\",\"url\":\"https:\\\/\\\/maisonessentielle.com\\\/wp-content\\\/uploads\\\/2022\\\/03\\\/MAISON-ESSENTIELLE_LOGO_facture-min.png\",\"contentUrl\":\"https:\\\/\\\/maisonessentielle.com\\\/wp-content\\\/uploads\\\/2022\\\/03\\\/MAISON-ESSENTIELLE_LOGO_facture-min.png\",\"width\":400,\"height\":57,\"caption\":\"Maison Essentielle\"},\"image\":{\"@id\":\"https:\\\/\\\/maisonessentielle.com\\\/#\\\/schema\\\/logo\\\/image\\\/\"},\"sameAs\":[\"https:\\\/\\\/www.facebook.com\\\/profile.php?id=61574309661771\",\"https:\\\/\\\/www.instagram.com\\\/maison_essentielle_\\\/\"]}]}<\/script>\n<!-- \/ Yoast SEO plugin. -->","yoast_head_json":{"title":"Parka Escapade facile \u00e0 coudre en toile parachute vert sauge","description":"Une parka coupe vent mi-saison avec capuche, en version longue ou courte, cousue avec le patron de la parka Escapade","robots":{"index":"index","follow":"follow","max-snippet":"max-snippet:-1","max-image-preview":"max-image-preview:large","max-video-preview":"max-video-preview:-1"},"canonical":"https:\/\/maisonessentielle.com\/produit\/kit-a-coudre-la-parka-escapade-en-toile-parachute-vert-sauge\/","og_locale":"fr_FR","og_type":"article","og_title":"Parka Escapade facile \u00e0 coudre en toile parachute vert sauge","og_description":"Une parka coupe vent mi-saison avec capuche, en version longue ou courte, cousue avec le patron de la parka Escapade","og_url":"https:\/\/maisonessentielle.com\/produit\/kit-a-coudre-la-parka-escapade-en-toile-parachute-vert-sauge\/","og_site_name":"Maison Essentielle","article_publisher":"https:\/\/www.facebook.com\/profile.php?id=61574309661771","article_modified_time":"2026-04-07T11:41:59+00:00","og_image":[{"width":1417,"height":1890,"url":"https:\/\/maisonessentielle.com\/wp-content\/uploads\/2026\/03\/parka-escapade-longue-vert-sauge-maison-essentielle-1.jpg","type":"image\/jpeg"}],"twitter_card":"summary_large_image","twitter_misc":{"Dur\u00e9e de lecture estim\u00e9e":"1 minute"},"schema":{"@context":"https:\/\/schema.org","@graph":[{"@type":"WebPage","@id":"https:\/\/maisonessentielle.com\/produit\/kit-a-coudre-la-parka-escapade-en-toile-parachute-vert-sauge\/","url":"https:\/\/maisonessentielle.com\/produit\/kit-a-coudre-la-parka-escapade-en-toile-parachute-vert-sauge\/","name":"Parka Escapade facile \u00e0 coudre en toile parachute vert sauge","isPartOf":{"@id":"https:\/\/maisonessentielle.com\/#website"},"primaryImageOfPage":{"@id":"https:\/\/maisonessentielle.com\/produit\/kit-a-coudre-la-parka-escapade-en-toile-parachute-vert-sauge\/#primaryimage"},"image":{"@id":"https:\/\/maisonessentielle.com\/produit\/kit-a-coudre-la-parka-escapade-en-toile-parachute-vert-sauge\/#primaryimage"},"thumbnailUrl":"https:\/\/maisonessentielle.com\/wp-content\/uploads\/2026\/03\/parka-escapade-longue-vert-sauge-maison-essentielle-1.jpg","datePublished":"2026-03-29T08:00:40+00:00","dateModified":"2026-04-07T11:41:59+00:00","description":"Une parka coupe vent mi-saison avec capuche, en version longue ou courte, cousue avec le patron de la parka Escapade","breadcrumb":{"@id":"https:\/\/maisonessentielle.com\/produit\/kit-a-coudre-la-parka-escapade-en-toile-parachute-vert-sauge\/#breadcrumb"},"inLanguage":"fr-FR","potentialAction":[{"@type":"ReadAction","target":["https:\/\/maisonessentielle.com\/produit\/kit-a-coudre-la-parka-escapade-en-toile-parachute-vert-sauge\/"]}]},{"@type":"ImageObject","inLanguage":"fr-FR","@id":"https:\/\/maisonessentielle.com\/produit\/kit-a-coudre-la-parka-escapade-en-toile-parachute-vert-sauge\/#primaryimage","url":"https:\/\/maisonessentielle.com\/wp-content\/uploads\/2026\/03\/parka-escapade-longue-vert-sauge-maison-essentielle-1.jpg","contentUrl":"https:\/\/maisonessentielle.com\/wp-content\/uploads\/2026\/03\/parka-escapade-longue-vert-sauge-maison-essentielle-1.jpg","width":1417,"height":1890},{"@type":"BreadcrumbList","@id":"https:\/\/maisonessentielle.com\/produit\/kit-a-coudre-la-parka-escapade-en-toile-parachute-vert-sauge\/#breadcrumb","itemListElement":[{"@type":"ListItem","position":1,"name":"Accueil","item":"https:\/\/maisonessentielle.com\/"},{"@type":"ListItem","position":2,"name":"Produits Essentiels","item":"https:\/\/maisonessentielle.com\/shop\/"},{"@type":"ListItem","position":3,"name":"KIT \u00c0 COUDRE- la parka Escapade en toile parachute vert sauge"}]},{"@type":"WebSite","@id":"https:\/\/maisonessentielle.com\/#website","url":"https:\/\/maisonessentielle.com\/","name":"Maison Essentielle","description":"Vestiaire essentiel \u00e0 coudre ou \u00e0 porter","publisher":{"@id":"https:\/\/maisonessentielle.com\/#organization"},"potentialAction":[{"@type":"SearchAction","target":{"@type":"EntryPoint","urlTemplate":"https:\/\/maisonessentielle.com\/?s={search_term_string}"},"query-input":{"@type":"PropertyValueSpecification","valueRequired":true,"valueName":"search_term_string"}}],"inLanguage":"fr-FR"},{"@type":"Organization","@id":"https:\/\/maisonessentielle.com\/#organization","name":"Maison Essentielle","url":"https:\/\/maisonessentielle.com\/","logo":{"@type":"ImageObject","inLanguage":"fr-FR","@id":"https:\/\/maisonessentielle.com\/#\/schema\/logo\/image\/","url":"https:\/\/maisonessentielle.com\/wp-content\/uploads\/2022\/03\/MAISON-ESSENTIELLE_LOGO_facture-min.png","contentUrl":"https:\/\/maisonessentielle.com\/wp-content\/uploads\/2022\/03\/MAISON-ESSENTIELLE_LOGO_facture-min.png","width":400,"height":57,"caption":"Maison Essentielle"},"image":{"@id":"https:\/\/maisonessentielle.com\/#\/schema\/logo\/image\/"},"sameAs":["https:\/\/www.facebook.com\/profile.php?id=61574309661771","https:\/\/www.instagram.com\/maison_essentielle_\/"]}]}},"_links":{"self":[{"href":"https:\/\/maisonessentielle.com\/wp-json\/wp\/v2\/product\/61481","targetHints":{"allow":["GET"]}}],"collection":[{"href":"https:\/\/maisonessentielle.com\/wp-json\/wp\/v2\/product"}],"about":[{"href":"https:\/\/maisonessentielle.com\/wp-json\/wp\/v2\/types\/product"}],"replies":[{"embeddable":true,"href":"https:\/\/maisonessentielle.com\/wp-json\/wp\/v2\/comments?post=61481"}],"version-history":[{"count":8,"href":"https:\/\/maisonessentielle.com\/wp-json\/wp\/v2\/product\/61481\/revisions"}],"predecessor-version":[{"id":62533,"href":"https:\/\/maisonessentielle.com\/wp-json\/wp\/v2\/product\/61481\/revisions\/62533"}],"wp:featuredmedia":[{"embeddable":true,"href":"https:\/\/maisonessentielle.com\/wp-json\/wp\/v2\/media\/61648"}],"wp:attachment":[{"href":"https:\/\/maisonessentielle.com\/wp-json\/wp\/v2\/media?parent=61481"}],"wp:term":[{"taxonomy":"product_brand","embeddable":true,"href":"https:\/\/maisonessentielle.com\/wp-json\/wp\/v2\/product_brand?post=61481"},{"taxonomy":"product_cat","embeddable":true,"href":"https:\/\/maisonessentielle.com\/wp-json\/wp\/v2\/product_cat?post=61481"},{"taxonomy":"product_tag","embeddable":true,"href":"https:\/\/maisonessentielle.com\/wp-json\/wp\/v2\/product_tag?post=61481"}],"curies":[{"name":"wp","href":"https:\/\/api.w.org\/{rel}","templated":true}]}}