{"id":61415,"date":"2026-03-20T16:16:55","date_gmt":"2026-03-20T15:16:55","guid":{"rendered":"https:\/\/maisonessentielle.com\/?post_type=product&#038;p=61415"},"modified":"2026-04-29T14:39:57","modified_gmt":"2026-04-29T12:39:57","slug":"coupon-1-1m-deponge-cacao","status":"publish","type":"product","link":"https:\/\/maisonessentielle.com\/produit\/coupon-1-1m-deponge-cacao\/","title":{"rendered":"Coupon 1.1m d&rsquo;\u00c9PONGE CACAO"},"content":{"rendered":"","protected":false},"excerpt":{"rendered":"<p>&nbsp;<\/p>\n<h2>Caract\u00e9ristiques du tissu<\/h2>\n<p><strong>Mati\u00e8re du tissu : <\/strong>\u00e9ponge cacao souple et douce, 80% coton\/20% polyester Oekotex<\/p>\n<p><strong>Format du coupon de tissu :<\/strong> 1.1m d&rsquo;\u00e9ponge &#8211; permettant de coudre le <strong><a href=\"https:\/\/maisonessentielle.com\/index.php\/produit\/patron-le-top-et-la-robe-marcel-marcy\">Top Marcy<\/a><\/strong> manches courtes fronc\u00e9es jusqu&rsquo;\u00e0 la taille XL ou <strong>la jupe droite<\/strong> jusqu&rsquo;\u00e0 la taille 48<\/p>\n<p><strong>Qualit\u00e9 du tissu : <\/strong>une \u00e9ponge de coton toute douce et souple<\/p>\n<p><strong>Laize<\/strong> <strong>du tissu<\/strong> : 150cm &#8211;\u00a0 <strong>Poids<\/strong> <strong>du tissu :<\/strong> 240g\/m\u00b2<\/p>\n<p><strong>Fil coordonn\u00e9 : <\/strong>coloris <a href=\"https:\/\/maisonessentielle.com\/index.php\/produit\/fil-a-coudre-francais\/?_gl=1*af4ggp*_up*MQ..*_ga*MjU0NDgzNDI0LjE3NzMzOTYxNjE.*_ga_8TG44DMZRK*czE3NzMzOTgxNjYkbzIkZzEkdDE3NzMzOTgxNzQkajUyJGwwJGgw\"><strong>chocolat 8152<\/strong><\/a><\/p>\n<h2>Conseils d&rsquo;entretien pour ce tissu<\/h2>\n<p><strong>Pas de retrait<\/strong> au 1er lavage &#8211; <strong>Lavage<\/strong> en machine \u00e0 30\u00b0 &#8211; <strong>Pas de s\u00e8che-linge &#8211; Repassage : <\/strong>doux<\/p>\n<p>&nbsp;<\/p>\n<p>Retrouvez tous <strong>nos patrons de couture<\/strong> dans la cat\u00e9gorie <strong><a href=\"https:\/\/maisonessentielle.com\/index.php\/categorie-produit\/vestiaire-a-coudre\/patrons-adulte\/?_gl=1*bntbge*_up*MQ..*_ga*MTEwNzEwMjU4Mi4xNzY4NDkyNDU2*_ga_8TG44DMZRK*czE3Njg0OTI0NDIkbzEkZzEkdDE3Njg0OTI0NjYkajM2JGwwJGgw\">PATRONS ADULTES<\/a><\/strong> et les<strong> accessoires de mercerie<\/strong> (fil coordonn\u00e9, \u00e9lastique, boutons) dans la cat\u00e9gorie <a href=\"https:\/\/maisonessentielle.com\/index.php\/categorie-produit\/vestiaire-a-coudre\/mercerie\/\"><strong>MERCERIE<\/strong><\/a>.<\/p>\n","protected":false},"featured_media":61576,"comment_status":"open","ping_status":"closed","template":"","meta":{"_acf_changed":false,"site-sidebar-layout":"default","site-content-layout":"","ast-site-content-layout":"default","site-content-style":"default","site-sidebar-style":"default","ast-global-header-display":"","ast-banner-title-visibility":"","ast-main-header-display":"","ast-hfb-above-header-display":"","ast-hfb-below-header-display":"","ast-hfb-mobile-header-display":"","site-post-title":"","ast-breadcrumbs-content":"","ast-featured-img":"","footer-sml-layout":"","ast-disable-related-posts":"","theme-transparent-header-meta":"default","adv-header-id-meta":"","stick-header-meta":"default","header-above-stick-meta":"","header-main-stick-meta":"","header-below-stick-meta":"","astra-migrate-meta-layouts":"set","ast-page-background-enabled":"default","ast-page-background-meta":{"desktop":{"background-color":"","background-image":"","background-repeat":"repeat","background-position":"center center","background-size":"auto","background-attachment":"scroll","background-type":"","background-media":"","overlay-type":"","overlay-color":"","overlay-opacity":"","overlay-gradient":""},"tablet":{"background-color":"","background-image":"","background-repeat":"repeat","background-position":"center center","background-size":"auto","background-attachment":"scroll","background-type":"","background-media":"","overlay-type":"","overlay-color":"","overlay-opacity":"","overlay-gradient":""},"mobile":{"background-color":"","background-image":"","background-repeat":"repeat","background-position":"center center","background-size":"auto","background-attachment":"scroll","background-type":"","background-media":"","overlay-type":"","overlay-color":"","overlay-opacity":"","overlay-gradient":""}},"ast-content-background-meta":{"desktop":{"background-color":"var(--ast-global-color-5)","background-image":"","background-repeat":"repeat","background-position":"center center","background-size":"auto","background-attachment":"scroll","background-type":"","background-media":"","overlay-type":"","overlay-color":"","overlay-opacity":"","overlay-gradient":""},"tablet":{"background-color":"var(--ast-global-color-5)","background-image":"","background-repeat":"repeat","background-position":"center center","background-size":"auto","background-attachment":"scroll","background-type":"","background-media":"","overlay-type":"","overlay-color":"","overlay-opacity":"","overlay-gradient":""},"mobile":{"background-color":"var(--ast-global-color-5)","background-image":"","background-repeat":"repeat","background-position":"center center","background-size":"auto","background-attachment":"scroll","background-type":"","background-media":"","overlay-type":"","overlay-color":"","overlay-opacity":"","overlay-gradient":""}}},"product_brand":[],"product_cat":[404,214],"product_tag":[],"class_list":{"0":"post-61415","1":"product","2":"type-product","3":"status-publish","4":"has-post-thumbnail","6":"product_cat-coupons-de-tissus","7":"product_cat-vestiaire-a-coudre","8":"desktop-align-center","9":"tablet-align-center","10":"mobile-align-center","11":"ast-product-gallery-layout-horizontal","12":"ast-magnify-disabled","13":"ast-product-tabs-layout-horizontal","15":"first","16":"instock","17":"taxable","18":"shipping-taxable","19":"purchasable","20":"product-type-simple"},"acf":[],"yoast_head":"<!-- This site is optimized with the Yoast SEO plugin v27.3 - https:\/\/yoast.com\/product\/yoast-seo-wordpress\/ -->\n<title>Coupon de tissu \u00e9ponge coton &amp; polyester Oekotex chocolat<\/title>\n<meta name=\"description\" content=\"Coupon de tissu \u00e9ponge coton &amp; polyester chocolat, id\u00e9al pour coudre le top Marcy ou la jupe Droite\" \/>\n<meta name=\"robots\" content=\"index, follow, max-snippet:-1, max-image-preview:large, max-video-preview:-1\" \/>\n<link rel=\"canonical\" href=\"https:\/\/maisonessentielle.com\/produit\/coupon-1-1m-deponge-cacao\/\" \/>\n<meta property=\"og:locale\" content=\"fr_FR\" \/>\n<meta property=\"og:type\" content=\"article\" \/>\n<meta property=\"og:title\" content=\"Coupon de tissu \u00e9ponge coton &amp; polyester Oekotex chocolat\" \/>\n<meta property=\"og:description\" content=\"Coupon de tissu \u00e9ponge coton &amp; polyester chocolat, id\u00e9al pour coudre le top Marcy ou la jupe Droite\" \/>\n<meta property=\"og:url\" content=\"https:\/\/maisonessentielle.com\/produit\/coupon-1-1m-deponge-cacao\/\" \/>\n<meta property=\"og:site_name\" content=\"Maison Essentielle\" \/>\n<meta property=\"article:publisher\" content=\"https:\/\/www.facebook.com\/profile.php?id=61574309661771\" \/>\n<meta property=\"article:modified_time\" content=\"2026-04-29T12:39:57+00:00\" \/>\n<meta property=\"og:image\" content=\"https:\/\/maisonessentielle.com\/wp-content\/uploads\/2026\/03\/coupon-eponge-cacao-maison-essentielle-450x600.jpg\" \/>\n\t<meta property=\"og:image:width\" content=\"450\" \/>\n\t<meta property=\"og:image:height\" content=\"600\" \/>\n\t<meta property=\"og:image:type\" content=\"image\/jpeg\" \/>\n<meta name=\"twitter:card\" content=\"summary_large_image\" \/>\n<meta name=\"twitter:label1\" content=\"Dur\u00e9e de lecture estim\u00e9e\" \/>\n\t<meta name=\"twitter:data1\" content=\"1 minute\" \/>\n<script type=\"application\/ld+json\" class=\"yoast-schema-graph\">{\"@context\":\"https:\\\/\\\/schema.org\",\"@graph\":[{\"@type\":\"WebPage\",\"@id\":\"https:\\\/\\\/maisonessentielle.com\\\/produit\\\/coupon-1-1m-deponge-cacao\\\/\",\"url\":\"https:\\\/\\\/maisonessentielle.com\\\/produit\\\/coupon-1-1m-deponge-cacao\\\/\",\"name\":\"Coupon de tissu \u00e9ponge coton & polyester Oekotex chocolat\",\"isPartOf\":{\"@id\":\"https:\\\/\\\/maisonessentielle.com\\\/#website\"},\"primaryImageOfPage\":{\"@id\":\"https:\\\/\\\/maisonessentielle.com\\\/produit\\\/coupon-1-1m-deponge-cacao\\\/#primaryimage\"},\"image\":{\"@id\":\"https:\\\/\\\/maisonessentielle.com\\\/produit\\\/coupon-1-1m-deponge-cacao\\\/#primaryimage\"},\"thumbnailUrl\":\"https:\\\/\\\/maisonessentielle.com\\\/wp-content\\\/uploads\\\/2026\\\/03\\\/coupon-eponge-cacao-maison-essentielle.jpg\",\"datePublished\":\"2026-03-20T15:16:55+00:00\",\"dateModified\":\"2026-04-29T12:39:57+00:00\",\"description\":\"Coupon de tissu \u00e9ponge coton & polyester chocolat, id\u00e9al pour coudre le top Marcy ou la jupe Droite\",\"breadcrumb\":{\"@id\":\"https:\\\/\\\/maisonessentielle.com\\\/produit\\\/coupon-1-1m-deponge-cacao\\\/#breadcrumb\"},\"inLanguage\":\"fr-FR\",\"potentialAction\":[{\"@type\":\"ReadAction\",\"target\":[\"https:\\\/\\\/maisonessentielle.com\\\/produit\\\/coupon-1-1m-deponge-cacao\\\/\"]}]},{\"@type\":\"ImageObject\",\"inLanguage\":\"fr-FR\",\"@id\":\"https:\\\/\\\/maisonessentielle.com\\\/produit\\\/coupon-1-1m-deponge-cacao\\\/#primaryimage\",\"url\":\"https:\\\/\\\/maisonessentielle.com\\\/wp-content\\\/uploads\\\/2026\\\/03\\\/coupon-eponge-cacao-maison-essentielle.jpg\",\"contentUrl\":\"https:\\\/\\\/maisonessentielle.com\\\/wp-content\\\/uploads\\\/2026\\\/03\\\/coupon-eponge-cacao-maison-essentielle.jpg\",\"width\":1417,\"height\":1890},{\"@type\":\"BreadcrumbList\",\"@id\":\"https:\\\/\\\/maisonessentielle.com\\\/produit\\\/coupon-1-1m-deponge-cacao\\\/#breadcrumb\",\"itemListElement\":[{\"@type\":\"ListItem\",\"position\":1,\"name\":\"Accueil\",\"item\":\"https:\\\/\\\/maisonessentielle.com\\\/\"},{\"@type\":\"ListItem\",\"position\":2,\"name\":\"Produits Essentiels\",\"item\":\"https:\\\/\\\/maisonessentielle.com\\\/shop\\\/\"},{\"@type\":\"ListItem\",\"position\":3,\"name\":\"Coupon 1.1m d&rsquo;\u00c9PONGE CACAO\"}]},{\"@type\":\"WebSite\",\"@id\":\"https:\\\/\\\/maisonessentielle.com\\\/#website\",\"url\":\"https:\\\/\\\/maisonessentielle.com\\\/\",\"name\":\"Maison Essentielle\",\"description\":\"Vestiaire essentiel \u00e0 coudre ou \u00e0 porter\",\"publisher\":{\"@id\":\"https:\\\/\\\/maisonessentielle.com\\\/#organization\"},\"potentialAction\":[{\"@type\":\"SearchAction\",\"target\":{\"@type\":\"EntryPoint\",\"urlTemplate\":\"https:\\\/\\\/maisonessentielle.com\\\/?s={search_term_string}\"},\"query-input\":{\"@type\":\"PropertyValueSpecification\",\"valueRequired\":true,\"valueName\":\"search_term_string\"}}],\"inLanguage\":\"fr-FR\"},{\"@type\":\"Organization\",\"@id\":\"https:\\\/\\\/maisonessentielle.com\\\/#organization\",\"name\":\"Maison Essentielle\",\"url\":\"https:\\\/\\\/maisonessentielle.com\\\/\",\"logo\":{\"@type\":\"ImageObject\",\"inLanguage\":\"fr-FR\",\"@id\":\"https:\\\/\\\/maisonessentielle.com\\\/#\\\/schema\\\/logo\\\/image\\\/\",\"url\":\"https:\\\/\\\/maisonessentielle.com\\\/wp-content\\\/uploads\\\/2022\\\/03\\\/MAISON-ESSENTIELLE_LOGO_facture-min.png\",\"contentUrl\":\"https:\\\/\\\/maisonessentielle.com\\\/wp-content\\\/uploads\\\/2022\\\/03\\\/MAISON-ESSENTIELLE_LOGO_facture-min.png\",\"width\":400,\"height\":57,\"caption\":\"Maison Essentielle\"},\"image\":{\"@id\":\"https:\\\/\\\/maisonessentielle.com\\\/#\\\/schema\\\/logo\\\/image\\\/\"},\"sameAs\":[\"https:\\\/\\\/www.facebook.com\\\/profile.php?id=61574309661771\",\"https:\\\/\\\/www.instagram.com\\\/maison_essentielle_\\\/\"]}]}<\/script>\n<!-- \/ Yoast SEO plugin. -->","yoast_head_json":{"title":"Coupon de tissu \u00e9ponge coton & polyester Oekotex chocolat","description":"Coupon de tissu \u00e9ponge coton & polyester chocolat, id\u00e9al pour coudre le top Marcy ou la jupe Droite","robots":{"index":"index","follow":"follow","max-snippet":"max-snippet:-1","max-image-preview":"max-image-preview:large","max-video-preview":"max-video-preview:-1"},"canonical":"https:\/\/maisonessentielle.com\/produit\/coupon-1-1m-deponge-cacao\/","og_locale":"fr_FR","og_type":"article","og_title":"Coupon de tissu \u00e9ponge coton & polyester Oekotex chocolat","og_description":"Coupon de tissu \u00e9ponge coton & polyester chocolat, id\u00e9al pour coudre le top Marcy ou la jupe Droite","og_url":"https:\/\/maisonessentielle.com\/produit\/coupon-1-1m-deponge-cacao\/","og_site_name":"Maison Essentielle","article_publisher":"https:\/\/www.facebook.com\/profile.php?id=61574309661771","article_modified_time":"2026-04-29T12:39:57+00:00","og_image":[{"width":450,"height":600,"url":"https:\/\/maisonessentielle.com\/wp-content\/uploads\/2026\/03\/coupon-eponge-cacao-maison-essentielle-450x600.jpg","type":"image\/jpeg"}],"twitter_card":"summary_large_image","twitter_misc":{"Dur\u00e9e de lecture estim\u00e9e":"1 minute"},"schema":{"@context":"https:\/\/schema.org","@graph":[{"@type":"WebPage","@id":"https:\/\/maisonessentielle.com\/produit\/coupon-1-1m-deponge-cacao\/","url":"https:\/\/maisonessentielle.com\/produit\/coupon-1-1m-deponge-cacao\/","name":"Coupon de tissu \u00e9ponge coton & polyester Oekotex chocolat","isPartOf":{"@id":"https:\/\/maisonessentielle.com\/#website"},"primaryImageOfPage":{"@id":"https:\/\/maisonessentielle.com\/produit\/coupon-1-1m-deponge-cacao\/#primaryimage"},"image":{"@id":"https:\/\/maisonessentielle.com\/produit\/coupon-1-1m-deponge-cacao\/#primaryimage"},"thumbnailUrl":"https:\/\/maisonessentielle.com\/wp-content\/uploads\/2026\/03\/coupon-eponge-cacao-maison-essentielle.jpg","datePublished":"2026-03-20T15:16:55+00:00","dateModified":"2026-04-29T12:39:57+00:00","description":"Coupon de tissu \u00e9ponge coton & polyester chocolat, id\u00e9al pour coudre le top Marcy ou la jupe Droite","breadcrumb":{"@id":"https:\/\/maisonessentielle.com\/produit\/coupon-1-1m-deponge-cacao\/#breadcrumb"},"inLanguage":"fr-FR","potentialAction":[{"@type":"ReadAction","target":["https:\/\/maisonessentielle.com\/produit\/coupon-1-1m-deponge-cacao\/"]}]},{"@type":"ImageObject","inLanguage":"fr-FR","@id":"https:\/\/maisonessentielle.com\/produit\/coupon-1-1m-deponge-cacao\/#primaryimage","url":"https:\/\/maisonessentielle.com\/wp-content\/uploads\/2026\/03\/coupon-eponge-cacao-maison-essentielle.jpg","contentUrl":"https:\/\/maisonessentielle.com\/wp-content\/uploads\/2026\/03\/coupon-eponge-cacao-maison-essentielle.jpg","width":1417,"height":1890},{"@type":"BreadcrumbList","@id":"https:\/\/maisonessentielle.com\/produit\/coupon-1-1m-deponge-cacao\/#breadcrumb","itemListElement":[{"@type":"ListItem","position":1,"name":"Accueil","item":"https:\/\/maisonessentielle.com\/"},{"@type":"ListItem","position":2,"name":"Produits Essentiels","item":"https:\/\/maisonessentielle.com\/shop\/"},{"@type":"ListItem","position":3,"name":"Coupon 1.1m d&rsquo;\u00c9PONGE CACAO"}]},{"@type":"WebSite","@id":"https:\/\/maisonessentielle.com\/#website","url":"https:\/\/maisonessentielle.com\/","name":"Maison Essentielle","description":"Vestiaire essentiel \u00e0 coudre ou \u00e0 porter","publisher":{"@id":"https:\/\/maisonessentielle.com\/#organization"},"potentialAction":[{"@type":"SearchAction","target":{"@type":"EntryPoint","urlTemplate":"https:\/\/maisonessentielle.com\/?s={search_term_string}"},"query-input":{"@type":"PropertyValueSpecification","valueRequired":true,"valueName":"search_term_string"}}],"inLanguage":"fr-FR"},{"@type":"Organization","@id":"https:\/\/maisonessentielle.com\/#organization","name":"Maison Essentielle","url":"https:\/\/maisonessentielle.com\/","logo":{"@type":"ImageObject","inLanguage":"fr-FR","@id":"https:\/\/maisonessentielle.com\/#\/schema\/logo\/image\/","url":"https:\/\/maisonessentielle.com\/wp-content\/uploads\/2022\/03\/MAISON-ESSENTIELLE_LOGO_facture-min.png","contentUrl":"https:\/\/maisonessentielle.com\/wp-content\/uploads\/2022\/03\/MAISON-ESSENTIELLE_LOGO_facture-min.png","width":400,"height":57,"caption":"Maison Essentielle"},"image":{"@id":"https:\/\/maisonessentielle.com\/#\/schema\/logo\/image\/"},"sameAs":["https:\/\/www.facebook.com\/profile.php?id=61574309661771","https:\/\/www.instagram.com\/maison_essentielle_\/"]}]}},"_links":{"self":[{"href":"https:\/\/maisonessentielle.com\/wp-json\/wp\/v2\/product\/61415","targetHints":{"allow":["GET"]}}],"collection":[{"href":"https:\/\/maisonessentielle.com\/wp-json\/wp\/v2\/product"}],"about":[{"href":"https:\/\/maisonessentielle.com\/wp-json\/wp\/v2\/types\/product"}],"replies":[{"embeddable":true,"href":"https:\/\/maisonessentielle.com\/wp-json\/wp\/v2\/comments?post=61415"}],"version-history":[{"count":6,"href":"https:\/\/maisonessentielle.com\/wp-json\/wp\/v2\/product\/61415\/revisions"}],"predecessor-version":[{"id":61419,"href":"https:\/\/maisonessentielle.com\/wp-json\/wp\/v2\/product\/61415\/revisions\/61419"}],"wp:featuredmedia":[{"embeddable":true,"href":"https:\/\/maisonessentielle.com\/wp-json\/wp\/v2\/media\/61576"}],"wp:attachment":[{"href":"https:\/\/maisonessentielle.com\/wp-json\/wp\/v2\/media?parent=61415"}],"wp:term":[{"taxonomy":"product_brand","embeddable":true,"href":"https:\/\/maisonessentielle.com\/wp-json\/wp\/v2\/product_brand?post=61415"},{"taxonomy":"product_cat","embeddable":true,"href":"https:\/\/maisonessentielle.com\/wp-json\/wp\/v2\/product_cat?post=61415"},{"taxonomy":"product_tag","embeddable":true,"href":"https:\/\/maisonessentielle.com\/wp-json\/wp\/v2\/product_tag?post=61415"}],"curies":[{"name":"wp","href":"https:\/\/api.w.org\/{rel}","templated":true}]}}