{"id":61395,"date":"2026-03-29T09:00:20","date_gmt":"2026-03-29T07:00:20","guid":{"rendered":"https:\/\/maisonessentielle.com\/?post_type=product&#038;p=61395"},"modified":"2026-03-29T09:11:12","modified_gmt":"2026-03-29T07:11:12","slug":"kit-a-coudre-le-pantalon-bobo-en-gabardine-souple-lavee-ecrue","status":"publish","type":"product","link":"https:\/\/maisonessentielle.com\/produit\/kit-a-coudre-le-pantalon-bobo-en-gabardine-souple-lavee-ecrue\/","title":{"rendered":"KIT \u00c0 COUDRE &#8211; le pantalon Bobo en gabardine souple lav\u00e9e \u00e9crue"},"content":{"rendered":"<h2><strong>Coudre facilement <a href=\"https:\/\/maisonessentielle.com\/index.php\/accueil\/videos-de-montage\/\">le pantalon Bobo avec notre tuto couture et vid\u00e9o de montage<\/a><\/strong><\/h2>\n<p><iframe title=\"YouTube video player\" src=\"https:\/\/www.youtube.com\/embed\/hParlMpY_08?si=yePsofLMGz-Aj0O7\" width=\"560\" height=\"315\" frameborder=\"0\" allowfullscreen=\"allowfullscreen\"><\/iframe><\/p>\n<h3><strong>Choisissez votre taille en vous r\u00e9f\u00e9rant \u00e0 ce tableau de mensurations (mesures en cm \u2013 stature 1,65m)<\/strong><\/h3>\n<table>\n<tbody>\n<tr>\n<td><b>Taille<\/b><\/td>\n<td><b>34<\/b><\/td>\n<td><b>36<\/b><\/td>\n<td><b>38<\/b><\/td>\n<td><b>40<\/b><\/td>\n<td><b>42<\/b><\/td>\n<td><b>44<\/b><\/td>\n<td><b>46<\/b><\/td>\n<td><b>48<\/b><\/td>\n<\/tr>\n<tr>\n<td><b>Tour de poitrine<\/b><\/td>\n<td><span style=\"font-weight: 400;\">82<\/span><\/td>\n<td><span style=\"font-weight: 400;\">86<\/span><\/td>\n<td><b>90<\/b><\/td>\n<td><span style=\"font-weight: 400;\">94<\/span><\/td>\n<td><b>98<\/b><\/td>\n<td><span style=\"font-weight: 400;\">102<\/span><\/td>\n<td><b>106<\/b><\/td>\n<td><b>110<\/b><\/td>\n<\/tr>\n<tr>\n<td><b>Tour de taille<\/b><\/td>\n<td><span style=\"font-weight: 400;\">68<\/span><\/td>\n<td><span style=\"font-weight: 400;\">72<\/span><\/td>\n<td><b>76<\/b><\/td>\n<td><span style=\"font-weight: 400;\">80<\/span><\/td>\n<td><b>84<\/b><\/td>\n<td><span style=\"font-weight: 400;\">88<\/span><\/td>\n<td><b>92<\/b><\/td>\n<td><b>96<\/b><\/td>\n<\/tr>\n<tr>\n<td><b>Tour de hanche<\/b><\/td>\n<td><span style=\"font-weight: 400;\">88<\/span><\/td>\n<td><span style=\"font-weight: 400;\">92<\/span><\/td>\n<td><b>96<\/b><\/td>\n<td><span style=\"font-weight: 400;\">100<\/span><\/td>\n<td><b>104<\/b><\/td>\n<td><span style=\"font-weight: 400;\">108<\/span><\/td>\n<td><b>112<\/b><\/td>\n<td><b>116<\/b><\/td>\n<\/tr>\n<\/tbody>\n<\/table>\n<p style=\"text-align: center;\"><strong>Partagez-nous votre r\u00e9alisation sur les r\u00e9seaux sociaux #lepantalonbobo @maison_essentielle_<\/strong><\/p>\n","protected":false},"excerpt":{"rendered":"<p>&nbsp;<\/p>\n<h2>Un pantalon large facile \u00e0 coudre en gabardine souple lav\u00e9e, bio &amp; fran\u00e7aise<\/h2>\n<p><strong>Le pantalon Bobo est un patron de couture pour coudre un pantalon large, ultra confort \u00e0 porter gr\u00e2ce \u00e0 sa taille \u00e9lastiqu\u00e9e et rapide \u00e0 coudre. R\u00e9alis\u00e9 en gabardine \u00e9crue souple, c\u2019est un pantalon facile \u00e0 porter, qui peut \u00e0 la fois \u00eatre super chic ou cool en fonction de vos choix chaussures. <\/strong>Sur cette version nous avons r\u00e9alis\u00e9 une surpiqure sur les c\u00f4t\u00e9s, une poche plaqu\u00e9e dos et des passants afin de lui donner plus de caract\u00e8re.<\/p>\n<ul>\n<li><strong>Niveau de couture d\u00e9butant. <\/strong>D\u00e9butante, cousez une premi\u00e8re version ultra simple sans poche &amp; d\u00e9tails.<\/li>\n<li><strong>Temps de r\u00e9alisation :<\/strong> 1h \u00e0 2h<\/li>\n<\/ul>\n<p>&nbsp;<\/p>\n<h2>Tissu : une gabardine lav\u00e9e souple et douce<\/h2>\n<p><strong>Mati\u00e8re du tissu : <\/strong>belle gabardine souple finition lav\u00e9e \u00e9crue, 53% coton bio\/47% coton recycl\u00e9<\/p>\n<p><strong>Format du coupon de tissu :<\/strong> 1.6m &#8211; permettant de coudre<a href=\"https:\/\/maisonessentielle.com\/index.php\/produit\/patron-le-pantalon-bobo\/?_gl=1*1vrunwv*_up*MQ..*_ga*MTEwNzEwMjU4Mi4xNzY4NDkyNDU2*_ga_8TG44DMZRK*czE3Njg0OTI0NDIkbzEkZzAkdDE3Njg0OTI0NDIkajYwJGwwJGgw\"><strong> le pantalon Bobo <\/strong><\/a>jusqu&rsquo;\u00e0 la taille 48<\/p>\n<p><strong>Qualit\u00e9 du tissu : <\/strong>une gabardine souple gr\u00e2ce \u00e0 sa finition lav\u00e9e, au tomb\u00e9 parfait, tr\u00e8s agr\u00e9able \u00e0 porter (cette gabardine est diff\u00e9rente de notre gabardine lourde, \u00e9paisse et raide de nos pr\u00e9c\u00e9dentes collections,\u00a0 305gr\/m\u00b2 VS 400g\/m\u00b2).<\/p>\n<p><strong>Laize<\/strong> <strong>du tissu<\/strong> 150cm &#8211;\u00a0 <strong>Poids<\/strong> <strong>du tissu<\/strong> : 305g\/m\u00b2<\/p>\n<p><strong>Conseils d&rsquo;entretien pour ce tissu : <\/strong><strong>Retrait<\/strong> : 3% au 1er lavage &#8211; <strong>Lavage<\/strong> en machine \u00e0 30\u00b0 &#8211; <strong>Pas de s\u00e8che linge<\/strong> &#8211; <strong>Repassage<\/strong> doux<\/p>\n<h2><\/h2>\n<h2>Conseil taille pour coudre le pantalon Bobo<\/h2>\n<p>Choisissez votre taille en vous r\u00e9f\u00e9rant au tableau de mensurations en bas de page. R\u00e9f\u00e9rez-vous \u00e0 <a href=\"https:\/\/maisonessentielle.com\/index.php\/guide-des-tailles\/\"><strong>notre guide des tailles<\/strong><\/a> pour s\u00e9lectionner la bonne taille<em><b>. <\/b>Val\u00e9rie (1,65m \/ 86-72-90) porte la taille 36.<\/em><\/p>\n<p>&nbsp;<\/p>\n<h3><strong>Retrouvez la vid\u00e9o de montage du pantalon Bobo en bas de cette page.<\/strong><\/h3>\n","protected":false},"featured_media":61975,"comment_status":"open","ping_status":"closed","template":"","meta":{"_acf_changed":false,"site-sidebar-layout":"default","site-content-layout":"default","ast-site-content-layout":"default","site-content-style":"default","site-sidebar-style":"default","ast-global-header-display":"","ast-banner-title-visibility":"","ast-main-header-display":"","ast-hfb-above-header-display":"","ast-hfb-below-header-display":"","ast-hfb-mobile-header-display":"","site-post-title":"","ast-breadcrumbs-content":"","ast-featured-img":"","footer-sml-layout":"","ast-disable-related-posts":"","theme-transparent-header-meta":"default","adv-header-id-meta":"","stick-header-meta":"default","header-above-stick-meta":"","header-main-stick-meta":"","header-below-stick-meta":"","astra-migrate-meta-layouts":"set","ast-page-background-enabled":"default","ast-page-background-meta":{"desktop":{"background-color":"","background-image":"","background-repeat":"repeat","background-position":"center center","background-size":"auto","background-attachment":"scroll","background-type":"","background-media":"","overlay-type":"","overlay-color":"","overlay-opacity":"","overlay-gradient":""},"tablet":{"background-color":"","background-image":"","background-repeat":"repeat","background-position":"center center","background-size":"auto","background-attachment":"scroll","background-type":"","background-media":"","overlay-type":"","overlay-color":"","overlay-opacity":"","overlay-gradient":""},"mobile":{"background-color":"","background-image":"","background-repeat":"repeat","background-position":"center center","background-size":"auto","background-attachment":"scroll","background-type":"","background-media":"","overlay-type":"","overlay-color":"","overlay-opacity":"","overlay-gradient":""}},"ast-content-background-meta":{"desktop":{"background-color":"var(--ast-global-color-5)","background-image":"","background-repeat":"repeat","background-position":"center center","background-size":"auto","background-attachment":"scroll","background-type":"","background-media":"","overlay-type":"","overlay-color":"","overlay-opacity":"","overlay-gradient":""},"tablet":{"background-color":"var(--ast-global-color-5)","background-image":"","background-repeat":"repeat","background-position":"center center","background-size":"auto","background-attachment":"scroll","background-type":"","background-media":"","overlay-type":"","overlay-color":"","overlay-opacity":"","overlay-gradient":""},"mobile":{"background-color":"var(--ast-global-color-5)","background-image":"","background-repeat":"repeat","background-position":"center center","background-size":"auto","background-attachment":"scroll","background-type":"","background-media":"","overlay-type":"","overlay-color":"","overlay-opacity":"","overlay-gradient":""}}},"product_brand":[],"product_cat":[168,214],"product_tag":[],"class_list":{"0":"post-61395","1":"product","2":"type-product","3":"status-publish","4":"has-post-thumbnail","6":"product_cat-kit-de-couture-adulte","7":"product_cat-vestiaire-a-coudre","8":"desktop-align-center","9":"tablet-align-center","10":"mobile-align-center","11":"ast-product-gallery-layout-horizontal","12":"ast-magnify-disabled","13":"ast-product-tabs-layout-horizontal","15":"first","16":"instock","17":"taxable","18":"purchasable","19":"product-type-woosb"},"acf":[],"yoast_head":"<!-- This site is optimized with the Yoast SEO plugin v27.3 - https:\/\/yoast.com\/product\/yoast-seo-wordpress\/ -->\n<title>Pantalon large facile \u00e0 coudre en gabardine souple \u00e9crue bio<\/title>\n<meta name=\"description\" content=\"Un pantalon large, taille \u00e9lastiqu\u00e9e, facile \u00e0 coudre avec une gabardine souple lav\u00e9e \u00e9crue bio, cousu avec le patron du pantalon Bobo.\" \/>\n<meta name=\"robots\" content=\"index, follow, max-snippet:-1, max-image-preview:large, max-video-preview:-1\" \/>\n<link rel=\"canonical\" href=\"https:\/\/maisonessentielle.com\/produit\/kit-a-coudre-le-pantalon-bobo-en-gabardine-souple-lavee-ecrue\/\" \/>\n<meta property=\"og:locale\" content=\"fr_FR\" \/>\n<meta property=\"og:type\" content=\"article\" \/>\n<meta property=\"og:title\" content=\"Pantalon large facile \u00e0 coudre en gabardine souple \u00e9crue bio\" \/>\n<meta property=\"og:description\" content=\"Un pantalon large, taille \u00e9lastiqu\u00e9e, facile \u00e0 coudre avec une gabardine souple lav\u00e9e \u00e9crue bio, cousu avec le patron du pantalon Bobo.\" \/>\n<meta property=\"og:url\" content=\"https:\/\/maisonessentielle.com\/produit\/kit-a-coudre-le-pantalon-bobo-en-gabardine-souple-lavee-ecrue\/\" \/>\n<meta property=\"og:site_name\" content=\"Maison Essentielle\" \/>\n<meta property=\"article:publisher\" content=\"https:\/\/www.facebook.com\/profile.php?id=61574309661771\" \/>\n<meta property=\"article:modified_time\" content=\"2026-03-29T07:11:12+00:00\" \/>\n<meta property=\"og:image\" content=\"https:\/\/maisonessentielle.com\/wp-content\/uploads\/2026\/03\/blouse-Allure-bronze-et-pantalon-Bobo-gabardine-souple-ecru.png\" \/>\n\t<meta property=\"og:image:width\" content=\"896\" \/>\n\t<meta property=\"og:image:height\" content=\"1196\" \/>\n\t<meta property=\"og:image:type\" content=\"image\/png\" \/>\n<meta name=\"twitter:card\" content=\"summary_large_image\" \/>\n<meta name=\"twitter:label1\" content=\"Dur\u00e9e de lecture estim\u00e9e\" \/>\n\t<meta name=\"twitter:data1\" content=\"1 minute\" \/>\n<script type=\"application\/ld+json\" class=\"yoast-schema-graph\">{\"@context\":\"https:\\\/\\\/schema.org\",\"@graph\":[{\"@type\":\"WebPage\",\"@id\":\"https:\\\/\\\/maisonessentielle.com\\\/produit\\\/kit-a-coudre-le-pantalon-bobo-en-gabardine-souple-lavee-ecrue\\\/\",\"url\":\"https:\\\/\\\/maisonessentielle.com\\\/produit\\\/kit-a-coudre-le-pantalon-bobo-en-gabardine-souple-lavee-ecrue\\\/\",\"name\":\"Pantalon large facile \u00e0 coudre en gabardine souple \u00e9crue bio\",\"isPartOf\":{\"@id\":\"https:\\\/\\\/maisonessentielle.com\\\/#website\"},\"primaryImageOfPage\":{\"@id\":\"https:\\\/\\\/maisonessentielle.com\\\/produit\\\/kit-a-coudre-le-pantalon-bobo-en-gabardine-souple-lavee-ecrue\\\/#primaryimage\"},\"image\":{\"@id\":\"https:\\\/\\\/maisonessentielle.com\\\/produit\\\/kit-a-coudre-le-pantalon-bobo-en-gabardine-souple-lavee-ecrue\\\/#primaryimage\"},\"thumbnailUrl\":\"https:\\\/\\\/maisonessentielle.com\\\/wp-content\\\/uploads\\\/2026\\\/03\\\/blouse-Allure-bronze-et-pantalon-Bobo-gabardine-souple-ecru.png\",\"datePublished\":\"2026-03-29T07:00:20+00:00\",\"dateModified\":\"2026-03-29T07:11:12+00:00\",\"description\":\"Un pantalon large, taille \u00e9lastiqu\u00e9e, facile \u00e0 coudre avec une gabardine souple lav\u00e9e \u00e9crue bio, cousu avec le patron du pantalon Bobo.\",\"breadcrumb\":{\"@id\":\"https:\\\/\\\/maisonessentielle.com\\\/produit\\\/kit-a-coudre-le-pantalon-bobo-en-gabardine-souple-lavee-ecrue\\\/#breadcrumb\"},\"inLanguage\":\"fr-FR\",\"potentialAction\":[{\"@type\":\"ReadAction\",\"target\":[\"https:\\\/\\\/maisonessentielle.com\\\/produit\\\/kit-a-coudre-le-pantalon-bobo-en-gabardine-souple-lavee-ecrue\\\/\"]}]},{\"@type\":\"ImageObject\",\"inLanguage\":\"fr-FR\",\"@id\":\"https:\\\/\\\/maisonessentielle.com\\\/produit\\\/kit-a-coudre-le-pantalon-bobo-en-gabardine-souple-lavee-ecrue\\\/#primaryimage\",\"url\":\"https:\\\/\\\/maisonessentielle.com\\\/wp-content\\\/uploads\\\/2026\\\/03\\\/blouse-Allure-bronze-et-pantalon-Bobo-gabardine-souple-ecru.png\",\"contentUrl\":\"https:\\\/\\\/maisonessentielle.com\\\/wp-content\\\/uploads\\\/2026\\\/03\\\/blouse-Allure-bronze-et-pantalon-Bobo-gabardine-souple-ecru.png\",\"width\":896,\"height\":1196},{\"@type\":\"BreadcrumbList\",\"@id\":\"https:\\\/\\\/maisonessentielle.com\\\/produit\\\/kit-a-coudre-le-pantalon-bobo-en-gabardine-souple-lavee-ecrue\\\/#breadcrumb\",\"itemListElement\":[{\"@type\":\"ListItem\",\"position\":1,\"name\":\"Accueil\",\"item\":\"https:\\\/\\\/maisonessentielle.com\\\/\"},{\"@type\":\"ListItem\",\"position\":2,\"name\":\"Produits Essentiels\",\"item\":\"https:\\\/\\\/maisonessentielle.com\\\/shop\\\/\"},{\"@type\":\"ListItem\",\"position\":3,\"name\":\"KIT \u00c0 COUDRE &#8211; le pantalon Bobo en gabardine souple lav\u00e9e \u00e9crue\"}]},{\"@type\":\"WebSite\",\"@id\":\"https:\\\/\\\/maisonessentielle.com\\\/#website\",\"url\":\"https:\\\/\\\/maisonessentielle.com\\\/\",\"name\":\"Maison Essentielle\",\"description\":\"Vestiaire essentiel \u00e0 coudre ou \u00e0 porter\",\"publisher\":{\"@id\":\"https:\\\/\\\/maisonessentielle.com\\\/#organization\"},\"potentialAction\":[{\"@type\":\"SearchAction\",\"target\":{\"@type\":\"EntryPoint\",\"urlTemplate\":\"https:\\\/\\\/maisonessentielle.com\\\/?s={search_term_string}\"},\"query-input\":{\"@type\":\"PropertyValueSpecification\",\"valueRequired\":true,\"valueName\":\"search_term_string\"}}],\"inLanguage\":\"fr-FR\"},{\"@type\":\"Organization\",\"@id\":\"https:\\\/\\\/maisonessentielle.com\\\/#organization\",\"name\":\"Maison Essentielle\",\"url\":\"https:\\\/\\\/maisonessentielle.com\\\/\",\"logo\":{\"@type\":\"ImageObject\",\"inLanguage\":\"fr-FR\",\"@id\":\"https:\\\/\\\/maisonessentielle.com\\\/#\\\/schema\\\/logo\\\/image\\\/\",\"url\":\"https:\\\/\\\/maisonessentielle.com\\\/wp-content\\\/uploads\\\/2022\\\/03\\\/MAISON-ESSENTIELLE_LOGO_facture-min.png\",\"contentUrl\":\"https:\\\/\\\/maisonessentielle.com\\\/wp-content\\\/uploads\\\/2022\\\/03\\\/MAISON-ESSENTIELLE_LOGO_facture-min.png\",\"width\":400,\"height\":57,\"caption\":\"Maison Essentielle\"},\"image\":{\"@id\":\"https:\\\/\\\/maisonessentielle.com\\\/#\\\/schema\\\/logo\\\/image\\\/\"},\"sameAs\":[\"https:\\\/\\\/www.facebook.com\\\/profile.php?id=61574309661771\",\"https:\\\/\\\/www.instagram.com\\\/maison_essentielle_\\\/\"]}]}<\/script>\n<!-- \/ Yoast SEO plugin. -->","yoast_head_json":{"title":"Pantalon large facile \u00e0 coudre en gabardine souple \u00e9crue bio","description":"Un pantalon large, taille \u00e9lastiqu\u00e9e, facile \u00e0 coudre avec une gabardine souple lav\u00e9e \u00e9crue bio, cousu avec le patron du pantalon Bobo.","robots":{"index":"index","follow":"follow","max-snippet":"max-snippet:-1","max-image-preview":"max-image-preview:large","max-video-preview":"max-video-preview:-1"},"canonical":"https:\/\/maisonessentielle.com\/produit\/kit-a-coudre-le-pantalon-bobo-en-gabardine-souple-lavee-ecrue\/","og_locale":"fr_FR","og_type":"article","og_title":"Pantalon large facile \u00e0 coudre en gabardine souple \u00e9crue bio","og_description":"Un pantalon large, taille \u00e9lastiqu\u00e9e, facile \u00e0 coudre avec une gabardine souple lav\u00e9e \u00e9crue bio, cousu avec le patron du pantalon Bobo.","og_url":"https:\/\/maisonessentielle.com\/produit\/kit-a-coudre-le-pantalon-bobo-en-gabardine-souple-lavee-ecrue\/","og_site_name":"Maison Essentielle","article_publisher":"https:\/\/www.facebook.com\/profile.php?id=61574309661771","article_modified_time":"2026-03-29T07:11:12+00:00","og_image":[{"width":896,"height":1196,"url":"https:\/\/maisonessentielle.com\/wp-content\/uploads\/2026\/03\/blouse-Allure-bronze-et-pantalon-Bobo-gabardine-souple-ecru.png","type":"image\/png"}],"twitter_card":"summary_large_image","twitter_misc":{"Dur\u00e9e de lecture estim\u00e9e":"1 minute"},"schema":{"@context":"https:\/\/schema.org","@graph":[{"@type":"WebPage","@id":"https:\/\/maisonessentielle.com\/produit\/kit-a-coudre-le-pantalon-bobo-en-gabardine-souple-lavee-ecrue\/","url":"https:\/\/maisonessentielle.com\/produit\/kit-a-coudre-le-pantalon-bobo-en-gabardine-souple-lavee-ecrue\/","name":"Pantalon large facile \u00e0 coudre en gabardine souple \u00e9crue bio","isPartOf":{"@id":"https:\/\/maisonessentielle.com\/#website"},"primaryImageOfPage":{"@id":"https:\/\/maisonessentielle.com\/produit\/kit-a-coudre-le-pantalon-bobo-en-gabardine-souple-lavee-ecrue\/#primaryimage"},"image":{"@id":"https:\/\/maisonessentielle.com\/produit\/kit-a-coudre-le-pantalon-bobo-en-gabardine-souple-lavee-ecrue\/#primaryimage"},"thumbnailUrl":"https:\/\/maisonessentielle.com\/wp-content\/uploads\/2026\/03\/blouse-Allure-bronze-et-pantalon-Bobo-gabardine-souple-ecru.png","datePublished":"2026-03-29T07:00:20+00:00","dateModified":"2026-03-29T07:11:12+00:00","description":"Un pantalon large, taille \u00e9lastiqu\u00e9e, facile \u00e0 coudre avec une gabardine souple lav\u00e9e \u00e9crue bio, cousu avec le patron du pantalon Bobo.","breadcrumb":{"@id":"https:\/\/maisonessentielle.com\/produit\/kit-a-coudre-le-pantalon-bobo-en-gabardine-souple-lavee-ecrue\/#breadcrumb"},"inLanguage":"fr-FR","potentialAction":[{"@type":"ReadAction","target":["https:\/\/maisonessentielle.com\/produit\/kit-a-coudre-le-pantalon-bobo-en-gabardine-souple-lavee-ecrue\/"]}]},{"@type":"ImageObject","inLanguage":"fr-FR","@id":"https:\/\/maisonessentielle.com\/produit\/kit-a-coudre-le-pantalon-bobo-en-gabardine-souple-lavee-ecrue\/#primaryimage","url":"https:\/\/maisonessentielle.com\/wp-content\/uploads\/2026\/03\/blouse-Allure-bronze-et-pantalon-Bobo-gabardine-souple-ecru.png","contentUrl":"https:\/\/maisonessentielle.com\/wp-content\/uploads\/2026\/03\/blouse-Allure-bronze-et-pantalon-Bobo-gabardine-souple-ecru.png","width":896,"height":1196},{"@type":"BreadcrumbList","@id":"https:\/\/maisonessentielle.com\/produit\/kit-a-coudre-le-pantalon-bobo-en-gabardine-souple-lavee-ecrue\/#breadcrumb","itemListElement":[{"@type":"ListItem","position":1,"name":"Accueil","item":"https:\/\/maisonessentielle.com\/"},{"@type":"ListItem","position":2,"name":"Produits Essentiels","item":"https:\/\/maisonessentielle.com\/shop\/"},{"@type":"ListItem","position":3,"name":"KIT \u00c0 COUDRE &#8211; le pantalon Bobo en gabardine souple lav\u00e9e \u00e9crue"}]},{"@type":"WebSite","@id":"https:\/\/maisonessentielle.com\/#website","url":"https:\/\/maisonessentielle.com\/","name":"Maison Essentielle","description":"Vestiaire essentiel \u00e0 coudre ou \u00e0 porter","publisher":{"@id":"https:\/\/maisonessentielle.com\/#organization"},"potentialAction":[{"@type":"SearchAction","target":{"@type":"EntryPoint","urlTemplate":"https:\/\/maisonessentielle.com\/?s={search_term_string}"},"query-input":{"@type":"PropertyValueSpecification","valueRequired":true,"valueName":"search_term_string"}}],"inLanguage":"fr-FR"},{"@type":"Organization","@id":"https:\/\/maisonessentielle.com\/#organization","name":"Maison Essentielle","url":"https:\/\/maisonessentielle.com\/","logo":{"@type":"ImageObject","inLanguage":"fr-FR","@id":"https:\/\/maisonessentielle.com\/#\/schema\/logo\/image\/","url":"https:\/\/maisonessentielle.com\/wp-content\/uploads\/2022\/03\/MAISON-ESSENTIELLE_LOGO_facture-min.png","contentUrl":"https:\/\/maisonessentielle.com\/wp-content\/uploads\/2022\/03\/MAISON-ESSENTIELLE_LOGO_facture-min.png","width":400,"height":57,"caption":"Maison Essentielle"},"image":{"@id":"https:\/\/maisonessentielle.com\/#\/schema\/logo\/image\/"},"sameAs":["https:\/\/www.facebook.com\/profile.php?id=61574309661771","https:\/\/www.instagram.com\/maison_essentielle_\/"]}]}},"_links":{"self":[{"href":"https:\/\/maisonessentielle.com\/wp-json\/wp\/v2\/product\/61395","targetHints":{"allow":["GET"]}}],"collection":[{"href":"https:\/\/maisonessentielle.com\/wp-json\/wp\/v2\/product"}],"about":[{"href":"https:\/\/maisonessentielle.com\/wp-json\/wp\/v2\/types\/product"}],"replies":[{"embeddable":true,"href":"https:\/\/maisonessentielle.com\/wp-json\/wp\/v2\/comments?post=61395"}],"version-history":[{"count":3,"href":"https:\/\/maisonessentielle.com\/wp-json\/wp\/v2\/product\/61395\/revisions"}],"predecessor-version":[{"id":62046,"href":"https:\/\/maisonessentielle.com\/wp-json\/wp\/v2\/product\/61395\/revisions\/62046"}],"wp:featuredmedia":[{"embeddable":true,"href":"https:\/\/maisonessentielle.com\/wp-json\/wp\/v2\/media\/61975"}],"wp:attachment":[{"href":"https:\/\/maisonessentielle.com\/wp-json\/wp\/v2\/media?parent=61395"}],"wp:term":[{"taxonomy":"product_brand","embeddable":true,"href":"https:\/\/maisonessentielle.com\/wp-json\/wp\/v2\/product_brand?post=61395"},{"taxonomy":"product_cat","embeddable":true,"href":"https:\/\/maisonessentielle.com\/wp-json\/wp\/v2\/product_cat?post=61395"},{"taxonomy":"product_tag","embeddable":true,"href":"https:\/\/maisonessentielle.com\/wp-json\/wp\/v2\/product_tag?post=61395"}],"curies":[{"name":"wp","href":"https:\/\/api.w.org\/{rel}","templated":true}]}}