{"id":61273,"date":"2026-03-29T10:00:21","date_gmt":"2026-03-29T08:00:21","guid":{"rendered":"https:\/\/maisonessentielle.com\/?post_type=product&#038;p=61273"},"modified":"2026-04-29T21:16:14","modified_gmt":"2026-04-29T19:16:14","slug":"kit-a-coudre-le-sweat-parfait-en-molleton-bio-ecru-bord-cotes-ecru-oekotex","status":"publish","type":"product","link":"https:\/\/maisonessentielle.com\/produit\/kit-a-coudre-le-sweat-parfait-en-molleton-bio-ecru-bord-cotes-ecru-oekotex\/","title":{"rendered":"KIT \u00c0 COUDRE &#8211; le sweat Parfait en molleton bio \u00e9cru &#038; bord-c\u00f4tes \u00e9cru Oekotex"},"content":{"rendered":"<h2>Coudre facilement le<a href=\"https:\/\/maisonessentielle.com\/index.php\/accueil\/videos-de-montage\/\"> sweat Parfait<\/a><a href=\"https:\/\/maisonessentielle.com\/index.php\/accueil\/videos-de-montage\/\">\u00a0avec notre tuto couture et vid\u00e9o de montage<\/a><\/h2>\n<p><iframe title=\"YouTube video player\" src=\"https:\/\/www.youtube.com\/embed\/mbloFeNPjyY?si=yLu9z_Y10jo2FndB\" width=\"560\" height=\"315\" frameborder=\"0\" allowfullscreen=\"allowfullscreen\"><\/iframe><\/p>\n<h2><strong>Choisissez votre taille en vous r\u00e9f\u00e9rant \u00e0 ce tableau de mensurations (mesures en cm \u2013 stature 1,65m)<\/strong><\/h2>\n<table>\n<tbody>\n<tr>\n<td><b>Taille<\/b><\/td>\n<td><b>XS<\/b><\/td>\n<td><b>S<\/b><\/td>\n<td><b>M<\/b><\/td>\n<td><b>L<\/b><\/td>\n<td><b>XL<\/b><\/td>\n<\/tr>\n<tr>\n<td><b>Tour de poitrine<\/b><\/td>\n<td><span style=\"font-weight: 400;\">78-82<\/span><\/td>\n<td><span style=\"font-weight: 400;\">82-86<\/span><\/td>\n<td><span style=\"font-weight: 400;\">86-94<\/span><\/td>\n<td><span style=\"font-weight: 400;\">94-102<\/span><\/td>\n<td><span style=\"font-weight: 400;\">102-110<\/span><\/td>\n<\/tr>\n<tr>\n<td><b>Tour de taille<\/b><\/td>\n<td><span style=\"font-weight: 400;\">64-68<\/span><\/td>\n<td><span style=\"font-weight: 400;\">68-72<\/span><\/td>\n<td><span style=\"font-weight: 400;\">72-80<\/span><\/td>\n<td><span style=\"font-weight: 400;\">80-88<\/span><\/td>\n<td><span style=\"font-weight: 400;\">88-96<\/span><\/td>\n<\/tr>\n<tr>\n<td><b>Tour de hanches<\/b><\/td>\n<td><span style=\"font-weight: 400;\">84-88<\/span><\/td>\n<td><span style=\"font-weight: 400;\">88-92<\/span><\/td>\n<td><span style=\"font-weight: 400;\">92-100<\/span><\/td>\n<td><span style=\"font-weight: 400;\">100-108<\/span><\/td>\n<td><span style=\"font-weight: 400;\">108-116<\/span><\/td>\n<\/tr>\n<\/tbody>\n<\/table>\n<p>&nbsp;<\/p>\n<p style=\"text-align: center;\"><strong>Partagez nous votre r\u00e9alisation sur les r\u00e9seaux sociaux #lesweatparfait @maison_essentielle_<\/strong><\/p>\n","protected":false},"excerpt":{"rendered":"<p>&nbsp;<\/p>\n<h2>Un sweat \u00e0 la coupe parfaite en molleton \u00e9cru bio<\/h2>\n<p><strong>Notre intemporel sweat Parfait est un patron de couture pour coudre facilement\u00a0 un sweat \u00e0 la coupe l\u00e9g\u00e8rement loose et plongeante pour un port\u00e9 d\u00e9contract\u00e9. <\/strong>Il est volontairement court pour \u00eatre port\u00e9 au-dessus d\u2019une robe, d\u2019une chemise ou d&rsquo;un pantalon taille haute. Il est r\u00e9alis\u00e9 ici avec un bord c\u00f4te c\u00f4tel\u00e9 \u00e9cru coordonn\u00e9.<\/p>\n<ul>\n<li><strong>Niveau de couture facile\/interm\u00e9diaire<\/strong><\/li>\n<li><strong>Temps de r\u00e9alisation :<\/strong> 1h30 \u00e0 2h<\/li>\n<\/ul>\n<p>&nbsp;<\/p>\n<h2>Tissu : un molleton \u00e9pais \u00e9cru en coton bio<\/h2>\n<p><strong>Mati\u00e8re du tissu : <\/strong>molleton \u00e9pais et lourd \u00e9cru avec un envers bouclette, 100% coton bio, bord-c\u00f4tes c\u00f4tel\u00e9 \u00e9cru 95% coton\/5% \u00e9lasthanne<\/p>\n<p><strong>Format du coupon de tissu :<\/strong> 1.3m de molleton et 0.50m de bord-c\u00f4tes pour l&rsquo;encolure, les poignets et le bas de v\u00eatement &#8211; permettant de coudre <a href=\"https:\/\/maisonessentielle.com\/index.php\/produit\/patron-le-sweat-parfait\/\"><strong>le sweat Parfait<\/strong><\/a> ou <strong><a href=\"https:\/\/maisonessentielle.com\/produit\/patron-le-top-et-la-robe-marcel-marcy\/\">le top Marcy manches longues<\/a><\/strong> jusqu&rsquo;\u00e0 la taille XL<\/p>\n<p><strong>Qualit\u00e9 du tissu : <\/strong>un molleton bio \u00e9pais et lourd avec un tr\u00e8s beau tomb\u00e9, il peut s&rsquo;utiliser sur l&rsquo;endroit (lisse) et sur l&rsquo;envers (bouclette)<\/p>\n<p><strong>Laize<\/strong> <strong>du tissu<\/strong> : 150cm &#8211;\u00a0 <strong>Poids<\/strong> <strong>du tissu :<\/strong> 380g\/m\u00b2<\/p>\n<p><strong>Conseils d&rsquo;entretien pour ce tissu : Retrait<\/strong> : pas de retrait au 1er lavage &#8211; <strong>Lavage<\/strong> en machine \u00e0 30\u00b0 &#8211; <strong>Pas de s\u00e8che linge<\/strong> &#8211; <strong>Repassage<\/strong> doux<\/p>\n<p>&nbsp;<\/p>\n<h2>Conseil taille pour coudre le Sweat Parfait<\/h2>\n<p>Choisissez votre taille en vous r\u00e9f\u00e9rant au tableau de mensurations en bas de page et trouvez la taille id\u00e9ale en consultant <strong><a href=\"https:\/\/maisonessentielle.com\/index.php\/guide-des-tailles\/\">notre guide des tailles<\/a><\/strong>. Le sweat Parfait ne taille pas grand, nous vous conseillons de surtailler d&rsquo;une taille pour un cot\u00e9 plus oversize Val\u00e9rie <em>(1,65m \/ 86-72-90) <\/em><em>\u00a0<\/em><em>porte la taille M.<\/em><\/p>\n<p>&nbsp;<\/p>\n<h3><strong>Retrouvez la vid\u00e9o de montage du sweat Parfait en bas de cette page.<\/strong><\/h3>\n","protected":false},"featured_media":61670,"comment_status":"open","ping_status":"closed","template":"","meta":{"_acf_changed":false,"site-sidebar-layout":"default","site-content-layout":"default","ast-site-content-layout":"default","site-content-style":"default","site-sidebar-style":"default","ast-global-header-display":"","ast-banner-title-visibility":"","ast-main-header-display":"","ast-hfb-above-header-display":"","ast-hfb-below-header-display":"","ast-hfb-mobile-header-display":"","site-post-title":"","ast-breadcrumbs-content":"","ast-featured-img":"","footer-sml-layout":"","ast-disable-related-posts":"","theme-transparent-header-meta":"default","adv-header-id-meta":"","stick-header-meta":"default","header-above-stick-meta":"","header-main-stick-meta":"","header-below-stick-meta":"","astra-migrate-meta-layouts":"set","ast-page-background-enabled":"default","ast-page-background-meta":{"desktop":{"background-color":"","background-image":"","background-repeat":"repeat","background-position":"center center","background-size":"auto","background-attachment":"scroll","background-type":"","background-media":"","overlay-type":"","overlay-color":"","overlay-opacity":"","overlay-gradient":""},"tablet":{"background-color":"","background-image":"","background-repeat":"repeat","background-position":"center center","background-size":"auto","background-attachment":"scroll","background-type":"","background-media":"","overlay-type":"","overlay-color":"","overlay-opacity":"","overlay-gradient":""},"mobile":{"background-color":"","background-image":"","background-repeat":"repeat","background-position":"center center","background-size":"auto","background-attachment":"scroll","background-type":"","background-media":"","overlay-type":"","overlay-color":"","overlay-opacity":"","overlay-gradient":""}},"ast-content-background-meta":{"desktop":{"background-color":"var(--ast-global-color-5)","background-image":"","background-repeat":"repeat","background-position":"center center","background-size":"auto","background-attachment":"scroll","background-type":"","background-media":"","overlay-type":"","overlay-color":"","overlay-opacity":"","overlay-gradient":""},"tablet":{"background-color":"var(--ast-global-color-5)","background-image":"","background-repeat":"repeat","background-position":"center center","background-size":"auto","background-attachment":"scroll","background-type":"","background-media":"","overlay-type":"","overlay-color":"","overlay-opacity":"","overlay-gradient":""},"mobile":{"background-color":"var(--ast-global-color-5)","background-image":"","background-repeat":"repeat","background-position":"center center","background-size":"auto","background-attachment":"scroll","background-type":"","background-media":"","overlay-type":"","overlay-color":"","overlay-opacity":"","overlay-gradient":""}}},"product_brand":[],"product_cat":[168,214],"product_tag":[],"class_list":{"0":"post-61273","1":"product","2":"type-product","3":"status-publish","4":"has-post-thumbnail","6":"product_cat-kit-de-couture-adulte","7":"product_cat-vestiaire-a-coudre","8":"desktop-align-center","9":"tablet-align-center","10":"mobile-align-center","11":"ast-product-gallery-layout-horizontal","12":"ast-magnify-disabled","13":"ast-product-tabs-layout-horizontal","15":"first","16":"instock","17":"taxable","18":"purchasable","19":"product-type-woosb"},"acf":[],"yoast_head":"<!-- This site is optimized with the Yoast SEO plugin v27.3 - https:\/\/yoast.com\/product\/yoast-seo-wordpress\/ -->\n<title>Sweat coupe courte, facile \u00e0 coudre en molleton \u00e9pais bio \u00e9cru<\/title>\n<meta name=\"description\" content=\"Un sweat \u00e0 la coupe parfaite, facile \u00e0 coudre avec un molleton \u00e9pais bio \u00e9cru et bord-c\u00f4tes \u00e9cru, cousu avec le patron du Sweat et Tee-shirt Parfait.\" \/>\n<meta name=\"robots\" content=\"index, follow, max-snippet:-1, max-image-preview:large, max-video-preview:-1\" \/>\n<link rel=\"canonical\" href=\"https:\/\/maisonessentielle.com\/produit\/kit-a-coudre-le-sweat-parfait-en-molleton-bio-ecru-bord-cotes-ecru-oekotex\/\" \/>\n<meta property=\"og:locale\" content=\"fr_FR\" \/>\n<meta property=\"og:type\" content=\"article\" \/>\n<meta property=\"og:title\" content=\"Sweat coupe courte, facile \u00e0 coudre en molleton \u00e9pais bio \u00e9cru\" \/>\n<meta property=\"og:description\" content=\"Un sweat \u00e0 la coupe parfaite, facile \u00e0 coudre avec un molleton \u00e9pais bio \u00e9cru et bord-c\u00f4tes \u00e9cru, cousu avec le patron du Sweat et Tee-shirt Parfait.\" \/>\n<meta property=\"og:url\" content=\"https:\/\/maisonessentielle.com\/produit\/kit-a-coudre-le-sweat-parfait-en-molleton-bio-ecru-bord-cotes-ecru-oekotex\/\" \/>\n<meta property=\"og:site_name\" content=\"Maison Essentielle\" \/>\n<meta property=\"article:publisher\" content=\"https:\/\/www.facebook.com\/profile.php?id=61574309661771\" \/>\n<meta property=\"article:modified_time\" content=\"2026-04-29T19:16:14+00:00\" \/>\n<meta property=\"og:image\" content=\"https:\/\/maisonessentielle.com\/wp-content\/uploads\/2026\/03\/sweat-parfait-molleton-ecru-bio-maison-essentielle.jpg\" \/>\n\t<meta property=\"og:image:width\" content=\"1417\" \/>\n\t<meta property=\"og:image:height\" content=\"1890\" \/>\n\t<meta property=\"og:image:type\" content=\"image\/jpeg\" \/>\n<meta name=\"twitter:card\" content=\"summary_large_image\" \/>\n<meta name=\"twitter:label1\" content=\"Dur\u00e9e de lecture estim\u00e9e\" \/>\n\t<meta name=\"twitter:data1\" content=\"1 minute\" \/>\n<script type=\"application\/ld+json\" class=\"yoast-schema-graph\">{\"@context\":\"https:\\\/\\\/schema.org\",\"@graph\":[{\"@type\":\"WebPage\",\"@id\":\"https:\\\/\\\/maisonessentielle.com\\\/produit\\\/kit-a-coudre-le-sweat-parfait-en-molleton-bio-ecru-bord-cotes-ecru-oekotex\\\/\",\"url\":\"https:\\\/\\\/maisonessentielle.com\\\/produit\\\/kit-a-coudre-le-sweat-parfait-en-molleton-bio-ecru-bord-cotes-ecru-oekotex\\\/\",\"name\":\"Sweat coupe courte, facile \u00e0 coudre en molleton \u00e9pais bio \u00e9cru\",\"isPartOf\":{\"@id\":\"https:\\\/\\\/maisonessentielle.com\\\/#website\"},\"primaryImageOfPage\":{\"@id\":\"https:\\\/\\\/maisonessentielle.com\\\/produit\\\/kit-a-coudre-le-sweat-parfait-en-molleton-bio-ecru-bord-cotes-ecru-oekotex\\\/#primaryimage\"},\"image\":{\"@id\":\"https:\\\/\\\/maisonessentielle.com\\\/produit\\\/kit-a-coudre-le-sweat-parfait-en-molleton-bio-ecru-bord-cotes-ecru-oekotex\\\/#primaryimage\"},\"thumbnailUrl\":\"https:\\\/\\\/maisonessentielle.com\\\/wp-content\\\/uploads\\\/2026\\\/03\\\/sweat-parfait-molleton-ecru-bio-maison-essentielle.jpg\",\"datePublished\":\"2026-03-29T08:00:21+00:00\",\"dateModified\":\"2026-04-29T19:16:14+00:00\",\"description\":\"Un sweat \u00e0 la coupe parfaite, facile \u00e0 coudre avec un molleton \u00e9pais bio \u00e9cru et bord-c\u00f4tes \u00e9cru, cousu avec le patron du Sweat et Tee-shirt Parfait.\",\"breadcrumb\":{\"@id\":\"https:\\\/\\\/maisonessentielle.com\\\/produit\\\/kit-a-coudre-le-sweat-parfait-en-molleton-bio-ecru-bord-cotes-ecru-oekotex\\\/#breadcrumb\"},\"inLanguage\":\"fr-FR\",\"potentialAction\":[{\"@type\":\"ReadAction\",\"target\":[\"https:\\\/\\\/maisonessentielle.com\\\/produit\\\/kit-a-coudre-le-sweat-parfait-en-molleton-bio-ecru-bord-cotes-ecru-oekotex\\\/\"]}]},{\"@type\":\"ImageObject\",\"inLanguage\":\"fr-FR\",\"@id\":\"https:\\\/\\\/maisonessentielle.com\\\/produit\\\/kit-a-coudre-le-sweat-parfait-en-molleton-bio-ecru-bord-cotes-ecru-oekotex\\\/#primaryimage\",\"url\":\"https:\\\/\\\/maisonessentielle.com\\\/wp-content\\\/uploads\\\/2026\\\/03\\\/sweat-parfait-molleton-ecru-bio-maison-essentielle.jpg\",\"contentUrl\":\"https:\\\/\\\/maisonessentielle.com\\\/wp-content\\\/uploads\\\/2026\\\/03\\\/sweat-parfait-molleton-ecru-bio-maison-essentielle.jpg\",\"width\":1417,\"height\":1890},{\"@type\":\"BreadcrumbList\",\"@id\":\"https:\\\/\\\/maisonessentielle.com\\\/produit\\\/kit-a-coudre-le-sweat-parfait-en-molleton-bio-ecru-bord-cotes-ecru-oekotex\\\/#breadcrumb\",\"itemListElement\":[{\"@type\":\"ListItem\",\"position\":1,\"name\":\"Accueil\",\"item\":\"https:\\\/\\\/maisonessentielle.com\\\/\"},{\"@type\":\"ListItem\",\"position\":2,\"name\":\"Produits Essentiels\",\"item\":\"https:\\\/\\\/maisonessentielle.com\\\/shop\\\/\"},{\"@type\":\"ListItem\",\"position\":3,\"name\":\"KIT \u00c0 COUDRE &#8211; le sweat Parfait en molleton bio \u00e9cru &#038; bord-c\u00f4tes \u00e9cru Oekotex\"}]},{\"@type\":\"WebSite\",\"@id\":\"https:\\\/\\\/maisonessentielle.com\\\/#website\",\"url\":\"https:\\\/\\\/maisonessentielle.com\\\/\",\"name\":\"Maison Essentielle\",\"description\":\"Vestiaire essentiel \u00e0 coudre ou \u00e0 porter\",\"publisher\":{\"@id\":\"https:\\\/\\\/maisonessentielle.com\\\/#organization\"},\"potentialAction\":[{\"@type\":\"SearchAction\",\"target\":{\"@type\":\"EntryPoint\",\"urlTemplate\":\"https:\\\/\\\/maisonessentielle.com\\\/?s={search_term_string}\"},\"query-input\":{\"@type\":\"PropertyValueSpecification\",\"valueRequired\":true,\"valueName\":\"search_term_string\"}}],\"inLanguage\":\"fr-FR\"},{\"@type\":\"Organization\",\"@id\":\"https:\\\/\\\/maisonessentielle.com\\\/#organization\",\"name\":\"Maison Essentielle\",\"url\":\"https:\\\/\\\/maisonessentielle.com\\\/\",\"logo\":{\"@type\":\"ImageObject\",\"inLanguage\":\"fr-FR\",\"@id\":\"https:\\\/\\\/maisonessentielle.com\\\/#\\\/schema\\\/logo\\\/image\\\/\",\"url\":\"https:\\\/\\\/maisonessentielle.com\\\/wp-content\\\/uploads\\\/2022\\\/03\\\/MAISON-ESSENTIELLE_LOGO_facture-min.png\",\"contentUrl\":\"https:\\\/\\\/maisonessentielle.com\\\/wp-content\\\/uploads\\\/2022\\\/03\\\/MAISON-ESSENTIELLE_LOGO_facture-min.png\",\"width\":400,\"height\":57,\"caption\":\"Maison Essentielle\"},\"image\":{\"@id\":\"https:\\\/\\\/maisonessentielle.com\\\/#\\\/schema\\\/logo\\\/image\\\/\"},\"sameAs\":[\"https:\\\/\\\/www.facebook.com\\\/profile.php?id=61574309661771\",\"https:\\\/\\\/www.instagram.com\\\/maison_essentielle_\\\/\"]}]}<\/script>\n<!-- \/ Yoast SEO plugin. -->","yoast_head_json":{"title":"Sweat coupe courte, facile \u00e0 coudre en molleton \u00e9pais bio \u00e9cru","description":"Un sweat \u00e0 la coupe parfaite, facile \u00e0 coudre avec un molleton \u00e9pais bio \u00e9cru et bord-c\u00f4tes \u00e9cru, cousu avec le patron du Sweat et Tee-shirt Parfait.","robots":{"index":"index","follow":"follow","max-snippet":"max-snippet:-1","max-image-preview":"max-image-preview:large","max-video-preview":"max-video-preview:-1"},"canonical":"https:\/\/maisonessentielle.com\/produit\/kit-a-coudre-le-sweat-parfait-en-molleton-bio-ecru-bord-cotes-ecru-oekotex\/","og_locale":"fr_FR","og_type":"article","og_title":"Sweat coupe courte, facile \u00e0 coudre en molleton \u00e9pais bio \u00e9cru","og_description":"Un sweat \u00e0 la coupe parfaite, facile \u00e0 coudre avec un molleton \u00e9pais bio \u00e9cru et bord-c\u00f4tes \u00e9cru, cousu avec le patron du Sweat et Tee-shirt Parfait.","og_url":"https:\/\/maisonessentielle.com\/produit\/kit-a-coudre-le-sweat-parfait-en-molleton-bio-ecru-bord-cotes-ecru-oekotex\/","og_site_name":"Maison Essentielle","article_publisher":"https:\/\/www.facebook.com\/profile.php?id=61574309661771","article_modified_time":"2026-04-29T19:16:14+00:00","og_image":[{"width":1417,"height":1890,"url":"https:\/\/maisonessentielle.com\/wp-content\/uploads\/2026\/03\/sweat-parfait-molleton-ecru-bio-maison-essentielle.jpg","type":"image\/jpeg"}],"twitter_card":"summary_large_image","twitter_misc":{"Dur\u00e9e de lecture estim\u00e9e":"1 minute"},"schema":{"@context":"https:\/\/schema.org","@graph":[{"@type":"WebPage","@id":"https:\/\/maisonessentielle.com\/produit\/kit-a-coudre-le-sweat-parfait-en-molleton-bio-ecru-bord-cotes-ecru-oekotex\/","url":"https:\/\/maisonessentielle.com\/produit\/kit-a-coudre-le-sweat-parfait-en-molleton-bio-ecru-bord-cotes-ecru-oekotex\/","name":"Sweat coupe courte, facile \u00e0 coudre en molleton \u00e9pais bio \u00e9cru","isPartOf":{"@id":"https:\/\/maisonessentielle.com\/#website"},"primaryImageOfPage":{"@id":"https:\/\/maisonessentielle.com\/produit\/kit-a-coudre-le-sweat-parfait-en-molleton-bio-ecru-bord-cotes-ecru-oekotex\/#primaryimage"},"image":{"@id":"https:\/\/maisonessentielle.com\/produit\/kit-a-coudre-le-sweat-parfait-en-molleton-bio-ecru-bord-cotes-ecru-oekotex\/#primaryimage"},"thumbnailUrl":"https:\/\/maisonessentielle.com\/wp-content\/uploads\/2026\/03\/sweat-parfait-molleton-ecru-bio-maison-essentielle.jpg","datePublished":"2026-03-29T08:00:21+00:00","dateModified":"2026-04-29T19:16:14+00:00","description":"Un sweat \u00e0 la coupe parfaite, facile \u00e0 coudre avec un molleton \u00e9pais bio \u00e9cru et bord-c\u00f4tes \u00e9cru, cousu avec le patron du Sweat et Tee-shirt Parfait.","breadcrumb":{"@id":"https:\/\/maisonessentielle.com\/produit\/kit-a-coudre-le-sweat-parfait-en-molleton-bio-ecru-bord-cotes-ecru-oekotex\/#breadcrumb"},"inLanguage":"fr-FR","potentialAction":[{"@type":"ReadAction","target":["https:\/\/maisonessentielle.com\/produit\/kit-a-coudre-le-sweat-parfait-en-molleton-bio-ecru-bord-cotes-ecru-oekotex\/"]}]},{"@type":"ImageObject","inLanguage":"fr-FR","@id":"https:\/\/maisonessentielle.com\/produit\/kit-a-coudre-le-sweat-parfait-en-molleton-bio-ecru-bord-cotes-ecru-oekotex\/#primaryimage","url":"https:\/\/maisonessentielle.com\/wp-content\/uploads\/2026\/03\/sweat-parfait-molleton-ecru-bio-maison-essentielle.jpg","contentUrl":"https:\/\/maisonessentielle.com\/wp-content\/uploads\/2026\/03\/sweat-parfait-molleton-ecru-bio-maison-essentielle.jpg","width":1417,"height":1890},{"@type":"BreadcrumbList","@id":"https:\/\/maisonessentielle.com\/produit\/kit-a-coudre-le-sweat-parfait-en-molleton-bio-ecru-bord-cotes-ecru-oekotex\/#breadcrumb","itemListElement":[{"@type":"ListItem","position":1,"name":"Accueil","item":"https:\/\/maisonessentielle.com\/"},{"@type":"ListItem","position":2,"name":"Produits Essentiels","item":"https:\/\/maisonessentielle.com\/shop\/"},{"@type":"ListItem","position":3,"name":"KIT \u00c0 COUDRE &#8211; le sweat Parfait en molleton bio \u00e9cru &#038; bord-c\u00f4tes \u00e9cru Oekotex"}]},{"@type":"WebSite","@id":"https:\/\/maisonessentielle.com\/#website","url":"https:\/\/maisonessentielle.com\/","name":"Maison Essentielle","description":"Vestiaire essentiel \u00e0 coudre ou \u00e0 porter","publisher":{"@id":"https:\/\/maisonessentielle.com\/#organization"},"potentialAction":[{"@type":"SearchAction","target":{"@type":"EntryPoint","urlTemplate":"https:\/\/maisonessentielle.com\/?s={search_term_string}"},"query-input":{"@type":"PropertyValueSpecification","valueRequired":true,"valueName":"search_term_string"}}],"inLanguage":"fr-FR"},{"@type":"Organization","@id":"https:\/\/maisonessentielle.com\/#organization","name":"Maison Essentielle","url":"https:\/\/maisonessentielle.com\/","logo":{"@type":"ImageObject","inLanguage":"fr-FR","@id":"https:\/\/maisonessentielle.com\/#\/schema\/logo\/image\/","url":"https:\/\/maisonessentielle.com\/wp-content\/uploads\/2022\/03\/MAISON-ESSENTIELLE_LOGO_facture-min.png","contentUrl":"https:\/\/maisonessentielle.com\/wp-content\/uploads\/2022\/03\/MAISON-ESSENTIELLE_LOGO_facture-min.png","width":400,"height":57,"caption":"Maison Essentielle"},"image":{"@id":"https:\/\/maisonessentielle.com\/#\/schema\/logo\/image\/"},"sameAs":["https:\/\/www.facebook.com\/profile.php?id=61574309661771","https:\/\/www.instagram.com\/maison_essentielle_\/"]}]}},"_links":{"self":[{"href":"https:\/\/maisonessentielle.com\/wp-json\/wp\/v2\/product\/61273","targetHints":{"allow":["GET"]}}],"collection":[{"href":"https:\/\/maisonessentielle.com\/wp-json\/wp\/v2\/product"}],"about":[{"href":"https:\/\/maisonessentielle.com\/wp-json\/wp\/v2\/types\/product"}],"replies":[{"embeddable":true,"href":"https:\/\/maisonessentielle.com\/wp-json\/wp\/v2\/comments?post=61273"}],"version-history":[{"count":4,"href":"https:\/\/maisonessentielle.com\/wp-json\/wp\/v2\/product\/61273\/revisions"}],"predecessor-version":[{"id":63323,"href":"https:\/\/maisonessentielle.com\/wp-json\/wp\/v2\/product\/61273\/revisions\/63323"}],"wp:featuredmedia":[{"embeddable":true,"href":"https:\/\/maisonessentielle.com\/wp-json\/wp\/v2\/media\/61670"}],"wp:attachment":[{"href":"https:\/\/maisonessentielle.com\/wp-json\/wp\/v2\/media?parent=61273"}],"wp:term":[{"taxonomy":"product_brand","embeddable":true,"href":"https:\/\/maisonessentielle.com\/wp-json\/wp\/v2\/product_brand?post=61273"},{"taxonomy":"product_cat","embeddable":true,"href":"https:\/\/maisonessentielle.com\/wp-json\/wp\/v2\/product_cat?post=61273"},{"taxonomy":"product_tag","embeddable":true,"href":"https:\/\/maisonessentielle.com\/wp-json\/wp\/v2\/product_tag?post=61273"}],"curies":[{"name":"wp","href":"https:\/\/api.w.org\/{rel}","templated":true}]}}