{"id":61256,"date":"2026-03-29T10:00:39","date_gmt":"2026-03-29T08:00:39","guid":{"rendered":"https:\/\/maisonessentielle.com\/?post_type=product&#038;p=61256"},"modified":"2026-04-01T15:00:38","modified_gmt":"2026-04-01T13:00:38","slug":"kit-a-coudre-la-blouse-a-volants-en-lin-coton-raye-cassis","status":"publish","type":"product","link":"https:\/\/maisonessentielle.com\/produit\/kit-a-coudre-la-blouse-a-volants-en-lin-coton-raye-cassis\/","title":{"rendered":"KIT \u00c0 COUDRE &#8211; la blouse \u00e0 volants en lin\/coton ray\u00e9 cassis"},"content":{"rendered":"<div>\n<h2><strong>Coudre facilement la blouse \u00e0 volants avec notre tuto couture et vid\u00e9o<\/strong><\/h2>\n<\/div>\n<p><iframe title=\"YouTube video player\" src=\"https:\/\/www.youtube.com\/embed\/vwATTxxgUsE?si=yW6sdbupBb9ih9_N\" width=\"560\" height=\"315\" frameborder=\"0\" allowfullscreen=\"allowfullscreen\"><\/iframe><\/p>\n<h2><strong>Choisissez votre taille en vous r\u00e9f\u00e9rant \u00e0 ce tableau de mensurations (mesures en cm \u2013 stature 1,65m)<\/strong><\/h2>\n<table>\n<tbody>\n<tr>\n<td><b>Taille<\/b><\/td>\n<td><b>XS<\/b><\/td>\n<td><b>S<\/b><\/td>\n<td><b>M<\/b><\/td>\n<td><b>L<\/b><\/td>\n<td><b>XL<\/b><\/td>\n<\/tr>\n<tr>\n<td><b>Tour de poitrine<\/b><\/td>\n<td><span style=\"font-weight: 400;\">78-82<\/span><\/td>\n<td><span style=\"font-weight: 400;\">82-86<\/span><\/td>\n<td><span style=\"font-weight: 400;\">86-94<\/span><\/td>\n<td><span style=\"font-weight: 400;\">94-102<\/span><\/td>\n<td><span style=\"font-weight: 400;\">102-110<\/span><\/td>\n<\/tr>\n<tr>\n<td><b>Tour de taille<\/b><\/td>\n<td><span style=\"font-weight: 400;\">64-68<\/span><\/td>\n<td><span style=\"font-weight: 400;\">68-72<\/span><\/td>\n<td><span style=\"font-weight: 400;\">72-80<\/span><\/td>\n<td><span style=\"font-weight: 400;\">80-88<\/span><\/td>\n<td><span style=\"font-weight: 400;\">88-96<\/span><\/td>\n<\/tr>\n<tr>\n<td><b>Tour de hanches<\/b><\/td>\n<td><span style=\"font-weight: 400;\">84-88<\/span><\/td>\n<td><span style=\"font-weight: 400;\">88-92<\/span><\/td>\n<td><span style=\"font-weight: 400;\">92-100<\/span><\/td>\n<td><span style=\"font-weight: 400;\">100-108<\/span><\/td>\n<td><span style=\"font-weight: 400;\">108-116<\/span><\/td>\n<\/tr>\n<\/tbody>\n<\/table>\n<p style=\"text-align: center;\"><strong>Partagez-nous votre r\u00e9alisation sur les r\u00e9seaux sociaux #lablousesimple @maison_essentielle_<\/strong><\/p>\n<p style=\"text-align: center;\">\n","protected":false},"excerpt":{"rendered":"<p>&nbsp;<\/p>\n<h2>Une blouse toute simple avec des manches \u00e0 volants en coton\/lin ray\u00e9 cassis &amp; \u00e9cru<\/h2>\n<p><strong>La blouse \u00e0 volants est un patron de couture pour coudre une pi\u00e8ce simple et rapide, qui remplace facilement un tee-shirt avec plus de f\u00e9minit\u00e9 et de caract\u00e8re. Elle est \u00e0 la fois minimaliste, f\u00e9minine et d\u00e9contract\u00e9e avec ses manches basses et sa jolie encolure. Simple \u00e0 r\u00e9aliser, elle n\u2019a ni pinces, ni boutonnage et s\u2019enfile par la t\u00eate.<\/strong><\/p>\n<ul>\n<li><strong>Niveau de couture facile \u00e0 interm\u00e9diaire. <\/strong>Ce patron est id\u00e9al pour coudre une premi\u00e8re blouse, \u00e0 r\u00e9aliser avec les enformes pour une premi\u00e8re fois, puis avec un biais invisible d&rsquo;encolure pour se perfectionner.<\/li>\n<li><strong>Temps de r\u00e9alisation :<\/strong> 2h30 \u00e0 3h30 en fonction de la version choisie<\/li>\n<li><strong>Taille du volant : <\/strong>pour obtenir un grand volant, nous avons simplement r\u00e9alis\u00e9 un ourlet sur la pi\u00e8ce \u00ab\u00a0volant\u00a0\u00bb du patron, sans replier le tissu sur la ligne de pliure milieu qui figure sur le patron. Si votre patron date de 2020 (version ant\u00e9rieure du patron) vous pouvez doubler la largeur du volant pour obtenir ce rendu grand volant avec ourlet.<\/li>\n<\/ul>\n<p>&nbsp;<\/p>\n<h2>Tissu : un coton\/lin ray\u00e9 cassis &amp; \u00e9cru, souple &amp; doux<\/h2>\n<p><strong>Mati\u00e8re du tissu : <\/strong>tr\u00e8s beau lin &amp; coton m\u00e9lang\u00e9 ray\u00e9 cassis &amp; \u00e9cru, 50% lin\/50% coton<\/p>\n<p><strong>Format du coupon de tissu :<\/strong> 1.2m &#8211; permettant de coudre <a href=\"https:\/\/maisonessentielle.com\/index.php\/produit\/patron-la-blouse-a-volants\"><strong>la blouse Simple ou \u00e0 Volants<\/strong><\/a> jusqu&rsquo;\u00e0 la taille XL<\/p>\n<p><strong>Qualit\u00e9 du tissu : <\/strong>un lin\/coton doux et agr\u00e9able \u00e0 porter pour les beaux jours<\/p>\n<p><strong>Laize<\/strong> <strong>du tissu<\/strong> : 145cm &#8211;\u00a0 <strong>Poids<\/strong> <strong>du tissu :<\/strong> 150g\/m\u00b2<\/p>\n<p><strong>Retrait<\/strong>\u00a0 2.4% au 1er lavage &#8211; <strong>Lavage<\/strong> en machine \u00e0 30\u00b0 &#8211; <strong>Pas de s\u00e8che-linge &#8211; Repassage : <\/strong>doux<\/p>\n<p>&nbsp;<\/p>\n<h2>Conseil taille pour coudre la blouse Simple ou \u00e0 Volants<\/h2>\n<p>Choisissez votre taille en vous r\u00e9f\u00e9rant au tableau de mensurations en bas de page et trouvez la taille id\u00e9ale en consultant <strong><a href=\"https:\/\/maisonessentielle.com\/index.php\/guide-des-tailles\/\">notre guide des tailles<\/a><\/strong>. Val\u00e9rie <em>(1,65m \/ 86-72-90) <\/em><em>\u00a0<\/em><em>porte la taille\u00a0 S.<\/em><\/p>\n<p>&nbsp;<\/p>\n<h3><strong>Retrouvez la vid\u00e9o de montage de la blouse Simple ou \u00e0 Volants en bas de cette page.<\/strong><\/h3>\n","protected":false},"featured_media":61554,"comment_status":"open","ping_status":"closed","template":"","meta":{"_acf_changed":false,"site-sidebar-layout":"default","site-content-layout":"default","ast-site-content-layout":"default","site-content-style":"default","site-sidebar-style":"default","ast-global-header-display":"","ast-banner-title-visibility":"","ast-main-header-display":"","ast-hfb-above-header-display":"","ast-hfb-below-header-display":"","ast-hfb-mobile-header-display":"","site-post-title":"","ast-breadcrumbs-content":"","ast-featured-img":"","footer-sml-layout":"","ast-disable-related-posts":"","theme-transparent-header-meta":"default","adv-header-id-meta":"","stick-header-meta":"default","header-above-stick-meta":"","header-main-stick-meta":"","header-below-stick-meta":"","astra-migrate-meta-layouts":"set","ast-page-background-enabled":"default","ast-page-background-meta":{"desktop":{"background-color":"","background-image":"","background-repeat":"repeat","background-position":"center center","background-size":"auto","background-attachment":"scroll","background-type":"","background-media":"","overlay-type":"","overlay-color":"","overlay-opacity":"","overlay-gradient":""},"tablet":{"background-color":"","background-image":"","background-repeat":"repeat","background-position":"center center","background-size":"auto","background-attachment":"scroll","background-type":"","background-media":"","overlay-type":"","overlay-color":"","overlay-opacity":"","overlay-gradient":""},"mobile":{"background-color":"","background-image":"","background-repeat":"repeat","background-position":"center center","background-size":"auto","background-attachment":"scroll","background-type":"","background-media":"","overlay-type":"","overlay-color":"","overlay-opacity":"","overlay-gradient":""}},"ast-content-background-meta":{"desktop":{"background-color":"var(--ast-global-color-5)","background-image":"","background-repeat":"repeat","background-position":"center center","background-size":"auto","background-attachment":"scroll","background-type":"","background-media":"","overlay-type":"","overlay-color":"","overlay-opacity":"","overlay-gradient":""},"tablet":{"background-color":"var(--ast-global-color-5)","background-image":"","background-repeat":"repeat","background-position":"center center","background-size":"auto","background-attachment":"scroll","background-type":"","background-media":"","overlay-type":"","overlay-color":"","overlay-opacity":"","overlay-gradient":""},"mobile":{"background-color":"var(--ast-global-color-5)","background-image":"","background-repeat":"repeat","background-position":"center center","background-size":"auto","background-attachment":"scroll","background-type":"","background-media":"","overlay-type":"","overlay-color":"","overlay-opacity":"","overlay-gradient":""}}},"product_brand":[],"product_cat":[168,214],"product_tag":[],"class_list":{"0":"post-61256","1":"product","2":"type-product","3":"status-publish","4":"has-post-thumbnail","6":"product_cat-kit-de-couture-adulte","7":"product_cat-vestiaire-a-coudre","8":"desktop-align-center","9":"tablet-align-center","10":"mobile-align-center","11":"ast-product-gallery-layout-horizontal","12":"ast-magnify-disabled","13":"ast-product-tabs-layout-horizontal","15":"first","16":"instock","17":"taxable","18":"purchasable","19":"product-type-woosb"},"acf":[],"yoast_head":"<!-- This site is optimized with the Yoast SEO plugin v27.3 - https:\/\/yoast.com\/product\/yoast-seo-wordpress\/ -->\n<title>Blouse manches courtes \u00e0 volants en coton\/lin ray\u00e9 cassis<\/title>\n<meta name=\"description\" content=\"Une blouse manches courtes avec de jolis volants en coton\/lin ray\u00e9 cassis, cousue avec le patron de la blouse Simple ou \u00e0 volants.\" \/>\n<meta name=\"robots\" content=\"index, follow, max-snippet:-1, max-image-preview:large, max-video-preview:-1\" \/>\n<link rel=\"canonical\" href=\"https:\/\/maisonessentielle.com\/produit\/kit-a-coudre-la-blouse-a-volants-en-lin-coton-raye-cassis\/\" \/>\n<meta property=\"og:locale\" content=\"fr_FR\" \/>\n<meta property=\"og:type\" content=\"article\" \/>\n<meta property=\"og:title\" content=\"Blouse manches courtes \u00e0 volants en coton\/lin ray\u00e9 cassis\" \/>\n<meta property=\"og:description\" content=\"Une blouse manches courtes avec de jolis volants en coton\/lin ray\u00e9 cassis, cousue avec le patron de la blouse Simple ou \u00e0 volants.\" \/>\n<meta property=\"og:url\" content=\"https:\/\/maisonessentielle.com\/produit\/kit-a-coudre-la-blouse-a-volants-en-lin-coton-raye-cassis\/\" \/>\n<meta property=\"og:site_name\" content=\"Maison Essentielle\" \/>\n<meta property=\"article:publisher\" content=\"https:\/\/www.facebook.com\/profile.php?id=61574309661771\" \/>\n<meta property=\"article:modified_time\" content=\"2026-04-01T13:00:38+00:00\" \/>\n<meta property=\"og:image\" content=\"https:\/\/maisonessentielle.com\/wp-content\/uploads\/2026\/03\/bobo-gabardine-souple-ecru-et-blouse-volants-raye-cassis-1.jpg\" \/>\n\t<meta property=\"og:image:width\" content=\"1417\" \/>\n\t<meta property=\"og:image:height\" content=\"1890\" \/>\n\t<meta property=\"og:image:type\" content=\"image\/jpeg\" \/>\n<meta name=\"twitter:card\" content=\"summary_large_image\" \/>\n<meta name=\"twitter:label1\" content=\"Dur\u00e9e de lecture estim\u00e9e\" \/>\n\t<meta name=\"twitter:data1\" content=\"1 minute\" \/>\n<script type=\"application\/ld+json\" class=\"yoast-schema-graph\">{\"@context\":\"https:\\\/\\\/schema.org\",\"@graph\":[{\"@type\":\"WebPage\",\"@id\":\"https:\\\/\\\/maisonessentielle.com\\\/produit\\\/kit-a-coudre-la-blouse-a-volants-en-lin-coton-raye-cassis\\\/\",\"url\":\"https:\\\/\\\/maisonessentielle.com\\\/produit\\\/kit-a-coudre-la-blouse-a-volants-en-lin-coton-raye-cassis\\\/\",\"name\":\"Blouse manches courtes \u00e0 volants en coton\\\/lin ray\u00e9 cassis\",\"isPartOf\":{\"@id\":\"https:\\\/\\\/maisonessentielle.com\\\/#website\"},\"primaryImageOfPage\":{\"@id\":\"https:\\\/\\\/maisonessentielle.com\\\/produit\\\/kit-a-coudre-la-blouse-a-volants-en-lin-coton-raye-cassis\\\/#primaryimage\"},\"image\":{\"@id\":\"https:\\\/\\\/maisonessentielle.com\\\/produit\\\/kit-a-coudre-la-blouse-a-volants-en-lin-coton-raye-cassis\\\/#primaryimage\"},\"thumbnailUrl\":\"https:\\\/\\\/maisonessentielle.com\\\/wp-content\\\/uploads\\\/2026\\\/03\\\/bobo-gabardine-souple-ecru-et-blouse-volants-raye-cassis-1.jpg\",\"datePublished\":\"2026-03-29T08:00:39+00:00\",\"dateModified\":\"2026-04-01T13:00:38+00:00\",\"description\":\"Une blouse manches courtes avec de jolis volants en coton\\\/lin ray\u00e9 cassis, cousue avec le patron de la blouse Simple ou \u00e0 volants.\",\"breadcrumb\":{\"@id\":\"https:\\\/\\\/maisonessentielle.com\\\/produit\\\/kit-a-coudre-la-blouse-a-volants-en-lin-coton-raye-cassis\\\/#breadcrumb\"},\"inLanguage\":\"fr-FR\",\"potentialAction\":[{\"@type\":\"ReadAction\",\"target\":[\"https:\\\/\\\/maisonessentielle.com\\\/produit\\\/kit-a-coudre-la-blouse-a-volants-en-lin-coton-raye-cassis\\\/\"]}]},{\"@type\":\"ImageObject\",\"inLanguage\":\"fr-FR\",\"@id\":\"https:\\\/\\\/maisonessentielle.com\\\/produit\\\/kit-a-coudre-la-blouse-a-volants-en-lin-coton-raye-cassis\\\/#primaryimage\",\"url\":\"https:\\\/\\\/maisonessentielle.com\\\/wp-content\\\/uploads\\\/2026\\\/03\\\/bobo-gabardine-souple-ecru-et-blouse-volants-raye-cassis-1.jpg\",\"contentUrl\":\"https:\\\/\\\/maisonessentielle.com\\\/wp-content\\\/uploads\\\/2026\\\/03\\\/bobo-gabardine-souple-ecru-et-blouse-volants-raye-cassis-1.jpg\",\"width\":1417,\"height\":1890},{\"@type\":\"BreadcrumbList\",\"@id\":\"https:\\\/\\\/maisonessentielle.com\\\/produit\\\/kit-a-coudre-la-blouse-a-volants-en-lin-coton-raye-cassis\\\/#breadcrumb\",\"itemListElement\":[{\"@type\":\"ListItem\",\"position\":1,\"name\":\"Accueil\",\"item\":\"https:\\\/\\\/maisonessentielle.com\\\/\"},{\"@type\":\"ListItem\",\"position\":2,\"name\":\"Produits Essentiels\",\"item\":\"https:\\\/\\\/maisonessentielle.com\\\/shop\\\/\"},{\"@type\":\"ListItem\",\"position\":3,\"name\":\"KIT \u00c0 COUDRE &#8211; la blouse \u00e0 volants en lin\\\/coton ray\u00e9 cassis\"}]},{\"@type\":\"WebSite\",\"@id\":\"https:\\\/\\\/maisonessentielle.com\\\/#website\",\"url\":\"https:\\\/\\\/maisonessentielle.com\\\/\",\"name\":\"Maison Essentielle\",\"description\":\"Vestiaire essentiel \u00e0 coudre ou \u00e0 porter\",\"publisher\":{\"@id\":\"https:\\\/\\\/maisonessentielle.com\\\/#organization\"},\"potentialAction\":[{\"@type\":\"SearchAction\",\"target\":{\"@type\":\"EntryPoint\",\"urlTemplate\":\"https:\\\/\\\/maisonessentielle.com\\\/?s={search_term_string}\"},\"query-input\":{\"@type\":\"PropertyValueSpecification\",\"valueRequired\":true,\"valueName\":\"search_term_string\"}}],\"inLanguage\":\"fr-FR\"},{\"@type\":\"Organization\",\"@id\":\"https:\\\/\\\/maisonessentielle.com\\\/#organization\",\"name\":\"Maison Essentielle\",\"url\":\"https:\\\/\\\/maisonessentielle.com\\\/\",\"logo\":{\"@type\":\"ImageObject\",\"inLanguage\":\"fr-FR\",\"@id\":\"https:\\\/\\\/maisonessentielle.com\\\/#\\\/schema\\\/logo\\\/image\\\/\",\"url\":\"https:\\\/\\\/maisonessentielle.com\\\/wp-content\\\/uploads\\\/2022\\\/03\\\/MAISON-ESSENTIELLE_LOGO_facture-min.png\",\"contentUrl\":\"https:\\\/\\\/maisonessentielle.com\\\/wp-content\\\/uploads\\\/2022\\\/03\\\/MAISON-ESSENTIELLE_LOGO_facture-min.png\",\"width\":400,\"height\":57,\"caption\":\"Maison Essentielle\"},\"image\":{\"@id\":\"https:\\\/\\\/maisonessentielle.com\\\/#\\\/schema\\\/logo\\\/image\\\/\"},\"sameAs\":[\"https:\\\/\\\/www.facebook.com\\\/profile.php?id=61574309661771\",\"https:\\\/\\\/www.instagram.com\\\/maison_essentielle_\\\/\"]}]}<\/script>\n<!-- \/ Yoast SEO plugin. -->","yoast_head_json":{"title":"Blouse manches courtes \u00e0 volants en coton\/lin ray\u00e9 cassis","description":"Une blouse manches courtes avec de jolis volants en coton\/lin ray\u00e9 cassis, cousue avec le patron de la blouse Simple ou \u00e0 volants.","robots":{"index":"index","follow":"follow","max-snippet":"max-snippet:-1","max-image-preview":"max-image-preview:large","max-video-preview":"max-video-preview:-1"},"canonical":"https:\/\/maisonessentielle.com\/produit\/kit-a-coudre-la-blouse-a-volants-en-lin-coton-raye-cassis\/","og_locale":"fr_FR","og_type":"article","og_title":"Blouse manches courtes \u00e0 volants en coton\/lin ray\u00e9 cassis","og_description":"Une blouse manches courtes avec de jolis volants en coton\/lin ray\u00e9 cassis, cousue avec le patron de la blouse Simple ou \u00e0 volants.","og_url":"https:\/\/maisonessentielle.com\/produit\/kit-a-coudre-la-blouse-a-volants-en-lin-coton-raye-cassis\/","og_site_name":"Maison Essentielle","article_publisher":"https:\/\/www.facebook.com\/profile.php?id=61574309661771","article_modified_time":"2026-04-01T13:00:38+00:00","og_image":[{"width":1417,"height":1890,"url":"https:\/\/maisonessentielle.com\/wp-content\/uploads\/2026\/03\/bobo-gabardine-souple-ecru-et-blouse-volants-raye-cassis-1.jpg","type":"image\/jpeg"}],"twitter_card":"summary_large_image","twitter_misc":{"Dur\u00e9e de lecture estim\u00e9e":"1 minute"},"schema":{"@context":"https:\/\/schema.org","@graph":[{"@type":"WebPage","@id":"https:\/\/maisonessentielle.com\/produit\/kit-a-coudre-la-blouse-a-volants-en-lin-coton-raye-cassis\/","url":"https:\/\/maisonessentielle.com\/produit\/kit-a-coudre-la-blouse-a-volants-en-lin-coton-raye-cassis\/","name":"Blouse manches courtes \u00e0 volants en coton\/lin ray\u00e9 cassis","isPartOf":{"@id":"https:\/\/maisonessentielle.com\/#website"},"primaryImageOfPage":{"@id":"https:\/\/maisonessentielle.com\/produit\/kit-a-coudre-la-blouse-a-volants-en-lin-coton-raye-cassis\/#primaryimage"},"image":{"@id":"https:\/\/maisonessentielle.com\/produit\/kit-a-coudre-la-blouse-a-volants-en-lin-coton-raye-cassis\/#primaryimage"},"thumbnailUrl":"https:\/\/maisonessentielle.com\/wp-content\/uploads\/2026\/03\/bobo-gabardine-souple-ecru-et-blouse-volants-raye-cassis-1.jpg","datePublished":"2026-03-29T08:00:39+00:00","dateModified":"2026-04-01T13:00:38+00:00","description":"Une blouse manches courtes avec de jolis volants en coton\/lin ray\u00e9 cassis, cousue avec le patron de la blouse Simple ou \u00e0 volants.","breadcrumb":{"@id":"https:\/\/maisonessentielle.com\/produit\/kit-a-coudre-la-blouse-a-volants-en-lin-coton-raye-cassis\/#breadcrumb"},"inLanguage":"fr-FR","potentialAction":[{"@type":"ReadAction","target":["https:\/\/maisonessentielle.com\/produit\/kit-a-coudre-la-blouse-a-volants-en-lin-coton-raye-cassis\/"]}]},{"@type":"ImageObject","inLanguage":"fr-FR","@id":"https:\/\/maisonessentielle.com\/produit\/kit-a-coudre-la-blouse-a-volants-en-lin-coton-raye-cassis\/#primaryimage","url":"https:\/\/maisonessentielle.com\/wp-content\/uploads\/2026\/03\/bobo-gabardine-souple-ecru-et-blouse-volants-raye-cassis-1.jpg","contentUrl":"https:\/\/maisonessentielle.com\/wp-content\/uploads\/2026\/03\/bobo-gabardine-souple-ecru-et-blouse-volants-raye-cassis-1.jpg","width":1417,"height":1890},{"@type":"BreadcrumbList","@id":"https:\/\/maisonessentielle.com\/produit\/kit-a-coudre-la-blouse-a-volants-en-lin-coton-raye-cassis\/#breadcrumb","itemListElement":[{"@type":"ListItem","position":1,"name":"Accueil","item":"https:\/\/maisonessentielle.com\/"},{"@type":"ListItem","position":2,"name":"Produits Essentiels","item":"https:\/\/maisonessentielle.com\/shop\/"},{"@type":"ListItem","position":3,"name":"KIT \u00c0 COUDRE &#8211; la blouse \u00e0 volants en lin\/coton ray\u00e9 cassis"}]},{"@type":"WebSite","@id":"https:\/\/maisonessentielle.com\/#website","url":"https:\/\/maisonessentielle.com\/","name":"Maison Essentielle","description":"Vestiaire essentiel \u00e0 coudre ou \u00e0 porter","publisher":{"@id":"https:\/\/maisonessentielle.com\/#organization"},"potentialAction":[{"@type":"SearchAction","target":{"@type":"EntryPoint","urlTemplate":"https:\/\/maisonessentielle.com\/?s={search_term_string}"},"query-input":{"@type":"PropertyValueSpecification","valueRequired":true,"valueName":"search_term_string"}}],"inLanguage":"fr-FR"},{"@type":"Organization","@id":"https:\/\/maisonessentielle.com\/#organization","name":"Maison Essentielle","url":"https:\/\/maisonessentielle.com\/","logo":{"@type":"ImageObject","inLanguage":"fr-FR","@id":"https:\/\/maisonessentielle.com\/#\/schema\/logo\/image\/","url":"https:\/\/maisonessentielle.com\/wp-content\/uploads\/2022\/03\/MAISON-ESSENTIELLE_LOGO_facture-min.png","contentUrl":"https:\/\/maisonessentielle.com\/wp-content\/uploads\/2022\/03\/MAISON-ESSENTIELLE_LOGO_facture-min.png","width":400,"height":57,"caption":"Maison Essentielle"},"image":{"@id":"https:\/\/maisonessentielle.com\/#\/schema\/logo\/image\/"},"sameAs":["https:\/\/www.facebook.com\/profile.php?id=61574309661771","https:\/\/www.instagram.com\/maison_essentielle_\/"]}]}},"_links":{"self":[{"href":"https:\/\/maisonessentielle.com\/wp-json\/wp\/v2\/product\/61256","targetHints":{"allow":["GET"]}}],"collection":[{"href":"https:\/\/maisonessentielle.com\/wp-json\/wp\/v2\/product"}],"about":[{"href":"https:\/\/maisonessentielle.com\/wp-json\/wp\/v2\/types\/product"}],"replies":[{"embeddable":true,"href":"https:\/\/maisonessentielle.com\/wp-json\/wp\/v2\/comments?post=61256"}],"version-history":[{"count":5,"href":"https:\/\/maisonessentielle.com\/wp-json\/wp\/v2\/product\/61256\/revisions"}],"predecessor-version":[{"id":61836,"href":"https:\/\/maisonessentielle.com\/wp-json\/wp\/v2\/product\/61256\/revisions\/61836"}],"wp:featuredmedia":[{"embeddable":true,"href":"https:\/\/maisonessentielle.com\/wp-json\/wp\/v2\/media\/61554"}],"wp:attachment":[{"href":"https:\/\/maisonessentielle.com\/wp-json\/wp\/v2\/media?parent=61256"}],"wp:term":[{"taxonomy":"product_brand","embeddable":true,"href":"https:\/\/maisonessentielle.com\/wp-json\/wp\/v2\/product_brand?post=61256"},{"taxonomy":"product_cat","embeddable":true,"href":"https:\/\/maisonessentielle.com\/wp-json\/wp\/v2\/product_cat?post=61256"},{"taxonomy":"product_tag","embeddable":true,"href":"https:\/\/maisonessentielle.com\/wp-json\/wp\/v2\/product_tag?post=61256"}],"curies":[{"name":"wp","href":"https:\/\/api.w.org\/{rel}","templated":true}]}}