{"id":61034,"date":"2026-03-19T09:50:59","date_gmt":"2026-03-19T08:50:59","guid":{"rendered":"https:\/\/maisonessentielle.com\/?post_type=product&#038;p=61034"},"modified":"2026-04-30T14:12:37","modified_gmt":"2026-04-30T12:12:37","slug":"coupon-2m-de-lin-coton-fines-rayures-moka","status":"publish","type":"product","link":"https:\/\/maisonessentielle.com\/produit\/coupon-2m-de-lin-coton-fines-rayures-moka\/","title":{"rendered":"Coupon 2m de LIN\/COTON FINES RAYURES MOKA"},"content":{"rendered":"","protected":false},"excerpt":{"rendered":"<p>&nbsp;<\/p>\n<h2>Caract\u00e9ristiques du tissu<\/h2>\n<p><strong>Mati\u00e8re du tissu : <\/strong>tr\u00e8s beau lin &amp; coton m\u00e9lang\u00e9 avec de fines rayures moka &amp; \u00e9cru, 55% lin\/45% coton<\/p>\n<p><strong>Format du coupon de tissu :<\/strong> 2m &#8211; permettant de coudre <strong><a href=\"https:\/\/maisonessentielle.com\/index.php\/produit\/patron-la-blouse-allure\">la blouse Allure<\/a><\/strong> ou <a href=\"https:\/\/maisonessentielle.com\/index.php\/produit\/patron-la-chemise-essentielle\/\"><strong>la chemise essentielle<\/strong><\/a> manches longues jusqu&rsquo;\u00e0 la taille XL<\/p>\n<p><strong>Qualit\u00e9 du tissu : <\/strong>un lin\/coton doux et agr\u00e9able \u00e0 porter pour les beaux jours<\/p>\n<p><strong>Laize<\/strong> <strong>du tissu<\/strong> : 140cm &#8211;\u00a0 <strong>Poids<\/strong> <strong>du tissu :<\/strong> 160g\/m\u00b2<\/p>\n<p><strong>Fil coordonn\u00e9 : <\/strong>coloris <strong><a href=\"https:\/\/maisonessentielle.com\/index.php\/produit\/fil-a-coudre-francais\/?_gl=1*1ryvpor*_up*MQ..*_ga*MjMzMTE2ODQ0LjE3NjkwOTYxOTg.*_ga_8TG44DMZRK*czE3NjkwOTYxOTckbzEkZzEkdDE3NjkwOTY0ODQkajYwJGwwJGgw\">\u00e9cru 8059<\/a><\/strong><\/p>\n<h2>Conseils d&rsquo;entretien pour ce tissu<\/h2>\n<p><strong>Retrait<\/strong>\u00a0 1% au 1er lavage &#8211; <strong>Lavage<\/strong> en machine \u00e0 30\u00b0 &#8211; <strong>Pas de s\u00e8che-linge &#8211; Repassage : <\/strong>doux<\/p>\n<p>&nbsp;<\/p>\n<p>Retrouvez tous <strong>nos patrons de couture<\/strong> dans la cat\u00e9gorie <strong><a href=\"https:\/\/maisonessentielle.com\/index.php\/categorie-produit\/vestiaire-a-coudre\/patrons-adulte\/?_gl=1*bntbge*_up*MQ..*_ga*MTEwNzEwMjU4Mi4xNzY4NDkyNDU2*_ga_8TG44DMZRK*czE3Njg0OTI0NDIkbzEkZzEkdDE3Njg0OTI0NjYkajM2JGwwJGgw\">PATRONS ADULTES<\/a><\/strong> et les<strong> accessoires de mercerie<\/strong> (fil coordonn\u00e9, \u00e9lastique, boutons) dans la cat\u00e9gorie <a href=\"https:\/\/maisonessentielle.com\/index.php\/categorie-produit\/vestiaire-a-coudre\/mercerie\/\"><strong>MERCERIE<\/strong><\/a>.<\/p>\n","protected":false},"featured_media":61583,"comment_status":"open","ping_status":"closed","template":"","meta":{"_acf_changed":false,"site-sidebar-layout":"default","site-content-layout":"","ast-site-content-layout":"default","site-content-style":"default","site-sidebar-style":"default","ast-global-header-display":"","ast-banner-title-visibility":"","ast-main-header-display":"","ast-hfb-above-header-display":"","ast-hfb-below-header-display":"","ast-hfb-mobile-header-display":"","site-post-title":"","ast-breadcrumbs-content":"","ast-featured-img":"","footer-sml-layout":"","ast-disable-related-posts":"","theme-transparent-header-meta":"default","adv-header-id-meta":"","stick-header-meta":"default","header-above-stick-meta":"","header-main-stick-meta":"","header-below-stick-meta":"","astra-migrate-meta-layouts":"set","ast-page-background-enabled":"default","ast-page-background-meta":{"desktop":{"background-color":"","background-image":"","background-repeat":"repeat","background-position":"center center","background-size":"auto","background-attachment":"scroll","background-type":"","background-media":"","overlay-type":"","overlay-color":"","overlay-opacity":"","overlay-gradient":""},"tablet":{"background-color":"","background-image":"","background-repeat":"repeat","background-position":"center center","background-size":"auto","background-attachment":"scroll","background-type":"","background-media":"","overlay-type":"","overlay-color":"","overlay-opacity":"","overlay-gradient":""},"mobile":{"background-color":"","background-image":"","background-repeat":"repeat","background-position":"center center","background-size":"auto","background-attachment":"scroll","background-type":"","background-media":"","overlay-type":"","overlay-color":"","overlay-opacity":"","overlay-gradient":""}},"ast-content-background-meta":{"desktop":{"background-color":"var(--ast-global-color-5)","background-image":"","background-repeat":"repeat","background-position":"center center","background-size":"auto","background-attachment":"scroll","background-type":"","background-media":"","overlay-type":"","overlay-color":"","overlay-opacity":"","overlay-gradient":""},"tablet":{"background-color":"var(--ast-global-color-5)","background-image":"","background-repeat":"repeat","background-position":"center center","background-size":"auto","background-attachment":"scroll","background-type":"","background-media":"","overlay-type":"","overlay-color":"","overlay-opacity":"","overlay-gradient":""},"mobile":{"background-color":"var(--ast-global-color-5)","background-image":"","background-repeat":"repeat","background-position":"center center","background-size":"auto","background-attachment":"scroll","background-type":"","background-media":"","overlay-type":"","overlay-color":"","overlay-opacity":"","overlay-gradient":""}}},"product_brand":[],"product_cat":[404,214],"product_tag":[],"class_list":{"0":"post-61034","1":"product","2":"type-product","3":"status-publish","4":"has-post-thumbnail","6":"product_cat-coupons-de-tissus","7":"product_cat-vestiaire-a-coudre","8":"desktop-align-center","9":"tablet-align-center","10":"mobile-align-center","11":"ast-product-gallery-layout-horizontal","12":"ast-magnify-disabled","13":"ast-product-tabs-layout-horizontal","15":"first","16":"instock","17":"taxable","18":"shipping-taxable","19":"purchasable","20":"product-type-simple"},"acf":[],"yoast_head":"<!-- This site is optimized with the Yoast SEO plugin v27.3 - https:\/\/yoast.com\/product\/yoast-seo-wordpress\/ -->\n<title>Coupon de tissu lin et coton fines rayures moka<\/title>\n<meta name=\"description\" content=\"Coupon de tissu lin et coton fines rayures moka, 55% lin\/15% coton, aspect l\u00e9ger et confortable, id\u00e9al pour coudre la blouse Allure.\" \/>\n<meta name=\"robots\" content=\"index, follow, max-snippet:-1, max-image-preview:large, max-video-preview:-1\" \/>\n<link rel=\"canonical\" href=\"https:\/\/maisonessentielle.com\/produit\/coupon-2m-de-lin-coton-fines-rayures-moka\/\" \/>\n<meta property=\"og:locale\" content=\"fr_FR\" \/>\n<meta property=\"og:type\" content=\"article\" \/>\n<meta property=\"og:title\" content=\"Coupon de tissu lin et coton fines rayures moka\" \/>\n<meta property=\"og:description\" content=\"Coupon de tissu lin et coton fines rayures moka, 55% lin\/15% coton, aspect l\u00e9ger et confortable, id\u00e9al pour coudre la blouse Allure.\" \/>\n<meta property=\"og:url\" content=\"https:\/\/maisonessentielle.com\/produit\/coupon-2m-de-lin-coton-fines-rayures-moka\/\" \/>\n<meta property=\"og:site_name\" content=\"Maison Essentielle\" \/>\n<meta property=\"article:publisher\" content=\"https:\/\/www.facebook.com\/profile.php?id=61574309661771\" \/>\n<meta property=\"article:modified_time\" content=\"2026-04-30T12:12:37+00:00\" \/>\n<meta property=\"og:image\" content=\"https:\/\/maisonessentielle.com\/wp-content\/uploads\/2026\/03\/coupon-raye-coton-lin-moka-maison-essentielle-450x600.jpg\" \/>\n\t<meta property=\"og:image:width\" content=\"450\" \/>\n\t<meta property=\"og:image:height\" content=\"600\" \/>\n\t<meta property=\"og:image:type\" content=\"image\/jpeg\" \/>\n<meta name=\"twitter:card\" content=\"summary_large_image\" \/>\n<meta name=\"twitter:label1\" content=\"Dur\u00e9e de lecture estim\u00e9e\" \/>\n\t<meta name=\"twitter:data1\" content=\"1 minute\" \/>\n<script type=\"application\/ld+json\" class=\"yoast-schema-graph\">{\"@context\":\"https:\\\/\\\/schema.org\",\"@graph\":[{\"@type\":\"WebPage\",\"@id\":\"https:\\\/\\\/maisonessentielle.com\\\/produit\\\/coupon-2m-de-lin-coton-fines-rayures-moka\\\/\",\"url\":\"https:\\\/\\\/maisonessentielle.com\\\/produit\\\/coupon-2m-de-lin-coton-fines-rayures-moka\\\/\",\"name\":\"Coupon de tissu lin et coton fines rayures moka\",\"isPartOf\":{\"@id\":\"https:\\\/\\\/maisonessentielle.com\\\/#website\"},\"primaryImageOfPage\":{\"@id\":\"https:\\\/\\\/maisonessentielle.com\\\/produit\\\/coupon-2m-de-lin-coton-fines-rayures-moka\\\/#primaryimage\"},\"image\":{\"@id\":\"https:\\\/\\\/maisonessentielle.com\\\/produit\\\/coupon-2m-de-lin-coton-fines-rayures-moka\\\/#primaryimage\"},\"thumbnailUrl\":\"https:\\\/\\\/maisonessentielle.com\\\/wp-content\\\/uploads\\\/2026\\\/03\\\/coupon-raye-coton-lin-moka-maison-essentielle.jpg\",\"datePublished\":\"2026-03-19T08:50:59+00:00\",\"dateModified\":\"2026-04-30T12:12:37+00:00\",\"description\":\"Coupon de tissu lin et coton fines rayures moka, 55% lin\\\/15% coton, aspect l\u00e9ger et confortable, id\u00e9al pour coudre la blouse Allure.\",\"breadcrumb\":{\"@id\":\"https:\\\/\\\/maisonessentielle.com\\\/produit\\\/coupon-2m-de-lin-coton-fines-rayures-moka\\\/#breadcrumb\"},\"inLanguage\":\"fr-FR\",\"potentialAction\":[{\"@type\":\"ReadAction\",\"target\":[\"https:\\\/\\\/maisonessentielle.com\\\/produit\\\/coupon-2m-de-lin-coton-fines-rayures-moka\\\/\"]}]},{\"@type\":\"ImageObject\",\"inLanguage\":\"fr-FR\",\"@id\":\"https:\\\/\\\/maisonessentielle.com\\\/produit\\\/coupon-2m-de-lin-coton-fines-rayures-moka\\\/#primaryimage\",\"url\":\"https:\\\/\\\/maisonessentielle.com\\\/wp-content\\\/uploads\\\/2026\\\/03\\\/coupon-raye-coton-lin-moka-maison-essentielle.jpg\",\"contentUrl\":\"https:\\\/\\\/maisonessentielle.com\\\/wp-content\\\/uploads\\\/2026\\\/03\\\/coupon-raye-coton-lin-moka-maison-essentielle.jpg\",\"width\":1417,\"height\":1890},{\"@type\":\"BreadcrumbList\",\"@id\":\"https:\\\/\\\/maisonessentielle.com\\\/produit\\\/coupon-2m-de-lin-coton-fines-rayures-moka\\\/#breadcrumb\",\"itemListElement\":[{\"@type\":\"ListItem\",\"position\":1,\"name\":\"Accueil\",\"item\":\"https:\\\/\\\/maisonessentielle.com\\\/\"},{\"@type\":\"ListItem\",\"position\":2,\"name\":\"Produits Essentiels\",\"item\":\"https:\\\/\\\/maisonessentielle.com\\\/shop\\\/\"},{\"@type\":\"ListItem\",\"position\":3,\"name\":\"Coupon 2m de LIN\\\/COTON FINES RAYURES MOKA\"}]},{\"@type\":\"WebSite\",\"@id\":\"https:\\\/\\\/maisonessentielle.com\\\/#website\",\"url\":\"https:\\\/\\\/maisonessentielle.com\\\/\",\"name\":\"Maison Essentielle\",\"description\":\"Vestiaire essentiel \u00e0 coudre ou \u00e0 porter\",\"publisher\":{\"@id\":\"https:\\\/\\\/maisonessentielle.com\\\/#organization\"},\"potentialAction\":[{\"@type\":\"SearchAction\",\"target\":{\"@type\":\"EntryPoint\",\"urlTemplate\":\"https:\\\/\\\/maisonessentielle.com\\\/?s={search_term_string}\"},\"query-input\":{\"@type\":\"PropertyValueSpecification\",\"valueRequired\":true,\"valueName\":\"search_term_string\"}}],\"inLanguage\":\"fr-FR\"},{\"@type\":\"Organization\",\"@id\":\"https:\\\/\\\/maisonessentielle.com\\\/#organization\",\"name\":\"Maison Essentielle\",\"url\":\"https:\\\/\\\/maisonessentielle.com\\\/\",\"logo\":{\"@type\":\"ImageObject\",\"inLanguage\":\"fr-FR\",\"@id\":\"https:\\\/\\\/maisonessentielle.com\\\/#\\\/schema\\\/logo\\\/image\\\/\",\"url\":\"https:\\\/\\\/maisonessentielle.com\\\/wp-content\\\/uploads\\\/2022\\\/03\\\/MAISON-ESSENTIELLE_LOGO_facture-min.png\",\"contentUrl\":\"https:\\\/\\\/maisonessentielle.com\\\/wp-content\\\/uploads\\\/2022\\\/03\\\/MAISON-ESSENTIELLE_LOGO_facture-min.png\",\"width\":400,\"height\":57,\"caption\":\"Maison Essentielle\"},\"image\":{\"@id\":\"https:\\\/\\\/maisonessentielle.com\\\/#\\\/schema\\\/logo\\\/image\\\/\"},\"sameAs\":[\"https:\\\/\\\/www.facebook.com\\\/profile.php?id=61574309661771\",\"https:\\\/\\\/www.instagram.com\\\/maison_essentielle_\\\/\"]}]}<\/script>\n<!-- \/ Yoast SEO plugin. -->","yoast_head_json":{"title":"Coupon de tissu lin et coton fines rayures moka","description":"Coupon de tissu lin et coton fines rayures moka, 55% lin\/15% coton, aspect l\u00e9ger et confortable, id\u00e9al pour coudre la blouse Allure.","robots":{"index":"index","follow":"follow","max-snippet":"max-snippet:-1","max-image-preview":"max-image-preview:large","max-video-preview":"max-video-preview:-1"},"canonical":"https:\/\/maisonessentielle.com\/produit\/coupon-2m-de-lin-coton-fines-rayures-moka\/","og_locale":"fr_FR","og_type":"article","og_title":"Coupon de tissu lin et coton fines rayures moka","og_description":"Coupon de tissu lin et coton fines rayures moka, 55% lin\/15% coton, aspect l\u00e9ger et confortable, id\u00e9al pour coudre la blouse Allure.","og_url":"https:\/\/maisonessentielle.com\/produit\/coupon-2m-de-lin-coton-fines-rayures-moka\/","og_site_name":"Maison Essentielle","article_publisher":"https:\/\/www.facebook.com\/profile.php?id=61574309661771","article_modified_time":"2026-04-30T12:12:37+00:00","og_image":[{"width":450,"height":600,"url":"https:\/\/maisonessentielle.com\/wp-content\/uploads\/2026\/03\/coupon-raye-coton-lin-moka-maison-essentielle-450x600.jpg","type":"image\/jpeg"}],"twitter_card":"summary_large_image","twitter_misc":{"Dur\u00e9e de lecture estim\u00e9e":"1 minute"},"schema":{"@context":"https:\/\/schema.org","@graph":[{"@type":"WebPage","@id":"https:\/\/maisonessentielle.com\/produit\/coupon-2m-de-lin-coton-fines-rayures-moka\/","url":"https:\/\/maisonessentielle.com\/produit\/coupon-2m-de-lin-coton-fines-rayures-moka\/","name":"Coupon de tissu lin et coton fines rayures moka","isPartOf":{"@id":"https:\/\/maisonessentielle.com\/#website"},"primaryImageOfPage":{"@id":"https:\/\/maisonessentielle.com\/produit\/coupon-2m-de-lin-coton-fines-rayures-moka\/#primaryimage"},"image":{"@id":"https:\/\/maisonessentielle.com\/produit\/coupon-2m-de-lin-coton-fines-rayures-moka\/#primaryimage"},"thumbnailUrl":"https:\/\/maisonessentielle.com\/wp-content\/uploads\/2026\/03\/coupon-raye-coton-lin-moka-maison-essentielle.jpg","datePublished":"2026-03-19T08:50:59+00:00","dateModified":"2026-04-30T12:12:37+00:00","description":"Coupon de tissu lin et coton fines rayures moka, 55% lin\/15% coton, aspect l\u00e9ger et confortable, id\u00e9al pour coudre la blouse Allure.","breadcrumb":{"@id":"https:\/\/maisonessentielle.com\/produit\/coupon-2m-de-lin-coton-fines-rayures-moka\/#breadcrumb"},"inLanguage":"fr-FR","potentialAction":[{"@type":"ReadAction","target":["https:\/\/maisonessentielle.com\/produit\/coupon-2m-de-lin-coton-fines-rayures-moka\/"]}]},{"@type":"ImageObject","inLanguage":"fr-FR","@id":"https:\/\/maisonessentielle.com\/produit\/coupon-2m-de-lin-coton-fines-rayures-moka\/#primaryimage","url":"https:\/\/maisonessentielle.com\/wp-content\/uploads\/2026\/03\/coupon-raye-coton-lin-moka-maison-essentielle.jpg","contentUrl":"https:\/\/maisonessentielle.com\/wp-content\/uploads\/2026\/03\/coupon-raye-coton-lin-moka-maison-essentielle.jpg","width":1417,"height":1890},{"@type":"BreadcrumbList","@id":"https:\/\/maisonessentielle.com\/produit\/coupon-2m-de-lin-coton-fines-rayures-moka\/#breadcrumb","itemListElement":[{"@type":"ListItem","position":1,"name":"Accueil","item":"https:\/\/maisonessentielle.com\/"},{"@type":"ListItem","position":2,"name":"Produits Essentiels","item":"https:\/\/maisonessentielle.com\/shop\/"},{"@type":"ListItem","position":3,"name":"Coupon 2m de LIN\/COTON FINES RAYURES MOKA"}]},{"@type":"WebSite","@id":"https:\/\/maisonessentielle.com\/#website","url":"https:\/\/maisonessentielle.com\/","name":"Maison Essentielle","description":"Vestiaire essentiel \u00e0 coudre ou \u00e0 porter","publisher":{"@id":"https:\/\/maisonessentielle.com\/#organization"},"potentialAction":[{"@type":"SearchAction","target":{"@type":"EntryPoint","urlTemplate":"https:\/\/maisonessentielle.com\/?s={search_term_string}"},"query-input":{"@type":"PropertyValueSpecification","valueRequired":true,"valueName":"search_term_string"}}],"inLanguage":"fr-FR"},{"@type":"Organization","@id":"https:\/\/maisonessentielle.com\/#organization","name":"Maison Essentielle","url":"https:\/\/maisonessentielle.com\/","logo":{"@type":"ImageObject","inLanguage":"fr-FR","@id":"https:\/\/maisonessentielle.com\/#\/schema\/logo\/image\/","url":"https:\/\/maisonessentielle.com\/wp-content\/uploads\/2022\/03\/MAISON-ESSENTIELLE_LOGO_facture-min.png","contentUrl":"https:\/\/maisonessentielle.com\/wp-content\/uploads\/2022\/03\/MAISON-ESSENTIELLE_LOGO_facture-min.png","width":400,"height":57,"caption":"Maison Essentielle"},"image":{"@id":"https:\/\/maisonessentielle.com\/#\/schema\/logo\/image\/"},"sameAs":["https:\/\/www.facebook.com\/profile.php?id=61574309661771","https:\/\/www.instagram.com\/maison_essentielle_\/"]}]}},"_links":{"self":[{"href":"https:\/\/maisonessentielle.com\/wp-json\/wp\/v2\/product\/61034","targetHints":{"allow":["GET"]}}],"collection":[{"href":"https:\/\/maisonessentielle.com\/wp-json\/wp\/v2\/product"}],"about":[{"href":"https:\/\/maisonessentielle.com\/wp-json\/wp\/v2\/types\/product"}],"replies":[{"embeddable":true,"href":"https:\/\/maisonessentielle.com\/wp-json\/wp\/v2\/comments?post=61034"}],"version-history":[{"count":6,"href":"https:\/\/maisonessentielle.com\/wp-json\/wp\/v2\/product\/61034\/revisions"}],"predecessor-version":[{"id":62286,"href":"https:\/\/maisonessentielle.com\/wp-json\/wp\/v2\/product\/61034\/revisions\/62286"}],"wp:featuredmedia":[{"embeddable":true,"href":"https:\/\/maisonessentielle.com\/wp-json\/wp\/v2\/media\/61583"}],"wp:attachment":[{"href":"https:\/\/maisonessentielle.com\/wp-json\/wp\/v2\/media?parent=61034"}],"wp:term":[{"taxonomy":"product_brand","embeddable":true,"href":"https:\/\/maisonessentielle.com\/wp-json\/wp\/v2\/product_brand?post=61034"},{"taxonomy":"product_cat","embeddable":true,"href":"https:\/\/maisonessentielle.com\/wp-json\/wp\/v2\/product_cat?post=61034"},{"taxonomy":"product_tag","embeddable":true,"href":"https:\/\/maisonessentielle.com\/wp-json\/wp\/v2\/product_tag?post=61034"}],"curies":[{"name":"wp","href":"https:\/\/api.w.org\/{rel}","templated":true}]}}