{"id":59026,"date":"2026-04-20T09:15:57","date_gmt":"2026-04-20T07:15:57","guid":{"rendered":"https:\/\/maisonessentielle.com\/?post_type=product&#038;p=59026"},"modified":"2026-05-01T14:13:12","modified_gmt":"2026-05-01T12:13:12","slug":"la-blouse-allure-en-voile-de-coton-trame-ecru-cousue","status":"publish","type":"product","link":"https:\/\/maisonessentielle.com\/produit\/la-blouse-allure-en-voile-de-coton-trame-ecru-cousue\/","title":{"rendered":"La blouse Allure en voile de coton tram\u00e9 \u00e9cru &#8211; cousue"},"content":{"rendered":"<h2><strong>Choisissez votre taille en vous r\u00e9f\u00e9rant \u00e0 ce tableau de mensurations (mesures en cm \u2013 stature 1,65m)<\/strong><\/h2>\n<p>&nbsp;<\/p>\n<table>\n<tbody>\n<tr>\n<td><b>Taille<\/b><\/td>\n<td><b>XS<\/b><\/td>\n<td><b>S<\/b><\/td>\n<td><b>M<\/b><\/td>\n<td><b>L<\/b><\/td>\n<td><b>XL<\/b><\/td>\n<\/tr>\n<tr>\n<td><b>Tour de poitrine<\/b><\/td>\n<td>78-82<\/td>\n<td>82-86<\/td>\n<td>86-94<\/td>\n<td>94-102<\/td>\n<td>102-110<\/td>\n<\/tr>\n<tr>\n<td><b>Tour de taille<\/b><\/td>\n<td>64-68<\/td>\n<td>68-72<\/td>\n<td>72-80<\/td>\n<td>80-88<\/td>\n<td>88-96<\/td>\n<\/tr>\n<tr>\n<td><b>Tour de hanches<\/b><\/td>\n<td>84-88<\/td>\n<td>88-92<\/td>\n<td>92-100<\/td>\n<td>100-108<\/td>\n<td>108-116<\/td>\n<\/tr>\n<\/tbody>\n<\/table>\n<p>&nbsp;<\/p>\n<p style=\"text-align: center;\"><strong>Partagez-nous vos looks sur les r\u00e9seaux sociaux #lablouseallure@maison_essentielle_<\/strong><\/p>\n","protected":false},"excerpt":{"rendered":"<p>&nbsp;<\/p>\n<h2>Notre blouse Allure en voile de coton tram\u00e9 \u00e9cru<\/h2>\n<p><strong>La blouse Allure est une pi\u00e8ce intemporelle et \u00e9l\u00e9gante, con\u00e7ue pour \u00eatre port\u00e9e en toutes saisons. Allure est une blouse manches longues dot\u00e9e de jolis d\u00e9tails qui lui donnent beaucoup de caract\u00e8re : un col officier, un empi\u00e8cement \u00e9paules, des poignets boutonn\u00e9s et un bas arrondi. Sa coupe fluide est tr\u00e8s confortable et s\u2019adapte facilement \u00e0 diff\u00e9rents styles et occasions.\u00a0<\/strong><\/p>\n<p><strong>Mati\u00e8re :<\/strong> voile de coton \u00e9cru lav\u00e9 avec une jolie trame, <strong>doux et l\u00e9ger<\/strong>, tr\u00e8s agr\u00e9able \u00e0 porter, <strong>100% coton oekotex<\/strong><\/p>\n<p><strong>Conseils d&rsquo;entretien : Lavage<\/strong> en machine \u00e0 30\u00b0 &#8211; <strong>Pas de s\u00e8che linge<\/strong> &#8211; <strong>Repassage<\/strong> doux<\/p>\n<p>&nbsp;<\/p>\n<h2>Conseil taille pour choisir votre blouse Allure<\/h2>\n<p>R\u00e9f\u00e9rez vous au tableau de mensurations en bas de page et consultez <a href=\"https:\/\/maisonessentielle.com\/index.php\/guide-des-tailles\/\">notre guide des tailles<\/a> pour choisir la taille qui vous convient. <em>Val\u00e9rie (1,65m \/ 86-72-90)<\/em> porte la taille taille S.<\/p>\n<p>&nbsp;<\/p>\n<h2><strong>Confection made in France\u00a0<\/strong><\/h2>\n","protected":false},"featured_media":59472,"comment_status":"open","ping_status":"closed","template":"","meta":{"_acf_changed":false,"site-sidebar-layout":"default","site-content-layout":"default","ast-site-content-layout":"default","site-content-style":"default","site-sidebar-style":"default","ast-global-header-display":"","ast-banner-title-visibility":"","ast-main-header-display":"","ast-hfb-above-header-display":"","ast-hfb-below-header-display":"","ast-hfb-mobile-header-display":"","site-post-title":"","ast-breadcrumbs-content":"","ast-featured-img":"","footer-sml-layout":"","ast-disable-related-posts":"","theme-transparent-header-meta":"default","adv-header-id-meta":"","stick-header-meta":"default","header-above-stick-meta":"","header-main-stick-meta":"","header-below-stick-meta":"","astra-migrate-meta-layouts":"set","ast-page-background-enabled":"default","ast-page-background-meta":{"desktop":{"background-color":"","background-image":"","background-repeat":"repeat","background-position":"center center","background-size":"auto","background-attachment":"scroll","background-type":"","background-media":"","overlay-type":"","overlay-color":"","overlay-opacity":"","overlay-gradient":""},"tablet":{"background-color":"","background-image":"","background-repeat":"repeat","background-position":"center center","background-size":"auto","background-attachment":"scroll","background-type":"","background-media":"","overlay-type":"","overlay-color":"","overlay-opacity":"","overlay-gradient":""},"mobile":{"background-color":"","background-image":"","background-repeat":"repeat","background-position":"center center","background-size":"auto","background-attachment":"scroll","background-type":"","background-media":"","overlay-type":"","overlay-color":"","overlay-opacity":"","overlay-gradient":""}},"ast-content-background-meta":{"desktop":{"background-color":"var(--ast-global-color-5)","background-image":"","background-repeat":"repeat","background-position":"center center","background-size":"auto","background-attachment":"scroll","background-type":"","background-media":"","overlay-type":"","overlay-color":"","overlay-opacity":"","overlay-gradient":""},"tablet":{"background-color":"var(--ast-global-color-5)","background-image":"","background-repeat":"repeat","background-position":"center center","background-size":"auto","background-attachment":"scroll","background-type":"","background-media":"","overlay-type":"","overlay-color":"","overlay-opacity":"","overlay-gradient":""},"mobile":{"background-color":"var(--ast-global-color-5)","background-image":"","background-repeat":"repeat","background-position":"center center","background-size":"auto","background-attachment":"scroll","background-type":"","background-media":"","overlay-type":"","overlay-color":"","overlay-opacity":"","overlay-gradient":""}}},"product_brand":[],"product_cat":[390,215],"product_tag":[],"class_list":{"0":"post-59026","1":"product","2":"type-product","3":"status-publish","4":"has-post-thumbnail","6":"product_cat-les-hauts","7":"product_cat-vestiaire-cousu-en-france","8":"desktop-align-center","9":"tablet-align-center","10":"mobile-align-center","11":"ast-product-gallery-layout-horizontal","12":"ast-magnify-disabled","13":"ast-product-single-variable","14":"ast-product-tabs-layout-horizontal","16":"first","17":"instock","18":"taxable","19":"shipping-taxable","20":"purchasable","21":"product-type-variable"},"acf":[],"yoast_head":"<!-- This site is optimized with the Yoast SEO plugin v27.3 - https:\/\/yoast.com\/product\/yoast-seo-wordpress\/ -->\n<title>Blouse manches longues avec empi\u00e8cement \u00e9paules en voile de coton tram\u00e9 \u00e9cru<\/title>\n<meta name=\"description\" content=\"La blouse Allure est une blouse manches longues tr\u00e8s \u00e9l\u00e9gante avec empi\u00e8cement \u00e9paules et fronces devant et dos, r\u00e9alis\u00e9e en voile de coton tram\u00e9 \u00e9cru\" \/>\n<meta name=\"robots\" content=\"index, follow, max-snippet:-1, max-image-preview:large, max-video-preview:-1\" \/>\n<link rel=\"canonical\" href=\"https:\/\/maisonessentielle.com\/produit\/la-blouse-allure-en-voile-de-coton-trame-ecru-cousue\/\" \/>\n<meta property=\"og:locale\" content=\"fr_FR\" \/>\n<meta property=\"og:type\" content=\"article\" \/>\n<meta property=\"og:title\" content=\"Blouse manches longues avec empi\u00e8cement \u00e9paules en voile de coton tram\u00e9 \u00e9cru\" \/>\n<meta property=\"og:description\" content=\"La blouse Allure est une blouse manches longues tr\u00e8s \u00e9l\u00e9gante avec empi\u00e8cement \u00e9paules et fronces devant et dos, r\u00e9alis\u00e9e en voile de coton tram\u00e9 \u00e9cru\" \/>\n<meta property=\"og:url\" content=\"https:\/\/maisonessentielle.com\/produit\/la-blouse-allure-en-voile-de-coton-trame-ecru-cousue\/\" \/>\n<meta property=\"og:site_name\" content=\"Maison Essentielle\" \/>\n<meta property=\"article:publisher\" content=\"https:\/\/www.facebook.com\/profile.php?id=61574309661771\" \/>\n<meta property=\"article:modified_time\" content=\"2026-05-01T12:13:12+00:00\" \/>\n<meta property=\"og:image\" content=\"https:\/\/maisonessentielle.com\/wp-content\/uploads\/2026\/01\/blouse-allure-coton-trame-ecru-aplat.jpg\" \/>\n\t<meta property=\"og:image:width\" content=\"1417\" \/>\n\t<meta property=\"og:image:height\" content=\"1890\" \/>\n\t<meta property=\"og:image:type\" content=\"image\/jpeg\" \/>\n<meta name=\"twitter:card\" content=\"summary_large_image\" \/>\n<meta name=\"twitter:label1\" content=\"Dur\u00e9e de lecture estim\u00e9e\" \/>\n\t<meta name=\"twitter:data1\" content=\"1 minute\" \/>\n<script type=\"application\/ld+json\" class=\"yoast-schema-graph\">{\"@context\":\"https:\\\/\\\/schema.org\",\"@graph\":[{\"@type\":\"WebPage\",\"@id\":\"https:\\\/\\\/maisonessentielle.com\\\/produit\\\/la-blouse-allure-en-voile-de-coton-trame-ecru-cousue\\\/\",\"url\":\"https:\\\/\\\/maisonessentielle.com\\\/produit\\\/la-blouse-allure-en-voile-de-coton-trame-ecru-cousue\\\/\",\"name\":\"Blouse manches longues avec empi\u00e8cement \u00e9paules en voile de coton tram\u00e9 \u00e9cru\",\"isPartOf\":{\"@id\":\"https:\\\/\\\/maisonessentielle.com\\\/#website\"},\"primaryImageOfPage\":{\"@id\":\"https:\\\/\\\/maisonessentielle.com\\\/produit\\\/la-blouse-allure-en-voile-de-coton-trame-ecru-cousue\\\/#primaryimage\"},\"image\":{\"@id\":\"https:\\\/\\\/maisonessentielle.com\\\/produit\\\/la-blouse-allure-en-voile-de-coton-trame-ecru-cousue\\\/#primaryimage\"},\"thumbnailUrl\":\"https:\\\/\\\/maisonessentielle.com\\\/wp-content\\\/uploads\\\/2026\\\/01\\\/blouse-allure-coton-trame-ecru-aplat.jpg\",\"datePublished\":\"2026-04-20T07:15:57+00:00\",\"dateModified\":\"2026-05-01T12:13:12+00:00\",\"description\":\"La blouse Allure est une blouse manches longues tr\u00e8s \u00e9l\u00e9gante avec empi\u00e8cement \u00e9paules et fronces devant et dos, r\u00e9alis\u00e9e en voile de coton tram\u00e9 \u00e9cru\",\"breadcrumb\":{\"@id\":\"https:\\\/\\\/maisonessentielle.com\\\/produit\\\/la-blouse-allure-en-voile-de-coton-trame-ecru-cousue\\\/#breadcrumb\"},\"inLanguage\":\"fr-FR\",\"potentialAction\":[{\"@type\":\"ReadAction\",\"target\":[\"https:\\\/\\\/maisonessentielle.com\\\/produit\\\/la-blouse-allure-en-voile-de-coton-trame-ecru-cousue\\\/\"]}]},{\"@type\":\"ImageObject\",\"inLanguage\":\"fr-FR\",\"@id\":\"https:\\\/\\\/maisonessentielle.com\\\/produit\\\/la-blouse-allure-en-voile-de-coton-trame-ecru-cousue\\\/#primaryimage\",\"url\":\"https:\\\/\\\/maisonessentielle.com\\\/wp-content\\\/uploads\\\/2026\\\/01\\\/blouse-allure-coton-trame-ecru-aplat.jpg\",\"contentUrl\":\"https:\\\/\\\/maisonessentielle.com\\\/wp-content\\\/uploads\\\/2026\\\/01\\\/blouse-allure-coton-trame-ecru-aplat.jpg\",\"width\":1417,\"height\":1890},{\"@type\":\"BreadcrumbList\",\"@id\":\"https:\\\/\\\/maisonessentielle.com\\\/produit\\\/la-blouse-allure-en-voile-de-coton-trame-ecru-cousue\\\/#breadcrumb\",\"itemListElement\":[{\"@type\":\"ListItem\",\"position\":1,\"name\":\"Accueil\",\"item\":\"https:\\\/\\\/maisonessentielle.com\\\/\"},{\"@type\":\"ListItem\",\"position\":2,\"name\":\"Produits Essentiels\",\"item\":\"https:\\\/\\\/maisonessentielle.com\\\/shop\\\/\"},{\"@type\":\"ListItem\",\"position\":3,\"name\":\"La blouse Allure en voile de coton tram\u00e9 \u00e9cru &#8211; cousue\"}]},{\"@type\":\"WebSite\",\"@id\":\"https:\\\/\\\/maisonessentielle.com\\\/#website\",\"url\":\"https:\\\/\\\/maisonessentielle.com\\\/\",\"name\":\"Maison Essentielle\",\"description\":\"Vestiaire essentiel \u00e0 coudre ou \u00e0 porter\",\"publisher\":{\"@id\":\"https:\\\/\\\/maisonessentielle.com\\\/#organization\"},\"potentialAction\":[{\"@type\":\"SearchAction\",\"target\":{\"@type\":\"EntryPoint\",\"urlTemplate\":\"https:\\\/\\\/maisonessentielle.com\\\/?s={search_term_string}\"},\"query-input\":{\"@type\":\"PropertyValueSpecification\",\"valueRequired\":true,\"valueName\":\"search_term_string\"}}],\"inLanguage\":\"fr-FR\"},{\"@type\":\"Organization\",\"@id\":\"https:\\\/\\\/maisonessentielle.com\\\/#organization\",\"name\":\"Maison Essentielle\",\"url\":\"https:\\\/\\\/maisonessentielle.com\\\/\",\"logo\":{\"@type\":\"ImageObject\",\"inLanguage\":\"fr-FR\",\"@id\":\"https:\\\/\\\/maisonessentielle.com\\\/#\\\/schema\\\/logo\\\/image\\\/\",\"url\":\"https:\\\/\\\/maisonessentielle.com\\\/wp-content\\\/uploads\\\/2022\\\/03\\\/MAISON-ESSENTIELLE_LOGO_facture-min.png\",\"contentUrl\":\"https:\\\/\\\/maisonessentielle.com\\\/wp-content\\\/uploads\\\/2022\\\/03\\\/MAISON-ESSENTIELLE_LOGO_facture-min.png\",\"width\":400,\"height\":57,\"caption\":\"Maison Essentielle\"},\"image\":{\"@id\":\"https:\\\/\\\/maisonessentielle.com\\\/#\\\/schema\\\/logo\\\/image\\\/\"},\"sameAs\":[\"https:\\\/\\\/www.facebook.com\\\/profile.php?id=61574309661771\",\"https:\\\/\\\/www.instagram.com\\\/maison_essentielle_\\\/\"]}]}<\/script>\n<!-- \/ Yoast SEO plugin. -->","yoast_head_json":{"title":"Blouse manches longues avec empi\u00e8cement \u00e9paules en voile de coton tram\u00e9 \u00e9cru","description":"La blouse Allure est une blouse manches longues tr\u00e8s \u00e9l\u00e9gante avec empi\u00e8cement \u00e9paules et fronces devant et dos, r\u00e9alis\u00e9e en voile de coton tram\u00e9 \u00e9cru","robots":{"index":"index","follow":"follow","max-snippet":"max-snippet:-1","max-image-preview":"max-image-preview:large","max-video-preview":"max-video-preview:-1"},"canonical":"https:\/\/maisonessentielle.com\/produit\/la-blouse-allure-en-voile-de-coton-trame-ecru-cousue\/","og_locale":"fr_FR","og_type":"article","og_title":"Blouse manches longues avec empi\u00e8cement \u00e9paules en voile de coton tram\u00e9 \u00e9cru","og_description":"La blouse Allure est une blouse manches longues tr\u00e8s \u00e9l\u00e9gante avec empi\u00e8cement \u00e9paules et fronces devant et dos, r\u00e9alis\u00e9e en voile de coton tram\u00e9 \u00e9cru","og_url":"https:\/\/maisonessentielle.com\/produit\/la-blouse-allure-en-voile-de-coton-trame-ecru-cousue\/","og_site_name":"Maison Essentielle","article_publisher":"https:\/\/www.facebook.com\/profile.php?id=61574309661771","article_modified_time":"2026-05-01T12:13:12+00:00","og_image":[{"width":1417,"height":1890,"url":"https:\/\/maisonessentielle.com\/wp-content\/uploads\/2026\/01\/blouse-allure-coton-trame-ecru-aplat.jpg","type":"image\/jpeg"}],"twitter_card":"summary_large_image","twitter_misc":{"Dur\u00e9e de lecture estim\u00e9e":"1 minute"},"schema":{"@context":"https:\/\/schema.org","@graph":[{"@type":"WebPage","@id":"https:\/\/maisonessentielle.com\/produit\/la-blouse-allure-en-voile-de-coton-trame-ecru-cousue\/","url":"https:\/\/maisonessentielle.com\/produit\/la-blouse-allure-en-voile-de-coton-trame-ecru-cousue\/","name":"Blouse manches longues avec empi\u00e8cement \u00e9paules en voile de coton tram\u00e9 \u00e9cru","isPartOf":{"@id":"https:\/\/maisonessentielle.com\/#website"},"primaryImageOfPage":{"@id":"https:\/\/maisonessentielle.com\/produit\/la-blouse-allure-en-voile-de-coton-trame-ecru-cousue\/#primaryimage"},"image":{"@id":"https:\/\/maisonessentielle.com\/produit\/la-blouse-allure-en-voile-de-coton-trame-ecru-cousue\/#primaryimage"},"thumbnailUrl":"https:\/\/maisonessentielle.com\/wp-content\/uploads\/2026\/01\/blouse-allure-coton-trame-ecru-aplat.jpg","datePublished":"2026-04-20T07:15:57+00:00","dateModified":"2026-05-01T12:13:12+00:00","description":"La blouse Allure est une blouse manches longues tr\u00e8s \u00e9l\u00e9gante avec empi\u00e8cement \u00e9paules et fronces devant et dos, r\u00e9alis\u00e9e en voile de coton tram\u00e9 \u00e9cru","breadcrumb":{"@id":"https:\/\/maisonessentielle.com\/produit\/la-blouse-allure-en-voile-de-coton-trame-ecru-cousue\/#breadcrumb"},"inLanguage":"fr-FR","potentialAction":[{"@type":"ReadAction","target":["https:\/\/maisonessentielle.com\/produit\/la-blouse-allure-en-voile-de-coton-trame-ecru-cousue\/"]}]},{"@type":"ImageObject","inLanguage":"fr-FR","@id":"https:\/\/maisonessentielle.com\/produit\/la-blouse-allure-en-voile-de-coton-trame-ecru-cousue\/#primaryimage","url":"https:\/\/maisonessentielle.com\/wp-content\/uploads\/2026\/01\/blouse-allure-coton-trame-ecru-aplat.jpg","contentUrl":"https:\/\/maisonessentielle.com\/wp-content\/uploads\/2026\/01\/blouse-allure-coton-trame-ecru-aplat.jpg","width":1417,"height":1890},{"@type":"BreadcrumbList","@id":"https:\/\/maisonessentielle.com\/produit\/la-blouse-allure-en-voile-de-coton-trame-ecru-cousue\/#breadcrumb","itemListElement":[{"@type":"ListItem","position":1,"name":"Accueil","item":"https:\/\/maisonessentielle.com\/"},{"@type":"ListItem","position":2,"name":"Produits Essentiels","item":"https:\/\/maisonessentielle.com\/shop\/"},{"@type":"ListItem","position":3,"name":"La blouse Allure en voile de coton tram\u00e9 \u00e9cru &#8211; cousue"}]},{"@type":"WebSite","@id":"https:\/\/maisonessentielle.com\/#website","url":"https:\/\/maisonessentielle.com\/","name":"Maison Essentielle","description":"Vestiaire essentiel \u00e0 coudre ou \u00e0 porter","publisher":{"@id":"https:\/\/maisonessentielle.com\/#organization"},"potentialAction":[{"@type":"SearchAction","target":{"@type":"EntryPoint","urlTemplate":"https:\/\/maisonessentielle.com\/?s={search_term_string}"},"query-input":{"@type":"PropertyValueSpecification","valueRequired":true,"valueName":"search_term_string"}}],"inLanguage":"fr-FR"},{"@type":"Organization","@id":"https:\/\/maisonessentielle.com\/#organization","name":"Maison Essentielle","url":"https:\/\/maisonessentielle.com\/","logo":{"@type":"ImageObject","inLanguage":"fr-FR","@id":"https:\/\/maisonessentielle.com\/#\/schema\/logo\/image\/","url":"https:\/\/maisonessentielle.com\/wp-content\/uploads\/2022\/03\/MAISON-ESSENTIELLE_LOGO_facture-min.png","contentUrl":"https:\/\/maisonessentielle.com\/wp-content\/uploads\/2022\/03\/MAISON-ESSENTIELLE_LOGO_facture-min.png","width":400,"height":57,"caption":"Maison Essentielle"},"image":{"@id":"https:\/\/maisonessentielle.com\/#\/schema\/logo\/image\/"},"sameAs":["https:\/\/www.facebook.com\/profile.php?id=61574309661771","https:\/\/www.instagram.com\/maison_essentielle_\/"]}]}},"_links":{"self":[{"href":"https:\/\/maisonessentielle.com\/wp-json\/wp\/v2\/product\/59026","targetHints":{"allow":["GET"]}}],"collection":[{"href":"https:\/\/maisonessentielle.com\/wp-json\/wp\/v2\/product"}],"about":[{"href":"https:\/\/maisonessentielle.com\/wp-json\/wp\/v2\/types\/product"}],"replies":[{"embeddable":true,"href":"https:\/\/maisonessentielle.com\/wp-json\/wp\/v2\/comments?post=59026"}],"version-history":[{"count":7,"href":"https:\/\/maisonessentielle.com\/wp-json\/wp\/v2\/product\/59026\/revisions"}],"predecessor-version":[{"id":63401,"href":"https:\/\/maisonessentielle.com\/wp-json\/wp\/v2\/product\/59026\/revisions\/63401"}],"wp:featuredmedia":[{"embeddable":true,"href":"https:\/\/maisonessentielle.com\/wp-json\/wp\/v2\/media\/59472"}],"wp:attachment":[{"href":"https:\/\/maisonessentielle.com\/wp-json\/wp\/v2\/media?parent=59026"}],"wp:term":[{"taxonomy":"product_brand","embeddable":true,"href":"https:\/\/maisonessentielle.com\/wp-json\/wp\/v2\/product_brand?post=59026"},{"taxonomy":"product_cat","embeddable":true,"href":"https:\/\/maisonessentielle.com\/wp-json\/wp\/v2\/product_cat?post=59026"},{"taxonomy":"product_tag","embeddable":true,"href":"https:\/\/maisonessentielle.com\/wp-json\/wp\/v2\/product_tag?post=59026"}],"curies":[{"name":"wp","href":"https:\/\/api.w.org\/{rel}","templated":true}]}}