{"id":56836,"date":"2025-11-19T18:03:47","date_gmt":"2025-11-19T17:03:47","guid":{"rendered":"https:\/\/maisonessentielle.com\/?post_type=product&#038;p=56836"},"modified":"2026-01-08T17:51:22","modified_gmt":"2026-01-08T16:51:22","slug":"la-veste-everyday-courte-en-lainage-grise-exclu-boutique","status":"publish","type":"product","link":"https:\/\/maisonessentielle.com\/produit\/la-veste-everyday-courte-en-lainage-grise-exclu-boutique\/","title":{"rendered":"La veste Everyday courte en lainage grise EXCLU BOUTIQUE"},"content":{"rendered":"<h1><strong>Choisissez votre taille en vous r\u00e9f\u00e9rant \u00e0 ce tableau de mensuration (mesure en cm \u2013 stature 1,65m)<\/strong><\/h1>\n<p>&nbsp;<\/p>\n<table>\n<tbody>\n<tr>\n<td><b>Taille<\/b><\/td>\n<td><b>XS<\/b><\/td>\n<td><b>S<\/b><\/td>\n<td><b>M<\/b><\/td>\n<td><b>L<\/b><\/td>\n<td><b>XL<\/b><\/td>\n<\/tr>\n<tr>\n<td><b>Tour de poitrine<\/b><\/td>\n<td>78-82<\/td>\n<td>82-86<\/td>\n<td>86-94<\/td>\n<td>94-102<\/td>\n<td>102-110<\/td>\n<\/tr>\n<tr>\n<td><b>Tour de taille<\/b><\/td>\n<td>64-68<\/td>\n<td>68-72<\/td>\n<td>72-80<\/td>\n<td>80-88<\/td>\n<td>88-96<\/td>\n<\/tr>\n<tr>\n<td><b>Tour de hanches<\/b><\/td>\n<td>84-88<\/td>\n<td>88-92<\/td>\n<td>92-100<\/td>\n<td>100-108<\/td>\n<td>108-116<\/td>\n<\/tr>\n<\/tbody>\n<\/table>\n<p>&nbsp;<\/p>\n<p style=\"text-align: center;\"><strong>Partagez-nous vos looks sur les r\u00e9seaux sociaux #lavesteeveryday @maison_essentielle_<\/strong><\/p>\n","protected":false},"excerpt":{"rendered":"<p>&nbsp;<\/p>\n<h2>Style et mati\u00e8re de notre veste Everyday en lainage gris<\/h2>\n<p><strong>Everyday est une veste doubl\u00e9e dont vous ne pourrez plus vous passer. Sa coupe large, ses manches basses et ses poches plaqu\u00e9es devant lui donnent de l&rsquo;allure tout en restant cool. \u00a0R\u00e9alis\u00e9e dans un beau lainage chevron marron et doubl\u00e9e de satin, elle accompagnera tous les looks d&rsquo;automne\/hiver.<\/strong><\/p>\n<p><strong>Mati\u00e8re :<\/strong> Lainage m\u00e9lang\u00e9 gris issu de stock dormant d&rsquo;une belle maison de couture, <strong>70% laine \/ 30% polyester,<\/strong> doublure satin <strong>100% polyester <\/strong>&#8211; <strong>Lavage<\/strong> \u00e0 froid, en machine programme laine &#8211; <strong>Pas de s\u00e8che-linge &#8211; Repassage : <\/strong>doux<\/p>\n<h2>Conseil taille pour choisir votre veste Everyday<\/h2>\n<p>R\u00e9f\u00e9rez vous au tableau de mensurations en bas de page. La veste Everyday taille plut\u00f4t grand mais se porte ample. <em>Val\u00e9rie (1,65m \/ 86-72-90)<\/em> porte la taille taille S.<\/p>\n<h2><strong>Confection made in France &#8211; Exp\u00e9dition mi-d\u00e9cembre<\/strong><\/h2>\n<p>&nbsp;<\/p>\n","protected":false},"featured_media":0,"comment_status":"open","ping_status":"closed","template":"","meta":{"_acf_changed":false,"site-sidebar-layout":"default","site-content-layout":"default","ast-site-content-layout":"default","site-content-style":"default","site-sidebar-style":"default","ast-global-header-display":"","ast-banner-title-visibility":"","ast-main-header-display":"","ast-hfb-above-header-display":"","ast-hfb-below-header-display":"","ast-hfb-mobile-header-display":"","site-post-title":"","ast-breadcrumbs-content":"","ast-featured-img":"","footer-sml-layout":"","ast-disable-related-posts":"","theme-transparent-header-meta":"default","adv-header-id-meta":"","stick-header-meta":"default","header-above-stick-meta":"","header-main-stick-meta":"","header-below-stick-meta":"","astra-migrate-meta-layouts":"set","ast-page-background-enabled":"default","ast-page-background-meta":{"desktop":{"background-color":"","background-image":"","background-repeat":"repeat","background-position":"center center","background-size":"auto","background-attachment":"scroll","background-type":"","background-media":"","overlay-type":"","overlay-color":"","overlay-opacity":"","overlay-gradient":""},"tablet":{"background-color":"","background-image":"","background-repeat":"repeat","background-position":"center center","background-size":"auto","background-attachment":"scroll","background-type":"","background-media":"","overlay-type":"","overlay-color":"","overlay-opacity":"","overlay-gradient":""},"mobile":{"background-color":"","background-image":"","background-repeat":"repeat","background-position":"center center","background-size":"auto","background-attachment":"scroll","background-type":"","background-media":"","overlay-type":"","overlay-color":"","overlay-opacity":"","overlay-gradient":""}},"ast-content-background-meta":{"desktop":{"background-color":"var(--ast-global-color-5)","background-image":"","background-repeat":"repeat","background-position":"center center","background-size":"auto","background-attachment":"scroll","background-type":"","background-media":"","overlay-type":"","overlay-color":"","overlay-opacity":"","overlay-gradient":""},"tablet":{"background-color":"var(--ast-global-color-5)","background-image":"","background-repeat":"repeat","background-position":"center center","background-size":"auto","background-attachment":"scroll","background-type":"","background-media":"","overlay-type":"","overlay-color":"","overlay-opacity":"","overlay-gradient":""},"mobile":{"background-color":"var(--ast-global-color-5)","background-image":"","background-repeat":"repeat","background-position":"center center","background-size":"auto","background-attachment":"scroll","background-type":"","background-media":"","overlay-type":"","overlay-color":"","overlay-opacity":"","overlay-gradient":""}}},"product_brand":[],"product_cat":[432],"product_tag":[],"class_list":{"0":"post-56836","1":"product","2":"type-product","3":"status-publish","5":"product_cat-exclu-boutique","6":"desktop-align-center","7":"tablet-align-center","8":"mobile-align-center","9":"ast-product-gallery-layout-horizontal","10":"ast-product-gallery-with-no-image","11":"ast-magnify-disabled","12":"ast-product-single-variable","13":"ast-product-tabs-layout-horizontal","15":"first","16":"instock","17":"taxable","18":"shipping-taxable","19":"purchasable","20":"product-type-variable"},"acf":[],"yoast_head":"<!-- This site is optimized with the Yoast SEO plugin v27.3 - https:\/\/yoast.com\/product\/yoast-seo-wordpress\/ -->\n<title>Veste manches longues en lainage chevron marron, \u00e9l\u00e9gante et oversize<\/title>\n<meta name=\"description\" content=\"La veste Everyday est une veste oversize \u00e0 la coupe minimaliste tout en restant \u00e9l\u00e9gante, r\u00e9alis\u00e9e en lainage chevron marron.\" \/>\n<meta name=\"robots\" content=\"index, follow, max-snippet:-1, max-image-preview:large, max-video-preview:-1\" \/>\n<link rel=\"canonical\" href=\"https:\/\/maisonessentielle.com\/produit\/la-veste-everyday-courte-en-lainage-grise-exclu-boutique\/\" \/>\n<meta property=\"og:locale\" content=\"fr_FR\" \/>\n<meta property=\"og:type\" content=\"article\" \/>\n<meta property=\"og:title\" content=\"Veste manches longues en lainage chevron marron, \u00e9l\u00e9gante et oversize\" \/>\n<meta property=\"og:description\" content=\"La veste Everyday est une veste oversize \u00e0 la coupe minimaliste tout en restant \u00e9l\u00e9gante, r\u00e9alis\u00e9e en lainage chevron marron.\" \/>\n<meta property=\"og:url\" content=\"https:\/\/maisonessentielle.com\/produit\/la-veste-everyday-courte-en-lainage-grise-exclu-boutique\/\" \/>\n<meta property=\"og:site_name\" content=\"Maison Essentielle\" \/>\n<meta property=\"article:publisher\" content=\"https:\/\/www.facebook.com\/profile.php?id=61574309661771\" \/>\n<meta property=\"article:modified_time\" content=\"2026-01-08T16:51:22+00:00\" \/>\n<meta name=\"twitter:card\" content=\"summary_large_image\" \/>\n<meta name=\"twitter:label1\" content=\"Dur\u00e9e de lecture estim\u00e9e\" \/>\n\t<meta name=\"twitter:data1\" content=\"1 minute\" \/>\n<script type=\"application\/ld+json\" class=\"yoast-schema-graph\">{\"@context\":\"https:\\\/\\\/schema.org\",\"@graph\":[{\"@type\":\"WebPage\",\"@id\":\"https:\\\/\\\/maisonessentielle.com\\\/produit\\\/la-veste-everyday-courte-en-lainage-grise-exclu-boutique\\\/\",\"url\":\"https:\\\/\\\/maisonessentielle.com\\\/produit\\\/la-veste-everyday-courte-en-lainage-grise-exclu-boutique\\\/\",\"name\":\"Veste manches longues en lainage chevron marron, \u00e9l\u00e9gante et oversize\",\"isPartOf\":{\"@id\":\"https:\\\/\\\/maisonessentielle.com\\\/#website\"},\"datePublished\":\"2025-11-19T17:03:47+00:00\",\"dateModified\":\"2026-01-08T16:51:22+00:00\",\"description\":\"La veste Everyday est une veste oversize \u00e0 la coupe minimaliste tout en restant \u00e9l\u00e9gante, r\u00e9alis\u00e9e en lainage chevron marron.\",\"breadcrumb\":{\"@id\":\"https:\\\/\\\/maisonessentielle.com\\\/produit\\\/la-veste-everyday-courte-en-lainage-grise-exclu-boutique\\\/#breadcrumb\"},\"inLanguage\":\"fr-FR\",\"potentialAction\":[{\"@type\":\"ReadAction\",\"target\":[\"https:\\\/\\\/maisonessentielle.com\\\/produit\\\/la-veste-everyday-courte-en-lainage-grise-exclu-boutique\\\/\"]}]},{\"@type\":\"BreadcrumbList\",\"@id\":\"https:\\\/\\\/maisonessentielle.com\\\/produit\\\/la-veste-everyday-courte-en-lainage-grise-exclu-boutique\\\/#breadcrumb\",\"itemListElement\":[{\"@type\":\"ListItem\",\"position\":1,\"name\":\"Accueil\",\"item\":\"https:\\\/\\\/maisonessentielle.com\\\/\"},{\"@type\":\"ListItem\",\"position\":2,\"name\":\"Produits Essentiels\",\"item\":\"https:\\\/\\\/maisonessentielle.com\\\/shop\\\/\"},{\"@type\":\"ListItem\",\"position\":3,\"name\":\"La veste Everyday courte en lainage grise EXCLU BOUTIQUE\"}]},{\"@type\":\"WebSite\",\"@id\":\"https:\\\/\\\/maisonessentielle.com\\\/#website\",\"url\":\"https:\\\/\\\/maisonessentielle.com\\\/\",\"name\":\"Maison Essentielle\",\"description\":\"Vestiaire essentiel \u00e0 coudre ou \u00e0 porter\",\"publisher\":{\"@id\":\"https:\\\/\\\/maisonessentielle.com\\\/#organization\"},\"potentialAction\":[{\"@type\":\"SearchAction\",\"target\":{\"@type\":\"EntryPoint\",\"urlTemplate\":\"https:\\\/\\\/maisonessentielle.com\\\/?s={search_term_string}\"},\"query-input\":{\"@type\":\"PropertyValueSpecification\",\"valueRequired\":true,\"valueName\":\"search_term_string\"}}],\"inLanguage\":\"fr-FR\"},{\"@type\":\"Organization\",\"@id\":\"https:\\\/\\\/maisonessentielle.com\\\/#organization\",\"name\":\"Maison Essentielle\",\"url\":\"https:\\\/\\\/maisonessentielle.com\\\/\",\"logo\":{\"@type\":\"ImageObject\",\"inLanguage\":\"fr-FR\",\"@id\":\"https:\\\/\\\/maisonessentielle.com\\\/#\\\/schema\\\/logo\\\/image\\\/\",\"url\":\"https:\\\/\\\/maisonessentielle.com\\\/wp-content\\\/uploads\\\/2022\\\/03\\\/MAISON-ESSENTIELLE_LOGO_facture-min.png\",\"contentUrl\":\"https:\\\/\\\/maisonessentielle.com\\\/wp-content\\\/uploads\\\/2022\\\/03\\\/MAISON-ESSENTIELLE_LOGO_facture-min.png\",\"width\":400,\"height\":57,\"caption\":\"Maison Essentielle\"},\"image\":{\"@id\":\"https:\\\/\\\/maisonessentielle.com\\\/#\\\/schema\\\/logo\\\/image\\\/\"},\"sameAs\":[\"https:\\\/\\\/www.facebook.com\\\/profile.php?id=61574309661771\",\"https:\\\/\\\/www.instagram.com\\\/maison_essentielle_\\\/\"]}]}<\/script>\n<!-- \/ Yoast SEO plugin. -->","yoast_head_json":{"title":"Veste manches longues en lainage chevron marron, \u00e9l\u00e9gante et oversize","description":"La veste Everyday est une veste oversize \u00e0 la coupe minimaliste tout en restant \u00e9l\u00e9gante, r\u00e9alis\u00e9e en lainage chevron marron.","robots":{"index":"index","follow":"follow","max-snippet":"max-snippet:-1","max-image-preview":"max-image-preview:large","max-video-preview":"max-video-preview:-1"},"canonical":"https:\/\/maisonessentielle.com\/produit\/la-veste-everyday-courte-en-lainage-grise-exclu-boutique\/","og_locale":"fr_FR","og_type":"article","og_title":"Veste manches longues en lainage chevron marron, \u00e9l\u00e9gante et oversize","og_description":"La veste Everyday est une veste oversize \u00e0 la coupe minimaliste tout en restant \u00e9l\u00e9gante, r\u00e9alis\u00e9e en lainage chevron marron.","og_url":"https:\/\/maisonessentielle.com\/produit\/la-veste-everyday-courte-en-lainage-grise-exclu-boutique\/","og_site_name":"Maison Essentielle","article_publisher":"https:\/\/www.facebook.com\/profile.php?id=61574309661771","article_modified_time":"2026-01-08T16:51:22+00:00","twitter_card":"summary_large_image","twitter_misc":{"Dur\u00e9e de lecture estim\u00e9e":"1 minute"},"schema":{"@context":"https:\/\/schema.org","@graph":[{"@type":"WebPage","@id":"https:\/\/maisonessentielle.com\/produit\/la-veste-everyday-courte-en-lainage-grise-exclu-boutique\/","url":"https:\/\/maisonessentielle.com\/produit\/la-veste-everyday-courte-en-lainage-grise-exclu-boutique\/","name":"Veste manches longues en lainage chevron marron, \u00e9l\u00e9gante et oversize","isPartOf":{"@id":"https:\/\/maisonessentielle.com\/#website"},"datePublished":"2025-11-19T17:03:47+00:00","dateModified":"2026-01-08T16:51:22+00:00","description":"La veste Everyday est une veste oversize \u00e0 la coupe minimaliste tout en restant \u00e9l\u00e9gante, r\u00e9alis\u00e9e en lainage chevron marron.","breadcrumb":{"@id":"https:\/\/maisonessentielle.com\/produit\/la-veste-everyday-courte-en-lainage-grise-exclu-boutique\/#breadcrumb"},"inLanguage":"fr-FR","potentialAction":[{"@type":"ReadAction","target":["https:\/\/maisonessentielle.com\/produit\/la-veste-everyday-courte-en-lainage-grise-exclu-boutique\/"]}]},{"@type":"BreadcrumbList","@id":"https:\/\/maisonessentielle.com\/produit\/la-veste-everyday-courte-en-lainage-grise-exclu-boutique\/#breadcrumb","itemListElement":[{"@type":"ListItem","position":1,"name":"Accueil","item":"https:\/\/maisonessentielle.com\/"},{"@type":"ListItem","position":2,"name":"Produits Essentiels","item":"https:\/\/maisonessentielle.com\/shop\/"},{"@type":"ListItem","position":3,"name":"La veste Everyday courte en lainage grise EXCLU BOUTIQUE"}]},{"@type":"WebSite","@id":"https:\/\/maisonessentielle.com\/#website","url":"https:\/\/maisonessentielle.com\/","name":"Maison Essentielle","description":"Vestiaire essentiel \u00e0 coudre ou \u00e0 porter","publisher":{"@id":"https:\/\/maisonessentielle.com\/#organization"},"potentialAction":[{"@type":"SearchAction","target":{"@type":"EntryPoint","urlTemplate":"https:\/\/maisonessentielle.com\/?s={search_term_string}"},"query-input":{"@type":"PropertyValueSpecification","valueRequired":true,"valueName":"search_term_string"}}],"inLanguage":"fr-FR"},{"@type":"Organization","@id":"https:\/\/maisonessentielle.com\/#organization","name":"Maison Essentielle","url":"https:\/\/maisonessentielle.com\/","logo":{"@type":"ImageObject","inLanguage":"fr-FR","@id":"https:\/\/maisonessentielle.com\/#\/schema\/logo\/image\/","url":"https:\/\/maisonessentielle.com\/wp-content\/uploads\/2022\/03\/MAISON-ESSENTIELLE_LOGO_facture-min.png","contentUrl":"https:\/\/maisonessentielle.com\/wp-content\/uploads\/2022\/03\/MAISON-ESSENTIELLE_LOGO_facture-min.png","width":400,"height":57,"caption":"Maison Essentielle"},"image":{"@id":"https:\/\/maisonessentielle.com\/#\/schema\/logo\/image\/"},"sameAs":["https:\/\/www.facebook.com\/profile.php?id=61574309661771","https:\/\/www.instagram.com\/maison_essentielle_\/"]}]}},"_links":{"self":[{"href":"https:\/\/maisonessentielle.com\/wp-json\/wp\/v2\/product\/56836","targetHints":{"allow":["GET"]}}],"collection":[{"href":"https:\/\/maisonessentielle.com\/wp-json\/wp\/v2\/product"}],"about":[{"href":"https:\/\/maisonessentielle.com\/wp-json\/wp\/v2\/types\/product"}],"replies":[{"embeddable":true,"href":"https:\/\/maisonessentielle.com\/wp-json\/wp\/v2\/comments?post=56836"}],"version-history":[{"count":1,"href":"https:\/\/maisonessentielle.com\/wp-json\/wp\/v2\/product\/56836\/revisions"}],"predecessor-version":[{"id":56839,"href":"https:\/\/maisonessentielle.com\/wp-json\/wp\/v2\/product\/56836\/revisions\/56839"}],"wp:attachment":[{"href":"https:\/\/maisonessentielle.com\/wp-json\/wp\/v2\/media?parent=56836"}],"wp:term":[{"taxonomy":"product_brand","embeddable":true,"href":"https:\/\/maisonessentielle.com\/wp-json\/wp\/v2\/product_brand?post=56836"},{"taxonomy":"product_cat","embeddable":true,"href":"https:\/\/maisonessentielle.com\/wp-json\/wp\/v2\/product_cat?post=56836"},{"taxonomy":"product_tag","embeddable":true,"href":"https:\/\/maisonessentielle.com\/wp-json\/wp\/v2\/product_tag?post=56836"}],"curies":[{"name":"wp","href":"https:\/\/api.w.org\/{rel}","templated":true}]}}