{"id":56646,"date":"2025-11-17T11:45:51","date_gmt":"2025-11-17T10:45:51","guid":{"rendered":"https:\/\/maisonessentielle.com\/?post_type=product&#038;p=56646"},"modified":"2025-11-27T17:28:33","modified_gmt":"2025-11-27T16:28:33","slug":"oiseau-en-gres-pyrite","status":"publish","type":"product","link":"https:\/\/maisonessentielle.com\/produit\/oiseau-en-gres-pyrite\/","title":{"rendered":"Oiseau d\u00e9coratif en c\u00e9ramique artisanale"},"content":{"rendered":"","protected":false},"excerpt":{"rendered":"<p>&nbsp;<\/p>\n<h2><strong data-start=\"774\" data-end=\"807\">Oiseau en c\u00e9ramique artisanale fait main\u00a0<\/strong><\/h2>\n<p>Chaque pi\u00e8ce est model\u00e9e, \u00e9maill\u00e9e et d\u00e9cor\u00e9e \u00e0 la main, ce qui en fait un objet v\u00e9ritablement <strong data-start=\"976\" data-end=\"986\">unique<\/strong>, aux finitions d\u00e9licates et au charme incomparable.<\/p>\n<p>Format de 15 cm &#8211;\u00a0R\u00e9alis\u00e9 en terre pyrit\u00e9 et \u00e9mail blanc r\u00e9pondant aux normes alimentaires, de fa\u00e7on artisanale \u00e0 l&rsquo;atelier<\/p>\n<p>Vous pouvez le fixer soit par la petite corde, soit en fixant un clou \u00e0 travers le trou qui est l&rsquo;oeil de l&rsquo;oiseau, soit avec un adh\u00e9sif en double face<\/p>\n<h2><strong>Made in France dans notre atelier c\u00e9ramique \u00e0 Marcq en Baroeul<\/strong><\/h2>\n<p>&nbsp;<\/p>\n<h2>D\u00e9couvrez nos ateliers c\u00e9ramique si vous \u00eates de la r\u00e9gion NORD <a href=\"https:\/\/maisonessentielle.com\/index.php\/categorie-produit\/ateliers-ceramique\/\">ici<\/a><\/h2>\n<p>&nbsp;<\/p>\n","protected":false},"featured_media":57064,"comment_status":"open","ping_status":"closed","template":"","meta":{"_acf_changed":false,"site-sidebar-layout":"default","site-content-layout":"default","ast-site-content-layout":"default","site-content-style":"default","site-sidebar-style":"default","ast-global-header-display":"","ast-banner-title-visibility":"","ast-main-header-display":"","ast-hfb-above-header-display":"","ast-hfb-below-header-display":"","ast-hfb-mobile-header-display":"","site-post-title":"","ast-breadcrumbs-content":"","ast-featured-img":"","footer-sml-layout":"","ast-disable-related-posts":"","theme-transparent-header-meta":"default","adv-header-id-meta":"","stick-header-meta":"default","header-above-stick-meta":"","header-main-stick-meta":"","header-below-stick-meta":"","astra-migrate-meta-layouts":"set","ast-page-background-enabled":"default","ast-page-background-meta":{"desktop":{"background-color":"","background-image":"","background-repeat":"repeat","background-position":"center center","background-size":"auto","background-attachment":"scroll","background-type":"","background-media":"","overlay-type":"","overlay-color":"","overlay-opacity":"","overlay-gradient":""},"tablet":{"background-color":"","background-image":"","background-repeat":"repeat","background-position":"center center","background-size":"auto","background-attachment":"scroll","background-type":"","background-media":"","overlay-type":"","overlay-color":"","overlay-opacity":"","overlay-gradient":""},"mobile":{"background-color":"","background-image":"","background-repeat":"repeat","background-position":"center center","background-size":"auto","background-attachment":"scroll","background-type":"","background-media":"","overlay-type":"","overlay-color":"","overlay-opacity":"","overlay-gradient":""}},"ast-content-background-meta":{"desktop":{"background-color":"var(--ast-global-color-5)","background-image":"","background-repeat":"repeat","background-position":"center center","background-size":"auto","background-attachment":"scroll","background-type":"","background-media":"","overlay-type":"","overlay-color":"","overlay-opacity":"","overlay-gradient":""},"tablet":{"background-color":"var(--ast-global-color-5)","background-image":"","background-repeat":"repeat","background-position":"center center","background-size":"auto","background-attachment":"scroll","background-type":"","background-media":"","overlay-type":"","overlay-color":"","overlay-opacity":"","overlay-gradient":""},"mobile":{"background-color":"var(--ast-global-color-5)","background-image":"","background-repeat":"repeat","background-position":"center center","background-size":"auto","background-attachment":"scroll","background-type":"","background-media":"","overlay-type":"","overlay-color":"","overlay-opacity":"","overlay-gradient":""}}},"product_brand":[],"product_cat":[216,51,459],"product_tag":[],"class_list":{"0":"post-56646","1":"product","2":"type-product","3":"status-publish","4":"has-post-thumbnail","6":"product_cat-ceramique-maison","7":"product_cat-vaisselle-et-ceramique","8":"product_cat-noel","9":"desktop-align-center","10":"tablet-align-center","11":"mobile-align-center","12":"ast-product-gallery-layout-horizontal","13":"ast-product-gallery-with-no-image","14":"ast-magnify-disabled","15":"ast-product-tabs-layout-horizontal","17":"first","18":"instock","19":"taxable","20":"shipping-taxable","21":"purchasable","22":"product-type-simple"},"acf":[],"yoast_head":"<!-- This site is optimized with the Yoast SEO plugin v27.3 - https:\/\/yoast.com\/product\/yoast-seo-wordpress\/ -->\n<title>Oiseau d\u00e9coratif en c\u00e9ramique artisanale, fait main<\/title>\n<meta name=\"description\" content=\"Oiseau en c\u00e9ramique fait main : une pi\u00e8ce artisanale unique pour sublimer votre d\u00e9coration. Cr\u00e9ation po\u00e9tique, durable et id\u00e9ale \u00e0 offrir.\" \/>\n<meta name=\"robots\" content=\"index, follow, max-snippet:-1, max-image-preview:large, max-video-preview:-1\" \/>\n<link rel=\"canonical\" href=\"https:\/\/maisonessentielle.com\/produit\/oiseau-en-gres-pyrite\/\" \/>\n<meta property=\"og:locale\" content=\"fr_FR\" \/>\n<meta property=\"og:type\" content=\"article\" \/>\n<meta property=\"og:title\" content=\"Oiseau d\u00e9coratif en c\u00e9ramique artisanale, fait main\" \/>\n<meta property=\"og:description\" content=\"Oiseau en c\u00e9ramique fait main : une pi\u00e8ce artisanale unique pour sublimer votre d\u00e9coration. Cr\u00e9ation po\u00e9tique, durable et id\u00e9ale \u00e0 offrir.\" \/>\n<meta property=\"og:url\" content=\"https:\/\/maisonessentielle.com\/produit\/oiseau-en-gres-pyrite\/\" \/>\n<meta property=\"og:site_name\" content=\"Maison Essentielle\" \/>\n<meta property=\"article:publisher\" content=\"https:\/\/www.facebook.com\/profile.php?id=61574309661771\" \/>\n<meta property=\"article:modified_time\" content=\"2025-11-27T16:28:33+00:00\" \/>\n<meta property=\"og:image\" content=\"https:\/\/maisonessentielle.com\/wp-content\/uploads\/2025\/11\/IMG_9064-scaled-e1763921500286.jpg\" \/>\n\t<meta property=\"og:image:width\" content=\"1685\" \/>\n\t<meta property=\"og:image:height\" content=\"2560\" \/>\n\t<meta property=\"og:image:type\" content=\"image\/jpeg\" \/>\n<meta name=\"twitter:card\" content=\"summary_large_image\" \/>\n<meta name=\"twitter:label1\" content=\"Dur\u00e9e de lecture estim\u00e9e\" \/>\n\t<meta name=\"twitter:data1\" content=\"1 minute\" \/>\n<script type=\"application\/ld+json\" class=\"yoast-schema-graph\">{\"@context\":\"https:\\\/\\\/schema.org\",\"@graph\":[{\"@type\":\"WebPage\",\"@id\":\"https:\\\/\\\/maisonessentielle.com\\\/produit\\\/oiseau-en-gres-pyrite\\\/\",\"url\":\"https:\\\/\\\/maisonessentielle.com\\\/produit\\\/oiseau-en-gres-pyrite\\\/\",\"name\":\"Oiseau d\u00e9coratif en c\u00e9ramique artisanale, fait main\",\"isPartOf\":{\"@id\":\"https:\\\/\\\/maisonessentielle.com\\\/#website\"},\"primaryImageOfPage\":{\"@id\":\"https:\\\/\\\/maisonessentielle.com\\\/produit\\\/oiseau-en-gres-pyrite\\\/#primaryimage\"},\"image\":{\"@id\":\"https:\\\/\\\/maisonessentielle.com\\\/produit\\\/oiseau-en-gres-pyrite\\\/#primaryimage\"},\"thumbnailUrl\":\"https:\\\/\\\/maisonessentielle.com\\\/wp-content\\\/uploads\\\/2025\\\/11\\\/IMG_9064-scaled-e1763921500286.jpg\",\"datePublished\":\"2025-11-17T10:45:51+00:00\",\"dateModified\":\"2025-11-27T16:28:33+00:00\",\"description\":\"Oiseau en c\u00e9ramique fait main : une pi\u00e8ce artisanale unique pour sublimer votre d\u00e9coration. Cr\u00e9ation po\u00e9tique, durable et id\u00e9ale \u00e0 offrir.\",\"breadcrumb\":{\"@id\":\"https:\\\/\\\/maisonessentielle.com\\\/produit\\\/oiseau-en-gres-pyrite\\\/#breadcrumb\"},\"inLanguage\":\"fr-FR\",\"potentialAction\":[{\"@type\":\"ReadAction\",\"target\":[\"https:\\\/\\\/maisonessentielle.com\\\/produit\\\/oiseau-en-gres-pyrite\\\/\"]}]},{\"@type\":\"ImageObject\",\"inLanguage\":\"fr-FR\",\"@id\":\"https:\\\/\\\/maisonessentielle.com\\\/produit\\\/oiseau-en-gres-pyrite\\\/#primaryimage\",\"url\":\"https:\\\/\\\/maisonessentielle.com\\\/wp-content\\\/uploads\\\/2025\\\/11\\\/IMG_9064-scaled-e1763921500286.jpg\",\"contentUrl\":\"https:\\\/\\\/maisonessentielle.com\\\/wp-content\\\/uploads\\\/2025\\\/11\\\/IMG_9064-scaled-e1763921500286.jpg\",\"width\":1685,\"height\":2560},{\"@type\":\"BreadcrumbList\",\"@id\":\"https:\\\/\\\/maisonessentielle.com\\\/produit\\\/oiseau-en-gres-pyrite\\\/#breadcrumb\",\"itemListElement\":[{\"@type\":\"ListItem\",\"position\":1,\"name\":\"Accueil\",\"item\":\"https:\\\/\\\/maisonessentielle.com\\\/\"},{\"@type\":\"ListItem\",\"position\":2,\"name\":\"Produits Essentiels\",\"item\":\"https:\\\/\\\/maisonessentielle.com\\\/shop\\\/\"},{\"@type\":\"ListItem\",\"position\":3,\"name\":\"Oiseau d\u00e9coratif en c\u00e9ramique artisanale\"}]},{\"@type\":\"WebSite\",\"@id\":\"https:\\\/\\\/maisonessentielle.com\\\/#website\",\"url\":\"https:\\\/\\\/maisonessentielle.com\\\/\",\"name\":\"Maison Essentielle\",\"description\":\"Vestiaire essentiel \u00e0 coudre ou \u00e0 porter\",\"publisher\":{\"@id\":\"https:\\\/\\\/maisonessentielle.com\\\/#organization\"},\"potentialAction\":[{\"@type\":\"SearchAction\",\"target\":{\"@type\":\"EntryPoint\",\"urlTemplate\":\"https:\\\/\\\/maisonessentielle.com\\\/?s={search_term_string}\"},\"query-input\":{\"@type\":\"PropertyValueSpecification\",\"valueRequired\":true,\"valueName\":\"search_term_string\"}}],\"inLanguage\":\"fr-FR\"},{\"@type\":\"Organization\",\"@id\":\"https:\\\/\\\/maisonessentielle.com\\\/#organization\",\"name\":\"Maison Essentielle\",\"url\":\"https:\\\/\\\/maisonessentielle.com\\\/\",\"logo\":{\"@type\":\"ImageObject\",\"inLanguage\":\"fr-FR\",\"@id\":\"https:\\\/\\\/maisonessentielle.com\\\/#\\\/schema\\\/logo\\\/image\\\/\",\"url\":\"https:\\\/\\\/maisonessentielle.com\\\/wp-content\\\/uploads\\\/2022\\\/03\\\/MAISON-ESSENTIELLE_LOGO_facture-min.png\",\"contentUrl\":\"https:\\\/\\\/maisonessentielle.com\\\/wp-content\\\/uploads\\\/2022\\\/03\\\/MAISON-ESSENTIELLE_LOGO_facture-min.png\",\"width\":400,\"height\":57,\"caption\":\"Maison Essentielle\"},\"image\":{\"@id\":\"https:\\\/\\\/maisonessentielle.com\\\/#\\\/schema\\\/logo\\\/image\\\/\"},\"sameAs\":[\"https:\\\/\\\/www.facebook.com\\\/profile.php?id=61574309661771\",\"https:\\\/\\\/www.instagram.com\\\/maison_essentielle_\\\/\"]}]}<\/script>\n<!-- \/ Yoast SEO plugin. -->","yoast_head_json":{"title":"Oiseau d\u00e9coratif en c\u00e9ramique artisanale, fait main","description":"Oiseau en c\u00e9ramique fait main : une pi\u00e8ce artisanale unique pour sublimer votre d\u00e9coration. Cr\u00e9ation po\u00e9tique, durable et id\u00e9ale \u00e0 offrir.","robots":{"index":"index","follow":"follow","max-snippet":"max-snippet:-1","max-image-preview":"max-image-preview:large","max-video-preview":"max-video-preview:-1"},"canonical":"https:\/\/maisonessentielle.com\/produit\/oiseau-en-gres-pyrite\/","og_locale":"fr_FR","og_type":"article","og_title":"Oiseau d\u00e9coratif en c\u00e9ramique artisanale, fait main","og_description":"Oiseau en c\u00e9ramique fait main : une pi\u00e8ce artisanale unique pour sublimer votre d\u00e9coration. Cr\u00e9ation po\u00e9tique, durable et id\u00e9ale \u00e0 offrir.","og_url":"https:\/\/maisonessentielle.com\/produit\/oiseau-en-gres-pyrite\/","og_site_name":"Maison Essentielle","article_publisher":"https:\/\/www.facebook.com\/profile.php?id=61574309661771","article_modified_time":"2025-11-27T16:28:33+00:00","og_image":[{"width":1685,"height":2560,"url":"https:\/\/maisonessentielle.com\/wp-content\/uploads\/2025\/11\/IMG_9064-scaled-e1763921500286.jpg","type":"image\/jpeg"}],"twitter_card":"summary_large_image","twitter_misc":{"Dur\u00e9e de lecture estim\u00e9e":"1 minute"},"schema":{"@context":"https:\/\/schema.org","@graph":[{"@type":"WebPage","@id":"https:\/\/maisonessentielle.com\/produit\/oiseau-en-gres-pyrite\/","url":"https:\/\/maisonessentielle.com\/produit\/oiseau-en-gres-pyrite\/","name":"Oiseau d\u00e9coratif en c\u00e9ramique artisanale, fait main","isPartOf":{"@id":"https:\/\/maisonessentielle.com\/#website"},"primaryImageOfPage":{"@id":"https:\/\/maisonessentielle.com\/produit\/oiseau-en-gres-pyrite\/#primaryimage"},"image":{"@id":"https:\/\/maisonessentielle.com\/produit\/oiseau-en-gres-pyrite\/#primaryimage"},"thumbnailUrl":"https:\/\/maisonessentielle.com\/wp-content\/uploads\/2025\/11\/IMG_9064-scaled-e1763921500286.jpg","datePublished":"2025-11-17T10:45:51+00:00","dateModified":"2025-11-27T16:28:33+00:00","description":"Oiseau en c\u00e9ramique fait main : une pi\u00e8ce artisanale unique pour sublimer votre d\u00e9coration. Cr\u00e9ation po\u00e9tique, durable et id\u00e9ale \u00e0 offrir.","breadcrumb":{"@id":"https:\/\/maisonessentielle.com\/produit\/oiseau-en-gres-pyrite\/#breadcrumb"},"inLanguage":"fr-FR","potentialAction":[{"@type":"ReadAction","target":["https:\/\/maisonessentielle.com\/produit\/oiseau-en-gres-pyrite\/"]}]},{"@type":"ImageObject","inLanguage":"fr-FR","@id":"https:\/\/maisonessentielle.com\/produit\/oiseau-en-gres-pyrite\/#primaryimage","url":"https:\/\/maisonessentielle.com\/wp-content\/uploads\/2025\/11\/IMG_9064-scaled-e1763921500286.jpg","contentUrl":"https:\/\/maisonessentielle.com\/wp-content\/uploads\/2025\/11\/IMG_9064-scaled-e1763921500286.jpg","width":1685,"height":2560},{"@type":"BreadcrumbList","@id":"https:\/\/maisonessentielle.com\/produit\/oiseau-en-gres-pyrite\/#breadcrumb","itemListElement":[{"@type":"ListItem","position":1,"name":"Accueil","item":"https:\/\/maisonessentielle.com\/"},{"@type":"ListItem","position":2,"name":"Produits Essentiels","item":"https:\/\/maisonessentielle.com\/shop\/"},{"@type":"ListItem","position":3,"name":"Oiseau d\u00e9coratif en c\u00e9ramique artisanale"}]},{"@type":"WebSite","@id":"https:\/\/maisonessentielle.com\/#website","url":"https:\/\/maisonessentielle.com\/","name":"Maison Essentielle","description":"Vestiaire essentiel \u00e0 coudre ou \u00e0 porter","publisher":{"@id":"https:\/\/maisonessentielle.com\/#organization"},"potentialAction":[{"@type":"SearchAction","target":{"@type":"EntryPoint","urlTemplate":"https:\/\/maisonessentielle.com\/?s={search_term_string}"},"query-input":{"@type":"PropertyValueSpecification","valueRequired":true,"valueName":"search_term_string"}}],"inLanguage":"fr-FR"},{"@type":"Organization","@id":"https:\/\/maisonessentielle.com\/#organization","name":"Maison Essentielle","url":"https:\/\/maisonessentielle.com\/","logo":{"@type":"ImageObject","inLanguage":"fr-FR","@id":"https:\/\/maisonessentielle.com\/#\/schema\/logo\/image\/","url":"https:\/\/maisonessentielle.com\/wp-content\/uploads\/2022\/03\/MAISON-ESSENTIELLE_LOGO_facture-min.png","contentUrl":"https:\/\/maisonessentielle.com\/wp-content\/uploads\/2022\/03\/MAISON-ESSENTIELLE_LOGO_facture-min.png","width":400,"height":57,"caption":"Maison Essentielle"},"image":{"@id":"https:\/\/maisonessentielle.com\/#\/schema\/logo\/image\/"},"sameAs":["https:\/\/www.facebook.com\/profile.php?id=61574309661771","https:\/\/www.instagram.com\/maison_essentielle_\/"]}]}},"_links":{"self":[{"href":"https:\/\/maisonessentielle.com\/wp-json\/wp\/v2\/product\/56646","targetHints":{"allow":["GET"]}}],"collection":[{"href":"https:\/\/maisonessentielle.com\/wp-json\/wp\/v2\/product"}],"about":[{"href":"https:\/\/maisonessentielle.com\/wp-json\/wp\/v2\/types\/product"}],"replies":[{"embeddable":true,"href":"https:\/\/maisonessentielle.com\/wp-json\/wp\/v2\/comments?post=56646"}],"version-history":[{"count":6,"href":"https:\/\/maisonessentielle.com\/wp-json\/wp\/v2\/product\/56646\/revisions"}],"predecessor-version":[{"id":57106,"href":"https:\/\/maisonessentielle.com\/wp-json\/wp\/v2\/product\/56646\/revisions\/57106"}],"wp:featuredmedia":[{"embeddable":true,"href":"https:\/\/maisonessentielle.com\/wp-json\/wp\/v2\/media\/57064"}],"wp:attachment":[{"href":"https:\/\/maisonessentielle.com\/wp-json\/wp\/v2\/media?parent=56646"}],"wp:term":[{"taxonomy":"product_brand","embeddable":true,"href":"https:\/\/maisonessentielle.com\/wp-json\/wp\/v2\/product_brand?post=56646"},{"taxonomy":"product_cat","embeddable":true,"href":"https:\/\/maisonessentielle.com\/wp-json\/wp\/v2\/product_cat?post=56646"},{"taxonomy":"product_tag","embeddable":true,"href":"https:\/\/maisonessentielle.com\/wp-json\/wp\/v2\/product_tag?post=56646"}],"curies":[{"name":"wp","href":"https:\/\/api.w.org\/{rel}","templated":true}]}}