{"id":56088,"date":"2025-11-16T10:35:53","date_gmt":"2025-11-16T09:35:53","guid":{"rendered":"https:\/\/maisonessentielle.com\/?post_type=product&#038;p=56088"},"modified":"2026-01-08T10:20:05","modified_gmt":"2026-01-08T09:20:05","slug":"kit-a-coudre-le-mom-pant-en-laine-supra-noire","status":"publish","type":"product","link":"https:\/\/maisonessentielle.com\/produit\/kit-a-coudre-le-mom-pant-en-laine-supra-noire\/","title":{"rendered":"KIT \u00c0 COUDRE &#8211; Le Mom pant en laine super 100 noire"},"content":{"rendered":"<h2><strong>Coudre facilement <a href=\"https:\/\/maisonessentielle.com\/index.php\/accueil\/videos-de-montage\/\">le Mom pant avec notre tuto couture et vid\u00e9o de montage<\/a><\/strong><\/h2>\n<p><iframe title=\"YouTube video player\" src=\"https:\/\/www.youtube.com\/embed\/zM-GE39fTjs?si=aQ4teOwlwhxP-WQW\" width=\"560\" height=\"315\" frameborder=\"0\" allowfullscreen=\"allowfullscreen\"><\/iframe><\/p>\n<p>&nbsp;<\/p>\n<p><strong>Choisissez votre taille en vous r\u00e9f\u00e9rant \u00e0 ce tableau de mensuration (mesure en cm \u2013 stature 1,65m)<\/strong><\/p>\n<table>\n<tbody>\n<tr>\n<td><b>Taille<\/b><\/td>\n<td><b>34<\/b><\/p>\n<p><b>XS<\/b><\/td>\n<td><b>36<\/b><\/p>\n<p><b>S<\/b><\/td>\n<td><b>38<\/b><\/td>\n<td><b>40<\/b><\/p>\n<p><b>M<\/b><\/td>\n<td><b>42<\/b><\/td>\n<td><b>44<\/b><\/p>\n<p><b>L<\/b><\/td>\n<td><b>46<\/b><\/td>\n<td><b>48<\/b><\/p>\n<p><b>XL<\/b><\/td>\n<\/tr>\n<tr>\n<td><b>Tour de poitrine<\/b><\/td>\n<td><span style=\"font-weight: 400;\">82<\/span><\/td>\n<td><span style=\"font-weight: 400;\">86<\/span><\/td>\n<td><span style=\"font-weight: 400;\">90<\/span><\/td>\n<td><span style=\"font-weight: 400;\">94<\/span><\/td>\n<td><span style=\"font-weight: 400;\">98<\/span><\/td>\n<td><span style=\"font-weight: 400;\">102<\/span><\/td>\n<td><span style=\"font-weight: 400;\">106<\/span><\/td>\n<td><span style=\"font-weight: 400;\">110<\/span><\/td>\n<\/tr>\n<tr>\n<td><b>Tour de taille<\/b><\/td>\n<td><span style=\"font-weight: 400;\">68<\/span><\/td>\n<td><span style=\"font-weight: 400;\">72<\/span><\/td>\n<td><span style=\"font-weight: 400;\">76<\/span><\/td>\n<td><span style=\"font-weight: 400;\">80<\/span><\/td>\n<td><span style=\"font-weight: 400;\">84<\/span><\/td>\n<td><span style=\"font-weight: 400;\">88<\/span><\/td>\n<td><span style=\"font-weight: 400;\">92<\/span><\/td>\n<td><span style=\"font-weight: 400;\">96<\/span><\/td>\n<\/tr>\n<tr>\n<td><b>Tour de hanche<\/b><\/td>\n<td><span style=\"font-weight: 400;\">88<\/span><\/td>\n<td><span style=\"font-weight: 400;\">92<\/span><\/td>\n<td><span style=\"font-weight: 400;\">96<\/span><\/td>\n<td><span style=\"font-weight: 400;\">100<\/span><\/td>\n<td><span style=\"font-weight: 400;\">104<\/span><\/td>\n<td><span style=\"font-weight: 400;\">108<\/span><\/td>\n<td><span style=\"font-weight: 400;\">112<\/span><\/td>\n<td><span style=\"font-weight: 400;\">116<\/span><\/td>\n<\/tr>\n<\/tbody>\n<\/table>\n<p style=\"text-align: center;\"><strong style=\"font-size: 16px; text-align: center;\">Partagez-nous votre look sur les r\u00e9seaux sociaux #lemompant @maison_essentielle_<\/strong><\/p>\n","protected":false},"excerpt":{"rendered":"<h2><\/h2>\n<h2>Un pantalon coupe mom facile \u00e0 coudre en laine supra 100 noire<\/h2>\n<p><strong><b>Le Mom pant est un pantalon taille haute, coupe carotte, longueur \u215e \u00e8me, c\u2019est le pantalon revisit\u00e9 des ann\u00e9es 90\u00a0<\/b> R\u00e9alis\u00e9 en laine super 100 (la qualit\u00e9 de laine utilis\u00e9e par les tailleurs), c\u2019est un pantalon facile \u00e0 porter et tr\u00e8s confortable avec un style plut\u00f4t cool. Le Mom pant est facile \u00e0 coudre, le patron pr\u00e9voit 3 options de poches (poches italiennes du m\u00eame tissu, poches italiennes doubl\u00e9es, poches prises en couture) et une option fausse braguette.<\/strong><\/p>\n<h2>Mati\u00e8re : une laine super 100 fine, douce et fluide<\/h2>\n<p>Laine super 100 fine et chaude noire, 98% laine \/ 2% stretch. <strong>Label<\/strong> Super 100 &#8211; <strong>Laize <\/strong>150cm &#8211;<\/p>\n<p><strong>Label<\/strong> Super 100 : garantit une laine pure, une qualit\u00e9 de tissage avec des fibres fines permettant un tissu doux, fluide avec un beau drap\u00e9. Gr\u00e2ce \u00e0 sa finesse, le tissu respire mieux et s&rsquo;adapte naturellement \u00e0 la temp\u00e9rature du corps. Le super 100 est souvent le choix des tailleurs r\u00e9put\u00e9s pour r\u00e9aliser des costumes et des tailleurs.<\/p>\n<p><strong>Retrait <\/strong>2.5% au 1er lavage &#8211;<strong> Lavage :<\/strong> en machine \u00e0 froid programme laine &#8211; <strong>Pas de s\u00e8che-linge &#8211; Repassage doux<\/strong><\/p>\n<h2>Conseil taille pour coudre le Mom Pant<\/h2>\n<p>Choisissez votre taille en vous r\u00e9f\u00e9rant au tableau de mensurations en bas de page. Le Mom Pant<em> taille plut\u00f4t grand, Val\u00e9rie (1,65m \/ 86-72-90) porte la taille 36.<\/em><\/p>\n<h3><strong>Retrouvez la vid\u00e9o de montage du Mom Pant en bas de cette page<\/strong><\/h3>\n","protected":false},"featured_media":55557,"comment_status":"open","ping_status":"closed","template":"","meta":{"_acf_changed":false,"site-sidebar-layout":"default","site-content-layout":"default","ast-site-content-layout":"default","site-content-style":"default","site-sidebar-style":"default","ast-global-header-display":"","ast-banner-title-visibility":"","ast-main-header-display":"","ast-hfb-above-header-display":"","ast-hfb-below-header-display":"","ast-hfb-mobile-header-display":"","site-post-title":"","ast-breadcrumbs-content":"","ast-featured-img":"","footer-sml-layout":"","ast-disable-related-posts":"","theme-transparent-header-meta":"default","adv-header-id-meta":"","stick-header-meta":"default","header-above-stick-meta":"","header-main-stick-meta":"","header-below-stick-meta":"","astra-migrate-meta-layouts":"set","ast-page-background-enabled":"default","ast-page-background-meta":{"desktop":{"background-color":"","background-image":"","background-repeat":"repeat","background-position":"center center","background-size":"auto","background-attachment":"scroll","background-type":"","background-media":"","overlay-type":"","overlay-color":"","overlay-opacity":"","overlay-gradient":""},"tablet":{"background-color":"","background-image":"","background-repeat":"repeat","background-position":"center center","background-size":"auto","background-attachment":"scroll","background-type":"","background-media":"","overlay-type":"","overlay-color":"","overlay-opacity":"","overlay-gradient":""},"mobile":{"background-color":"","background-image":"","background-repeat":"repeat","background-position":"center center","background-size":"auto","background-attachment":"scroll","background-type":"","background-media":"","overlay-type":"","overlay-color":"","overlay-opacity":"","overlay-gradient":""}},"ast-content-background-meta":{"desktop":{"background-color":"var(--ast-global-color-5)","background-image":"","background-repeat":"repeat","background-position":"center center","background-size":"auto","background-attachment":"scroll","background-type":"","background-media":"","overlay-type":"","overlay-color":"","overlay-opacity":"","overlay-gradient":""},"tablet":{"background-color":"var(--ast-global-color-5)","background-image":"","background-repeat":"repeat","background-position":"center center","background-size":"auto","background-attachment":"scroll","background-type":"","background-media":"","overlay-type":"","overlay-color":"","overlay-opacity":"","overlay-gradient":""},"mobile":{"background-color":"var(--ast-global-color-5)","background-image":"","background-repeat":"repeat","background-position":"center center","background-size":"auto","background-attachment":"scroll","background-type":"","background-media":"","overlay-type":"","overlay-color":"","overlay-opacity":"","overlay-gradient":""}}},"product_brand":[],"product_cat":[168,214],"product_tag":[],"class_list":{"0":"post-56088","1":"product","2":"type-product","3":"status-publish","4":"has-post-thumbnail","6":"product_cat-kit-de-couture-adulte","7":"product_cat-vestiaire-a-coudre","8":"desktop-align-center","9":"tablet-align-center","10":"mobile-align-center","11":"ast-product-gallery-layout-horizontal","12":"ast-magnify-disabled","13":"ast-product-tabs-layout-horizontal","15":"first","16":"instock","17":"taxable","18":"purchasable","19":"product-type-woosb"},"acf":[],"yoast_head":"<!-- This site is optimized with the Yoast SEO plugin v27.3 - https:\/\/yoast.com\/product\/yoast-seo-wordpress\/ -->\n<title>Pantalon coupe mom, facile \u00e0 coudre en laine supra 100 noir<\/title>\n<meta name=\"description\" content=\"Un pantalon taille haute, large aux cuisses et resserr\u00e9 aux chevilles, taille \u00e9lastiqu\u00e9e, facile \u00e0 coudre avec une laine supra, cousu avec le patron du Mom pant.\" \/>\n<meta name=\"robots\" content=\"index, follow, max-snippet:-1, max-image-preview:large, max-video-preview:-1\" \/>\n<link rel=\"canonical\" href=\"https:\/\/maisonessentielle.com\/produit\/kit-a-coudre-le-mom-pant-en-laine-supra-noire\/\" \/>\n<meta property=\"og:locale\" content=\"fr_FR\" \/>\n<meta property=\"og:type\" content=\"article\" \/>\n<meta property=\"og:title\" content=\"Pantalon coupe mom, facile \u00e0 coudre en laine supra 100 noir\" \/>\n<meta property=\"og:description\" content=\"Un pantalon taille haute, large aux cuisses et resserr\u00e9 aux chevilles, taille \u00e9lastiqu\u00e9e, facile \u00e0 coudre avec une laine supra, cousu avec le patron du Mom pant.\" \/>\n<meta property=\"og:url\" content=\"https:\/\/maisonessentielle.com\/produit\/kit-a-coudre-le-mom-pant-en-laine-supra-noire\/\" \/>\n<meta property=\"og:site_name\" content=\"Maison Essentielle\" \/>\n<meta property=\"article:publisher\" content=\"https:\/\/www.facebook.com\/profile.php?id=61574309661771\" \/>\n<meta property=\"article:modified_time\" content=\"2026-01-08T09:20:05+00:00\" \/>\n<meta property=\"og:image\" content=\"https:\/\/maisonessentielle.com\/wp-content\/uploads\/2025\/10\/mom-en-laine-noire-et-marcy-ecru-3-scaled.jpg\" \/>\n\t<meta property=\"og:image:width\" content=\"1920\" \/>\n\t<meta property=\"og:image:height\" content=\"2560\" \/>\n\t<meta property=\"og:image:type\" content=\"image\/jpeg\" \/>\n<meta name=\"twitter:card\" content=\"summary_large_image\" \/>\n<meta name=\"twitter:label1\" content=\"Dur\u00e9e de lecture estim\u00e9e\" \/>\n\t<meta name=\"twitter:data1\" content=\"1 minute\" \/>\n<script type=\"application\/ld+json\" class=\"yoast-schema-graph\">{\"@context\":\"https:\\\/\\\/schema.org\",\"@graph\":[{\"@type\":\"WebPage\",\"@id\":\"https:\\\/\\\/maisonessentielle.com\\\/produit\\\/kit-a-coudre-le-mom-pant-en-laine-supra-noire\\\/\",\"url\":\"https:\\\/\\\/maisonessentielle.com\\\/produit\\\/kit-a-coudre-le-mom-pant-en-laine-supra-noire\\\/\",\"name\":\"Pantalon coupe mom, facile \u00e0 coudre en laine supra 100 noir\",\"isPartOf\":{\"@id\":\"https:\\\/\\\/maisonessentielle.com\\\/#website\"},\"primaryImageOfPage\":{\"@id\":\"https:\\\/\\\/maisonessentielle.com\\\/produit\\\/kit-a-coudre-le-mom-pant-en-laine-supra-noire\\\/#primaryimage\"},\"image\":{\"@id\":\"https:\\\/\\\/maisonessentielle.com\\\/produit\\\/kit-a-coudre-le-mom-pant-en-laine-supra-noire\\\/#primaryimage\"},\"thumbnailUrl\":\"https:\\\/\\\/maisonessentielle.com\\\/wp-content\\\/uploads\\\/2025\\\/10\\\/mom-en-laine-noire-et-marcy-ecru-3-scaled.jpg\",\"datePublished\":\"2025-11-16T09:35:53+00:00\",\"dateModified\":\"2026-01-08T09:20:05+00:00\",\"description\":\"Un pantalon taille haute, large aux cuisses et resserr\u00e9 aux chevilles, taille \u00e9lastiqu\u00e9e, facile \u00e0 coudre avec une laine supra, cousu avec le patron du Mom pant.\",\"breadcrumb\":{\"@id\":\"https:\\\/\\\/maisonessentielle.com\\\/produit\\\/kit-a-coudre-le-mom-pant-en-laine-supra-noire\\\/#breadcrumb\"},\"inLanguage\":\"fr-FR\",\"potentialAction\":[{\"@type\":\"ReadAction\",\"target\":[\"https:\\\/\\\/maisonessentielle.com\\\/produit\\\/kit-a-coudre-le-mom-pant-en-laine-supra-noire\\\/\"]}]},{\"@type\":\"ImageObject\",\"inLanguage\":\"fr-FR\",\"@id\":\"https:\\\/\\\/maisonessentielle.com\\\/produit\\\/kit-a-coudre-le-mom-pant-en-laine-supra-noire\\\/#primaryimage\",\"url\":\"https:\\\/\\\/maisonessentielle.com\\\/wp-content\\\/uploads\\\/2025\\\/10\\\/mom-en-laine-noire-et-marcy-ecru-3-scaled.jpg\",\"contentUrl\":\"https:\\\/\\\/maisonessentielle.com\\\/wp-content\\\/uploads\\\/2025\\\/10\\\/mom-en-laine-noire-et-marcy-ecru-3-scaled.jpg\",\"width\":1920,\"height\":2560},{\"@type\":\"BreadcrumbList\",\"@id\":\"https:\\\/\\\/maisonessentielle.com\\\/produit\\\/kit-a-coudre-le-mom-pant-en-laine-supra-noire\\\/#breadcrumb\",\"itemListElement\":[{\"@type\":\"ListItem\",\"position\":1,\"name\":\"Accueil\",\"item\":\"https:\\\/\\\/maisonessentielle.com\\\/\"},{\"@type\":\"ListItem\",\"position\":2,\"name\":\"Produits Essentiels\",\"item\":\"https:\\\/\\\/maisonessentielle.com\\\/shop\\\/\"},{\"@type\":\"ListItem\",\"position\":3,\"name\":\"KIT \u00c0 COUDRE &#8211; Le Mom pant en laine super 100 noire\"}]},{\"@type\":\"WebSite\",\"@id\":\"https:\\\/\\\/maisonessentielle.com\\\/#website\",\"url\":\"https:\\\/\\\/maisonessentielle.com\\\/\",\"name\":\"Maison Essentielle\",\"description\":\"Vestiaire essentiel \u00e0 coudre ou \u00e0 porter\",\"publisher\":{\"@id\":\"https:\\\/\\\/maisonessentielle.com\\\/#organization\"},\"potentialAction\":[{\"@type\":\"SearchAction\",\"target\":{\"@type\":\"EntryPoint\",\"urlTemplate\":\"https:\\\/\\\/maisonessentielle.com\\\/?s={search_term_string}\"},\"query-input\":{\"@type\":\"PropertyValueSpecification\",\"valueRequired\":true,\"valueName\":\"search_term_string\"}}],\"inLanguage\":\"fr-FR\"},{\"@type\":\"Organization\",\"@id\":\"https:\\\/\\\/maisonessentielle.com\\\/#organization\",\"name\":\"Maison Essentielle\",\"url\":\"https:\\\/\\\/maisonessentielle.com\\\/\",\"logo\":{\"@type\":\"ImageObject\",\"inLanguage\":\"fr-FR\",\"@id\":\"https:\\\/\\\/maisonessentielle.com\\\/#\\\/schema\\\/logo\\\/image\\\/\",\"url\":\"https:\\\/\\\/maisonessentielle.com\\\/wp-content\\\/uploads\\\/2022\\\/03\\\/MAISON-ESSENTIELLE_LOGO_facture-min.png\",\"contentUrl\":\"https:\\\/\\\/maisonessentielle.com\\\/wp-content\\\/uploads\\\/2022\\\/03\\\/MAISON-ESSENTIELLE_LOGO_facture-min.png\",\"width\":400,\"height\":57,\"caption\":\"Maison Essentielle\"},\"image\":{\"@id\":\"https:\\\/\\\/maisonessentielle.com\\\/#\\\/schema\\\/logo\\\/image\\\/\"},\"sameAs\":[\"https:\\\/\\\/www.facebook.com\\\/profile.php?id=61574309661771\",\"https:\\\/\\\/www.instagram.com\\\/maison_essentielle_\\\/\"]}]}<\/script>\n<!-- \/ Yoast SEO plugin. -->","yoast_head_json":{"title":"Pantalon coupe mom, facile \u00e0 coudre en laine supra 100 noir","description":"Un pantalon taille haute, large aux cuisses et resserr\u00e9 aux chevilles, taille \u00e9lastiqu\u00e9e, facile \u00e0 coudre avec une laine supra, cousu avec le patron du Mom pant.","robots":{"index":"index","follow":"follow","max-snippet":"max-snippet:-1","max-image-preview":"max-image-preview:large","max-video-preview":"max-video-preview:-1"},"canonical":"https:\/\/maisonessentielle.com\/produit\/kit-a-coudre-le-mom-pant-en-laine-supra-noire\/","og_locale":"fr_FR","og_type":"article","og_title":"Pantalon coupe mom, facile \u00e0 coudre en laine supra 100 noir","og_description":"Un pantalon taille haute, large aux cuisses et resserr\u00e9 aux chevilles, taille \u00e9lastiqu\u00e9e, facile \u00e0 coudre avec une laine supra, cousu avec le patron du Mom pant.","og_url":"https:\/\/maisonessentielle.com\/produit\/kit-a-coudre-le-mom-pant-en-laine-supra-noire\/","og_site_name":"Maison Essentielle","article_publisher":"https:\/\/www.facebook.com\/profile.php?id=61574309661771","article_modified_time":"2026-01-08T09:20:05+00:00","og_image":[{"width":1920,"height":2560,"url":"https:\/\/maisonessentielle.com\/wp-content\/uploads\/2025\/10\/mom-en-laine-noire-et-marcy-ecru-3-scaled.jpg","type":"image\/jpeg"}],"twitter_card":"summary_large_image","twitter_misc":{"Dur\u00e9e de lecture estim\u00e9e":"1 minute"},"schema":{"@context":"https:\/\/schema.org","@graph":[{"@type":"WebPage","@id":"https:\/\/maisonessentielle.com\/produit\/kit-a-coudre-le-mom-pant-en-laine-supra-noire\/","url":"https:\/\/maisonessentielle.com\/produit\/kit-a-coudre-le-mom-pant-en-laine-supra-noire\/","name":"Pantalon coupe mom, facile \u00e0 coudre en laine supra 100 noir","isPartOf":{"@id":"https:\/\/maisonessentielle.com\/#website"},"primaryImageOfPage":{"@id":"https:\/\/maisonessentielle.com\/produit\/kit-a-coudre-le-mom-pant-en-laine-supra-noire\/#primaryimage"},"image":{"@id":"https:\/\/maisonessentielle.com\/produit\/kit-a-coudre-le-mom-pant-en-laine-supra-noire\/#primaryimage"},"thumbnailUrl":"https:\/\/maisonessentielle.com\/wp-content\/uploads\/2025\/10\/mom-en-laine-noire-et-marcy-ecru-3-scaled.jpg","datePublished":"2025-11-16T09:35:53+00:00","dateModified":"2026-01-08T09:20:05+00:00","description":"Un pantalon taille haute, large aux cuisses et resserr\u00e9 aux chevilles, taille \u00e9lastiqu\u00e9e, facile \u00e0 coudre avec une laine supra, cousu avec le patron du Mom pant.","breadcrumb":{"@id":"https:\/\/maisonessentielle.com\/produit\/kit-a-coudre-le-mom-pant-en-laine-supra-noire\/#breadcrumb"},"inLanguage":"fr-FR","potentialAction":[{"@type":"ReadAction","target":["https:\/\/maisonessentielle.com\/produit\/kit-a-coudre-le-mom-pant-en-laine-supra-noire\/"]}]},{"@type":"ImageObject","inLanguage":"fr-FR","@id":"https:\/\/maisonessentielle.com\/produit\/kit-a-coudre-le-mom-pant-en-laine-supra-noire\/#primaryimage","url":"https:\/\/maisonessentielle.com\/wp-content\/uploads\/2025\/10\/mom-en-laine-noire-et-marcy-ecru-3-scaled.jpg","contentUrl":"https:\/\/maisonessentielle.com\/wp-content\/uploads\/2025\/10\/mom-en-laine-noire-et-marcy-ecru-3-scaled.jpg","width":1920,"height":2560},{"@type":"BreadcrumbList","@id":"https:\/\/maisonessentielle.com\/produit\/kit-a-coudre-le-mom-pant-en-laine-supra-noire\/#breadcrumb","itemListElement":[{"@type":"ListItem","position":1,"name":"Accueil","item":"https:\/\/maisonessentielle.com\/"},{"@type":"ListItem","position":2,"name":"Produits Essentiels","item":"https:\/\/maisonessentielle.com\/shop\/"},{"@type":"ListItem","position":3,"name":"KIT \u00c0 COUDRE &#8211; Le Mom pant en laine super 100 noire"}]},{"@type":"WebSite","@id":"https:\/\/maisonessentielle.com\/#website","url":"https:\/\/maisonessentielle.com\/","name":"Maison Essentielle","description":"Vestiaire essentiel \u00e0 coudre ou \u00e0 porter","publisher":{"@id":"https:\/\/maisonessentielle.com\/#organization"},"potentialAction":[{"@type":"SearchAction","target":{"@type":"EntryPoint","urlTemplate":"https:\/\/maisonessentielle.com\/?s={search_term_string}"},"query-input":{"@type":"PropertyValueSpecification","valueRequired":true,"valueName":"search_term_string"}}],"inLanguage":"fr-FR"},{"@type":"Organization","@id":"https:\/\/maisonessentielle.com\/#organization","name":"Maison Essentielle","url":"https:\/\/maisonessentielle.com\/","logo":{"@type":"ImageObject","inLanguage":"fr-FR","@id":"https:\/\/maisonessentielle.com\/#\/schema\/logo\/image\/","url":"https:\/\/maisonessentielle.com\/wp-content\/uploads\/2022\/03\/MAISON-ESSENTIELLE_LOGO_facture-min.png","contentUrl":"https:\/\/maisonessentielle.com\/wp-content\/uploads\/2022\/03\/MAISON-ESSENTIELLE_LOGO_facture-min.png","width":400,"height":57,"caption":"Maison Essentielle"},"image":{"@id":"https:\/\/maisonessentielle.com\/#\/schema\/logo\/image\/"},"sameAs":["https:\/\/www.facebook.com\/profile.php?id=61574309661771","https:\/\/www.instagram.com\/maison_essentielle_\/"]}]}},"_links":{"self":[{"href":"https:\/\/maisonessentielle.com\/wp-json\/wp\/v2\/product\/56088","targetHints":{"allow":["GET"]}}],"collection":[{"href":"https:\/\/maisonessentielle.com\/wp-json\/wp\/v2\/product"}],"about":[{"href":"https:\/\/maisonessentielle.com\/wp-json\/wp\/v2\/types\/product"}],"replies":[{"embeddable":true,"href":"https:\/\/maisonessentielle.com\/wp-json\/wp\/v2\/comments?post=56088"}],"version-history":[{"count":9,"href":"https:\/\/maisonessentielle.com\/wp-json\/wp\/v2\/product\/56088\/revisions"}],"predecessor-version":[{"id":58599,"href":"https:\/\/maisonessentielle.com\/wp-json\/wp\/v2\/product\/56088\/revisions\/58599"}],"wp:featuredmedia":[{"embeddable":true,"href":"https:\/\/maisonessentielle.com\/wp-json\/wp\/v2\/media\/55557"}],"wp:attachment":[{"href":"https:\/\/maisonessentielle.com\/wp-json\/wp\/v2\/media?parent=56088"}],"wp:term":[{"taxonomy":"product_brand","embeddable":true,"href":"https:\/\/maisonessentielle.com\/wp-json\/wp\/v2\/product_brand?post=56088"},{"taxonomy":"product_cat","embeddable":true,"href":"https:\/\/maisonessentielle.com\/wp-json\/wp\/v2\/product_cat?post=56088"},{"taxonomy":"product_tag","embeddable":true,"href":"https:\/\/maisonessentielle.com\/wp-json\/wp\/v2\/product_tag?post=56088"}],"curies":[{"name":"wp","href":"https:\/\/api.w.org\/{rel}","templated":true}]}}