{"id":56026,"date":"2025-11-16T10:25:20","date_gmt":"2025-11-16T09:25:20","guid":{"rendered":"https:\/\/maisonessentielle.com\/?post_type=product&#038;p=56026"},"modified":"2025-11-16T11:07:30","modified_gmt":"2025-11-16T10:07:30","slug":"kit-a-coudre-le-pantalon-bobo-en-serge-coton-laine-marine","status":"publish","type":"product","link":"https:\/\/maisonessentielle.com\/produit\/kit-a-coudre-le-pantalon-bobo-en-serge-coton-laine-marine\/","title":{"rendered":"KIT \u00c0 COUDRE &#8211; Le pantalon Bobo en serg\u00e9 coton laine marine"},"content":{"rendered":"<h2><strong>Coudre facilement <a href=\"https:\/\/maisonessentielle.com\/index.php\/accueil\/videos-de-montage\/\">le pantalon Bobo avec notre tuto couture et vid\u00e9o de montage<\/a><\/strong><\/h2>\n<p><iframe title=\"YouTube video player\" src=\"https:\/\/www.youtube.com\/embed\/hParlMpY_08?si=yePsofLMGz-Aj0O7\" width=\"560\" height=\"315\" frameborder=\"0\" allowfullscreen=\"allowfullscreen\"><\/iframe><br \/>\n<strong>Choisissez votre taille en vous r\u00e9f\u00e9rant \u00e0 ce tableau de mensuration (mesure en cm \u2013 stature 1,65m)<\/strong><\/p>\n<table style=\"height: 228px;\" width=\"1481\">\n<tbody>\n<tr>\n<td><b>Taille<\/b><\/td>\n<td><b>XS<\/b><\/td>\n<td><b>S<\/b><\/td>\n<td><b>M<\/b><\/td>\n<td><b>L<\/b><\/td>\n<td><b>XL<\/b><\/td>\n<\/tr>\n<tr>\n<td><b>Tour de poitrine<\/b><\/td>\n<td><span style=\"font-weight: 400;\">78-82<\/span><\/td>\n<td><span style=\"font-weight: 400;\">82-86<\/span><\/td>\n<td><span style=\"font-weight: 400;\">86-94<\/span><\/td>\n<td><span style=\"font-weight: 400;\">94-102<\/span><\/td>\n<td><span style=\"font-weight: 400;\">102-110<\/span><\/td>\n<\/tr>\n<tr>\n<td><b>Tour de taille<\/b><\/td>\n<td><span style=\"font-weight: 400;\">64-68<\/span><\/td>\n<td><span style=\"font-weight: 400;\">68-72<\/span><\/td>\n<td><span style=\"font-weight: 400;\">72-80<\/span><\/td>\n<td><span style=\"font-weight: 400;\">80-88<\/span><\/td>\n<td><span style=\"font-weight: 400;\">88-96<\/span><\/td>\n<\/tr>\n<tr>\n<td><b>Tour de hanche<\/b><\/td>\n<td><span style=\"font-weight: 400;\">84-88<\/span><\/td>\n<td><span style=\"font-weight: 400;\">88-92<\/span><\/td>\n<td><span style=\"font-weight: 400;\">92-100<\/span><\/td>\n<td><span style=\"font-weight: 400;\">100-108<\/span><\/td>\n<td><span style=\"font-weight: 400;\">108-116<\/span><\/td>\n<\/tr>\n<tr>\n<td><\/td>\n<td colspan=\"3\"><\/td>\n<td colspan=\"2\"><\/td>\n<\/tr>\n<\/tbody>\n<\/table>\n<p style=\"text-align: center;\"><strong style=\"font-size: 16px; text-align: center;\">Partagez-nous votre look sur les r\u00e9seaux sociaux #lepantalonbobo @maison_essentielle_<\/strong><\/p>\n","protected":false},"excerpt":{"rendered":"<h2><\/h2>\n<h2>Un pantalon large facile \u00e0 coudre en serg\u00e9 coton laine marine<\/h2>\n<p><strong>Le pantalon Bobo est un pantalon large, poches prises en couture, ultra confort \u00e0 porter gr\u00e2ce \u00e0 sa taille \u00e9lastiqu\u00e9e et rapide \u00e0 coudre. R\u00e9alis\u00e9 en serg\u00e9 coton laine, c\u2019est un pantalon facile \u00e0 porter, qui peut \u00e0 la fois \u00eatre chic ou cool en fonction de vos choix chaussures. Sur cette version nous avons r\u00e9alis\u00e9 un ourlet de 6cm (repli de 1cm puis repli de 5cm, en conservant la longueur initiale du patron), une fausse braguette, une poche plaqu\u00e9e dos et des passants.<\/strong><\/p>\n<p>D\u00e9butante en couture, ce pantalon est fait pour vous, r\u00e9alisez le sans poche dans un 1er temps, c\u2019est un projet valorisant pour se lancer.<\/p>\n<h2>Mati\u00e8re : un serg\u00e9 coton laine \u00e9pais avec une belle tenue<\/h2>\n<p>Tr\u00e8s beau serg\u00e9 coton laine issu de stock dormant d&rsquo;une grande maison de couture, 45% coton \/ 55% laine <strong><span style=\"font-weight: 400;\">\u2013 <\/span><\/strong><strong>Laize<\/strong>\u00a0 154cm<\/p>\n<p><strong>Retrait<\/strong> 3.5% max au 1er lavage &#8211; <strong>Lavage<\/strong> en machine \u00e0 30\u00b0 &#8211; <strong>Pas de s\u00e8che linge<\/strong> &#8211; <strong>Repassage<\/strong> <strong>doux<\/strong><\/p>\n<h2>Conseil taille pour coudre le pantalon Bobo<\/h2>\n<p>Choisissez votre taille en vous r\u00e9f\u00e9rant au tableau de mensurations en bas de page. <em>Val\u00e9rie (1,65m \/ 86-72-90) porte la taille 36.<\/em><\/p>\n<h3><strong>Retrouvez la vid\u00e9o de montage du pantalon Bobo en bas de cette page.<\/strong><\/h3>\n","protected":false},"featured_media":56452,"comment_status":"open","ping_status":"closed","template":"","meta":{"_acf_changed":false,"site-sidebar-layout":"default","site-content-layout":"default","ast-site-content-layout":"default","site-content-style":"default","site-sidebar-style":"default","ast-global-header-display":"","ast-banner-title-visibility":"","ast-main-header-display":"","ast-hfb-above-header-display":"","ast-hfb-below-header-display":"","ast-hfb-mobile-header-display":"","site-post-title":"","ast-breadcrumbs-content":"","ast-featured-img":"","footer-sml-layout":"","ast-disable-related-posts":"","theme-transparent-header-meta":"default","adv-header-id-meta":"","stick-header-meta":"default","header-above-stick-meta":"","header-main-stick-meta":"","header-below-stick-meta":"","astra-migrate-meta-layouts":"set","ast-page-background-enabled":"default","ast-page-background-meta":{"desktop":{"background-color":"","background-image":"","background-repeat":"repeat","background-position":"center center","background-size":"auto","background-attachment":"scroll","background-type":"","background-media":"","overlay-type":"","overlay-color":"","overlay-opacity":"","overlay-gradient":""},"tablet":{"background-color":"","background-image":"","background-repeat":"repeat","background-position":"center center","background-size":"auto","background-attachment":"scroll","background-type":"","background-media":"","overlay-type":"","overlay-color":"","overlay-opacity":"","overlay-gradient":""},"mobile":{"background-color":"","background-image":"","background-repeat":"repeat","background-position":"center center","background-size":"auto","background-attachment":"scroll","background-type":"","background-media":"","overlay-type":"","overlay-color":"","overlay-opacity":"","overlay-gradient":""}},"ast-content-background-meta":{"desktop":{"background-color":"var(--ast-global-color-5)","background-image":"","background-repeat":"repeat","background-position":"center center","background-size":"auto","background-attachment":"scroll","background-type":"","background-media":"","overlay-type":"","overlay-color":"","overlay-opacity":"","overlay-gradient":""},"tablet":{"background-color":"var(--ast-global-color-5)","background-image":"","background-repeat":"repeat","background-position":"center center","background-size":"auto","background-attachment":"scroll","background-type":"","background-media":"","overlay-type":"","overlay-color":"","overlay-opacity":"","overlay-gradient":""},"mobile":{"background-color":"var(--ast-global-color-5)","background-image":"","background-repeat":"repeat","background-position":"center center","background-size":"auto","background-attachment":"scroll","background-type":"","background-media":"","overlay-type":"","overlay-color":"","overlay-opacity":"","overlay-gradient":""}}},"product_brand":[],"product_cat":[168,214],"product_tag":[],"class_list":{"0":"post-56026","1":"product","2":"type-product","3":"status-publish","4":"has-post-thumbnail","6":"product_cat-kit-de-couture-adulte","7":"product_cat-vestiaire-a-coudre","8":"desktop-align-center","9":"tablet-align-center","10":"mobile-align-center","11":"ast-product-gallery-layout-horizontal","12":"ast-magnify-disabled","13":"ast-product-tabs-layout-horizontal","15":"first","16":"instock","17":"taxable","18":"purchasable","19":"product-type-woosb"},"acf":[],"yoast_head":"<!-- This site is optimized with the Yoast SEO plugin v27.3 - https:\/\/yoast.com\/product\/yoast-seo-wordpress\/ -->\n<title>Pantalon large facile \u00e0 coudre en serg\u00e9 coton laine marine<\/title>\n<meta name=\"description\" content=\"Un pantalon large, taille \u00e9lastiqu\u00e9e, poches prises en couture, facile \u00e0 coudre avec un serg\u00e9 coton laine \u00e9pais, cousu avec le patron du pantalon Bobo.\" \/>\n<meta name=\"robots\" content=\"index, follow, max-snippet:-1, max-image-preview:large, max-video-preview:-1\" \/>\n<link rel=\"canonical\" href=\"https:\/\/maisonessentielle.com\/produit\/kit-a-coudre-le-pantalon-bobo-en-serge-coton-laine-marine\/\" \/>\n<meta property=\"og:locale\" content=\"fr_FR\" \/>\n<meta property=\"og:type\" content=\"article\" \/>\n<meta property=\"og:title\" content=\"Pantalon large facile \u00e0 coudre en serg\u00e9 coton laine marine\" \/>\n<meta property=\"og:description\" content=\"Un pantalon large, taille \u00e9lastiqu\u00e9e, poches prises en couture, facile \u00e0 coudre avec un serg\u00e9 coton laine \u00e9pais, cousu avec le patron du pantalon Bobo.\" \/>\n<meta property=\"og:url\" content=\"https:\/\/maisonessentielle.com\/produit\/kit-a-coudre-le-pantalon-bobo-en-serge-coton-laine-marine\/\" \/>\n<meta property=\"og:site_name\" content=\"Maison Essentielle\" \/>\n<meta property=\"article:publisher\" content=\"https:\/\/www.facebook.com\/profile.php?id=61574309661771\" \/>\n<meta property=\"article:modified_time\" content=\"2025-11-16T10:07:30+00:00\" \/>\n<meta property=\"og:image\" content=\"https:\/\/maisonessentielle.com\/wp-content\/uploads\/2025\/11\/MAISON-ESSENTIELLE-OCTOBRE-20254168_2-min-scaled-e1763287343120.jpg\" \/>\n\t<meta property=\"og:image:width\" content=\"1705\" \/>\n\t<meta property=\"og:image:height\" content=\"2292\" \/>\n\t<meta property=\"og:image:type\" content=\"image\/jpeg\" \/>\n<meta name=\"twitter:card\" content=\"summary_large_image\" \/>\n<meta name=\"twitter:label1\" content=\"Dur\u00e9e de lecture estim\u00e9e\" \/>\n\t<meta name=\"twitter:data1\" content=\"1 minute\" \/>\n<script type=\"application\/ld+json\" class=\"yoast-schema-graph\">{\"@context\":\"https:\\\/\\\/schema.org\",\"@graph\":[{\"@type\":\"WebPage\",\"@id\":\"https:\\\/\\\/maisonessentielle.com\\\/produit\\\/kit-a-coudre-le-pantalon-bobo-en-serge-coton-laine-marine\\\/\",\"url\":\"https:\\\/\\\/maisonessentielle.com\\\/produit\\\/kit-a-coudre-le-pantalon-bobo-en-serge-coton-laine-marine\\\/\",\"name\":\"Pantalon large facile \u00e0 coudre en serg\u00e9 coton laine marine\",\"isPartOf\":{\"@id\":\"https:\\\/\\\/maisonessentielle.com\\\/#website\"},\"primaryImageOfPage\":{\"@id\":\"https:\\\/\\\/maisonessentielle.com\\\/produit\\\/kit-a-coudre-le-pantalon-bobo-en-serge-coton-laine-marine\\\/#primaryimage\"},\"image\":{\"@id\":\"https:\\\/\\\/maisonessentielle.com\\\/produit\\\/kit-a-coudre-le-pantalon-bobo-en-serge-coton-laine-marine\\\/#primaryimage\"},\"thumbnailUrl\":\"https:\\\/\\\/maisonessentielle.com\\\/wp-content\\\/uploads\\\/2025\\\/11\\\/MAISON-ESSENTIELLE-OCTOBRE-20254168_2-min-scaled-e1763287343120.jpg\",\"datePublished\":\"2025-11-16T09:25:20+00:00\",\"dateModified\":\"2025-11-16T10:07:30+00:00\",\"description\":\"Un pantalon large, taille \u00e9lastiqu\u00e9e, poches prises en couture, facile \u00e0 coudre avec un serg\u00e9 coton laine \u00e9pais, cousu avec le patron du pantalon Bobo.\",\"breadcrumb\":{\"@id\":\"https:\\\/\\\/maisonessentielle.com\\\/produit\\\/kit-a-coudre-le-pantalon-bobo-en-serge-coton-laine-marine\\\/#breadcrumb\"},\"inLanguage\":\"fr-FR\",\"potentialAction\":[{\"@type\":\"ReadAction\",\"target\":[\"https:\\\/\\\/maisonessentielle.com\\\/produit\\\/kit-a-coudre-le-pantalon-bobo-en-serge-coton-laine-marine\\\/\"]}]},{\"@type\":\"ImageObject\",\"inLanguage\":\"fr-FR\",\"@id\":\"https:\\\/\\\/maisonessentielle.com\\\/produit\\\/kit-a-coudre-le-pantalon-bobo-en-serge-coton-laine-marine\\\/#primaryimage\",\"url\":\"https:\\\/\\\/maisonessentielle.com\\\/wp-content\\\/uploads\\\/2025\\\/11\\\/MAISON-ESSENTIELLE-OCTOBRE-20254168_2-min-scaled-e1763287343120.jpg\",\"contentUrl\":\"https:\\\/\\\/maisonessentielle.com\\\/wp-content\\\/uploads\\\/2025\\\/11\\\/MAISON-ESSENTIELLE-OCTOBRE-20254168_2-min-scaled-e1763287343120.jpg\",\"width\":1705,\"height\":2292},{\"@type\":\"BreadcrumbList\",\"@id\":\"https:\\\/\\\/maisonessentielle.com\\\/produit\\\/kit-a-coudre-le-pantalon-bobo-en-serge-coton-laine-marine\\\/#breadcrumb\",\"itemListElement\":[{\"@type\":\"ListItem\",\"position\":1,\"name\":\"Accueil\",\"item\":\"https:\\\/\\\/maisonessentielle.com\\\/\"},{\"@type\":\"ListItem\",\"position\":2,\"name\":\"Produits Essentiels\",\"item\":\"https:\\\/\\\/maisonessentielle.com\\\/shop\\\/\"},{\"@type\":\"ListItem\",\"position\":3,\"name\":\"KIT \u00c0 COUDRE &#8211; Le pantalon Bobo en serg\u00e9 coton laine marine\"}]},{\"@type\":\"WebSite\",\"@id\":\"https:\\\/\\\/maisonessentielle.com\\\/#website\",\"url\":\"https:\\\/\\\/maisonessentielle.com\\\/\",\"name\":\"Maison Essentielle\",\"description\":\"Vestiaire essentiel \u00e0 coudre ou \u00e0 porter\",\"publisher\":{\"@id\":\"https:\\\/\\\/maisonessentielle.com\\\/#organization\"},\"potentialAction\":[{\"@type\":\"SearchAction\",\"target\":{\"@type\":\"EntryPoint\",\"urlTemplate\":\"https:\\\/\\\/maisonessentielle.com\\\/?s={search_term_string}\"},\"query-input\":{\"@type\":\"PropertyValueSpecification\",\"valueRequired\":true,\"valueName\":\"search_term_string\"}}],\"inLanguage\":\"fr-FR\"},{\"@type\":\"Organization\",\"@id\":\"https:\\\/\\\/maisonessentielle.com\\\/#organization\",\"name\":\"Maison Essentielle\",\"url\":\"https:\\\/\\\/maisonessentielle.com\\\/\",\"logo\":{\"@type\":\"ImageObject\",\"inLanguage\":\"fr-FR\",\"@id\":\"https:\\\/\\\/maisonessentielle.com\\\/#\\\/schema\\\/logo\\\/image\\\/\",\"url\":\"https:\\\/\\\/maisonessentielle.com\\\/wp-content\\\/uploads\\\/2022\\\/03\\\/MAISON-ESSENTIELLE_LOGO_facture-min.png\",\"contentUrl\":\"https:\\\/\\\/maisonessentielle.com\\\/wp-content\\\/uploads\\\/2022\\\/03\\\/MAISON-ESSENTIELLE_LOGO_facture-min.png\",\"width\":400,\"height\":57,\"caption\":\"Maison Essentielle\"},\"image\":{\"@id\":\"https:\\\/\\\/maisonessentielle.com\\\/#\\\/schema\\\/logo\\\/image\\\/\"},\"sameAs\":[\"https:\\\/\\\/www.facebook.com\\\/profile.php?id=61574309661771\",\"https:\\\/\\\/www.instagram.com\\\/maison_essentielle_\\\/\"]}]}<\/script>\n<!-- \/ Yoast SEO plugin. -->","yoast_head_json":{"title":"Pantalon large facile \u00e0 coudre en serg\u00e9 coton laine marine","description":"Un pantalon large, taille \u00e9lastiqu\u00e9e, poches prises en couture, facile \u00e0 coudre avec un serg\u00e9 coton laine \u00e9pais, cousu avec le patron du pantalon Bobo.","robots":{"index":"index","follow":"follow","max-snippet":"max-snippet:-1","max-image-preview":"max-image-preview:large","max-video-preview":"max-video-preview:-1"},"canonical":"https:\/\/maisonessentielle.com\/produit\/kit-a-coudre-le-pantalon-bobo-en-serge-coton-laine-marine\/","og_locale":"fr_FR","og_type":"article","og_title":"Pantalon large facile \u00e0 coudre en serg\u00e9 coton laine marine","og_description":"Un pantalon large, taille \u00e9lastiqu\u00e9e, poches prises en couture, facile \u00e0 coudre avec un serg\u00e9 coton laine \u00e9pais, cousu avec le patron du pantalon Bobo.","og_url":"https:\/\/maisonessentielle.com\/produit\/kit-a-coudre-le-pantalon-bobo-en-serge-coton-laine-marine\/","og_site_name":"Maison Essentielle","article_publisher":"https:\/\/www.facebook.com\/profile.php?id=61574309661771","article_modified_time":"2025-11-16T10:07:30+00:00","og_image":[{"width":1705,"height":2292,"url":"https:\/\/maisonessentielle.com\/wp-content\/uploads\/2025\/11\/MAISON-ESSENTIELLE-OCTOBRE-20254168_2-min-scaled-e1763287343120.jpg","type":"image\/jpeg"}],"twitter_card":"summary_large_image","twitter_misc":{"Dur\u00e9e de lecture estim\u00e9e":"1 minute"},"schema":{"@context":"https:\/\/schema.org","@graph":[{"@type":"WebPage","@id":"https:\/\/maisonessentielle.com\/produit\/kit-a-coudre-le-pantalon-bobo-en-serge-coton-laine-marine\/","url":"https:\/\/maisonessentielle.com\/produit\/kit-a-coudre-le-pantalon-bobo-en-serge-coton-laine-marine\/","name":"Pantalon large facile \u00e0 coudre en serg\u00e9 coton laine marine","isPartOf":{"@id":"https:\/\/maisonessentielle.com\/#website"},"primaryImageOfPage":{"@id":"https:\/\/maisonessentielle.com\/produit\/kit-a-coudre-le-pantalon-bobo-en-serge-coton-laine-marine\/#primaryimage"},"image":{"@id":"https:\/\/maisonessentielle.com\/produit\/kit-a-coudre-le-pantalon-bobo-en-serge-coton-laine-marine\/#primaryimage"},"thumbnailUrl":"https:\/\/maisonessentielle.com\/wp-content\/uploads\/2025\/11\/MAISON-ESSENTIELLE-OCTOBRE-20254168_2-min-scaled-e1763287343120.jpg","datePublished":"2025-11-16T09:25:20+00:00","dateModified":"2025-11-16T10:07:30+00:00","description":"Un pantalon large, taille \u00e9lastiqu\u00e9e, poches prises en couture, facile \u00e0 coudre avec un serg\u00e9 coton laine \u00e9pais, cousu avec le patron du pantalon Bobo.","breadcrumb":{"@id":"https:\/\/maisonessentielle.com\/produit\/kit-a-coudre-le-pantalon-bobo-en-serge-coton-laine-marine\/#breadcrumb"},"inLanguage":"fr-FR","potentialAction":[{"@type":"ReadAction","target":["https:\/\/maisonessentielle.com\/produit\/kit-a-coudre-le-pantalon-bobo-en-serge-coton-laine-marine\/"]}]},{"@type":"ImageObject","inLanguage":"fr-FR","@id":"https:\/\/maisonessentielle.com\/produit\/kit-a-coudre-le-pantalon-bobo-en-serge-coton-laine-marine\/#primaryimage","url":"https:\/\/maisonessentielle.com\/wp-content\/uploads\/2025\/11\/MAISON-ESSENTIELLE-OCTOBRE-20254168_2-min-scaled-e1763287343120.jpg","contentUrl":"https:\/\/maisonessentielle.com\/wp-content\/uploads\/2025\/11\/MAISON-ESSENTIELLE-OCTOBRE-20254168_2-min-scaled-e1763287343120.jpg","width":1705,"height":2292},{"@type":"BreadcrumbList","@id":"https:\/\/maisonessentielle.com\/produit\/kit-a-coudre-le-pantalon-bobo-en-serge-coton-laine-marine\/#breadcrumb","itemListElement":[{"@type":"ListItem","position":1,"name":"Accueil","item":"https:\/\/maisonessentielle.com\/"},{"@type":"ListItem","position":2,"name":"Produits Essentiels","item":"https:\/\/maisonessentielle.com\/shop\/"},{"@type":"ListItem","position":3,"name":"KIT \u00c0 COUDRE &#8211; Le pantalon Bobo en serg\u00e9 coton laine marine"}]},{"@type":"WebSite","@id":"https:\/\/maisonessentielle.com\/#website","url":"https:\/\/maisonessentielle.com\/","name":"Maison Essentielle","description":"Vestiaire essentiel \u00e0 coudre ou \u00e0 porter","publisher":{"@id":"https:\/\/maisonessentielle.com\/#organization"},"potentialAction":[{"@type":"SearchAction","target":{"@type":"EntryPoint","urlTemplate":"https:\/\/maisonessentielle.com\/?s={search_term_string}"},"query-input":{"@type":"PropertyValueSpecification","valueRequired":true,"valueName":"search_term_string"}}],"inLanguage":"fr-FR"},{"@type":"Organization","@id":"https:\/\/maisonessentielle.com\/#organization","name":"Maison Essentielle","url":"https:\/\/maisonessentielle.com\/","logo":{"@type":"ImageObject","inLanguage":"fr-FR","@id":"https:\/\/maisonessentielle.com\/#\/schema\/logo\/image\/","url":"https:\/\/maisonessentielle.com\/wp-content\/uploads\/2022\/03\/MAISON-ESSENTIELLE_LOGO_facture-min.png","contentUrl":"https:\/\/maisonessentielle.com\/wp-content\/uploads\/2022\/03\/MAISON-ESSENTIELLE_LOGO_facture-min.png","width":400,"height":57,"caption":"Maison Essentielle"},"image":{"@id":"https:\/\/maisonessentielle.com\/#\/schema\/logo\/image\/"},"sameAs":["https:\/\/www.facebook.com\/profile.php?id=61574309661771","https:\/\/www.instagram.com\/maison_essentielle_\/"]}]}},"_links":{"self":[{"href":"https:\/\/maisonessentielle.com\/wp-json\/wp\/v2\/product\/56026","targetHints":{"allow":["GET"]}}],"collection":[{"href":"https:\/\/maisonessentielle.com\/wp-json\/wp\/v2\/product"}],"about":[{"href":"https:\/\/maisonessentielle.com\/wp-json\/wp\/v2\/types\/product"}],"replies":[{"embeddable":true,"href":"https:\/\/maisonessentielle.com\/wp-json\/wp\/v2\/comments?post=56026"}],"version-history":[{"count":5,"href":"https:\/\/maisonessentielle.com\/wp-json\/wp\/v2\/product\/56026\/revisions"}],"predecessor-version":[{"id":56501,"href":"https:\/\/maisonessentielle.com\/wp-json\/wp\/v2\/product\/56026\/revisions\/56501"}],"wp:featuredmedia":[{"embeddable":true,"href":"https:\/\/maisonessentielle.com\/wp-json\/wp\/v2\/media\/56452"}],"wp:attachment":[{"href":"https:\/\/maisonessentielle.com\/wp-json\/wp\/v2\/media?parent=56026"}],"wp:term":[{"taxonomy":"product_brand","embeddable":true,"href":"https:\/\/maisonessentielle.com\/wp-json\/wp\/v2\/product_brand?post=56026"},{"taxonomy":"product_cat","embeddable":true,"href":"https:\/\/maisonessentielle.com\/wp-json\/wp\/v2\/product_cat?post=56026"},{"taxonomy":"product_tag","embeddable":true,"href":"https:\/\/maisonessentielle.com\/wp-json\/wp\/v2\/product_tag?post=56026"}],"curies":[{"name":"wp","href":"https:\/\/api.w.org\/{rel}","templated":true}]}}