{"id":54705,"date":"2025-10-15T13:00:14","date_gmt":"2025-10-15T11:00:14","guid":{"rendered":"https:\/\/maisonessentielle.com\/?post_type=product&#038;p=54705"},"modified":"2026-03-28T12:34:40","modified_gmt":"2026-03-28T11:34:40","slug":"le-pantalon-coco-tailleur-en-crepe-de-laine-anthracite-cousu","status":"publish","type":"product","link":"https:\/\/maisonessentielle.com\/produit\/le-pantalon-coco-tailleur-en-crepe-de-laine-anthracite-cousu\/","title":{"rendered":"Le pantalon Coco Tailleur en cr\u00eape de laine anthracite &#8211; cousu"},"content":{"rendered":"<h1><strong>Choisissez votre taille en vous r\u00e9f\u00e9rant \u00e0 ce tableau de mensuration (mesure en cm \u2013 stature 1,65m)<\/strong><\/h1>\n<p>&nbsp;<\/p>\n<table>\n<tbody>\n<tr>\n<td><b>Taille<\/b><\/td>\n<td><b>34<\/b><\/td>\n<td><b>36<\/b><\/td>\n<td><b>38<\/b><\/td>\n<td><b>40<\/b><\/td>\n<td><b>42<\/b><\/td>\n<td><b>44<\/b><\/td>\n<td><b>46<\/b><\/td>\n<td><b>48<\/b><\/td>\n<\/tr>\n<tr>\n<td><b>Tour de poitrine<\/b><\/td>\n<td><span style=\"font-weight: 400;\">82<\/span><\/td>\n<td><span style=\"font-weight: 400;\">86<\/span><\/td>\n<td><b>90<\/b><\/td>\n<td><span style=\"font-weight: 400;\">94<\/span><\/td>\n<td><b>98<\/b><\/td>\n<td><span style=\"font-weight: 400;\">102<\/span><\/td>\n<td><b>106<\/b><\/td>\n<td><b>110<\/b><\/td>\n<\/tr>\n<tr>\n<td><b>Tour de taille<\/b><\/td>\n<td><span style=\"font-weight: 400;\">68<\/span><\/td>\n<td><span style=\"font-weight: 400;\">72<\/span><\/td>\n<td><b>76<\/b><\/td>\n<td><span style=\"font-weight: 400;\">80<\/span><\/td>\n<td><b>84<\/b><\/td>\n<td><span style=\"font-weight: 400;\">88<\/span><\/td>\n<td><b>92<\/b><\/td>\n<td><b>96<\/b><\/td>\n<\/tr>\n<tr>\n<td><b>Tour de hanche<\/b><\/td>\n<td><span style=\"font-weight: 400;\">88<\/span><\/td>\n<td><span style=\"font-weight: 400;\">92<\/span><\/td>\n<td><b>96<\/b><\/td>\n<td><span style=\"font-weight: 400;\">100<\/span><\/td>\n<td><b>104<\/b><\/td>\n<td><span style=\"font-weight: 400;\">108<\/span><\/td>\n<td><b>112<\/b><\/td>\n<td><b>116<\/b><\/td>\n<\/tr>\n<\/tbody>\n<\/table>\n<p style=\"text-align: center;\"><strong>Partagez nous votre look sur les r\u00e9seaux sociaux #lepantaloncocotailleur @maison_essentielle_<\/strong><\/p>\n","protected":false},"excerpt":{"rendered":"<p>&nbsp;<\/p>\n<h2>Style et mati\u00e8re de notre pantalon Coco Tailleur en cr\u00eape de laine anthracite<\/h2>\n<p><strong>Le Coco Tailleur est u<\/strong><b>n pantalon \u00e0 l\u2019allure incroyable dans lequel vous vous sentirez sublim\u00e9e gr\u00e2ce \u00e0 ses d\u00e9tails couture (passants et plis devant), tout en restant tr\u00e8s confortable. A porter tous les jours, avec des baskets pour un style cool ou avec des boots pour un style plus habill\u00e9. Ce Coco Tailleur est r<\/b><strong>\u00e9alis\u00e9 en version longue afin d&rsquo;avoir un magnifique tomb\u00e9 avec ce cr\u00eape de laine fluide.<\/strong><\/p>\n<p><strong>Mati\u00e8re :<\/strong> cr\u00eape de laine gris anthracite fonc\u00e9, issu de stock dormant d&rsquo;un belle marque,<strong> 50% laine\/45% polyester\/5% \u00e9lasthanne<\/strong> (la pr\u00e9sence de polyester peut faire boulocher le tissu avec le frottement, utiliser un rasoir pour couper la bouloche) &#8211; <strong>Lavage<\/strong> \u00e0 froid, en machine programme laine &#8211; <strong>Pas de s\u00e8che-linge &#8211; Repassage : <\/strong>doux<\/p>\n<h2>Conseil taille<\/h2>\n<p>R\u00e9f\u00e9rez vous au tableau de mensurations en bas de page. <em>Val\u00e9rie (1,65m \/ 86-72-90)<\/em> porte la taille taille 36.<\/p>\n<h2>Confection fran\u00e7aise<\/h2>\n","protected":false},"featured_media":54581,"comment_status":"open","ping_status":"closed","template":"","meta":{"_acf_changed":false,"site-sidebar-layout":"default","site-content-layout":"default","ast-site-content-layout":"default","site-content-style":"default","site-sidebar-style":"default","ast-global-header-display":"","ast-banner-title-visibility":"","ast-main-header-display":"","ast-hfb-above-header-display":"","ast-hfb-below-header-display":"","ast-hfb-mobile-header-display":"","site-post-title":"","ast-breadcrumbs-content":"","ast-featured-img":"","footer-sml-layout":"","ast-disable-related-posts":"","theme-transparent-header-meta":"default","adv-header-id-meta":"","stick-header-meta":"default","header-above-stick-meta":"","header-main-stick-meta":"","header-below-stick-meta":"","astra-migrate-meta-layouts":"set","ast-page-background-enabled":"default","ast-page-background-meta":{"desktop":{"background-color":"","background-image":"","background-repeat":"repeat","background-position":"center center","background-size":"auto","background-attachment":"scroll","background-type":"","background-media":"","overlay-type":"","overlay-color":"","overlay-opacity":"","overlay-gradient":""},"tablet":{"background-color":"","background-image":"","background-repeat":"repeat","background-position":"center center","background-size":"auto","background-attachment":"scroll","background-type":"","background-media":"","overlay-type":"","overlay-color":"","overlay-opacity":"","overlay-gradient":""},"mobile":{"background-color":"","background-image":"","background-repeat":"repeat","background-position":"center center","background-size":"auto","background-attachment":"scroll","background-type":"","background-media":"","overlay-type":"","overlay-color":"","overlay-opacity":"","overlay-gradient":""}},"ast-content-background-meta":{"desktop":{"background-color":"var(--ast-global-color-5)","background-image":"","background-repeat":"repeat","background-position":"center center","background-size":"auto","background-attachment":"scroll","background-type":"","background-media":"","overlay-type":"","overlay-color":"","overlay-opacity":"","overlay-gradient":""},"tablet":{"background-color":"var(--ast-global-color-5)","background-image":"","background-repeat":"repeat","background-position":"center center","background-size":"auto","background-attachment":"scroll","background-type":"","background-media":"","overlay-type":"","overlay-color":"","overlay-opacity":"","overlay-gradient":""},"mobile":{"background-color":"var(--ast-global-color-5)","background-image":"","background-repeat":"repeat","background-position":"center center","background-size":"auto","background-attachment":"scroll","background-type":"","background-media":"","overlay-type":"","overlay-color":"","overlay-opacity":"","overlay-gradient":""}}},"product_brand":[],"product_cat":[418,391],"product_tag":[],"class_list":{"0":"post-54705","1":"product","2":"type-product","3":"status-publish","4":"has-post-thumbnail","6":"product_cat-last-chance","7":"product_cat-les-bas","8":"desktop-align-center","9":"tablet-align-center","10":"mobile-align-center","11":"ast-product-gallery-layout-horizontal","12":"ast-magnify-disabled","13":"ast-product-single-variable","14":"ast-product-tabs-layout-horizontal","16":"first","17":"instock","18":"sale","19":"taxable","20":"shipping-taxable","21":"purchasable","22":"product-type-variable"},"acf":[],"yoast_head":"<!-- This site is optimized with the Yoast SEO plugin v27.3 - https:\/\/yoast.com\/product\/yoast-seo-wordpress\/ -->\n<title>Pantalon large \u00e0 pinces, chaud et fluide en cr\u00eape de laine<\/title>\n<meta name=\"description\" content=\"Le pantalon large \u00e0 pinces Coco Tailleur est fluide et chaud, r\u00e9alis\u00e9 en cr\u00eape de laine anthracite, il se porte avec des baskets ou des boots.\" \/>\n<meta name=\"robots\" content=\"index, follow, max-snippet:-1, max-image-preview:large, max-video-preview:-1\" \/>\n<link rel=\"canonical\" href=\"https:\/\/maisonessentielle.com\/produit\/le-pantalon-coco-tailleur-en-crepe-de-laine-anthracite-cousu\/\" \/>\n<meta property=\"og:locale\" content=\"fr_FR\" \/>\n<meta property=\"og:type\" content=\"article\" \/>\n<meta property=\"og:title\" content=\"Pantalon large \u00e0 pinces, chaud et fluide en cr\u00eape de laine\" \/>\n<meta property=\"og:description\" content=\"Le pantalon large \u00e0 pinces Coco Tailleur est fluide et chaud, r\u00e9alis\u00e9 en cr\u00eape de laine anthracite, il se porte avec des baskets ou des boots.\" \/>\n<meta property=\"og:url\" content=\"https:\/\/maisonessentielle.com\/produit\/le-pantalon-coco-tailleur-en-crepe-de-laine-anthracite-cousu\/\" \/>\n<meta property=\"og:site_name\" content=\"Maison Essentielle\" \/>\n<meta property=\"article:publisher\" content=\"https:\/\/www.facebook.com\/profile.php?id=61574309661771\" \/>\n<meta property=\"article:modified_time\" content=\"2026-03-28T11:34:40+00:00\" \/>\n<meta property=\"og:image\" content=\"https:\/\/maisonessentielle.com\/wp-content\/uploads\/2025\/10\/coco-tailleur-et-veste-epure-en-crepe-charbon-maison-essentielle-15-scaled.jpg\" \/>\n\t<meta property=\"og:image:width\" content=\"1920\" \/>\n\t<meta property=\"og:image:height\" content=\"2560\" \/>\n\t<meta property=\"og:image:type\" content=\"image\/jpeg\" \/>\n<meta name=\"twitter:card\" content=\"summary_large_image\" \/>\n<meta name=\"twitter:label1\" content=\"Dur\u00e9e de lecture estim\u00e9e\" \/>\n\t<meta name=\"twitter:data1\" content=\"1 minute\" \/>\n<script type=\"application\/ld+json\" class=\"yoast-schema-graph\">{\"@context\":\"https:\\\/\\\/schema.org\",\"@graph\":[{\"@type\":\"WebPage\",\"@id\":\"https:\\\/\\\/maisonessentielle.com\\\/produit\\\/le-pantalon-coco-tailleur-en-crepe-de-laine-anthracite-cousu\\\/\",\"url\":\"https:\\\/\\\/maisonessentielle.com\\\/produit\\\/le-pantalon-coco-tailleur-en-crepe-de-laine-anthracite-cousu\\\/\",\"name\":\"Pantalon large \u00e0 pinces, chaud et fluide en cr\u00eape de laine\",\"isPartOf\":{\"@id\":\"https:\\\/\\\/maisonessentielle.com\\\/#website\"},\"primaryImageOfPage\":{\"@id\":\"https:\\\/\\\/maisonessentielle.com\\\/produit\\\/le-pantalon-coco-tailleur-en-crepe-de-laine-anthracite-cousu\\\/#primaryimage\"},\"image\":{\"@id\":\"https:\\\/\\\/maisonessentielle.com\\\/produit\\\/le-pantalon-coco-tailleur-en-crepe-de-laine-anthracite-cousu\\\/#primaryimage\"},\"thumbnailUrl\":\"https:\\\/\\\/maisonessentielle.com\\\/wp-content\\\/uploads\\\/2025\\\/10\\\/coco-tailleur-et-veste-epure-en-crepe-charbon-maison-essentielle-15-scaled.jpg\",\"datePublished\":\"2025-10-15T11:00:14+00:00\",\"dateModified\":\"2026-03-28T11:34:40+00:00\",\"description\":\"Le pantalon large \u00e0 pinces Coco Tailleur est fluide et chaud, r\u00e9alis\u00e9 en cr\u00eape de laine anthracite, il se porte avec des baskets ou des boots.\",\"breadcrumb\":{\"@id\":\"https:\\\/\\\/maisonessentielle.com\\\/produit\\\/le-pantalon-coco-tailleur-en-crepe-de-laine-anthracite-cousu\\\/#breadcrumb\"},\"inLanguage\":\"fr-FR\",\"potentialAction\":[{\"@type\":\"ReadAction\",\"target\":[\"https:\\\/\\\/maisonessentielle.com\\\/produit\\\/le-pantalon-coco-tailleur-en-crepe-de-laine-anthracite-cousu\\\/\"]}]},{\"@type\":\"ImageObject\",\"inLanguage\":\"fr-FR\",\"@id\":\"https:\\\/\\\/maisonessentielle.com\\\/produit\\\/le-pantalon-coco-tailleur-en-crepe-de-laine-anthracite-cousu\\\/#primaryimage\",\"url\":\"https:\\\/\\\/maisonessentielle.com\\\/wp-content\\\/uploads\\\/2025\\\/10\\\/coco-tailleur-et-veste-epure-en-crepe-charbon-maison-essentielle-15-scaled.jpg\",\"contentUrl\":\"https:\\\/\\\/maisonessentielle.com\\\/wp-content\\\/uploads\\\/2025\\\/10\\\/coco-tailleur-et-veste-epure-en-crepe-charbon-maison-essentielle-15-scaled.jpg\",\"width\":1920,\"height\":2560},{\"@type\":\"BreadcrumbList\",\"@id\":\"https:\\\/\\\/maisonessentielle.com\\\/produit\\\/le-pantalon-coco-tailleur-en-crepe-de-laine-anthracite-cousu\\\/#breadcrumb\",\"itemListElement\":[{\"@type\":\"ListItem\",\"position\":1,\"name\":\"Accueil\",\"item\":\"https:\\\/\\\/maisonessentielle.com\\\/\"},{\"@type\":\"ListItem\",\"position\":2,\"name\":\"Produits Essentiels\",\"item\":\"https:\\\/\\\/maisonessentielle.com\\\/shop\\\/\"},{\"@type\":\"ListItem\",\"position\":3,\"name\":\"Le pantalon Coco Tailleur en cr\u00eape de laine anthracite &#8211; cousu\"}]},{\"@type\":\"WebSite\",\"@id\":\"https:\\\/\\\/maisonessentielle.com\\\/#website\",\"url\":\"https:\\\/\\\/maisonessentielle.com\\\/\",\"name\":\"Maison Essentielle\",\"description\":\"Vestiaire essentiel \u00e0 coudre ou \u00e0 porter\",\"publisher\":{\"@id\":\"https:\\\/\\\/maisonessentielle.com\\\/#organization\"},\"potentialAction\":[{\"@type\":\"SearchAction\",\"target\":{\"@type\":\"EntryPoint\",\"urlTemplate\":\"https:\\\/\\\/maisonessentielle.com\\\/?s={search_term_string}\"},\"query-input\":{\"@type\":\"PropertyValueSpecification\",\"valueRequired\":true,\"valueName\":\"search_term_string\"}}],\"inLanguage\":\"fr-FR\"},{\"@type\":\"Organization\",\"@id\":\"https:\\\/\\\/maisonessentielle.com\\\/#organization\",\"name\":\"Maison Essentielle\",\"url\":\"https:\\\/\\\/maisonessentielle.com\\\/\",\"logo\":{\"@type\":\"ImageObject\",\"inLanguage\":\"fr-FR\",\"@id\":\"https:\\\/\\\/maisonessentielle.com\\\/#\\\/schema\\\/logo\\\/image\\\/\",\"url\":\"https:\\\/\\\/maisonessentielle.com\\\/wp-content\\\/uploads\\\/2022\\\/03\\\/MAISON-ESSENTIELLE_LOGO_facture-min.png\",\"contentUrl\":\"https:\\\/\\\/maisonessentielle.com\\\/wp-content\\\/uploads\\\/2022\\\/03\\\/MAISON-ESSENTIELLE_LOGO_facture-min.png\",\"width\":400,\"height\":57,\"caption\":\"Maison Essentielle\"},\"image\":{\"@id\":\"https:\\\/\\\/maisonessentielle.com\\\/#\\\/schema\\\/logo\\\/image\\\/\"},\"sameAs\":[\"https:\\\/\\\/www.facebook.com\\\/profile.php?id=61574309661771\",\"https:\\\/\\\/www.instagram.com\\\/maison_essentielle_\\\/\"]}]}<\/script>\n<!-- \/ Yoast SEO plugin. -->","yoast_head_json":{"title":"Pantalon large \u00e0 pinces, chaud et fluide en cr\u00eape de laine","description":"Le pantalon large \u00e0 pinces Coco Tailleur est fluide et chaud, r\u00e9alis\u00e9 en cr\u00eape de laine anthracite, il se porte avec des baskets ou des boots.","robots":{"index":"index","follow":"follow","max-snippet":"max-snippet:-1","max-image-preview":"max-image-preview:large","max-video-preview":"max-video-preview:-1"},"canonical":"https:\/\/maisonessentielle.com\/produit\/le-pantalon-coco-tailleur-en-crepe-de-laine-anthracite-cousu\/","og_locale":"fr_FR","og_type":"article","og_title":"Pantalon large \u00e0 pinces, chaud et fluide en cr\u00eape de laine","og_description":"Le pantalon large \u00e0 pinces Coco Tailleur est fluide et chaud, r\u00e9alis\u00e9 en cr\u00eape de laine anthracite, il se porte avec des baskets ou des boots.","og_url":"https:\/\/maisonessentielle.com\/produit\/le-pantalon-coco-tailleur-en-crepe-de-laine-anthracite-cousu\/","og_site_name":"Maison Essentielle","article_publisher":"https:\/\/www.facebook.com\/profile.php?id=61574309661771","article_modified_time":"2026-03-28T11:34:40+00:00","og_image":[{"width":1920,"height":2560,"url":"https:\/\/maisonessentielle.com\/wp-content\/uploads\/2025\/10\/coco-tailleur-et-veste-epure-en-crepe-charbon-maison-essentielle-15-scaled.jpg","type":"image\/jpeg"}],"twitter_card":"summary_large_image","twitter_misc":{"Dur\u00e9e de lecture estim\u00e9e":"1 minute"},"schema":{"@context":"https:\/\/schema.org","@graph":[{"@type":"WebPage","@id":"https:\/\/maisonessentielle.com\/produit\/le-pantalon-coco-tailleur-en-crepe-de-laine-anthracite-cousu\/","url":"https:\/\/maisonessentielle.com\/produit\/le-pantalon-coco-tailleur-en-crepe-de-laine-anthracite-cousu\/","name":"Pantalon large \u00e0 pinces, chaud et fluide en cr\u00eape de laine","isPartOf":{"@id":"https:\/\/maisonessentielle.com\/#website"},"primaryImageOfPage":{"@id":"https:\/\/maisonessentielle.com\/produit\/le-pantalon-coco-tailleur-en-crepe-de-laine-anthracite-cousu\/#primaryimage"},"image":{"@id":"https:\/\/maisonessentielle.com\/produit\/le-pantalon-coco-tailleur-en-crepe-de-laine-anthracite-cousu\/#primaryimage"},"thumbnailUrl":"https:\/\/maisonessentielle.com\/wp-content\/uploads\/2025\/10\/coco-tailleur-et-veste-epure-en-crepe-charbon-maison-essentielle-15-scaled.jpg","datePublished":"2025-10-15T11:00:14+00:00","dateModified":"2026-03-28T11:34:40+00:00","description":"Le pantalon large \u00e0 pinces Coco Tailleur est fluide et chaud, r\u00e9alis\u00e9 en cr\u00eape de laine anthracite, il se porte avec des baskets ou des boots.","breadcrumb":{"@id":"https:\/\/maisonessentielle.com\/produit\/le-pantalon-coco-tailleur-en-crepe-de-laine-anthracite-cousu\/#breadcrumb"},"inLanguage":"fr-FR","potentialAction":[{"@type":"ReadAction","target":["https:\/\/maisonessentielle.com\/produit\/le-pantalon-coco-tailleur-en-crepe-de-laine-anthracite-cousu\/"]}]},{"@type":"ImageObject","inLanguage":"fr-FR","@id":"https:\/\/maisonessentielle.com\/produit\/le-pantalon-coco-tailleur-en-crepe-de-laine-anthracite-cousu\/#primaryimage","url":"https:\/\/maisonessentielle.com\/wp-content\/uploads\/2025\/10\/coco-tailleur-et-veste-epure-en-crepe-charbon-maison-essentielle-15-scaled.jpg","contentUrl":"https:\/\/maisonessentielle.com\/wp-content\/uploads\/2025\/10\/coco-tailleur-et-veste-epure-en-crepe-charbon-maison-essentielle-15-scaled.jpg","width":1920,"height":2560},{"@type":"BreadcrumbList","@id":"https:\/\/maisonessentielle.com\/produit\/le-pantalon-coco-tailleur-en-crepe-de-laine-anthracite-cousu\/#breadcrumb","itemListElement":[{"@type":"ListItem","position":1,"name":"Accueil","item":"https:\/\/maisonessentielle.com\/"},{"@type":"ListItem","position":2,"name":"Produits Essentiels","item":"https:\/\/maisonessentielle.com\/shop\/"},{"@type":"ListItem","position":3,"name":"Le pantalon Coco Tailleur en cr\u00eape de laine anthracite &#8211; cousu"}]},{"@type":"WebSite","@id":"https:\/\/maisonessentielle.com\/#website","url":"https:\/\/maisonessentielle.com\/","name":"Maison Essentielle","description":"Vestiaire essentiel \u00e0 coudre ou \u00e0 porter","publisher":{"@id":"https:\/\/maisonessentielle.com\/#organization"},"potentialAction":[{"@type":"SearchAction","target":{"@type":"EntryPoint","urlTemplate":"https:\/\/maisonessentielle.com\/?s={search_term_string}"},"query-input":{"@type":"PropertyValueSpecification","valueRequired":true,"valueName":"search_term_string"}}],"inLanguage":"fr-FR"},{"@type":"Organization","@id":"https:\/\/maisonessentielle.com\/#organization","name":"Maison Essentielle","url":"https:\/\/maisonessentielle.com\/","logo":{"@type":"ImageObject","inLanguage":"fr-FR","@id":"https:\/\/maisonessentielle.com\/#\/schema\/logo\/image\/","url":"https:\/\/maisonessentielle.com\/wp-content\/uploads\/2022\/03\/MAISON-ESSENTIELLE_LOGO_facture-min.png","contentUrl":"https:\/\/maisonessentielle.com\/wp-content\/uploads\/2022\/03\/MAISON-ESSENTIELLE_LOGO_facture-min.png","width":400,"height":57,"caption":"Maison Essentielle"},"image":{"@id":"https:\/\/maisonessentielle.com\/#\/schema\/logo\/image\/"},"sameAs":["https:\/\/www.facebook.com\/profile.php?id=61574309661771","https:\/\/www.instagram.com\/maison_essentielle_\/"]}]}},"_links":{"self":[{"href":"https:\/\/maisonessentielle.com\/wp-json\/wp\/v2\/product\/54705","targetHints":{"allow":["GET"]}}],"collection":[{"href":"https:\/\/maisonessentielle.com\/wp-json\/wp\/v2\/product"}],"about":[{"href":"https:\/\/maisonessentielle.com\/wp-json\/wp\/v2\/types\/product"}],"replies":[{"embeddable":true,"href":"https:\/\/maisonessentielle.com\/wp-json\/wp\/v2\/comments?post=54705"}],"version-history":[{"count":12,"href":"https:\/\/maisonessentielle.com\/wp-json\/wp\/v2\/product\/54705\/revisions"}],"predecessor-version":[{"id":62066,"href":"https:\/\/maisonessentielle.com\/wp-json\/wp\/v2\/product\/54705\/revisions\/62066"}],"wp:featuredmedia":[{"embeddable":true,"href":"https:\/\/maisonessentielle.com\/wp-json\/wp\/v2\/media\/54581"}],"wp:attachment":[{"href":"https:\/\/maisonessentielle.com\/wp-json\/wp\/v2\/media?parent=54705"}],"wp:term":[{"taxonomy":"product_brand","embeddable":true,"href":"https:\/\/maisonessentielle.com\/wp-json\/wp\/v2\/product_brand?post=54705"},{"taxonomy":"product_cat","embeddable":true,"href":"https:\/\/maisonessentielle.com\/wp-json\/wp\/v2\/product_cat?post=54705"},{"taxonomy":"product_tag","embeddable":true,"href":"https:\/\/maisonessentielle.com\/wp-json\/wp\/v2\/product_tag?post=54705"}],"curies":[{"name":"wp","href":"https:\/\/api.w.org\/{rel}","templated":true}]}}