{"id":48779,"date":"2025-04-29T10:59:47","date_gmt":"2025-04-29T08:59:47","guid":{"rendered":"https:\/\/maisonessentielle.com\/?post_type=product&#038;p=48779"},"modified":"2026-03-24T14:33:50","modified_gmt":"2026-03-24T13:33:50","slug":"la-blouse-simple-en-broderie-de-lin-viscose-camel-cousue","status":"publish","type":"product","link":"https:\/\/maisonessentielle.com\/produit\/la-blouse-simple-en-broderie-de-lin-viscose-camel-cousue\/","title":{"rendered":"La blouse Simple en broderie de lin \/ viscose camel &#8211; cousue"},"content":{"rendered":"<p><strong>Choisissez votre taille en vous r\u00e9f\u00e9rant \u00e0 ce tableau de mensuration (mesure en cm \u2013 stature 1,65m)<\/strong><\/p>\n<table>\n<tbody>\n<tr>\n<td><b>Taille<\/b><\/td>\n<td><b>XS<\/b><\/td>\n<td><b>S<\/b><\/td>\n<td><b>M<\/b><\/td>\n<td><b>L<\/b><\/td>\n<td><b>XL<\/b><\/td>\n<\/tr>\n<tr>\n<td><b>Tour de poitrine<\/b><\/td>\n<td><span style=\"font-weight: 400;\">78-82<\/span><\/td>\n<td><span style=\"font-weight: 400;\">82-86<\/span><\/td>\n<td><span style=\"font-weight: 400;\">86-94<\/span><\/td>\n<td><span style=\"font-weight: 400;\">94-102<\/span><\/td>\n<td><span style=\"font-weight: 400;\">102-110<\/span><\/td>\n<\/tr>\n<tr>\n<td><b>Tour de taille<\/b><\/td>\n<td><span style=\"font-weight: 400;\">64-68<\/span><\/td>\n<td><span style=\"font-weight: 400;\">68-72<\/span><\/td>\n<td><span style=\"font-weight: 400;\">72-80<\/span><\/td>\n<td><span style=\"font-weight: 400;\">80-88<\/span><\/td>\n<td><span style=\"font-weight: 400;\">88-96<\/span><\/td>\n<\/tr>\n<tr>\n<td><b>Tour de hanches<\/b><\/td>\n<td><span style=\"font-weight: 400;\">84-88<\/span><\/td>\n<td><span style=\"font-weight: 400;\">88-92<\/span><\/td>\n<td><span style=\"font-weight: 400;\">92-100<\/span><\/td>\n<td><span style=\"font-weight: 400;\">100-108<\/span><\/td>\n<td><span style=\"font-weight: 400;\">108-116<\/span><\/td>\n<\/tr>\n<\/tbody>\n<\/table>\n<p>&nbsp;<\/p>\n<p style=\"text-align: center;\"><strong>Partagez nous vos looks en Maison Essentielle sur les r\u00e9seaux sociaux #lablousesimple @maison_essentielle_<\/strong><\/p>\n","protected":false},"excerpt":{"rendered":"<p>&nbsp;<\/p>\n<p><strong>Un basique \u00e0 porter avec toutes vos tenues, le type de haut qui remplace un tee-shirt avec plus de f\u00e9minit\u00e9 et de caract\u00e8re. La blouse Simple est \u00e0 la fois f\u00e9minine et d\u00e9contract\u00e9e avec ses manches basses et sa jolie encolure. En version sans manche, sa coupe minimaliste accompagnera toutes les tenues d&rsquo;\u00e9t\u00e9.<\/strong><\/p>\n<p><strong>Mati\u00e8re :<\/strong> tr\u00e8s belle broderie de\u00a0 lin \/ viscose camel, <span style=\"font-weight: 400;\">25% lin\/52% viscose\/23% polyester <\/span>&#8211; <strong>Lavage<\/strong> en machine \u00e0 30\u00b0<\/p>\n<p><strong>Choisissez votre taille\u00a0<\/strong>en vous r\u00e9f\u00e9rant au tableau de mensurations en bas de page. La blouse Simple taille normalement. <em>Val\u00e9rie (1,65 m \/ 85-72-92) porte la taille S.\u00a0<\/em><strong>Confection fran\u00e7aise<\/strong><\/p>\n","protected":false},"featured_media":48428,"comment_status":"open","ping_status":"closed","template":"","meta":{"_acf_changed":false,"site-sidebar-layout":"default","site-content-layout":"default","ast-site-content-layout":"default","site-content-style":"default","site-sidebar-style":"default","ast-global-header-display":"","ast-banner-title-visibility":"","ast-main-header-display":"","ast-hfb-above-header-display":"","ast-hfb-below-header-display":"","ast-hfb-mobile-header-display":"","site-post-title":"","ast-breadcrumbs-content":"","ast-featured-img":"","footer-sml-layout":"","ast-disable-related-posts":"","theme-transparent-header-meta":"default","adv-header-id-meta":"","stick-header-meta":"default","header-above-stick-meta":"","header-main-stick-meta":"","header-below-stick-meta":"","astra-migrate-meta-layouts":"set","ast-page-background-enabled":"default","ast-page-background-meta":{"desktop":{"background-color":"","background-image":"","background-repeat":"repeat","background-position":"center center","background-size":"auto","background-attachment":"scroll","background-type":"","background-media":"","overlay-type":"","overlay-color":"","overlay-opacity":"","overlay-gradient":""},"tablet":{"background-color":"","background-image":"","background-repeat":"repeat","background-position":"center center","background-size":"auto","background-attachment":"scroll","background-type":"","background-media":"","overlay-type":"","overlay-color":"","overlay-opacity":"","overlay-gradient":""},"mobile":{"background-color":"","background-image":"","background-repeat":"repeat","background-position":"center center","background-size":"auto","background-attachment":"scroll","background-type":"","background-media":"","overlay-type":"","overlay-color":"","overlay-opacity":"","overlay-gradient":""}},"ast-content-background-meta":{"desktop":{"background-color":"var(--ast-global-color-5)","background-image":"","background-repeat":"repeat","background-position":"center center","background-size":"auto","background-attachment":"scroll","background-type":"","background-media":"","overlay-type":"","overlay-color":"","overlay-opacity":"","overlay-gradient":""},"tablet":{"background-color":"var(--ast-global-color-5)","background-image":"","background-repeat":"repeat","background-position":"center center","background-size":"auto","background-attachment":"scroll","background-type":"","background-media":"","overlay-type":"","overlay-color":"","overlay-opacity":"","overlay-gradient":""},"mobile":{"background-color":"var(--ast-global-color-5)","background-image":"","background-repeat":"repeat","background-position":"center center","background-size":"auto","background-attachment":"scroll","background-type":"","background-media":"","overlay-type":"","overlay-color":"","overlay-opacity":"","overlay-gradient":""}}},"product_brand":[],"product_cat":[295],"product_tag":[],"class_list":{"0":"post-48779","1":"product","2":"type-product","3":"status-publish","4":"has-post-thumbnail","6":"product_cat-dernierespieces","7":"desktop-align-center","8":"tablet-align-center","9":"mobile-align-center","10":"ast-product-gallery-layout-horizontal","11":"ast-magnify-disabled","12":"ast-product-single-variable","13":"ast-product-tabs-layout-horizontal","15":"first","16":"instock","17":"taxable","18":"shipping-taxable","19":"purchasable","20":"product-type-variable"},"acf":[],"yoast_head":"<!-- This site is optimized with the Yoast SEO plugin v27.3 - https:\/\/yoast.com\/product\/yoast-seo-wordpress\/ -->\n<title>La blouse Simple en broderie de lin \/ viscose camel - cousue &#8226; Maison Essentielle<\/title>\n<meta name=\"robots\" content=\"index, follow, max-snippet:-1, max-image-preview:large, max-video-preview:-1\" \/>\n<link rel=\"canonical\" href=\"https:\/\/maisonessentielle.com\/produit\/la-blouse-simple-en-broderie-de-lin-viscose-camel-cousue\/\" \/>\n<meta property=\"og:locale\" content=\"fr_FR\" \/>\n<meta property=\"og:type\" content=\"article\" \/>\n<meta property=\"og:title\" content=\"La blouse Simple en broderie de lin \/ viscose camel - cousue &#8226; Maison Essentielle\" \/>\n<meta property=\"og:description\" content=\"&nbsp;  Un basique \u00e0 porter avec toutes vos tenues, le type de haut qui remplace un tee-shirt avec plus de f\u00e9minit\u00e9 et de caract\u00e8re. La blouse Simple est \u00e0 la fois f\u00e9minine et d\u00e9contract\u00e9e avec ses manches basses et sa jolie encolure. En version sans manche, sa coupe minimaliste accompagnera toutes les tenues d&#039;\u00e9t\u00e9.  Mati\u00e8re : tr\u00e8s belle broderie de\u00a0 lin \/ viscose camel, 25% lin\/52% viscose\/23% polyester - Lavage en machine \u00e0 30\u00b0  Choisissez votre taille\u00a0en vous r\u00e9f\u00e9rant au tableau de mensurations en bas de page. La blouse Simple taille normalement. Val\u00e9rie (1,65 m \/ 85-72-92) porte la taille S.\u00a0Confection fran\u00e7aise\" \/>\n<meta property=\"og:url\" content=\"https:\/\/maisonessentielle.com\/produit\/la-blouse-simple-en-broderie-de-lin-viscose-camel-cousue\/\" \/>\n<meta property=\"og:site_name\" content=\"Maison Essentielle\" \/>\n<meta property=\"article:publisher\" content=\"https:\/\/www.facebook.com\/profile.php?id=61574309661771\" \/>\n<meta property=\"article:modified_time\" content=\"2026-03-24T13:33:50+00:00\" \/>\n<meta property=\"og:image\" content=\"https:\/\/maisonessentielle.com\/wp-content\/uploads\/2025\/04\/blouse-simple-sans-manche-dentelle-camel-et-pantalon-cocotailleur-gabardine-de-coton-ecru-lave-12-scaled.jpg\" \/>\n\t<meta property=\"og:image:width\" content=\"1708\" \/>\n\t<meta property=\"og:image:height\" content=\"2560\" \/>\n\t<meta property=\"og:image:type\" content=\"image\/jpeg\" \/>\n<meta name=\"twitter:card\" content=\"summary_large_image\" \/>\n<meta name=\"twitter:label1\" content=\"Dur\u00e9e de lecture estim\u00e9e\" \/>\n\t<meta name=\"twitter:data1\" content=\"1 minute\" \/>\n<script type=\"application\/ld+json\" class=\"yoast-schema-graph\">{\"@context\":\"https:\\\/\\\/schema.org\",\"@graph\":[{\"@type\":\"WebPage\",\"@id\":\"https:\\\/\\\/maisonessentielle.com\\\/produit\\\/la-blouse-simple-en-broderie-de-lin-viscose-camel-cousue\\\/\",\"url\":\"https:\\\/\\\/maisonessentielle.com\\\/produit\\\/la-blouse-simple-en-broderie-de-lin-viscose-camel-cousue\\\/\",\"name\":\"La blouse Simple en broderie de lin \\\/ viscose camel - cousue &#8226; Maison Essentielle\",\"isPartOf\":{\"@id\":\"https:\\\/\\\/maisonessentielle.com\\\/#website\"},\"primaryImageOfPage\":{\"@id\":\"https:\\\/\\\/maisonessentielle.com\\\/produit\\\/la-blouse-simple-en-broderie-de-lin-viscose-camel-cousue\\\/#primaryimage\"},\"image\":{\"@id\":\"https:\\\/\\\/maisonessentielle.com\\\/produit\\\/la-blouse-simple-en-broderie-de-lin-viscose-camel-cousue\\\/#primaryimage\"},\"thumbnailUrl\":\"https:\\\/\\\/maisonessentielle.com\\\/wp-content\\\/uploads\\\/2025\\\/04\\\/blouse-simple-sans-manche-dentelle-camel-et-pantalon-cocotailleur-gabardine-de-coton-ecru-lave-12-scaled.jpg\",\"datePublished\":\"2025-04-29T08:59:47+00:00\",\"dateModified\":\"2026-03-24T13:33:50+00:00\",\"breadcrumb\":{\"@id\":\"https:\\\/\\\/maisonessentielle.com\\\/produit\\\/la-blouse-simple-en-broderie-de-lin-viscose-camel-cousue\\\/#breadcrumb\"},\"inLanguage\":\"fr-FR\",\"potentialAction\":[{\"@type\":\"ReadAction\",\"target\":[\"https:\\\/\\\/maisonessentielle.com\\\/produit\\\/la-blouse-simple-en-broderie-de-lin-viscose-camel-cousue\\\/\"]}]},{\"@type\":\"ImageObject\",\"inLanguage\":\"fr-FR\",\"@id\":\"https:\\\/\\\/maisonessentielle.com\\\/produit\\\/la-blouse-simple-en-broderie-de-lin-viscose-camel-cousue\\\/#primaryimage\",\"url\":\"https:\\\/\\\/maisonessentielle.com\\\/wp-content\\\/uploads\\\/2025\\\/04\\\/blouse-simple-sans-manche-dentelle-camel-et-pantalon-cocotailleur-gabardine-de-coton-ecru-lave-12-scaled.jpg\",\"contentUrl\":\"https:\\\/\\\/maisonessentielle.com\\\/wp-content\\\/uploads\\\/2025\\\/04\\\/blouse-simple-sans-manche-dentelle-camel-et-pantalon-cocotailleur-gabardine-de-coton-ecru-lave-12-scaled.jpg\",\"width\":1708,\"height\":2560},{\"@type\":\"BreadcrumbList\",\"@id\":\"https:\\\/\\\/maisonessentielle.com\\\/produit\\\/la-blouse-simple-en-broderie-de-lin-viscose-camel-cousue\\\/#breadcrumb\",\"itemListElement\":[{\"@type\":\"ListItem\",\"position\":1,\"name\":\"Accueil\",\"item\":\"https:\\\/\\\/maisonessentielle.com\\\/\"},{\"@type\":\"ListItem\",\"position\":2,\"name\":\"Produits Essentiels\",\"item\":\"https:\\\/\\\/maisonessentielle.com\\\/shop\\\/\"},{\"@type\":\"ListItem\",\"position\":3,\"name\":\"La blouse Simple en broderie de lin \\\/ viscose camel &#8211; cousue\"}]},{\"@type\":\"WebSite\",\"@id\":\"https:\\\/\\\/maisonessentielle.com\\\/#website\",\"url\":\"https:\\\/\\\/maisonessentielle.com\\\/\",\"name\":\"Maison Essentielle\",\"description\":\"Vestiaire essentiel \u00e0 coudre ou \u00e0 porter\",\"publisher\":{\"@id\":\"https:\\\/\\\/maisonessentielle.com\\\/#organization\"},\"potentialAction\":[{\"@type\":\"SearchAction\",\"target\":{\"@type\":\"EntryPoint\",\"urlTemplate\":\"https:\\\/\\\/maisonessentielle.com\\\/?s={search_term_string}\"},\"query-input\":{\"@type\":\"PropertyValueSpecification\",\"valueRequired\":true,\"valueName\":\"search_term_string\"}}],\"inLanguage\":\"fr-FR\"},{\"@type\":\"Organization\",\"@id\":\"https:\\\/\\\/maisonessentielle.com\\\/#organization\",\"name\":\"Maison Essentielle\",\"url\":\"https:\\\/\\\/maisonessentielle.com\\\/\",\"logo\":{\"@type\":\"ImageObject\",\"inLanguage\":\"fr-FR\",\"@id\":\"https:\\\/\\\/maisonessentielle.com\\\/#\\\/schema\\\/logo\\\/image\\\/\",\"url\":\"https:\\\/\\\/maisonessentielle.com\\\/wp-content\\\/uploads\\\/2022\\\/03\\\/MAISON-ESSENTIELLE_LOGO_facture-min.png\",\"contentUrl\":\"https:\\\/\\\/maisonessentielle.com\\\/wp-content\\\/uploads\\\/2022\\\/03\\\/MAISON-ESSENTIELLE_LOGO_facture-min.png\",\"width\":400,\"height\":57,\"caption\":\"Maison Essentielle\"},\"image\":{\"@id\":\"https:\\\/\\\/maisonessentielle.com\\\/#\\\/schema\\\/logo\\\/image\\\/\"},\"sameAs\":[\"https:\\\/\\\/www.facebook.com\\\/profile.php?id=61574309661771\",\"https:\\\/\\\/www.instagram.com\\\/maison_essentielle_\\\/\"]}]}<\/script>\n<!-- \/ Yoast SEO plugin. -->","yoast_head_json":{"title":"La blouse Simple en broderie de lin \/ viscose camel - cousue &#8226; Maison Essentielle","robots":{"index":"index","follow":"follow","max-snippet":"max-snippet:-1","max-image-preview":"max-image-preview:large","max-video-preview":"max-video-preview:-1"},"canonical":"https:\/\/maisonessentielle.com\/produit\/la-blouse-simple-en-broderie-de-lin-viscose-camel-cousue\/","og_locale":"fr_FR","og_type":"article","og_title":"La blouse Simple en broderie de lin \/ viscose camel - cousue &#8226; Maison Essentielle","og_description":"&nbsp;  Un basique \u00e0 porter avec toutes vos tenues, le type de haut qui remplace un tee-shirt avec plus de f\u00e9minit\u00e9 et de caract\u00e8re. La blouse Simple est \u00e0 la fois f\u00e9minine et d\u00e9contract\u00e9e avec ses manches basses et sa jolie encolure. En version sans manche, sa coupe minimaliste accompagnera toutes les tenues d'\u00e9t\u00e9.  Mati\u00e8re : tr\u00e8s belle broderie de\u00a0 lin \/ viscose camel, 25% lin\/52% viscose\/23% polyester - Lavage en machine \u00e0 30\u00b0  Choisissez votre taille\u00a0en vous r\u00e9f\u00e9rant au tableau de mensurations en bas de page. La blouse Simple taille normalement. Val\u00e9rie (1,65 m \/ 85-72-92) porte la taille S.\u00a0Confection fran\u00e7aise","og_url":"https:\/\/maisonessentielle.com\/produit\/la-blouse-simple-en-broderie-de-lin-viscose-camel-cousue\/","og_site_name":"Maison Essentielle","article_publisher":"https:\/\/www.facebook.com\/profile.php?id=61574309661771","article_modified_time":"2026-03-24T13:33:50+00:00","og_image":[{"width":1708,"height":2560,"url":"https:\/\/maisonessentielle.com\/wp-content\/uploads\/2025\/04\/blouse-simple-sans-manche-dentelle-camel-et-pantalon-cocotailleur-gabardine-de-coton-ecru-lave-12-scaled.jpg","type":"image\/jpeg"}],"twitter_card":"summary_large_image","twitter_misc":{"Dur\u00e9e de lecture estim\u00e9e":"1 minute"},"schema":{"@context":"https:\/\/schema.org","@graph":[{"@type":"WebPage","@id":"https:\/\/maisonessentielle.com\/produit\/la-blouse-simple-en-broderie-de-lin-viscose-camel-cousue\/","url":"https:\/\/maisonessentielle.com\/produit\/la-blouse-simple-en-broderie-de-lin-viscose-camel-cousue\/","name":"La blouse Simple en broderie de lin \/ viscose camel - cousue &#8226; Maison Essentielle","isPartOf":{"@id":"https:\/\/maisonessentielle.com\/#website"},"primaryImageOfPage":{"@id":"https:\/\/maisonessentielle.com\/produit\/la-blouse-simple-en-broderie-de-lin-viscose-camel-cousue\/#primaryimage"},"image":{"@id":"https:\/\/maisonessentielle.com\/produit\/la-blouse-simple-en-broderie-de-lin-viscose-camel-cousue\/#primaryimage"},"thumbnailUrl":"https:\/\/maisonessentielle.com\/wp-content\/uploads\/2025\/04\/blouse-simple-sans-manche-dentelle-camel-et-pantalon-cocotailleur-gabardine-de-coton-ecru-lave-12-scaled.jpg","datePublished":"2025-04-29T08:59:47+00:00","dateModified":"2026-03-24T13:33:50+00:00","breadcrumb":{"@id":"https:\/\/maisonessentielle.com\/produit\/la-blouse-simple-en-broderie-de-lin-viscose-camel-cousue\/#breadcrumb"},"inLanguage":"fr-FR","potentialAction":[{"@type":"ReadAction","target":["https:\/\/maisonessentielle.com\/produit\/la-blouse-simple-en-broderie-de-lin-viscose-camel-cousue\/"]}]},{"@type":"ImageObject","inLanguage":"fr-FR","@id":"https:\/\/maisonessentielle.com\/produit\/la-blouse-simple-en-broderie-de-lin-viscose-camel-cousue\/#primaryimage","url":"https:\/\/maisonessentielle.com\/wp-content\/uploads\/2025\/04\/blouse-simple-sans-manche-dentelle-camel-et-pantalon-cocotailleur-gabardine-de-coton-ecru-lave-12-scaled.jpg","contentUrl":"https:\/\/maisonessentielle.com\/wp-content\/uploads\/2025\/04\/blouse-simple-sans-manche-dentelle-camel-et-pantalon-cocotailleur-gabardine-de-coton-ecru-lave-12-scaled.jpg","width":1708,"height":2560},{"@type":"BreadcrumbList","@id":"https:\/\/maisonessentielle.com\/produit\/la-blouse-simple-en-broderie-de-lin-viscose-camel-cousue\/#breadcrumb","itemListElement":[{"@type":"ListItem","position":1,"name":"Accueil","item":"https:\/\/maisonessentielle.com\/"},{"@type":"ListItem","position":2,"name":"Produits Essentiels","item":"https:\/\/maisonessentielle.com\/shop\/"},{"@type":"ListItem","position":3,"name":"La blouse Simple en broderie de lin \/ viscose camel &#8211; cousue"}]},{"@type":"WebSite","@id":"https:\/\/maisonessentielle.com\/#website","url":"https:\/\/maisonessentielle.com\/","name":"Maison Essentielle","description":"Vestiaire essentiel \u00e0 coudre ou \u00e0 porter","publisher":{"@id":"https:\/\/maisonessentielle.com\/#organization"},"potentialAction":[{"@type":"SearchAction","target":{"@type":"EntryPoint","urlTemplate":"https:\/\/maisonessentielle.com\/?s={search_term_string}"},"query-input":{"@type":"PropertyValueSpecification","valueRequired":true,"valueName":"search_term_string"}}],"inLanguage":"fr-FR"},{"@type":"Organization","@id":"https:\/\/maisonessentielle.com\/#organization","name":"Maison Essentielle","url":"https:\/\/maisonessentielle.com\/","logo":{"@type":"ImageObject","inLanguage":"fr-FR","@id":"https:\/\/maisonessentielle.com\/#\/schema\/logo\/image\/","url":"https:\/\/maisonessentielle.com\/wp-content\/uploads\/2022\/03\/MAISON-ESSENTIELLE_LOGO_facture-min.png","contentUrl":"https:\/\/maisonessentielle.com\/wp-content\/uploads\/2022\/03\/MAISON-ESSENTIELLE_LOGO_facture-min.png","width":400,"height":57,"caption":"Maison Essentielle"},"image":{"@id":"https:\/\/maisonessentielle.com\/#\/schema\/logo\/image\/"},"sameAs":["https:\/\/www.facebook.com\/profile.php?id=61574309661771","https:\/\/www.instagram.com\/maison_essentielle_\/"]}]}},"_links":{"self":[{"href":"https:\/\/maisonessentielle.com\/wp-json\/wp\/v2\/product\/48779","targetHints":{"allow":["GET"]}}],"collection":[{"href":"https:\/\/maisonessentielle.com\/wp-json\/wp\/v2\/product"}],"about":[{"href":"https:\/\/maisonessentielle.com\/wp-json\/wp\/v2\/types\/product"}],"replies":[{"embeddable":true,"href":"https:\/\/maisonessentielle.com\/wp-json\/wp\/v2\/comments?post=48779"}],"version-history":[{"count":7,"href":"https:\/\/maisonessentielle.com\/wp-json\/wp\/v2\/product\/48779\/revisions"}],"predecessor-version":[{"id":55603,"href":"https:\/\/maisonessentielle.com\/wp-json\/wp\/v2\/product\/48779\/revisions\/55603"}],"wp:featuredmedia":[{"embeddable":true,"href":"https:\/\/maisonessentielle.com\/wp-json\/wp\/v2\/media\/48428"}],"wp:attachment":[{"href":"https:\/\/maisonessentielle.com\/wp-json\/wp\/v2\/media?parent=48779"}],"wp:term":[{"taxonomy":"product_brand","embeddable":true,"href":"https:\/\/maisonessentielle.com\/wp-json\/wp\/v2\/product_brand?post=48779"},{"taxonomy":"product_cat","embeddable":true,"href":"https:\/\/maisonessentielle.com\/wp-json\/wp\/v2\/product_cat?post=48779"},{"taxonomy":"product_tag","embeddable":true,"href":"https:\/\/maisonessentielle.com\/wp-json\/wp\/v2\/product_tag?post=48779"}],"curies":[{"name":"wp","href":"https:\/\/api.w.org\/{rel}","templated":true}]}}