{"id":42775,"date":"2025-02-04T09:00:30","date_gmt":"2025-02-04T08:00:30","guid":{"rendered":"https:\/\/maisonessentielle.com\/?post_type=product&#038;p=42775"},"modified":"2026-04-30T21:37:20","modified_gmt":"2026-04-30T19:37:20","slug":"patron-le-wide","status":"publish","type":"product","link":"https:\/\/maisonessentielle.com\/produit\/patron-le-wide\/","title":{"rendered":"Patron le WIDE"},"content":{"rendered":"<h2>Choisissez votre taille et consultez le m\u00e9trage tissu n\u00e9cessaire en vous r\u00e9f\u00e9rant \u00e0 ce tableau ci-dessous (mesure en cm) :<\/h2>\n<p>&nbsp;<\/p>\n<table>\n<tbody>\n<tr>\n<td><b>Taille<\/b><\/td>\n<td><b>XS<\/b><\/td>\n<td><b>S<\/b><\/td>\n<td><b>M<\/b><\/td>\n<td><b>L<\/b><\/td>\n<td><b>XL<\/b><\/td>\n<\/tr>\n<tr>\n<td><b>Tour de poitrine<\/b><\/td>\n<td>82<\/td>\n<td>86<\/td>\n<td>94<\/td>\n<td>102<\/td>\n<td>110<\/td>\n<\/tr>\n<tr>\n<td><b>Tour de taille<\/b><\/td>\n<td>68<\/td>\n<td>72<\/td>\n<td>80<\/td>\n<td>88<\/td>\n<td>96<\/td>\n<\/tr>\n<tr>\n<td><b>Tour de hanche<\/b><\/td>\n<td>88<\/td>\n<td>92<\/td>\n<td>100<\/td>\n<td>108<\/td>\n<td>116<\/td>\n<\/tr>\n<tr>\n<td><b>Version cheville &#8211; Tissu L140 cm<\/b><\/p>\n<p><b>avec sens<\/b><\/td>\n<td>179<\/td>\n<td>185<\/td>\n<td>210<\/td>\n<td>212<\/td>\n<td>215<\/td>\n<\/tr>\n<tr>\n<td><b>Version long &#8211;\u00a0 Tissu L140\u00a0\u00a0<\/b><\/p>\n<p><b>avec sens<\/b><\/td>\n<td>192<\/td>\n<td>195,5<\/td>\n<td>228<\/td>\n<td>230<\/td>\n<td>233<\/td>\n<\/tr>\n<tr>\n<td><b>Dimension \u00e9lastique :\u00a0<\/b><\/p>\n<p><b>\u00e0 couper \/ fini <\/b><i>(\u00e0 titre indicatif)<\/i><\/td>\n<td>64\/62<\/td>\n<td>68\/66<\/td>\n<td>76\/74<\/td>\n<td>84\/82<\/td>\n<td>92\/90<\/td>\n<\/tr>\n<\/tbody>\n<\/table>\n<p style=\"text-align: center;\"><strong style=\"font-size: 16px; text-align: center;\">Partagez-nous votre r\u00e9alisation sur les r\u00e9seaux sociaux #lewide @maison_essentielle_<\/strong><\/p>\n","protected":false},"excerpt":{"rendered":"<h2><\/h2>\n<h2><b>Le Wide, un pantalon ultra large inspir\u00e9 de la jupe culotte<\/b><\/h2>\n<p><b><strong>Le Wide est un patron de couture niveau d\u00e9butant pour coudre un pantalon inspir\u00e9 de la jupe culotte associ\u00e9 \u00e0 la modernit\u00e9 d&rsquo;un pantalon ultra large et fluide.<\/strong> Sa coupe tr\u00e8s f\u00e9minine dans des tissus fluides et l\u00e9gers sublime la silhouette en toutes occasions.<\/b><\/p>\n<p><span style=\"font-weight: 400;\">C\u2019est un mod\u00e8le tr\u00e8s facile \u00e0 coudre, accessible aux d\u00e9butants, avec une ceinture int\u00e9gr\u00e9e et uniquement 3 pi\u00e8ces \u00e0 couper. Le patron pr\u00e9voit, 2 hauteurs de jambes (cheville ou long). Il est important de choisir une mati\u00e8re fluide qui lui donnera un tomb\u00e9 adapt\u00e9 \u00e0 sa coupe.<\/span><\/p>\n<h2>Caract\u00e9ristiques de notre patron le Wide<\/h2>\n<p><strong>Patron papier valeurs de couture incluses : <\/strong>patron A0 \u00e0 taille r\u00e9elle du XS au XL + <strong>guide de montage<\/strong><\/p>\n<p><strong>Niveau de couture d\u00e9butant<\/strong><\/p>\n<p><strong>Temps de r\u00e9alisation<\/strong> : 1h<\/p>\n<p><strong>Tissus conseill\u00e9s : <span style=\"font-weight: 400;\">mati\u00e8res fluides comme le twill viscose, la gaze de coton, le voile de coton, la soie.<\/span><\/strong><span style=\"font-weight: 400;\">\u00a0<\/span>D\u00e9couvrez <strong>les tissus et les accessoires de mercerie<\/strong> pour coudre le Wide dans la cat\u00e9gorie<a href=\"https:\/\/maisonessentielle.com\/index.php\/categorie-produit\/vestiaire-a-coudre\/kit-de-couture-adulte\/\"> <b>KITS DE COUTURE<\/b><\/a><\/p>\n<p><strong>Conseil taille : <\/strong>Le Wide taille normalement, <span style=\"font-size: 16px;\">Val\u00e9rie (1,65m \/ 86-72-90) et Louise (1,66m \/94-80-94) portent la taille S. <b><a href=\"https:\/\/maisonessentielle.com\/index.php\/guide-des-tailles\/\">Aidez-vous de notre guide des tailles pour faire le bon choix de taille<\/a>.<\/b><\/span><\/p>\n<h2>Coudre facilement le wide <a href=\"https:\/\/maisonessentielle.com\/index.php\/accueil\/videos-de-montage\/\">avec notre tuto couture et vid\u00e9o de montage<\/a><\/h2>\n<p>&nbsp;<\/p>\n<p><iframe title=\"YouTube video player\" src=\"https:\/\/www.youtube.com\/embed\/xHcroJnkhZA?si=nYvXK9PLFBW8Ciz6\" width=\"560\" height=\"315\" frameborder=\"0\" allowfullscreen=\"allowfullscreen\"><\/iframe><\/p>\n","protected":false},"featured_media":57311,"comment_status":"open","ping_status":"closed","template":"","meta":{"_acf_changed":false,"site-sidebar-layout":"default","site-content-layout":"default","ast-site-content-layout":"default","site-content-style":"default","site-sidebar-style":"default","ast-global-header-display":"","ast-banner-title-visibility":"","ast-main-header-display":"","ast-hfb-above-header-display":"","ast-hfb-below-header-display":"","ast-hfb-mobile-header-display":"","site-post-title":"","ast-breadcrumbs-content":"","ast-featured-img":"","footer-sml-layout":"","ast-disable-related-posts":"","theme-transparent-header-meta":"default","adv-header-id-meta":"","stick-header-meta":"default","header-above-stick-meta":"","header-main-stick-meta":"","header-below-stick-meta":"","astra-migrate-meta-layouts":"set","ast-page-background-enabled":"default","ast-page-background-meta":{"desktop":{"background-color":"","background-image":"","background-repeat":"repeat","background-position":"center center","background-size":"auto","background-attachment":"scroll","background-type":"","background-media":"","overlay-type":"","overlay-color":"","overlay-opacity":"","overlay-gradient":""},"tablet":{"background-color":"","background-image":"","background-repeat":"repeat","background-position":"center center","background-size":"auto","background-attachment":"scroll","background-type":"","background-media":"","overlay-type":"","overlay-color":"","overlay-opacity":"","overlay-gradient":""},"mobile":{"background-color":"","background-image":"","background-repeat":"repeat","background-position":"center center","background-size":"auto","background-attachment":"scroll","background-type":"","background-media":"","overlay-type":"","overlay-color":"","overlay-opacity":"","overlay-gradient":""}},"ast-content-background-meta":{"desktop":{"background-color":"var(--ast-global-color-5)","background-image":"","background-repeat":"repeat","background-position":"center center","background-size":"auto","background-attachment":"scroll","background-type":"","background-media":"","overlay-type":"","overlay-color":"","overlay-opacity":"","overlay-gradient":""},"tablet":{"background-color":"var(--ast-global-color-5)","background-image":"","background-repeat":"repeat","background-position":"center center","background-size":"auto","background-attachment":"scroll","background-type":"","background-media":"","overlay-type":"","overlay-color":"","overlay-opacity":"","overlay-gradient":""},"mobile":{"background-color":"var(--ast-global-color-5)","background-image":"","background-repeat":"repeat","background-position":"center center","background-size":"auto","background-attachment":"scroll","background-type":"","background-media":"","overlay-type":"","overlay-color":"","overlay-opacity":"","overlay-gradient":""}}},"product_brand":[],"product_cat":[197,214],"product_tag":[],"class_list":{"0":"post-42775","1":"product","2":"type-product","3":"status-publish","4":"has-post-thumbnail","6":"product_cat-patrons-couture-pochette","7":"product_cat-vestiaire-a-coudre","8":"desktop-align-center","9":"tablet-align-center","10":"mobile-align-center","11":"ast-product-gallery-layout-horizontal","12":"ast-magnify-disabled","13":"ast-product-tabs-layout-horizontal","15":"first","16":"instock","17":"taxable","18":"shipping-taxable","19":"purchasable","20":"product-type-simple"},"acf":[],"yoast_head":"<!-- This site is optimized with the Yoast SEO plugin v27.3 - https:\/\/yoast.com\/product\/yoast-seo-wordpress\/ -->\n<title>Un pantalon tr\u00e8s large et fluide, facile \u00e0 coudre<\/title>\n<meta name=\"description\" content=\"Le Wide est un patron de pantalon tr\u00e8s large et fluide, \u00e0 la taille \u00e9lastiqu\u00e9e, facile \u00e0 coudre, \u00e0 r\u00e9aliser avec des tissus l\u00e9gers pour un joli tomb\u00e9.\" \/>\n<meta name=\"robots\" content=\"index, follow, max-snippet:-1, max-image-preview:large, max-video-preview:-1\" \/>\n<link rel=\"canonical\" href=\"https:\/\/maisonessentielle.com\/produit\/patron-le-wide\/\" \/>\n<meta property=\"og:locale\" content=\"fr_FR\" \/>\n<meta property=\"og:type\" content=\"article\" \/>\n<meta property=\"og:title\" content=\"Un pantalon tr\u00e8s large et fluide, facile \u00e0 coudre\" \/>\n<meta property=\"og:description\" content=\"Le Wide est un patron de pantalon tr\u00e8s large et fluide, \u00e0 la taille \u00e9lastiqu\u00e9e, facile \u00e0 coudre, \u00e0 r\u00e9aliser avec des tissus l\u00e9gers pour un joli tomb\u00e9.\" \/>\n<meta property=\"og:url\" content=\"https:\/\/maisonessentielle.com\/produit\/patron-le-wide\/\" \/>\n<meta property=\"og:site_name\" content=\"Maison Essentielle\" \/>\n<meta property=\"article:publisher\" content=\"https:\/\/www.facebook.com\/profile.php?id=61574309661771\" \/>\n<meta property=\"article:modified_time\" content=\"2026-04-30T19:37:20+00:00\" \/>\n<meta property=\"og:image\" content=\"https:\/\/maisonessentielle.com\/wp-content\/uploads\/2025\/12\/WIDE-V2-min.jpg\" \/>\n\t<meta property=\"og:image:width\" content=\"1920\" \/>\n\t<meta property=\"og:image:height\" content=\"2560\" \/>\n\t<meta property=\"og:image:type\" content=\"image\/jpeg\" \/>\n<meta name=\"twitter:card\" content=\"summary_large_image\" \/>\n<meta name=\"twitter:label1\" content=\"Dur\u00e9e de lecture estim\u00e9e\" \/>\n\t<meta name=\"twitter:data1\" content=\"1 minute\" \/>\n<script type=\"application\/ld+json\" class=\"yoast-schema-graph\">{\"@context\":\"https:\\\/\\\/schema.org\",\"@graph\":[{\"@type\":\"WebPage\",\"@id\":\"https:\\\/\\\/maisonessentielle.com\\\/produit\\\/patron-le-wide\\\/\",\"url\":\"https:\\\/\\\/maisonessentielle.com\\\/produit\\\/patron-le-wide\\\/\",\"name\":\"Un pantalon tr\u00e8s large et fluide, facile \u00e0 coudre\",\"isPartOf\":{\"@id\":\"https:\\\/\\\/maisonessentielle.com\\\/#website\"},\"primaryImageOfPage\":{\"@id\":\"https:\\\/\\\/maisonessentielle.com\\\/produit\\\/patron-le-wide\\\/#primaryimage\"},\"image\":{\"@id\":\"https:\\\/\\\/maisonessentielle.com\\\/produit\\\/patron-le-wide\\\/#primaryimage\"},\"thumbnailUrl\":\"https:\\\/\\\/maisonessentielle.com\\\/wp-content\\\/uploads\\\/2025\\\/12\\\/WIDE-V2-min.jpg\",\"datePublished\":\"2025-02-04T08:00:30+00:00\",\"dateModified\":\"2026-04-30T19:37:20+00:00\",\"description\":\"Le Wide est un patron de pantalon tr\u00e8s large et fluide, \u00e0 la taille \u00e9lastiqu\u00e9e, facile \u00e0 coudre, \u00e0 r\u00e9aliser avec des tissus l\u00e9gers pour un joli tomb\u00e9.\",\"breadcrumb\":{\"@id\":\"https:\\\/\\\/maisonessentielle.com\\\/produit\\\/patron-le-wide\\\/#breadcrumb\"},\"inLanguage\":\"fr-FR\",\"potentialAction\":[{\"@type\":\"ReadAction\",\"target\":[\"https:\\\/\\\/maisonessentielle.com\\\/produit\\\/patron-le-wide\\\/\"]}]},{\"@type\":\"ImageObject\",\"inLanguage\":\"fr-FR\",\"@id\":\"https:\\\/\\\/maisonessentielle.com\\\/produit\\\/patron-le-wide\\\/#primaryimage\",\"url\":\"https:\\\/\\\/maisonessentielle.com\\\/wp-content\\\/uploads\\\/2025\\\/12\\\/WIDE-V2-min.jpg\",\"contentUrl\":\"https:\\\/\\\/maisonessentielle.com\\\/wp-content\\\/uploads\\\/2025\\\/12\\\/WIDE-V2-min.jpg\",\"width\":1920,\"height\":2560},{\"@type\":\"BreadcrumbList\",\"@id\":\"https:\\\/\\\/maisonessentielle.com\\\/produit\\\/patron-le-wide\\\/#breadcrumb\",\"itemListElement\":[{\"@type\":\"ListItem\",\"position\":1,\"name\":\"Accueil\",\"item\":\"https:\\\/\\\/maisonessentielle.com\\\/\"},{\"@type\":\"ListItem\",\"position\":2,\"name\":\"Produits Essentiels\",\"item\":\"https:\\\/\\\/maisonessentielle.com\\\/shop\\\/\"},{\"@type\":\"ListItem\",\"position\":3,\"name\":\"Patron le WIDE\"}]},{\"@type\":\"WebSite\",\"@id\":\"https:\\\/\\\/maisonessentielle.com\\\/#website\",\"url\":\"https:\\\/\\\/maisonessentielle.com\\\/\",\"name\":\"Maison Essentielle\",\"description\":\"Vestiaire essentiel \u00e0 coudre ou \u00e0 porter\",\"publisher\":{\"@id\":\"https:\\\/\\\/maisonessentielle.com\\\/#organization\"},\"potentialAction\":[{\"@type\":\"SearchAction\",\"target\":{\"@type\":\"EntryPoint\",\"urlTemplate\":\"https:\\\/\\\/maisonessentielle.com\\\/?s={search_term_string}\"},\"query-input\":{\"@type\":\"PropertyValueSpecification\",\"valueRequired\":true,\"valueName\":\"search_term_string\"}}],\"inLanguage\":\"fr-FR\"},{\"@type\":\"Organization\",\"@id\":\"https:\\\/\\\/maisonessentielle.com\\\/#organization\",\"name\":\"Maison Essentielle\",\"url\":\"https:\\\/\\\/maisonessentielle.com\\\/\",\"logo\":{\"@type\":\"ImageObject\",\"inLanguage\":\"fr-FR\",\"@id\":\"https:\\\/\\\/maisonessentielle.com\\\/#\\\/schema\\\/logo\\\/image\\\/\",\"url\":\"https:\\\/\\\/maisonessentielle.com\\\/wp-content\\\/uploads\\\/2022\\\/03\\\/MAISON-ESSENTIELLE_LOGO_facture-min.png\",\"contentUrl\":\"https:\\\/\\\/maisonessentielle.com\\\/wp-content\\\/uploads\\\/2022\\\/03\\\/MAISON-ESSENTIELLE_LOGO_facture-min.png\",\"width\":400,\"height\":57,\"caption\":\"Maison Essentielle\"},\"image\":{\"@id\":\"https:\\\/\\\/maisonessentielle.com\\\/#\\\/schema\\\/logo\\\/image\\\/\"},\"sameAs\":[\"https:\\\/\\\/www.facebook.com\\\/profile.php?id=61574309661771\",\"https:\\\/\\\/www.instagram.com\\\/maison_essentielle_\\\/\"]}]}<\/script>\n<!-- \/ Yoast SEO plugin. -->","yoast_head_json":{"title":"Un pantalon tr\u00e8s large et fluide, facile \u00e0 coudre","description":"Le Wide est un patron de pantalon tr\u00e8s large et fluide, \u00e0 la taille \u00e9lastiqu\u00e9e, facile \u00e0 coudre, \u00e0 r\u00e9aliser avec des tissus l\u00e9gers pour un joli tomb\u00e9.","robots":{"index":"index","follow":"follow","max-snippet":"max-snippet:-1","max-image-preview":"max-image-preview:large","max-video-preview":"max-video-preview:-1"},"canonical":"https:\/\/maisonessentielle.com\/produit\/patron-le-wide\/","og_locale":"fr_FR","og_type":"article","og_title":"Un pantalon tr\u00e8s large et fluide, facile \u00e0 coudre","og_description":"Le Wide est un patron de pantalon tr\u00e8s large et fluide, \u00e0 la taille \u00e9lastiqu\u00e9e, facile \u00e0 coudre, \u00e0 r\u00e9aliser avec des tissus l\u00e9gers pour un joli tomb\u00e9.","og_url":"https:\/\/maisonessentielle.com\/produit\/patron-le-wide\/","og_site_name":"Maison Essentielle","article_publisher":"https:\/\/www.facebook.com\/profile.php?id=61574309661771","article_modified_time":"2026-04-30T19:37:20+00:00","og_image":[{"width":1920,"height":2560,"url":"https:\/\/maisonessentielle.com\/wp-content\/uploads\/2025\/12\/WIDE-V2-min.jpg","type":"image\/jpeg"}],"twitter_card":"summary_large_image","twitter_misc":{"Dur\u00e9e de lecture estim\u00e9e":"1 minute"},"schema":{"@context":"https:\/\/schema.org","@graph":[{"@type":"WebPage","@id":"https:\/\/maisonessentielle.com\/produit\/patron-le-wide\/","url":"https:\/\/maisonessentielle.com\/produit\/patron-le-wide\/","name":"Un pantalon tr\u00e8s large et fluide, facile \u00e0 coudre","isPartOf":{"@id":"https:\/\/maisonessentielle.com\/#website"},"primaryImageOfPage":{"@id":"https:\/\/maisonessentielle.com\/produit\/patron-le-wide\/#primaryimage"},"image":{"@id":"https:\/\/maisonessentielle.com\/produit\/patron-le-wide\/#primaryimage"},"thumbnailUrl":"https:\/\/maisonessentielle.com\/wp-content\/uploads\/2025\/12\/WIDE-V2-min.jpg","datePublished":"2025-02-04T08:00:30+00:00","dateModified":"2026-04-30T19:37:20+00:00","description":"Le Wide est un patron de pantalon tr\u00e8s large et fluide, \u00e0 la taille \u00e9lastiqu\u00e9e, facile \u00e0 coudre, \u00e0 r\u00e9aliser avec des tissus l\u00e9gers pour un joli tomb\u00e9.","breadcrumb":{"@id":"https:\/\/maisonessentielle.com\/produit\/patron-le-wide\/#breadcrumb"},"inLanguage":"fr-FR","potentialAction":[{"@type":"ReadAction","target":["https:\/\/maisonessentielle.com\/produit\/patron-le-wide\/"]}]},{"@type":"ImageObject","inLanguage":"fr-FR","@id":"https:\/\/maisonessentielle.com\/produit\/patron-le-wide\/#primaryimage","url":"https:\/\/maisonessentielle.com\/wp-content\/uploads\/2025\/12\/WIDE-V2-min.jpg","contentUrl":"https:\/\/maisonessentielle.com\/wp-content\/uploads\/2025\/12\/WIDE-V2-min.jpg","width":1920,"height":2560},{"@type":"BreadcrumbList","@id":"https:\/\/maisonessentielle.com\/produit\/patron-le-wide\/#breadcrumb","itemListElement":[{"@type":"ListItem","position":1,"name":"Accueil","item":"https:\/\/maisonessentielle.com\/"},{"@type":"ListItem","position":2,"name":"Produits Essentiels","item":"https:\/\/maisonessentielle.com\/shop\/"},{"@type":"ListItem","position":3,"name":"Patron le WIDE"}]},{"@type":"WebSite","@id":"https:\/\/maisonessentielle.com\/#website","url":"https:\/\/maisonessentielle.com\/","name":"Maison Essentielle","description":"Vestiaire essentiel \u00e0 coudre ou \u00e0 porter","publisher":{"@id":"https:\/\/maisonessentielle.com\/#organization"},"potentialAction":[{"@type":"SearchAction","target":{"@type":"EntryPoint","urlTemplate":"https:\/\/maisonessentielle.com\/?s={search_term_string}"},"query-input":{"@type":"PropertyValueSpecification","valueRequired":true,"valueName":"search_term_string"}}],"inLanguage":"fr-FR"},{"@type":"Organization","@id":"https:\/\/maisonessentielle.com\/#organization","name":"Maison Essentielle","url":"https:\/\/maisonessentielle.com\/","logo":{"@type":"ImageObject","inLanguage":"fr-FR","@id":"https:\/\/maisonessentielle.com\/#\/schema\/logo\/image\/","url":"https:\/\/maisonessentielle.com\/wp-content\/uploads\/2022\/03\/MAISON-ESSENTIELLE_LOGO_facture-min.png","contentUrl":"https:\/\/maisonessentielle.com\/wp-content\/uploads\/2022\/03\/MAISON-ESSENTIELLE_LOGO_facture-min.png","width":400,"height":57,"caption":"Maison Essentielle"},"image":{"@id":"https:\/\/maisonessentielle.com\/#\/schema\/logo\/image\/"},"sameAs":["https:\/\/www.facebook.com\/profile.php?id=61574309661771","https:\/\/www.instagram.com\/maison_essentielle_\/"]}]}},"_links":{"self":[{"href":"https:\/\/maisonessentielle.com\/wp-json\/wp\/v2\/product\/42775","targetHints":{"allow":["GET"]}}],"collection":[{"href":"https:\/\/maisonessentielle.com\/wp-json\/wp\/v2\/product"}],"about":[{"href":"https:\/\/maisonessentielle.com\/wp-json\/wp\/v2\/types\/product"}],"replies":[{"embeddable":true,"href":"https:\/\/maisonessentielle.com\/wp-json\/wp\/v2\/comments?post=42775"}],"version-history":[{"count":14,"href":"https:\/\/maisonessentielle.com\/wp-json\/wp\/v2\/product\/42775\/revisions"}],"predecessor-version":[{"id":51349,"href":"https:\/\/maisonessentielle.com\/wp-json\/wp\/v2\/product\/42775\/revisions\/51349"}],"wp:featuredmedia":[{"embeddable":true,"href":"https:\/\/maisonessentielle.com\/wp-json\/wp\/v2\/media\/57311"}],"wp:attachment":[{"href":"https:\/\/maisonessentielle.com\/wp-json\/wp\/v2\/media?parent=42775"}],"wp:term":[{"taxonomy":"product_brand","embeddable":true,"href":"https:\/\/maisonessentielle.com\/wp-json\/wp\/v2\/product_brand?post=42775"},{"taxonomy":"product_cat","embeddable":true,"href":"https:\/\/maisonessentielle.com\/wp-json\/wp\/v2\/product_cat?post=42775"},{"taxonomy":"product_tag","embeddable":true,"href":"https:\/\/maisonessentielle.com\/wp-json\/wp\/v2\/product_tag?post=42775"}],"curies":[{"name":"wp","href":"https:\/\/api.w.org\/{rel}","templated":true}]}}