{"id":42438,"date":"2025-03-03T09:00:50","date_gmt":"2025-03-03T08:00:50","guid":{"rendered":"https:\/\/maisonessentielle.com\/?post_type=product&#038;p=42438"},"modified":"2026-04-03T14:34:07","modified_gmt":"2026-04-03T12:34:07","slug":"le-wide-en-twill-viscose-lin-noir-chine-cousu","status":"publish","type":"product","link":"https:\/\/maisonessentielle.com\/produit\/le-wide-en-twill-viscose-lin-noir-chine-cousu\/","title":{"rendered":"Le Wide en twill viscose\/lin noir chin\u00e9 &#8211; cousu"},"content":{"rendered":"<p><strong>Choisissez votre taille en vous r\u00e9f\u00e9rant \u00e0 ce tableau de mensuration (mesure en cm \u2013 stature 1,65m)<\/strong><\/p>\n<table>\n<tbody>\n<tr>\n<td><b>Taille<\/b><\/td>\n<td><b>34<\/b><\/td>\n<td><b>36<\/b><\/td>\n<td><b>38<\/b><\/td>\n<td><b>40<\/b><\/td>\n<td><b>42<\/b><\/td>\n<td><b>44<\/b><\/td>\n<td><b>46<\/b><\/td>\n<td><b>48<\/b><\/td>\n<\/tr>\n<tr>\n<td><b>Tour de poitrine<\/b><\/td>\n<td><span style=\"font-weight: 400;\">82<\/span><\/td>\n<td><span style=\"font-weight: 400;\">86<\/span><\/td>\n<td><b>90<\/b><\/td>\n<td><span style=\"font-weight: 400;\">94<\/span><\/td>\n<td><b>98<\/b><\/td>\n<td><span style=\"font-weight: 400;\">102<\/span><\/td>\n<td><b>106<\/b><\/td>\n<td><b>110<\/b><\/td>\n<\/tr>\n<tr>\n<td><b>Tour de taille<\/b><\/td>\n<td><span style=\"font-weight: 400;\">68<\/span><\/td>\n<td><span style=\"font-weight: 400;\">72<\/span><\/td>\n<td><b>76<\/b><\/td>\n<td><span style=\"font-weight: 400;\">80<\/span><\/td>\n<td><b>84<\/b><\/td>\n<td><span style=\"font-weight: 400;\">88<\/span><\/td>\n<td><b>92<\/b><\/td>\n<td><b>96<\/b><\/td>\n<\/tr>\n<tr>\n<td><b>Tour de hanche<\/b><\/td>\n<td><span style=\"font-weight: 400;\">88<\/span><\/td>\n<td><span style=\"font-weight: 400;\">92<\/span><\/td>\n<td><b>96<\/b><\/td>\n<td><span style=\"font-weight: 400;\">100<\/span><\/td>\n<td><b>104<\/b><\/td>\n<td><span style=\"font-weight: 400;\">108<\/span><\/td>\n<td><b>112<\/b><\/td>\n<td><b>116<\/b><\/td>\n<\/tr>\n<\/tbody>\n<\/table>\n<p style=\"text-align: center;\"><strong>Partagez nous votre look sur les r\u00e9seaux sociaux #lewide @maison_essentielle_<\/strong><\/p>\n","protected":false},"excerpt":{"rendered":"<p><b>Nouveaut\u00e9 2025, le Wide est un pantalon tr\u00e8s large &amp; fluide, inspir\u00e9 de la jupe culotte, <\/b><b>qui sublime la silhouette<\/b><b>. <\/b><b>C\u2019est un mod\u00e8le facile \u00e0 porter en toutes occasions et saisons. <\/b><b> <\/b><\/p>\n<p><strong>R\u00e9alis\u00e9 dans un tr\u00e8s beau twill viscose\/lin chin\u00e9 qui lui apporte ce c\u00f4t\u00e9 a\u00e9rien et l\u00e9ger, le Wide est disponible en deux tailles : S\/M et L\/XL. Le mod\u00e8le taille TRES GRAND<\/strong><\/p>\n<p><strong>Mati\u00e8re :<\/strong> twill viscose\/lin noir chin\u00e9 74% viscose \/ 26% lin &#8211; <strong>Poids<\/strong> : 180gr\/m\u00b2 &#8211; <strong>Lavage<\/strong> en machine \u00e0 30\u00b0<\/p>\n<p><strong>Confection fran\u00e7aise &#8211;\u00a0<\/strong><strong>Conseil taille :<\/strong> choisissez votre taille\u00a0en vous r\u00e9f\u00e9rant au tableau de mensurations en bas de page.\u00a0<em>Val\u00e9rie (1,65m \/ 86-72-90)<\/em> et <em>Louise (1,66m \/94-80-94)\u00a0<\/em>portent la taille S\/M.<\/p>\n","protected":false},"featured_media":42943,"comment_status":"open","ping_status":"closed","template":"","meta":{"_acf_changed":false,"site-sidebar-layout":"default","site-content-layout":"default","ast-site-content-layout":"default","site-content-style":"default","site-sidebar-style":"default","ast-global-header-display":"","ast-banner-title-visibility":"","ast-main-header-display":"","ast-hfb-above-header-display":"","ast-hfb-below-header-display":"","ast-hfb-mobile-header-display":"","site-post-title":"","ast-breadcrumbs-content":"","ast-featured-img":"","footer-sml-layout":"","ast-disable-related-posts":"","theme-transparent-header-meta":"default","adv-header-id-meta":"","stick-header-meta":"default","header-above-stick-meta":"","header-main-stick-meta":"","header-below-stick-meta":"","astra-migrate-meta-layouts":"set","ast-page-background-enabled":"default","ast-page-background-meta":{"desktop":{"background-color":"","background-image":"","background-repeat":"repeat","background-position":"center center","background-size":"auto","background-attachment":"scroll","background-type":"","background-media":"","overlay-type":"","overlay-color":"","overlay-opacity":"","overlay-gradient":""},"tablet":{"background-color":"","background-image":"","background-repeat":"repeat","background-position":"center center","background-size":"auto","background-attachment":"scroll","background-type":"","background-media":"","overlay-type":"","overlay-color":"","overlay-opacity":"","overlay-gradient":""},"mobile":{"background-color":"","background-image":"","background-repeat":"repeat","background-position":"center center","background-size":"auto","background-attachment":"scroll","background-type":"","background-media":"","overlay-type":"","overlay-color":"","overlay-opacity":"","overlay-gradient":""}},"ast-content-background-meta":{"desktop":{"background-color":"var(--ast-global-color-5)","background-image":"","background-repeat":"repeat","background-position":"center center","background-size":"auto","background-attachment":"scroll","background-type":"","background-media":"","overlay-type":"","overlay-color":"","overlay-opacity":"","overlay-gradient":""},"tablet":{"background-color":"var(--ast-global-color-5)","background-image":"","background-repeat":"repeat","background-position":"center center","background-size":"auto","background-attachment":"scroll","background-type":"","background-media":"","overlay-type":"","overlay-color":"","overlay-opacity":"","overlay-gradient":""},"mobile":{"background-color":"var(--ast-global-color-5)","background-image":"","background-repeat":"repeat","background-position":"center center","background-size":"auto","background-attachment":"scroll","background-type":"","background-media":"","overlay-type":"","overlay-color":"","overlay-opacity":"","overlay-gradient":""}}},"product_brand":[],"product_cat":[418,391,215],"product_tag":[],"class_list":{"0":"post-42438","1":"product","2":"type-product","3":"status-publish","4":"has-post-thumbnail","6":"product_cat-last-chance","7":"product_cat-les-bas","8":"product_cat-vestiaire-cousu-en-france","9":"desktop-align-center","10":"tablet-align-center","11":"mobile-align-center","12":"ast-product-gallery-layout-horizontal","13":"ast-magnify-disabled","14":"ast-product-single-variable","15":"ast-product-tabs-layout-horizontal","17":"first","18":"outofstock","19":"sale","20":"taxable","21":"shipping-taxable","22":"purchasable","23":"product-type-variable"},"acf":[],"yoast_head":"<!-- This site is optimized with the Yoast SEO plugin v27.3 - https:\/\/yoast.com\/product\/yoast-seo-wordpress\/ -->\n<title>Le Wide en twill viscose\/lin noir chin\u00e9 - cousu &#8226; Maison Essentielle<\/title>\n<meta name=\"robots\" content=\"index, follow, max-snippet:-1, max-image-preview:large, max-video-preview:-1\" \/>\n<link rel=\"canonical\" href=\"https:\/\/maisonessentielle.com\/produit\/le-wide-en-twill-viscose-lin-noir-chine-cousu\/\" \/>\n<meta property=\"og:locale\" content=\"fr_FR\" \/>\n<meta property=\"og:type\" content=\"article\" \/>\n<meta property=\"og:title\" content=\"Le Wide en twill viscose\/lin noir chin\u00e9 - cousu &#8226; Maison Essentielle\" \/>\n<meta property=\"og:description\" content=\"Nouveaut\u00e9 2025, le Wide est un pantalon tr\u00e8s large &amp; fluide, inspir\u00e9 de la jupe culotte, qui sublime la silhouette. C\u2019est un mod\u00e8le facile \u00e0 porter en toutes occasions et saisons.   R\u00e9alis\u00e9 dans un tr\u00e8s beau twill viscose\/lin chin\u00e9 qui lui apporte ce c\u00f4t\u00e9 a\u00e9rien et l\u00e9ger, le Wide est disponible en deux tailles : S\/M et L\/XL. Le mod\u00e8le taille TRES GRAND  Mati\u00e8re : twill viscose\/lin noir chin\u00e9 74% viscose \/ 26% lin - Poids : 180gr\/m\u00b2 - Lavage en machine \u00e0 30\u00b0  Confection fran\u00e7aise -\u00a0Conseil taille : choisissez votre taille\u00a0en vous r\u00e9f\u00e9rant au tableau de mensurations en bas de page.\u00a0Val\u00e9rie (1,65m \/ 86-72-90) et Louise (1,66m \/94-80-94)\u00a0portent la taille S\/M.\" \/>\n<meta property=\"og:url\" content=\"https:\/\/maisonessentielle.com\/produit\/le-wide-en-twill-viscose-lin-noir-chine-cousu\/\" \/>\n<meta property=\"og:site_name\" content=\"Maison Essentielle\" \/>\n<meta property=\"article:publisher\" content=\"https:\/\/www.facebook.com\/profile.php?id=61574309661771\" \/>\n<meta property=\"article:modified_time\" content=\"2026-04-03T12:34:07+00:00\" \/>\n<meta property=\"og:image\" content=\"https:\/\/maisonessentielle.com\/wp-content\/uploads\/2025\/01\/tshirt-parfait-tricot-ecru-et-pantalon-wide-twill-viscose-noir-chine-13-scaled.jpg\" \/>\n\t<meta property=\"og:image:width\" content=\"1708\" \/>\n\t<meta property=\"og:image:height\" content=\"2560\" \/>\n\t<meta property=\"og:image:type\" content=\"image\/jpeg\" \/>\n<meta name=\"twitter:card\" content=\"summary_large_image\" \/>\n<meta name=\"twitter:label1\" content=\"Dur\u00e9e de lecture estim\u00e9e\" \/>\n\t<meta name=\"twitter:data1\" content=\"1 minute\" \/>\n<script type=\"application\/ld+json\" class=\"yoast-schema-graph\">{\"@context\":\"https:\\\/\\\/schema.org\",\"@graph\":[{\"@type\":\"WebPage\",\"@id\":\"https:\\\/\\\/maisonessentielle.com\\\/produit\\\/le-wide-en-twill-viscose-lin-noir-chine-cousu\\\/\",\"url\":\"https:\\\/\\\/maisonessentielle.com\\\/produit\\\/le-wide-en-twill-viscose-lin-noir-chine-cousu\\\/\",\"name\":\"Le Wide en twill viscose\\\/lin noir chin\u00e9 - cousu &#8226; Maison Essentielle\",\"isPartOf\":{\"@id\":\"https:\\\/\\\/maisonessentielle.com\\\/#website\"},\"primaryImageOfPage\":{\"@id\":\"https:\\\/\\\/maisonessentielle.com\\\/produit\\\/le-wide-en-twill-viscose-lin-noir-chine-cousu\\\/#primaryimage\"},\"image\":{\"@id\":\"https:\\\/\\\/maisonessentielle.com\\\/produit\\\/le-wide-en-twill-viscose-lin-noir-chine-cousu\\\/#primaryimage\"},\"thumbnailUrl\":\"https:\\\/\\\/maisonessentielle.com\\\/wp-content\\\/uploads\\\/2025\\\/01\\\/tshirt-parfait-tricot-ecru-et-pantalon-wide-twill-viscose-noir-chine-13-scaled.jpg\",\"datePublished\":\"2025-03-03T08:00:50+00:00\",\"dateModified\":\"2026-04-03T12:34:07+00:00\",\"breadcrumb\":{\"@id\":\"https:\\\/\\\/maisonessentielle.com\\\/produit\\\/le-wide-en-twill-viscose-lin-noir-chine-cousu\\\/#breadcrumb\"},\"inLanguage\":\"fr-FR\",\"potentialAction\":[{\"@type\":\"ReadAction\",\"target\":[\"https:\\\/\\\/maisonessentielle.com\\\/produit\\\/le-wide-en-twill-viscose-lin-noir-chine-cousu\\\/\"]}]},{\"@type\":\"ImageObject\",\"inLanguage\":\"fr-FR\",\"@id\":\"https:\\\/\\\/maisonessentielle.com\\\/produit\\\/le-wide-en-twill-viscose-lin-noir-chine-cousu\\\/#primaryimage\",\"url\":\"https:\\\/\\\/maisonessentielle.com\\\/wp-content\\\/uploads\\\/2025\\\/01\\\/tshirt-parfait-tricot-ecru-et-pantalon-wide-twill-viscose-noir-chine-13-scaled.jpg\",\"contentUrl\":\"https:\\\/\\\/maisonessentielle.com\\\/wp-content\\\/uploads\\\/2025\\\/01\\\/tshirt-parfait-tricot-ecru-et-pantalon-wide-twill-viscose-noir-chine-13-scaled.jpg\",\"width\":1708,\"height\":2560},{\"@type\":\"BreadcrumbList\",\"@id\":\"https:\\\/\\\/maisonessentielle.com\\\/produit\\\/le-wide-en-twill-viscose-lin-noir-chine-cousu\\\/#breadcrumb\",\"itemListElement\":[{\"@type\":\"ListItem\",\"position\":1,\"name\":\"Accueil\",\"item\":\"https:\\\/\\\/maisonessentielle.com\\\/\"},{\"@type\":\"ListItem\",\"position\":2,\"name\":\"Produits Essentiels\",\"item\":\"https:\\\/\\\/maisonessentielle.com\\\/shop\\\/\"},{\"@type\":\"ListItem\",\"position\":3,\"name\":\"Le Wide en twill viscose\\\/lin noir chin\u00e9 &#8211; cousu\"}]},{\"@type\":\"WebSite\",\"@id\":\"https:\\\/\\\/maisonessentielle.com\\\/#website\",\"url\":\"https:\\\/\\\/maisonessentielle.com\\\/\",\"name\":\"Maison Essentielle\",\"description\":\"Vestiaire essentiel \u00e0 coudre ou \u00e0 porter\",\"publisher\":{\"@id\":\"https:\\\/\\\/maisonessentielle.com\\\/#organization\"},\"potentialAction\":[{\"@type\":\"SearchAction\",\"target\":{\"@type\":\"EntryPoint\",\"urlTemplate\":\"https:\\\/\\\/maisonessentielle.com\\\/?s={search_term_string}\"},\"query-input\":{\"@type\":\"PropertyValueSpecification\",\"valueRequired\":true,\"valueName\":\"search_term_string\"}}],\"inLanguage\":\"fr-FR\"},{\"@type\":\"Organization\",\"@id\":\"https:\\\/\\\/maisonessentielle.com\\\/#organization\",\"name\":\"Maison Essentielle\",\"url\":\"https:\\\/\\\/maisonessentielle.com\\\/\",\"logo\":{\"@type\":\"ImageObject\",\"inLanguage\":\"fr-FR\",\"@id\":\"https:\\\/\\\/maisonessentielle.com\\\/#\\\/schema\\\/logo\\\/image\\\/\",\"url\":\"https:\\\/\\\/maisonessentielle.com\\\/wp-content\\\/uploads\\\/2022\\\/03\\\/MAISON-ESSENTIELLE_LOGO_facture-min.png\",\"contentUrl\":\"https:\\\/\\\/maisonessentielle.com\\\/wp-content\\\/uploads\\\/2022\\\/03\\\/MAISON-ESSENTIELLE_LOGO_facture-min.png\",\"width\":400,\"height\":57,\"caption\":\"Maison Essentielle\"},\"image\":{\"@id\":\"https:\\\/\\\/maisonessentielle.com\\\/#\\\/schema\\\/logo\\\/image\\\/\"},\"sameAs\":[\"https:\\\/\\\/www.facebook.com\\\/profile.php?id=61574309661771\",\"https:\\\/\\\/www.instagram.com\\\/maison_essentielle_\\\/\"]}]}<\/script>\n<!-- \/ Yoast SEO plugin. -->","yoast_head_json":{"title":"Le Wide en twill viscose\/lin noir chin\u00e9 - cousu &#8226; Maison Essentielle","robots":{"index":"index","follow":"follow","max-snippet":"max-snippet:-1","max-image-preview":"max-image-preview:large","max-video-preview":"max-video-preview:-1"},"canonical":"https:\/\/maisonessentielle.com\/produit\/le-wide-en-twill-viscose-lin-noir-chine-cousu\/","og_locale":"fr_FR","og_type":"article","og_title":"Le Wide en twill viscose\/lin noir chin\u00e9 - cousu &#8226; Maison Essentielle","og_description":"Nouveaut\u00e9 2025, le Wide est un pantalon tr\u00e8s large &amp; fluide, inspir\u00e9 de la jupe culotte, qui sublime la silhouette. C\u2019est un mod\u00e8le facile \u00e0 porter en toutes occasions et saisons.   R\u00e9alis\u00e9 dans un tr\u00e8s beau twill viscose\/lin chin\u00e9 qui lui apporte ce c\u00f4t\u00e9 a\u00e9rien et l\u00e9ger, le Wide est disponible en deux tailles : S\/M et L\/XL. Le mod\u00e8le taille TRES GRAND  Mati\u00e8re : twill viscose\/lin noir chin\u00e9 74% viscose \/ 26% lin - Poids : 180gr\/m\u00b2 - Lavage en machine \u00e0 30\u00b0  Confection fran\u00e7aise -\u00a0Conseil taille : choisissez votre taille\u00a0en vous r\u00e9f\u00e9rant au tableau de mensurations en bas de page.\u00a0Val\u00e9rie (1,65m \/ 86-72-90) et Louise (1,66m \/94-80-94)\u00a0portent la taille S\/M.","og_url":"https:\/\/maisonessentielle.com\/produit\/le-wide-en-twill-viscose-lin-noir-chine-cousu\/","og_site_name":"Maison Essentielle","article_publisher":"https:\/\/www.facebook.com\/profile.php?id=61574309661771","article_modified_time":"2026-04-03T12:34:07+00:00","og_image":[{"width":1708,"height":2560,"url":"https:\/\/maisonessentielle.com\/wp-content\/uploads\/2025\/01\/tshirt-parfait-tricot-ecru-et-pantalon-wide-twill-viscose-noir-chine-13-scaled.jpg","type":"image\/jpeg"}],"twitter_card":"summary_large_image","twitter_misc":{"Dur\u00e9e de lecture estim\u00e9e":"1 minute"},"schema":{"@context":"https:\/\/schema.org","@graph":[{"@type":"WebPage","@id":"https:\/\/maisonessentielle.com\/produit\/le-wide-en-twill-viscose-lin-noir-chine-cousu\/","url":"https:\/\/maisonessentielle.com\/produit\/le-wide-en-twill-viscose-lin-noir-chine-cousu\/","name":"Le Wide en twill viscose\/lin noir chin\u00e9 - cousu &#8226; Maison Essentielle","isPartOf":{"@id":"https:\/\/maisonessentielle.com\/#website"},"primaryImageOfPage":{"@id":"https:\/\/maisonessentielle.com\/produit\/le-wide-en-twill-viscose-lin-noir-chine-cousu\/#primaryimage"},"image":{"@id":"https:\/\/maisonessentielle.com\/produit\/le-wide-en-twill-viscose-lin-noir-chine-cousu\/#primaryimage"},"thumbnailUrl":"https:\/\/maisonessentielle.com\/wp-content\/uploads\/2025\/01\/tshirt-parfait-tricot-ecru-et-pantalon-wide-twill-viscose-noir-chine-13-scaled.jpg","datePublished":"2025-03-03T08:00:50+00:00","dateModified":"2026-04-03T12:34:07+00:00","breadcrumb":{"@id":"https:\/\/maisonessentielle.com\/produit\/le-wide-en-twill-viscose-lin-noir-chine-cousu\/#breadcrumb"},"inLanguage":"fr-FR","potentialAction":[{"@type":"ReadAction","target":["https:\/\/maisonessentielle.com\/produit\/le-wide-en-twill-viscose-lin-noir-chine-cousu\/"]}]},{"@type":"ImageObject","inLanguage":"fr-FR","@id":"https:\/\/maisonessentielle.com\/produit\/le-wide-en-twill-viscose-lin-noir-chine-cousu\/#primaryimage","url":"https:\/\/maisonessentielle.com\/wp-content\/uploads\/2025\/01\/tshirt-parfait-tricot-ecru-et-pantalon-wide-twill-viscose-noir-chine-13-scaled.jpg","contentUrl":"https:\/\/maisonessentielle.com\/wp-content\/uploads\/2025\/01\/tshirt-parfait-tricot-ecru-et-pantalon-wide-twill-viscose-noir-chine-13-scaled.jpg","width":1708,"height":2560},{"@type":"BreadcrumbList","@id":"https:\/\/maisonessentielle.com\/produit\/le-wide-en-twill-viscose-lin-noir-chine-cousu\/#breadcrumb","itemListElement":[{"@type":"ListItem","position":1,"name":"Accueil","item":"https:\/\/maisonessentielle.com\/"},{"@type":"ListItem","position":2,"name":"Produits Essentiels","item":"https:\/\/maisonessentielle.com\/shop\/"},{"@type":"ListItem","position":3,"name":"Le Wide en twill viscose\/lin noir chin\u00e9 &#8211; cousu"}]},{"@type":"WebSite","@id":"https:\/\/maisonessentielle.com\/#website","url":"https:\/\/maisonessentielle.com\/","name":"Maison Essentielle","description":"Vestiaire essentiel \u00e0 coudre ou \u00e0 porter","publisher":{"@id":"https:\/\/maisonessentielle.com\/#organization"},"potentialAction":[{"@type":"SearchAction","target":{"@type":"EntryPoint","urlTemplate":"https:\/\/maisonessentielle.com\/?s={search_term_string}"},"query-input":{"@type":"PropertyValueSpecification","valueRequired":true,"valueName":"search_term_string"}}],"inLanguage":"fr-FR"},{"@type":"Organization","@id":"https:\/\/maisonessentielle.com\/#organization","name":"Maison Essentielle","url":"https:\/\/maisonessentielle.com\/","logo":{"@type":"ImageObject","inLanguage":"fr-FR","@id":"https:\/\/maisonessentielle.com\/#\/schema\/logo\/image\/","url":"https:\/\/maisonessentielle.com\/wp-content\/uploads\/2022\/03\/MAISON-ESSENTIELLE_LOGO_facture-min.png","contentUrl":"https:\/\/maisonessentielle.com\/wp-content\/uploads\/2022\/03\/MAISON-ESSENTIELLE_LOGO_facture-min.png","width":400,"height":57,"caption":"Maison Essentielle"},"image":{"@id":"https:\/\/maisonessentielle.com\/#\/schema\/logo\/image\/"},"sameAs":["https:\/\/www.facebook.com\/profile.php?id=61574309661771","https:\/\/www.instagram.com\/maison_essentielle_\/"]}]}},"_links":{"self":[{"href":"https:\/\/maisonessentielle.com\/wp-json\/wp\/v2\/product\/42438","targetHints":{"allow":["GET"]}}],"collection":[{"href":"https:\/\/maisonessentielle.com\/wp-json\/wp\/v2\/product"}],"about":[{"href":"https:\/\/maisonessentielle.com\/wp-json\/wp\/v2\/types\/product"}],"replies":[{"embeddable":true,"href":"https:\/\/maisonessentielle.com\/wp-json\/wp\/v2\/comments?post=42438"}],"version-history":[{"count":10,"href":"https:\/\/maisonessentielle.com\/wp-json\/wp\/v2\/product\/42438\/revisions"}],"predecessor-version":[{"id":50258,"href":"https:\/\/maisonessentielle.com\/wp-json\/wp\/v2\/product\/42438\/revisions\/50258"}],"wp:featuredmedia":[{"embeddable":true,"href":"https:\/\/maisonessentielle.com\/wp-json\/wp\/v2\/media\/42943"}],"wp:attachment":[{"href":"https:\/\/maisonessentielle.com\/wp-json\/wp\/v2\/media?parent=42438"}],"wp:term":[{"taxonomy":"product_brand","embeddable":true,"href":"https:\/\/maisonessentielle.com\/wp-json\/wp\/v2\/product_brand?post=42438"},{"taxonomy":"product_cat","embeddable":true,"href":"https:\/\/maisonessentielle.com\/wp-json\/wp\/v2\/product_cat?post=42438"},{"taxonomy":"product_tag","embeddable":true,"href":"https:\/\/maisonessentielle.com\/wp-json\/wp\/v2\/product_tag?post=42438"}],"curies":[{"name":"wp","href":"https:\/\/api.w.org\/{rel}","templated":true}]}}